{"id":10,"date":"2016-08-07T09:22:46","date_gmt":"2016-08-07T07:22:46","guid":{"rendered":"http:\/\/mariaholmstrom.se\/?page_id=10"},"modified":"2021-01-06T20:41:15","modified_gmt":"2021-01-06T19:41:15","slug":"lektioner","status":"publish","type":"page","link":"https:\/\/mariaholmstrom.se\/en\/lektioner\/","title":{"rendered":"Lessons"},"content":{"rendered":"<p><strong>Are you curious about the Academic Art of Riding?<img loading=\"lazy\" decoding=\"async\" class=\"wp-image-1748 alignright\" src=\"http:\/\/mariaholmstrom.se\/wp-content\/uploads\/2019\/11\/ENG-AAoRFranklinHolmstromnobakgnd.png\" alt=\"\" width=\"193\" height=\"100\" \/><br \/>\nDo you want seat lessons?<br \/>\n<\/strong> <strong>Do you have a horse in need of rehabilitation?<\/strong><br \/>\n<strong>Do you want to improve the relation between you and your horse?<\/strong><br \/>\n<strong>Do you want to find softness and happiness in the training with your horse?<\/strong><\/p>\n<p>Then I can help you! I offer lessons in the Academic Art of Riding, seat education, work from the ground and basic handling of horses. I focus on joy, collaboration and communication between human and horse, which is created by clear pedagogy and body awareness. Even if you don\u2019t practice Academic Art of Riding you may benefit greatly from our work from the ground, for example to vary your training or when rehabilitating your horse.<\/p>\n<p>Each lesson is 30 minutes and no prior knowledge is needed. I am based in G\u00f6teborg and travel in the whole country. I drive to your stable so you and your horse can train in the comfort of your normal, familiar environment.<\/p>\n<p>Price: 500 SEK incl. vat 30 min.<br \/>\nFor every 10 km drive the charge is 30 SEK (divided by all students).<br \/>\nCancellations of lessons less than 24 h prior will be fully charged.<\/p>\n<p>I also offer weekend and one-day clinics all over Europe, as well as theoretical lessons.<\/p>\n<p>For more information: info@mariaholmstrom.se<\/p>\n<p><img loading=\"lazy\" decoding=\"async\" class=\"alignnone size-medium wp-image-198\" src=\"http:\/\/mariaholmstrom.se\/wp-content\/uploads\/2016\/08\/Undervisning1-300x225.jpg\" alt=\"undervisning1\" width=\"300\" height=\"225\" srcset=\"https:\/\/mariaholmstrom.se\/wp-content\/uploads\/2016\/08\/Undervisning1-300x225.jpg 300w, https:\/\/mariaholmstrom.se\/wp-content\/uploads\/2016\/08\/Undervisning1-768x576.jpg 768w, https:\/\/mariaholmstrom.se\/wp-content\/uploads\/2016\/08\/Undervisning1.jpg 1000w\" sizes=\"(max-width: 300px) 100vw, 300px\" \/> <img loading=\"lazy\" decoding=\"async\" class=\"alignnone size-medium wp-image-199\" src=\"http:\/\/mariaholmstrom.se\/wp-content\/uploads\/2016\/08\/Undervisning2-300x225.jpg\" alt=\"undervisning2\" width=\"300\" height=\"225\" srcset=\"https:\/\/mariaholmstrom.se\/wp-content\/uploads\/2016\/08\/Undervisning2-300x225.jpg 300w, https:\/\/mariaholmstrom.se\/wp-content\/uploads\/2016\/08\/Undervisning2-768x576.jpg 768w, https:\/\/mariaholmstrom.se\/wp-content\/uploads\/2016\/08\/Undervisning2.jpg 1000w\" sizes=\"(max-width: 300px) 100vw, 300px\" \/><\/p>","protected":false},"excerpt":{"rendered":"<p>Are you curious about the Academic Art of Riding? Do you want seat lessons? Do you have a horse in need of rehabilitation? Do you want to improve the relation between you and your horse? Do you want to find softness and happiness in the training with your horse? Then I can help you! I <a class=\"read-more\" href=\"https:\/\/mariaholmstrom.se\/en\/lektioner\/\">Read More<\/a><\/p>\n","protected":false},"author":1,"featured_media":0,"parent":0,"menu_order":0,"comment_status":"closed","ping_status":"closed","template":"template-full-width.php","meta":{"footnotes":""},"yoast_head":"<!-- This site is optimized with the Yoast SEO plugin v20.0 - https:\/\/yoast.com\/wordpress\/plugins\/seo\/ -->\n<title>Lektioner i akademisk ridkonst - Mariaholmstrom.se<\/title>\n<meta name=\"description\" content=\"Jag heter Maria Pihl och jag undervisar i akademisk ridkonst i omr\u00e5det runt G\u00f6teborg. Jag undervisar t.ex. i groundwork, longering och ridningens grunder.\" \/>\n<meta name=\"robots\" content=\"index, follow, max-snippet:-1, max-image-preview:large, max-video-preview:-1\" \/>\n<link rel=\"canonical\" href=\"https:\/\/mariaholmstrom.se\/en\/lektioner\/\" \/>\n<meta property=\"og:locale\" content=\"en_US\" \/>\n<meta property=\"og:type\" content=\"article\" \/>\n<meta property=\"og:title\" content=\"Lektioner i akademisk ridkonst - Mariaholmstrom.se\" \/>\n<meta property=\"og:description\" content=\"Jag heter Maria Pihl och jag undervisar i akademisk ridkonst i omr\u00e5det runt G\u00f6teborg. Jag undervisar t.ex. i groundwork, longering och ridningens grunder.\" \/>\n<meta property=\"og:url\" content=\"https:\/\/mariaholmstrom.se\/en\/lektioner\/\" \/>\n<meta property=\"og:site_name\" content=\"H\u00e4st och h\u00e4lsa - Maria Holmstr\u00f6m\" \/>\n<meta property=\"article:modified_time\" content=\"2021-01-06T19:41:15+00:00\" \/>\n<meta property=\"og:image\" content=\"http:\/\/mariaholmstrom.se\/wp-content\/uploads\/2019\/11\/ARFranklinHolmstromnobakgnd.png\" \/>\n<meta name=\"twitter:card\" content=\"summary_large_image\" \/>\n<meta name=\"twitter:label1\" content=\"Est. reading time\" \/>\n\t<meta name=\"twitter:data1\" content=\"3 minutes\" \/>\n<script type=\"application\/ld+json\" class=\"yoast-schema-graph\">{\"@context\":\"https:\/\/schema.org\",\"@graph\":[{\"@type\":\"WebPage\",\"@id\":\"https:\/\/mariaholmstrom.se\/en\/lektioner\/\",\"url\":\"https:\/\/mariaholmstrom.se\/en\/lektioner\/\",\"name\":\"Lektioner i akademisk ridkonst - Mariaholmstrom.se\",\"isPartOf\":{\"@id\":\"https:\/\/mariaholmstrom.se\/#website\"},\"datePublished\":\"2016-08-07T07:22:46+00:00\",\"dateModified\":\"2021-01-06T19:41:15+00:00\",\"description\":\"Jag heter Maria Pihl och jag undervisar i akademisk ridkonst i omr\u00e5det runt G\u00f6teborg. Jag undervisar t.ex. i groundwork, longering och ridningens grunder.\",\"breadcrumb\":{\"@id\":\"https:\/\/mariaholmstrom.se\/en\/lektioner\/#breadcrumb\"},\"inLanguage\":\"en\",\"potentialAction\":[{\"@type\":\"ReadAction\",\"target\":[\"https:\/\/mariaholmstrom.se\/en\/lektioner\/\"]}]},{\"@type\":\"BreadcrumbList\",\"@id\":\"https:\/\/mariaholmstrom.se\/en\/lektioner\/#breadcrumb\",\"itemListElement\":[{\"@type\":\"ListItem\",\"position\":1,\"name\":\"Hem\",\"item\":\"https:\/\/mariaholmstrom.se\/\"},{\"@type\":\"ListItem\",\"position\":2,\"name\":\"Lessons\"}]},{\"@type\":\"WebSite\",\"@id\":\"https:\/\/mariaholmstrom.se\/#website\",\"url\":\"https:\/\/mariaholmstrom.se\/\",\"name\":\"H\u00e4st och h\u00e4lsa - Maria Holmstr\u00f6m\",\"description\":\"Friskv\u00e5rd f\u00f6r b\u00e5de m\u00e4nniska och h\u00e4st\",\"potentialAction\":[{\"@type\":\"SearchAction\",\"target\":{\"@type\":\"EntryPoint\",\"urlTemplate\":\"https:\/\/mariaholmstrom.se\/?s={search_term_string}\"},\"query-input\":\"required name=search_term_string\"}],\"inLanguage\":\"en\"}]}<\/script>\n<!-- \/ Yoast SEO plugin. -->","yoast_head_json":{"title":"Lektioner i akademisk ridkonst - Mariaholmstrom.se","description":"Jag heter Maria Pihl och jag undervisar i akademisk ridkonst i omr\u00e5det runt G\u00f6teborg. Jag undervisar t.ex. i groundwork, longering och ridningens grunder.","robots":{"index":"index","follow":"follow","max-snippet":"max-snippet:-1","max-image-preview":"max-image-preview:large","max-video-preview":"max-video-preview:-1"},"canonical":"https:\/\/mariaholmstrom.se\/en\/lektioner\/","og_locale":"en_US","og_type":"article","og_title":"Lektioner i akademisk ridkonst - Mariaholmstrom.se","og_description":"Jag heter Maria Pihl och jag undervisar i akademisk ridkonst i omr\u00e5det runt G\u00f6teborg. Jag undervisar t.ex. i groundwork, longering och ridningens grunder.","og_url":"https:\/\/mariaholmstrom.se\/en\/lektioner\/","og_site_name":"H\u00e4st och h\u00e4lsa - Maria Holmstr\u00f6m","article_modified_time":"2021-01-06T19:41:15+00:00","og_image":[{"url":"http:\/\/mariaholmstrom.se\/wp-content\/uploads\/2019\/11\/ARFranklinHolmstromnobakgnd.png"}],"twitter_card":"summary_large_image","twitter_misc":{"Est. reading time":"3 minutes"},"schema":{"@context":"https:\/\/schema.org","@graph":[{"@type":"WebPage","@id":"https:\/\/mariaholmstrom.se\/en\/lektioner\/","url":"https:\/\/mariaholmstrom.se\/en\/lektioner\/","name":"Lektioner i akademisk ridkonst - Mariaholmstrom.se","isPartOf":{"@id":"https:\/\/mariaholmstrom.se\/#website"},"datePublished":"2016-08-07T07:22:46+00:00","dateModified":"2021-01-06T19:41:15+00:00","description":"Jag heter Maria Pihl och jag undervisar i akademisk ridkonst i omr\u00e5det runt G\u00f6teborg. Jag undervisar t.ex. i groundwork, longering och ridningens grunder.","breadcrumb":{"@id":"https:\/\/mariaholmstrom.se\/en\/lektioner\/#breadcrumb"},"inLanguage":"en","potentialAction":[{"@type":"ReadAction","target":["https:\/\/mariaholmstrom.se\/en\/lektioner\/"]}]},{"@type":"BreadcrumbList","@id":"https:\/\/mariaholmstrom.se\/en\/lektioner\/#breadcrumb","itemListElement":[{"@type":"ListItem","position":1,"name":"Hem","item":"https:\/\/mariaholmstrom.se\/"},{"@type":"ListItem","position":2,"name":"Lessons"}]},{"@type":"WebSite","@id":"https:\/\/mariaholmstrom.se\/#website","url":"https:\/\/mariaholmstrom.se\/","name":"H\u00e4st och h\u00e4lsa - Maria Holmstr\u00f6m","description":"Friskv\u00e5rd f\u00f6r b\u00e5de m\u00e4nniska och h\u00e4st","potentialAction":[{"@type":"SearchAction","target":{"@type":"EntryPoint","urlTemplate":"https:\/\/mariaholmstrom.se\/?s={search_term_string}"},"query-input":"required name=search_term_string"}],"inLanguage":"en"}]}},"_links":{"self":[{"href":"https:\/\/mariaholmstrom.se\/en\/wp-json\/wp\/v2\/pages\/10"}],"collection":[{"href":"https:\/\/mariaholmstrom.se\/en\/wp-json\/wp\/v2\/pages"}],"about":[{"href":"https:\/\/mariaholmstrom.se\/en\/wp-json\/wp\/v2\/types\/page"}],"author":[{"embeddable":true,"href":"https:\/\/mariaholmstrom.se\/en\/wp-json\/wp\/v2\/users\/1"}],"replies":[{"embeddable":true,"href":"https:\/\/mariaholmstrom.se\/en\/wp-json\/wp\/v2\/comments?post=10"}],"version-history":[{"count":57,"href":"https:\/\/mariaholmstrom.se\/en\/wp-json\/wp\/v2\/pages\/10\/revisions"}],"predecessor-version":[{"id":1947,"href":"https:\/\/mariaholmstrom.se\/en\/wp-json\/wp\/v2\/pages\/10\/revisions\/1947"}],"wp:attachment":[{"href":"https:\/\/mariaholmstrom.se\/en\/wp-json\/wp\/v2\/media?parent=10"}],"curies":[{"name":"wp","href":"https:\/\/api.w.org\/{rel}","templated":true}]}}