{"id":1048,"date":"2017-08-31T16:22:30","date_gmt":"2017-08-31T14:22:30","guid":{"rendered":"http:\/\/mariaholmstrom.se\/?page_id=1048"},"modified":"2019-07-01T21:00:59","modified_gmt":"2019-07-01T19:00:59","slug":"akademisk-ridkonst-maria-holmstrom","status":"publish","type":"page","link":"https:\/\/mariaholmstrom.se\/en\/akademisk-ridkonst-maria-holmstrom\/","title":{"rendered":"Academic Art of Riding &#8211; Maria Holmstr\u00f6m"},"content":{"rendered":"<p><span class=\"intro\"> Welcome to my website about Academic Art of Riding!<br \/>\nMy name is Maria Holmstr\u00f6m and I teach the Academic Art of Riding in the G\u00f6teborg area. Here you can get some insights in my life as trainer, how I live with my horses and how the Academic Art of Riding is influencing my life.<br \/>\n<\/span><\/p>\n<p>In my blog you can take part of my training and philosophy about horses and in my free online course in Academic Art of Riding, &#8220;<a href=\"https:\/\/mariaholmstrom.se\/en\/onlinekurs-akademisk-ridkonst\/\">AAoR-school<\/a>&#8220;, I have written a bit more in detail how to start with Academic Art of Riding. We start working from the ground to strengthen the horse and then we get up and ride. You can read more about the important, fundamental <a href=\"https:\/\/mariaholmstrom.se\/en\/onlinekurs-akademisk-ridkonst\/ledovningar-akademisk-ridkonst\/\">leading exercises<\/a>, how to continue and work in <a href=\"https:\/\/mariaholmstrom.se\/en\/onlinekurs-akademisk-ridkonst\/groundwork\/\">ground work<\/a> and <a href=\"https:\/\/mariaholmstrom.se\/en\/onlinekurs-akademisk-ridkonst\/longering\/\">longeing<\/a>, to finally get up and <a href=\"https:\/\/mariaholmstrom.se\/en\/onlinekurs-akademisk-ridkonst\/ridning\/\">ride<\/a>. There are also bits and pieces about eg. <a href=\"https:\/\/mariaholmstrom.se\/en\/kroppsmedvetenhet\/\">body awareness<\/a>, <a href=\"https:\/\/mariaholmstrom.se\/en\/onlinekurs-akademisk-ridkonst\/traningspedagogik\/\">training pedagogy<\/a> and <a href=\"https:\/\/mariaholmstrom.se\/en\/onlinekurs-akademisk-ridkonst\/litteratur\/\">literature<\/a>.<\/p>\n<p>To me, the Academic Art of Riding is a beautiful art, with focus on body awareness and partnership with the horse. We want to build up healthy individuals happily performing their work. This is true wellness for the horse.<\/p>\n<p><img loading=\"lazy\" decoding=\"async\" class=\"aligncenter wp-image-1060 size-full\" src=\"http:\/\/mariaholmstrom.se\/wp-content\/uploads\/2017\/08\/AR-MariaPihl-3-dark-english.png\" alt=\"ar-mariapihl-3-dark-english\" width=\"600\" height=\"231\" srcset=\"https:\/\/mariaholmstrom.se\/wp-content\/uploads\/2017\/08\/AR-MariaPihl-3-dark-english.png 600w, https:\/\/mariaholmstrom.se\/wp-content\/uploads\/2017\/08\/AR-MariaPihl-3-dark-english-300x116.png 300w\" sizes=\"(max-width: 600px) 100vw, 600px\" \/><\/p>\n<p>&nbsp;<\/p>","protected":false},"excerpt":{"rendered":"<p>Welcome to my website about Academic Art of Riding! My name is Maria Holmstr\u00f6m and I teach the Academic Art of Riding in the G\u00f6teborg area. Here you can get some insights in my life as trainer, how I live with my horses and how the Academic Art of Riding is influencing my life. In <a class=\"read-more\" href=\"https:\/\/mariaholmstrom.se\/en\/akademisk-ridkonst-maria-holmstrom\/\">Read More<\/a><\/p>\n","protected":false},"author":1,"featured_media":0,"parent":0,"menu_order":0,"comment_status":"closed","ping_status":"closed","template":"template-full-width.php","meta":{"footnotes":""},"yoast_head":"<!-- This site is optimized with the Yoast SEO plugin v20.0 - https:\/\/yoast.com\/wordpress\/plugins\/seo\/ -->\n<title>Academic Art of Riding - Maria Holmstr\u00f6m - H\u00e4st och h\u00e4lsa - Maria Holmstr\u00f6m<\/title>\n<meta name=\"robots\" content=\"index, follow, max-snippet:-1, max-image-preview:large, max-video-preview:-1\" \/>\n<link rel=\"canonical\" href=\"https:\/\/mariaholmstrom.se\/akademisk-ridkonst-maria-holmstrom\/\" \/>\n<meta property=\"og:locale\" content=\"en_US\" \/>\n<meta property=\"og:type\" content=\"article\" \/>\n<meta property=\"og:title\" content=\"Academic Art of Riding - Maria Holmstr\u00f6m - H\u00e4st och h\u00e4lsa - Maria Holmstr\u00f6m\" \/>\n<meta property=\"og:description\" content=\"Welcome to my website about Academic Art of Riding! My name is Maria Holmstr\u00f6m and I teach the Academic Art of Riding in the G\u00f6teborg area. Here you can get some insights in my life as trainer, how I live with my horses and how the Academic Art of Riding is influencing my life. In Read More\" \/>\n<meta property=\"og:url\" content=\"https:\/\/mariaholmstrom.se\/akademisk-ridkonst-maria-holmstrom\/\" \/>\n<meta property=\"og:site_name\" content=\"H\u00e4st och h\u00e4lsa - Maria Holmstr\u00f6m\" \/>\n<meta property=\"article:modified_time\" content=\"2019-07-01T19:00:59+00:00\" \/>\n<meta property=\"og:image\" content=\"http:\/\/mariaholmstrom.se\/wp-content\/uploads\/2017\/08\/AR-MariaPihl-3-dark.png\" \/>\n<meta name=\"twitter:card\" content=\"summary_large_image\" \/>\n<meta name=\"twitter:label1\" content=\"Est. reading time\" \/>\n\t<meta name=\"twitter:data1\" content=\"2 minutes\" \/>\n<script type=\"application\/ld+json\" class=\"yoast-schema-graph\">{\"@context\":\"https:\/\/schema.org\",\"@graph\":[{\"@type\":\"WebPage\",\"@id\":\"https:\/\/mariaholmstrom.se\/akademisk-ridkonst-maria-holmstrom\/\",\"url\":\"https:\/\/mariaholmstrom.se\/akademisk-ridkonst-maria-holmstrom\/\",\"name\":\"Academic Art of Riding - Maria Holmstr\u00f6m - H\u00e4st och h\u00e4lsa - Maria Holmstr\u00f6m\",\"isPartOf\":{\"@id\":\"https:\/\/mariaholmstrom.se\/#website\"},\"datePublished\":\"2017-08-31T14:22:30+00:00\",\"dateModified\":\"2019-07-01T19:00:59+00:00\",\"breadcrumb\":{\"@id\":\"https:\/\/mariaholmstrom.se\/akademisk-ridkonst-maria-holmstrom\/#breadcrumb\"},\"inLanguage\":\"en\",\"potentialAction\":[{\"@type\":\"ReadAction\",\"target\":[\"https:\/\/mariaholmstrom.se\/akademisk-ridkonst-maria-holmstrom\/\"]}]},{\"@type\":\"BreadcrumbList\",\"@id\":\"https:\/\/mariaholmstrom.se\/akademisk-ridkonst-maria-holmstrom\/#breadcrumb\",\"itemListElement\":[{\"@type\":\"ListItem\",\"position\":1,\"name\":\"Hem\",\"item\":\"https:\/\/mariaholmstrom.se\/\"},{\"@type\":\"ListItem\",\"position\":2,\"name\":\"Akademisk ridkonst &#8211; Maria Holmstr\u00f6m\"}]},{\"@type\":\"WebSite\",\"@id\":\"https:\/\/mariaholmstrom.se\/#website\",\"url\":\"https:\/\/mariaholmstrom.se\/\",\"name\":\"H\u00e4st och h\u00e4lsa - Maria Holmstr\u00f6m\",\"description\":\"Friskv\u00e5rd f\u00f6r b\u00e5de m\u00e4nniska och h\u00e4st\",\"potentialAction\":[{\"@type\":\"SearchAction\",\"target\":{\"@type\":\"EntryPoint\",\"urlTemplate\":\"https:\/\/mariaholmstrom.se\/?s={search_term_string}\"},\"query-input\":\"required name=search_term_string\"}],\"inLanguage\":\"en\"}]}<\/script>\n<!-- \/ Yoast SEO plugin. -->","yoast_head_json":{"title":"Academic Art of Riding - Maria Holmstr\u00f6m - H\u00e4st och h\u00e4lsa - Maria Holmstr\u00f6m","robots":{"index":"index","follow":"follow","max-snippet":"max-snippet:-1","max-image-preview":"max-image-preview:large","max-video-preview":"max-video-preview:-1"},"canonical":"https:\/\/mariaholmstrom.se\/akademisk-ridkonst-maria-holmstrom\/","og_locale":"en_US","og_type":"article","og_title":"Academic Art of Riding - Maria Holmstr\u00f6m - H\u00e4st och h\u00e4lsa - Maria Holmstr\u00f6m","og_description":"Welcome to my website about Academic Art of Riding! My name is Maria Holmstr\u00f6m and I teach the Academic Art of Riding in the G\u00f6teborg area. Here you can get some insights in my life as trainer, how I live with my horses and how the Academic Art of Riding is influencing my life. In Read More","og_url":"https:\/\/mariaholmstrom.se\/akademisk-ridkonst-maria-holmstrom\/","og_site_name":"H\u00e4st och h\u00e4lsa - Maria Holmstr\u00f6m","article_modified_time":"2019-07-01T19:00:59+00:00","og_image":[{"url":"http:\/\/mariaholmstrom.se\/wp-content\/uploads\/2017\/08\/AR-MariaPihl-3-dark.png"}],"twitter_card":"summary_large_image","twitter_misc":{"Est. reading time":"2 minutes"},"schema":{"@context":"https:\/\/schema.org","@graph":[{"@type":"WebPage","@id":"https:\/\/mariaholmstrom.se\/akademisk-ridkonst-maria-holmstrom\/","url":"https:\/\/mariaholmstrom.se\/akademisk-ridkonst-maria-holmstrom\/","name":"Academic Art of Riding - Maria Holmstr\u00f6m - H\u00e4st och h\u00e4lsa - Maria Holmstr\u00f6m","isPartOf":{"@id":"https:\/\/mariaholmstrom.se\/#website"},"datePublished":"2017-08-31T14:22:30+00:00","dateModified":"2019-07-01T19:00:59+00:00","breadcrumb":{"@id":"https:\/\/mariaholmstrom.se\/akademisk-ridkonst-maria-holmstrom\/#breadcrumb"},"inLanguage":"en","potentialAction":[{"@type":"ReadAction","target":["https:\/\/mariaholmstrom.se\/akademisk-ridkonst-maria-holmstrom\/"]}]},{"@type":"BreadcrumbList","@id":"https:\/\/mariaholmstrom.se\/akademisk-ridkonst-maria-holmstrom\/#breadcrumb","itemListElement":[{"@type":"ListItem","position":1,"name":"Hem","item":"https:\/\/mariaholmstrom.se\/"},{"@type":"ListItem","position":2,"name":"Akademisk ridkonst &#8211; Maria Holmstr\u00f6m"}]},{"@type":"WebSite","@id":"https:\/\/mariaholmstrom.se\/#website","url":"https:\/\/mariaholmstrom.se\/","name":"H\u00e4st och h\u00e4lsa - Maria Holmstr\u00f6m","description":"Friskv\u00e5rd f\u00f6r b\u00e5de m\u00e4nniska och h\u00e4st","potentialAction":[{"@type":"SearchAction","target":{"@type":"EntryPoint","urlTemplate":"https:\/\/mariaholmstrom.se\/?s={search_term_string}"},"query-input":"required name=search_term_string"}],"inLanguage":"en"}]}},"_links":{"self":[{"href":"https:\/\/mariaholmstrom.se\/en\/wp-json\/wp\/v2\/pages\/1048"}],"collection":[{"href":"https:\/\/mariaholmstrom.se\/en\/wp-json\/wp\/v2\/pages"}],"about":[{"href":"https:\/\/mariaholmstrom.se\/en\/wp-json\/wp\/v2\/types\/page"}],"author":[{"embeddable":true,"href":"https:\/\/mariaholmstrom.se\/en\/wp-json\/wp\/v2\/users\/1"}],"replies":[{"embeddable":true,"href":"https:\/\/mariaholmstrom.se\/en\/wp-json\/wp\/v2\/comments?post=1048"}],"version-history":[{"count":11,"href":"https:\/\/mariaholmstrom.se\/en\/wp-json\/wp\/v2\/pages\/1048\/revisions"}],"predecessor-version":[{"id":1570,"href":"https:\/\/mariaholmstrom.se\/en\/wp-json\/wp\/v2\/pages\/1048\/revisions\/1570"}],"wp:attachment":[{"href":"https:\/\/mariaholmstrom.se\/en\/wp-json\/wp\/v2\/media?parent=1048"}],"curies":[{"name":"wp","href":"https:\/\/api.w.org\/{rel}","templated":true}]}}