{"id":1114,"date":"2017-09-19T17:46:04","date_gmt":"2017-09-19T15:46:04","guid":{"rendered":"http:\/\/mariaholmstrom.se\/?page_id=1114"},"modified":"2019-11-15T11:28:34","modified_gmt":"2019-11-15T10:28:34","slug":"start","status":"publish","type":"page","link":"https:\/\/mariaholmstrom.se\/en\/","title":{"rendered":"Start"},"content":{"rendered":"<p><\/p>\n<h1>Academic Art of Riding &amp; Franklin method<\/h1>\n<p><em>With focus on body awareness and partnership for strong and happy horses.<img loading=\"lazy\" decoding=\"async\" class=\"size-full wp-image-1748 alignright\" src=\"http:\/\/mariaholmstrom.se\/wp-content\/uploads\/2019\/11\/ENG-AAoRFranklinHolmstromnobakgnd-e1573813674231.png\" alt=\"\" width=\"96\" height=\"50\" \/><\/em><\/p>\n<p><img loading=\"lazy\" decoding=\"async\" class=\"aligncenter wp-image-186\" src=\"http:\/\/mariaholmstrom.se\/wp-content\/uploads\/2016\/09\/Groundwork-300x214.jpg\" alt=\"\" width=\"800\" height=\"572\" srcset=\"https:\/\/mariaholmstrom.se\/wp-content\/uploads\/2016\/09\/Groundwork-300x214.jpg 300w, https:\/\/mariaholmstrom.se\/wp-content\/uploads\/2016\/09\/Groundwork-768x549.jpg 768w, https:\/\/mariaholmstrom.se\/wp-content\/uploads\/2016\/09\/Groundwork.jpg 894w\" sizes=\"(max-width: 800px) 100vw, 800px\" \/><\/p>\n<p>My name is Maria Homstr\u00f6m (Pihl) and I teach the Academic Art of Riding in the west of Sweden, and am based in G\u00f6teborg. To me Academic Art of Riding is a beautiful form of art with focus on body awareness and partnership with the horse. To build up healthy horses that joyfully perform their work.\u00a0 That is for me true wellness for the horse. In my work as an instructor I often saw how small changes in the seat made a big difference in the horse-human team and this made me even more interested in the seat. Now I am studying the human and our movements according to the Franklin method, and I offer seat education according to this principle, regardless of riding discipline.<\/p>\n<p>Here on my site you can find my blog where you can take part of my life with horses, the Franklin method and Academic Art of Riding, how I am training and philosophizing about horse life. In my free online course &#8220;<a href=\"https:\/\/mariaholmstrom.se\/en\/onlinekurs-akademisk-ridkonst\/\">AAoR school<\/a>&#8220;, I have written a bit more in detail about how to start with Academic Art of Riding and how to develop your senses about horses. On my page on the <a href=\"https:\/\/mariaholmstrom.se\/en\/franklinmetoden\/\" target=\"_blank\" rel=\"noopener\">Franklin method<\/a> you can find tips and exercises for a better seat.<\/p>\n<p><strong>About Academic Art of Riding<br \/>\n<\/strong>Academic Art of Riding is based on how horses were trained back in the days and is building on the knowledge of old masters like Xenophon, Pluvinel, Gu\u00e9rini\u00e8re and Newcastle, to mention a few. Bent Branderup reinstated this form of art and his motto is \u201c<i>Two spirits who want to do what two bodies can<\/i>\u201d. He created the knighthood of the Academic Art of Riding with knights and squires and is now reaching out with the message that dressage is for the horse, the horse is not used for dressage. Dressage is used to build up strong and healthy horses and not mainly to collect rosettes. The goal is to make the horse able to carry itself and its rider in a healthy and sustainable way. Read more about how to do it in the <a href=\"https:\/\/mariaholmstrom.se\/en\/onlinekurs-akademisk-ridkonst\/\">AAoR school<\/a>.<\/p>\n<p><img loading=\"lazy\" decoding=\"async\" class=\"aligncenter wp-image-1118\" src=\"http:\/\/mariaholmstrom.se\/wp-content\/uploads\/2017\/09\/DSC_1880-300x214.jpg\" alt=\"\" width=\"800\" height=\"572\" srcset=\"https:\/\/mariaholmstrom.se\/wp-content\/uploads\/2017\/09\/DSC_1880-300x214.jpg 300w, https:\/\/mariaholmstrom.se\/wp-content\/uploads\/2017\/09\/DSC_1880-768x549.jpg 768w, https:\/\/mariaholmstrom.se\/wp-content\/uploads\/2017\/09\/DSC_1880.jpg 893w\" sizes=\"(max-width: 800px) 100vw, 800px\" \/><\/p>\n<p><strong>Teaching<\/strong><\/p>\n<p>I am an instructor in the Academic Art of Riding and I offer both lessons and clinics. I can also train your horse for you. I&#8217;ll drive to your stable to allow you to train in the comfort of your home environment.<\/p>\n<ul>\n<li>Maybe you want to find a <strong>stable yet flexible<\/strong> seat om the horse back?<\/li>\n<li>Maybe you want to discover a new, <strong>soft and nice way<\/strong> of working with your horse and need a trainer to guide you?<\/li>\n<li>Or do you have a so called <strong>problem horse<\/strong> with bad habits that you want to break the pattern with for you and your horse can\u00a0 become a well functioning team?<\/li>\n<li>Or maybe your horse <strong>has been hurt<\/strong> and now you want to start training again in a different way than you did?<\/li>\n<\/ul>\n<p>Maybe you want a well mannered horse that is nice to ride in the forest? Or maybe you want intense training in the seat, the Academic Art of Riding, or rehabilitate your horse? Regardless of your goals I am happy to help you. Read more in <a href=\"https:\/\/mariaholmstrom.se\/en\/lektioner\/\">lessons<\/a>.<\/p>\n<p><img loading=\"lazy\" decoding=\"async\" class=\"aligncenter wp-image-1117 size-full\" src=\"http:\/\/mariaholmstrom.se\/wp-content\/uploads\/2017\/09\/lektion.jpg\" alt=\"\" width=\"800\" height=\"395\" srcset=\"https:\/\/mariaholmstrom.se\/wp-content\/uploads\/2017\/09\/lektion.jpg 800w, https:\/\/mariaholmstrom.se\/wp-content\/uploads\/2017\/09\/lektion-300x148.jpg 300w, https:\/\/mariaholmstrom.se\/wp-content\/uploads\/2017\/09\/lektion-768x379.jpg 768w\" sizes=\"(max-width: 800px) 100vw, 800px\" \/><\/p>\n<p>&nbsp;<\/p>","protected":false},"excerpt":{"rendered":"<p>Academic Art of Riding &amp; Franklin method With focus on body awareness and partnership for strong and happy horses. My name is Maria Homstr\u00f6m (Pihl) and I teach the Academic Art of Riding in the west of Sweden, and am based in G\u00f6teborg. To me Academic Art of Riding is a beautiful form of art <a class=\"read-more\" href=\"https:\/\/mariaholmstrom.se\/en\/\">Read More<\/a><\/p>\n","protected":false},"author":1,"featured_media":0,"parent":0,"menu_order":0,"comment_status":"closed","ping_status":"closed","template":"","meta":{"footnotes":""},"yoast_head":"<!-- This site is optimized with the Yoast SEO plugin v20.0 - https:\/\/yoast.com\/wordpress\/plugins\/seo\/ -->\n<title>Start - H\u00e4st och h\u00e4lsa - Maria Holmstr\u00f6m<\/title>\n<meta name=\"description\" content=\"V\u00e4pnaren Maria Holmstr\u00f6m ger lektioner i akademisk ridkonst med fokus p\u00e5 kroppssk\u00e4nnedom och partnerskap f\u00f6r starka och friska h\u00e4star.\" \/>\n<meta name=\"robots\" content=\"index, follow, max-snippet:-1, max-image-preview:large, max-video-preview:-1\" \/>\n<link rel=\"canonical\" href=\"https:\/\/mariaholmstrom.se\/\" \/>\n<meta property=\"og:locale\" content=\"en_US\" \/>\n<meta property=\"og:type\" content=\"article\" \/>\n<meta property=\"og:title\" content=\"Start - H\u00e4st och h\u00e4lsa - Maria Holmstr\u00f6m\" \/>\n<meta property=\"og:description\" content=\"V\u00e4pnaren Maria Holmstr\u00f6m ger lektioner i akademisk ridkonst med fokus p\u00e5 kroppssk\u00e4nnedom och partnerskap f\u00f6r starka och friska h\u00e4star.\" \/>\n<meta property=\"og:url\" content=\"https:\/\/mariaholmstrom.se\/\" \/>\n<meta property=\"og:site_name\" content=\"H\u00e4st och h\u00e4lsa - Maria Holmstr\u00f6m\" \/>\n<meta property=\"article:modified_time\" content=\"2019-11-15T10:28:34+00:00\" \/>\n<meta property=\"og:image\" content=\"http:\/\/mariaholmstrom.se\/wp-content\/uploads\/2019\/11\/ARFranklinHolmstromnobakgnd-e1573813571875.png\" \/>\n<meta name=\"twitter:card\" content=\"summary_large_image\" \/>\n<meta name=\"twitter:label1\" content=\"Est. reading time\" \/>\n\t<meta name=\"twitter:data1\" content=\"6 minutes\" \/>\n<script type=\"application\/ld+json\" class=\"yoast-schema-graph\">{\"@context\":\"https:\/\/schema.org\",\"@graph\":[{\"@type\":\"WebPage\",\"@id\":\"https:\/\/mariaholmstrom.se\/\",\"url\":\"https:\/\/mariaholmstrom.se\/\",\"name\":\"Start - H\u00e4st och h\u00e4lsa - Maria Holmstr\u00f6m\",\"isPartOf\":{\"@id\":\"https:\/\/mariaholmstrom.se\/#website\"},\"datePublished\":\"2017-09-19T15:46:04+00:00\",\"dateModified\":\"2019-11-15T10:28:34+00:00\",\"description\":\"V\u00e4pnaren Maria Holmstr\u00f6m ger lektioner i akademisk ridkonst med fokus p\u00e5 kroppssk\u00e4nnedom och partnerskap f\u00f6r starka och friska h\u00e4star.\",\"breadcrumb\":{\"@id\":\"https:\/\/mariaholmstrom.se\/#breadcrumb\"},\"inLanguage\":\"en\",\"potentialAction\":[{\"@type\":\"ReadAction\",\"target\":[\"https:\/\/mariaholmstrom.se\/\"]}]},{\"@type\":\"BreadcrumbList\",\"@id\":\"https:\/\/mariaholmstrom.se\/#breadcrumb\",\"itemListElement\":[{\"@type\":\"ListItem\",\"position\":1,\"name\":\"Hem\",\"item\":\"https:\/\/mariaholmstrom.se\/\"},{\"@type\":\"ListItem\",\"position\":2,\"name\":\"Start\"}]},{\"@type\":\"WebSite\",\"@id\":\"https:\/\/mariaholmstrom.se\/#website\",\"url\":\"https:\/\/mariaholmstrom.se\/\",\"name\":\"H\u00e4st och h\u00e4lsa - Maria Holmstr\u00f6m\",\"description\":\"Friskv\u00e5rd f\u00f6r b\u00e5de m\u00e4nniska och h\u00e4st\",\"potentialAction\":[{\"@type\":\"SearchAction\",\"target\":{\"@type\":\"EntryPoint\",\"urlTemplate\":\"https:\/\/mariaholmstrom.se\/?s={search_term_string}\"},\"query-input\":\"required name=search_term_string\"}],\"inLanguage\":\"en\"}]}<\/script>\n<!-- \/ Yoast SEO plugin. -->","yoast_head_json":{"title":"Start - H\u00e4st och h\u00e4lsa - Maria Holmstr\u00f6m","description":"V\u00e4pnaren Maria Holmstr\u00f6m ger lektioner i akademisk ridkonst med fokus p\u00e5 kroppssk\u00e4nnedom och partnerskap f\u00f6r starka och friska h\u00e4star.","robots":{"index":"index","follow":"follow","max-snippet":"max-snippet:-1","max-image-preview":"max-image-preview:large","max-video-preview":"max-video-preview:-1"},"canonical":"https:\/\/mariaholmstrom.se\/","og_locale":"en_US","og_type":"article","og_title":"Start - H\u00e4st och h\u00e4lsa - Maria Holmstr\u00f6m","og_description":"V\u00e4pnaren Maria Holmstr\u00f6m ger lektioner i akademisk ridkonst med fokus p\u00e5 kroppssk\u00e4nnedom och partnerskap f\u00f6r starka och friska h\u00e4star.","og_url":"https:\/\/mariaholmstrom.se\/","og_site_name":"H\u00e4st och h\u00e4lsa - Maria Holmstr\u00f6m","article_modified_time":"2019-11-15T10:28:34+00:00","og_image":[{"url":"http:\/\/mariaholmstrom.se\/wp-content\/uploads\/2019\/11\/ARFranklinHolmstromnobakgnd-e1573813571875.png"}],"twitter_card":"summary_large_image","twitter_misc":{"Est. reading time":"6 minutes"},"schema":{"@context":"https:\/\/schema.org","@graph":[{"@type":"WebPage","@id":"https:\/\/mariaholmstrom.se\/","url":"https:\/\/mariaholmstrom.se\/","name":"Start - H\u00e4st och h\u00e4lsa - Maria Holmstr\u00f6m","isPartOf":{"@id":"https:\/\/mariaholmstrom.se\/#website"},"datePublished":"2017-09-19T15:46:04+00:00","dateModified":"2019-11-15T10:28:34+00:00","description":"V\u00e4pnaren Maria Holmstr\u00f6m ger lektioner i akademisk ridkonst med fokus p\u00e5 kroppssk\u00e4nnedom och partnerskap f\u00f6r starka och friska h\u00e4star.","breadcrumb":{"@id":"https:\/\/mariaholmstrom.se\/#breadcrumb"},"inLanguage":"en","potentialAction":[{"@type":"ReadAction","target":["https:\/\/mariaholmstrom.se\/"]}]},{"@type":"BreadcrumbList","@id":"https:\/\/mariaholmstrom.se\/#breadcrumb","itemListElement":[{"@type":"ListItem","position":1,"name":"Hem","item":"https:\/\/mariaholmstrom.se\/"},{"@type":"ListItem","position":2,"name":"Start"}]},{"@type":"WebSite","@id":"https:\/\/mariaholmstrom.se\/#website","url":"https:\/\/mariaholmstrom.se\/","name":"H\u00e4st och h\u00e4lsa - Maria Holmstr\u00f6m","description":"Friskv\u00e5rd f\u00f6r b\u00e5de m\u00e4nniska och h\u00e4st","potentialAction":[{"@type":"SearchAction","target":{"@type":"EntryPoint","urlTemplate":"https:\/\/mariaholmstrom.se\/?s={search_term_string}"},"query-input":"required name=search_term_string"}],"inLanguage":"en"}]}},"_links":{"self":[{"href":"https:\/\/mariaholmstrom.se\/en\/wp-json\/wp\/v2\/pages\/1114"}],"collection":[{"href":"https:\/\/mariaholmstrom.se\/en\/wp-json\/wp\/v2\/pages"}],"about":[{"href":"https:\/\/mariaholmstrom.se\/en\/wp-json\/wp\/v2\/types\/page"}],"author":[{"embeddable":true,"href":"https:\/\/mariaholmstrom.se\/en\/wp-json\/wp\/v2\/users\/1"}],"replies":[{"embeddable":true,"href":"https:\/\/mariaholmstrom.se\/en\/wp-json\/wp\/v2\/comments?post=1114"}],"version-history":[{"count":51,"href":"https:\/\/mariaholmstrom.se\/en\/wp-json\/wp\/v2\/pages\/1114\/revisions"}],"predecessor-version":[{"id":1753,"href":"https:\/\/mariaholmstrom.se\/en\/wp-json\/wp\/v2\/pages\/1114\/revisions\/1753"}],"wp:attachment":[{"href":"https:\/\/mariaholmstrom.se\/en\/wp-json\/wp\/v2\/media?parent=1114"}],"curies":[{"name":"wp","href":"https:\/\/api.w.org\/{rel}","templated":true}]}}