{"id":1442,"date":"2019-02-08T14:37:18","date_gmt":"2019-02-08T13:37:18","guid":{"rendered":"http:\/\/mariaholmstrom.se\/?page_id=1442"},"modified":"2019-02-08T14:37:18","modified_gmt":"2019-02-08T13:37:18","slug":"kroppsmedvetenhet","status":"publish","type":"page","link":"https:\/\/mariaholmstrom.se\/en\/onlinekurs-akademisk-ridkonst\/ridning\/kroppsmedvetenhet\/","title":{"rendered":"Kroppsmedvetenhet"},"content":{"rendered":"<p>Ju mer medvetena vi \u00e4r om v\u00e5r kropp desto b\u00e4ttre kan vi \u00e4ven rida. En god h\u00e5llning i vardagen ger f\u00f6ruts\u00e4ttningar f\u00f6r att \u00e4ven ha en bra h\u00e5llning p\u00e5 h\u00e4sten. En bra h\u00e5llning inneb\u00e4r att vi inte har on\u00f6diga sp\u00e4nningar som inskr\u00e4nker musklernas och ledernas f\u00f6rm\u00e5ga till r\u00f6relse.<\/p>","protected":false},"excerpt":{"rendered":"<p>Ju mer medvetena vi \u00e4r om v\u00e5r kropp desto b\u00e4ttre kan vi \u00e4ven rida. En god h\u00e5llning i vardagen ger f\u00f6ruts\u00e4ttningar f\u00f6r att \u00e4ven ha en bra h\u00e5llning p\u00e5 h\u00e4sten. En bra h\u00e5llning inneb\u00e4r att vi inte har on\u00f6diga sp\u00e4nningar som inskr\u00e4nker musklernas och ledernas f\u00f6rm\u00e5ga till r\u00f6relse.<\/p>\n","protected":false},"author":1,"featured_media":0,"parent":56,"menu_order":0,"comment_status":"closed","ping_status":"closed","template":"","meta":{"footnotes":""},"yoast_head":"<!-- This site is optimized with the Yoast SEO plugin v20.0 - https:\/\/yoast.com\/wordpress\/plugins\/seo\/ -->\n<title>Kroppsmedvetenhet - H\u00e4st och h\u00e4lsa - Maria Holmstr\u00f6m<\/title>\n<meta name=\"robots\" content=\"index, follow, max-snippet:-1, max-image-preview:large, max-video-preview:-1\" \/>\n<link rel=\"canonical\" href=\"https:\/\/mariaholmstrom.se\/en\/onlinekurs-akademisk-ridkonst\/ridning\/kroppsmedvetenhet\/\" \/>\n<meta property=\"og:locale\" content=\"en_US\" \/>\n<meta property=\"og:type\" content=\"article\" \/>\n<meta property=\"og:title\" content=\"Kroppsmedvetenhet - H\u00e4st och h\u00e4lsa - Maria Holmstr\u00f6m\" \/>\n<meta property=\"og:description\" content=\"Ju mer medvetena vi \u00e4r om v\u00e5r kropp desto b\u00e4ttre kan vi \u00e4ven rida. En god h\u00e5llning i vardagen ger f\u00f6ruts\u00e4ttningar f\u00f6r att \u00e4ven ha en bra h\u00e5llning p\u00e5 h\u00e4sten. En bra h\u00e5llning inneb\u00e4r att vi inte har on\u00f6diga sp\u00e4nningar som inskr\u00e4nker musklernas och ledernas f\u00f6rm\u00e5ga till r\u00f6relse.\" \/>\n<meta property=\"og:url\" content=\"https:\/\/mariaholmstrom.se\/en\/onlinekurs-akademisk-ridkonst\/ridning\/kroppsmedvetenhet\/\" \/>\n<meta property=\"og:site_name\" content=\"H\u00e4st och h\u00e4lsa - Maria Holmstr\u00f6m\" \/>\n<meta name=\"twitter:card\" content=\"summary_large_image\" \/>\n<script type=\"application\/ld+json\" class=\"yoast-schema-graph\">{\"@context\":\"https:\/\/schema.org\",\"@graph\":[{\"@type\":\"WebPage\",\"@id\":\"https:\/\/mariaholmstrom.se\/en\/onlinekurs-akademisk-ridkonst\/ridning\/kroppsmedvetenhet\/\",\"url\":\"https:\/\/mariaholmstrom.se\/en\/onlinekurs-akademisk-ridkonst\/ridning\/kroppsmedvetenhet\/\",\"name\":\"Kroppsmedvetenhet - H\u00e4st och h\u00e4lsa - Maria Holmstr\u00f6m\",\"isPartOf\":{\"@id\":\"https:\/\/mariaholmstrom.se\/#website\"},\"datePublished\":\"2019-02-08T13:37:18+00:00\",\"dateModified\":\"2019-02-08T13:37:18+00:00\",\"breadcrumb\":{\"@id\":\"https:\/\/mariaholmstrom.se\/en\/onlinekurs-akademisk-ridkonst\/ridning\/kroppsmedvetenhet\/#breadcrumb\"},\"inLanguage\":\"en\",\"potentialAction\":[{\"@type\":\"ReadAction\",\"target\":[\"https:\/\/mariaholmstrom.se\/en\/onlinekurs-akademisk-ridkonst\/ridning\/kroppsmedvetenhet\/\"]}]},{\"@type\":\"BreadcrumbList\",\"@id\":\"https:\/\/mariaholmstrom.se\/en\/onlinekurs-akademisk-ridkonst\/ridning\/kroppsmedvetenhet\/#breadcrumb\",\"itemListElement\":[{\"@type\":\"ListItem\",\"position\":1,\"name\":\"Hem\",\"item\":\"https:\/\/mariaholmstrom.se\/\"},{\"@type\":\"ListItem\",\"position\":2,\"name\":\"AR-skolan\",\"item\":\"https:\/\/mariaholmstrom.se\/onlinekurs-akademisk-ridkonst\/\"},{\"@type\":\"ListItem\",\"position\":3,\"name\":\"Ridning\",\"item\":\"https:\/\/mariaholmstrom.se\/onlinekurs-akademisk-ridkonst\/ridning\/\"},{\"@type\":\"ListItem\",\"position\":4,\"name\":\"Kroppsmedvetenhet\"}]},{\"@type\":\"WebSite\",\"@id\":\"https:\/\/mariaholmstrom.se\/#website\",\"url\":\"https:\/\/mariaholmstrom.se\/\",\"name\":\"H\u00e4st och h\u00e4lsa - Maria Holmstr\u00f6m\",\"description\":\"Friskv\u00e5rd f\u00f6r b\u00e5de m\u00e4nniska och h\u00e4st\",\"potentialAction\":[{\"@type\":\"SearchAction\",\"target\":{\"@type\":\"EntryPoint\",\"urlTemplate\":\"https:\/\/mariaholmstrom.se\/?s={search_term_string}\"},\"query-input\":\"required name=search_term_string\"}],\"inLanguage\":\"en\"}]}<\/script>\n<!-- \/ Yoast SEO plugin. -->","yoast_head_json":{"title":"Kroppsmedvetenhet - H\u00e4st och h\u00e4lsa - Maria Holmstr\u00f6m","robots":{"index":"index","follow":"follow","max-snippet":"max-snippet:-1","max-image-preview":"max-image-preview:large","max-video-preview":"max-video-preview:-1"},"canonical":"https:\/\/mariaholmstrom.se\/en\/onlinekurs-akademisk-ridkonst\/ridning\/kroppsmedvetenhet\/","og_locale":"en_US","og_type":"article","og_title":"Kroppsmedvetenhet - H\u00e4st och h\u00e4lsa - Maria Holmstr\u00f6m","og_description":"Ju mer medvetena vi \u00e4r om v\u00e5r kropp desto b\u00e4ttre kan vi \u00e4ven rida. En god h\u00e5llning i vardagen ger f\u00f6ruts\u00e4ttningar f\u00f6r att \u00e4ven ha en bra h\u00e5llning p\u00e5 h\u00e4sten. En bra h\u00e5llning inneb\u00e4r att vi inte har on\u00f6diga sp\u00e4nningar som inskr\u00e4nker musklernas och ledernas f\u00f6rm\u00e5ga till r\u00f6relse.","og_url":"https:\/\/mariaholmstrom.se\/en\/onlinekurs-akademisk-ridkonst\/ridning\/kroppsmedvetenhet\/","og_site_name":"H\u00e4st och h\u00e4lsa - Maria Holmstr\u00f6m","twitter_card":"summary_large_image","schema":{"@context":"https:\/\/schema.org","@graph":[{"@type":"WebPage","@id":"https:\/\/mariaholmstrom.se\/en\/onlinekurs-akademisk-ridkonst\/ridning\/kroppsmedvetenhet\/","url":"https:\/\/mariaholmstrom.se\/en\/onlinekurs-akademisk-ridkonst\/ridning\/kroppsmedvetenhet\/","name":"Kroppsmedvetenhet - H\u00e4st och h\u00e4lsa - Maria Holmstr\u00f6m","isPartOf":{"@id":"https:\/\/mariaholmstrom.se\/#website"},"datePublished":"2019-02-08T13:37:18+00:00","dateModified":"2019-02-08T13:37:18+00:00","breadcrumb":{"@id":"https:\/\/mariaholmstrom.se\/en\/onlinekurs-akademisk-ridkonst\/ridning\/kroppsmedvetenhet\/#breadcrumb"},"inLanguage":"en","potentialAction":[{"@type":"ReadAction","target":["https:\/\/mariaholmstrom.se\/en\/onlinekurs-akademisk-ridkonst\/ridning\/kroppsmedvetenhet\/"]}]},{"@type":"BreadcrumbList","@id":"https:\/\/mariaholmstrom.se\/en\/onlinekurs-akademisk-ridkonst\/ridning\/kroppsmedvetenhet\/#breadcrumb","itemListElement":[{"@type":"ListItem","position":1,"name":"Hem","item":"https:\/\/mariaholmstrom.se\/"},{"@type":"ListItem","position":2,"name":"AR-skolan","item":"https:\/\/mariaholmstrom.se\/onlinekurs-akademisk-ridkonst\/"},{"@type":"ListItem","position":3,"name":"Ridning","item":"https:\/\/mariaholmstrom.se\/onlinekurs-akademisk-ridkonst\/ridning\/"},{"@type":"ListItem","position":4,"name":"Kroppsmedvetenhet"}]},{"@type":"WebSite","@id":"https:\/\/mariaholmstrom.se\/#website","url":"https:\/\/mariaholmstrom.se\/","name":"H\u00e4st och h\u00e4lsa - Maria Holmstr\u00f6m","description":"Friskv\u00e5rd f\u00f6r b\u00e5de m\u00e4nniska och h\u00e4st","potentialAction":[{"@type":"SearchAction","target":{"@type":"EntryPoint","urlTemplate":"https:\/\/mariaholmstrom.se\/?s={search_term_string}"},"query-input":"required name=search_term_string"}],"inLanguage":"en"}]}},"_links":{"self":[{"href":"https:\/\/mariaholmstrom.se\/en\/wp-json\/wp\/v2\/pages\/1442"}],"collection":[{"href":"https:\/\/mariaholmstrom.se\/en\/wp-json\/wp\/v2\/pages"}],"about":[{"href":"https:\/\/mariaholmstrom.se\/en\/wp-json\/wp\/v2\/types\/page"}],"author":[{"embeddable":true,"href":"https:\/\/mariaholmstrom.se\/en\/wp-json\/wp\/v2\/users\/1"}],"replies":[{"embeddable":true,"href":"https:\/\/mariaholmstrom.se\/en\/wp-json\/wp\/v2\/comments?post=1442"}],"version-history":[{"count":1,"href":"https:\/\/mariaholmstrom.se\/en\/wp-json\/wp\/v2\/pages\/1442\/revisions"}],"predecessor-version":[{"id":1443,"href":"https:\/\/mariaholmstrom.se\/en\/wp-json\/wp\/v2\/pages\/1442\/revisions\/1443"}],"up":[{"embeddable":true,"href":"https:\/\/mariaholmstrom.se\/en\/wp-json\/wp\/v2\/pages\/56"}],"wp:attachment":[{"href":"https:\/\/mariaholmstrom.se\/en\/wp-json\/wp\/v2\/media?parent=1442"}],"curies":[{"name":"wp","href":"https:\/\/api.w.org\/{rel}","templated":true}]}}