{"id":1590,"date":"2019-10-04T13:31:13","date_gmt":"2019-10-04T11:31:13","guid":{"rendered":"http:\/\/mariaholmstrom.se\/?page_id=1590"},"modified":"2019-10-04T13:34:10","modified_gmt":"2019-10-04T11:34:10","slug":"riding-quarters-in","status":"publish","type":"page","link":"https:\/\/mariaholmstrom.se\/en\/riding-quarters-in\/","title":{"rendered":"Riding quarters in"},"content":{"rendered":"<p><span class=\"intro\">Quarters in, what is it and how do we do it? Here are my best tips on how to ride quarters in for the beginner, intermediate and advanced rider.<\/span><\/p>\n<p>In quarters in, the hindlegs of the horse are stepping inside of the track of a bent horse. It is also called travers and haunches in. While we are teaching the inside hindleg to step in under the point of weight in shoulder in, we teach the outside hindleg to step in under the point of weight in the quarters in.<\/p>\n<figure id=\"attachment_1463\" class=\"wp-caption aligncenter\"><img loading=\"lazy\" decoding=\"async\" class=\"wp-image-1463 size-full\" src=\"http:\/\/mariaholmstrom.se\/wp-content\/uploads\/2019\/02\/quarterineasy.png\" alt=\"\" width=\"211\" height=\"287\" \/><figcaption class=\"wp-caption-text\">In quarters in the front of the horse is on the track while the hindlegs of the horse are moving inside of the track.<\/figcaption><\/figure>\n<p><b>Quarters in for the beginner<\/b><\/p>\n<p>Just like for shoulder in, the horse must have a basic understanding of leg and rein aids. If the horse does not understand these aids, they are easier to teach from the ground.\u00a0<a href=\"https:\/\/mariaholmstrom.se\/en\/onlinekurs-akademisk-ridkonst\/hjalper\/\" target=\"_blank\" rel=\"noopener\">Here you can find some tips on how to do it<\/a>.<\/p>\n<p>For the rider the quarters in is often easier done on a straight line, whereas for the horse it is easier on circle, as the circle helps the horse with the bending. An easy start for the quarters in is to ride a circle in the corner and move out in a quarters in on the straight line.<\/p>\n<p>The Swedish term of quarters in is directly translated into English as the word \u201cclose\u201d. This is a good explanation to what quarters in is, because when you take the last step of a circle, or close the circle, you are in a quarters in. Basically, you ride a circle and just before you are about to end it, you continue forward on the straight line. This way you teach teach the outside hindleg to step in under the point of weight under the rider, and teach it to carry more weight.<\/p>\n<figure id=\"attachment_1465\" class=\"wp-caption aligncenter\"><img loading=\"lazy\" decoding=\"async\" class=\"wp-image-1465 size-full\" src=\"http:\/\/mariaholmstrom.se\/wp-content\/uploads\/2019\/02\/ridequartersin-1.png\" alt=\"\" width=\"287\" height=\"158\" \/><figcaption class=\"wp-caption-text\">In quarters in the outside hind leg is taught to step in under the point of weight.<\/figcaption><\/figure>\n<p>When moving into quarters in you sit slightly more on the inside seat bone and move it forwards. Your outside leg ask the hindlegs to move in from the track. Your belly button is pointing in the direction between the ears of the horse. The inside rein is asking for stelling and stops the shoulders from falling in. The outside rein stops the shoulders from falling out. The reins aids should not be used to \u201chold\u201d the shoulders or head in their position but only become active if the horse is falling in or out or loose the stelling.<\/p>\n<p><b>Quarters in for the intermediate rider<\/b><\/p>\n<p>When you and your horse have a basic understanding of the quarters in you want to focus on improving the quality of the exercise. Don\u2019t do more sideways than you can maintain stelling and bending. If you lose it, the horse will straighten up and you will get something more like leg yield.<\/p>\n<p>You want the horse to bend around your inside seat bone. When lowering the inside seat bone you rotate the chest of the horse. A good mental picture of chest rotation is to sit on a overthrown barrel. You can rotate the barrel by lowering your seat bones.<\/p>\n<figure id=\"attachment_1466\" class=\"wp-caption aligncenter\"><img loading=\"lazy\" decoding=\"async\" class=\"wp-image-1466\" src=\"http:\/\/mariaholmstrom.se\/wp-content\/uploads\/2019\/02\/barrelride.png\" sizes=\"(max-width: 800px) 100vw, 800px\" srcset=\"http:\/\/mariaholmstrom.se\/wp-content\/uploads\/2019\/02\/barrelride.png 1439w, http:\/\/mariaholmstrom.se\/wp-content\/uploads\/2019\/02\/barrelride-300x64.png 300w, http:\/\/mariaholmstrom.se\/wp-content\/uploads\/2019\/02\/barrelride-768x163.png 768w, http:\/\/mariaholmstrom.se\/wp-content\/uploads\/2019\/02\/barrelride-1024x218.png 1024w\" alt=\"\" width=\"800\" height=\"170\" \/><figcaption class=\"wp-caption-text\">You can train your awareness of your seat bones by sitting on an overthrown barrel. If you sink down on your left seat bone, you lower the barrel (horse) to left and if you sink down on your right seat bone you lower the barrel (horse) to the right.<\/figcaption><\/figure>\n<p>When the inside hip is moving forward down, your inside seat bone lowers and the chest of the horse rotates. The chest will be lower on the inside and get a bit higher on the outside. This is an essential part of proper bending of the horse, and cannot be obtained if you were to sit on the outside of the horse. Then the outside seat bone would press down the outside of the chest and you will get a counter rotation of the spine which is unhealthy for the horse (and rider).<\/p>\n<blockquote><p>Can you change between forward and collection just using your statical seat direction?<\/p><\/blockquote>\n<p>Your statical seat, or your upper body balance, should be slightly pointing toward the inside shoulder when going forward, and when collecting you move your upper body slightly towards the inside hind leg.<\/p>\n<p><b>Quarters in for the advanced rider<\/b><\/p>\n<p>The advanced rider want to ride more and more with the seat. The front muscles of the thighs move the shoulders of the horse and the back of the thighs move the hindlegs of the horse. However the back of the thighs cannot influence the hindlegs unless they are stepping in under the seat of the rider, i.e. go forward. The inside upper leg is always working in a downwards sense and the outside one in an upwards sense, to be able to maintain the chest rotation of the horse.<\/p>\n<figure id=\"attachment_1467\" class=\"wp-caption aligncenter\"><img loading=\"lazy\" decoding=\"async\" class=\"wp-image-1467 size-full\" src=\"http:\/\/mariaholmstrom.se\/wp-content\/uploads\/2019\/02\/quarterin.png\" sizes=\"(max-width: 322px) 100vw, 322px\" srcset=\"http:\/\/mariaholmstrom.se\/wp-content\/uploads\/2019\/02\/quarterin.png 322w, http:\/\/mariaholmstrom.se\/wp-content\/uploads\/2019\/02\/quarterin-198x300.png 198w\" alt=\"\" width=\"322\" height=\"487\" \/><figcaption class=\"wp-caption-text\">A rider in a right quarters in seen from behind. The back of the left upper leg moves the hindleg in and the front of the right upper leg moves the shoulder out.<\/figcaption><\/figure>\n<p>For the quarters in, you use the back of the outer upper leg (heel in) to move the quarters in and the front of the inner upper leg (heel out) to move the shoulders out. Your feet should stay parallel to each other. You want to start investigating how little you can do and still get a quarters in. Is it possible to just use your seat (seat bones) to obtain a quarters? Can you change between forward and collection just using your statical seat direction? Congratulations \u2013 just sit and enjoy!<\/p>","protected":false},"excerpt":{"rendered":"<p>Quarters in, what is it and how do we do it? Here are my best tips on how to ride quarters in for the beginner, intermediate and advanced rider. In quarters in, the hindlegs of the horse are stepping inside of the track of a bent horse. It is also called travers and haunches in. <a class=\"read-more\" href=\"https:\/\/mariaholmstrom.se\/en\/riding-quarters-in\/\">Read More<\/a><\/p>\n","protected":false},"author":1,"featured_media":0,"parent":0,"menu_order":0,"comment_status":"closed","ping_status":"closed","template":"","meta":{"footnotes":""},"yoast_head":"<!-- This site is optimized with the Yoast SEO plugin v20.0 - https:\/\/yoast.com\/wordpress\/plugins\/seo\/ -->\n<title>Riding quarters in - H\u00e4st och h\u00e4lsa - Maria Holmstr\u00f6m<\/title>\n<meta name=\"robots\" content=\"index, follow, max-snippet:-1, max-image-preview:large, max-video-preview:-1\" \/>\n<link rel=\"canonical\" href=\"https:\/\/mariaholmstrom.se\/en\/riding-quarters-in\/\" \/>\n<meta property=\"og:locale\" content=\"en_US\" \/>\n<meta property=\"og:type\" content=\"article\" \/>\n<meta property=\"og:title\" content=\"Riding quarters in - H\u00e4st och h\u00e4lsa - Maria Holmstr\u00f6m\" \/>\n<meta property=\"og:description\" content=\"Quarters in, what is it and how do we do it? Here are my best tips on how to ride quarters in for the beginner, intermediate and advanced rider. In quarters in, the hindlegs of the horse are stepping inside of the track of a bent horse. It is also called travers and haunches in. Read More\" \/>\n<meta property=\"og:url\" content=\"https:\/\/mariaholmstrom.se\/en\/riding-quarters-in\/\" \/>\n<meta property=\"og:site_name\" content=\"H\u00e4st och h\u00e4lsa - Maria Holmstr\u00f6m\" \/>\n<meta property=\"article:modified_time\" content=\"2019-10-04T11:34:10+00:00\" \/>\n<meta property=\"og:image\" content=\"http:\/\/mariaholmstrom.se\/wp-content\/uploads\/2019\/02\/quarterineasy.png\" \/>\n<meta name=\"twitter:card\" content=\"summary_large_image\" \/>\n<meta name=\"twitter:label1\" content=\"Est. reading time\" \/>\n\t<meta name=\"twitter:data1\" content=\"5 minutes\" \/>\n<script type=\"application\/ld+json\" class=\"yoast-schema-graph\">{\"@context\":\"https:\/\/schema.org\",\"@graph\":[{\"@type\":\"WebPage\",\"@id\":\"https:\/\/mariaholmstrom.se\/en\/riding-quarters-in\/\",\"url\":\"https:\/\/mariaholmstrom.se\/en\/riding-quarters-in\/\",\"name\":\"Riding quarters in - H\u00e4st och h\u00e4lsa - Maria Holmstr\u00f6m\",\"isPartOf\":{\"@id\":\"https:\/\/mariaholmstrom.se\/#website\"},\"datePublished\":\"2019-10-04T11:31:13+00:00\",\"dateModified\":\"2019-10-04T11:34:10+00:00\",\"breadcrumb\":{\"@id\":\"https:\/\/mariaholmstrom.se\/en\/riding-quarters-in\/#breadcrumb\"},\"inLanguage\":\"en\",\"potentialAction\":[{\"@type\":\"ReadAction\",\"target\":[\"https:\/\/mariaholmstrom.se\/en\/riding-quarters-in\/\"]}]},{\"@type\":\"BreadcrumbList\",\"@id\":\"https:\/\/mariaholmstrom.se\/en\/riding-quarters-in\/#breadcrumb\",\"itemListElement\":[{\"@type\":\"ListItem\",\"position\":1,\"name\":\"Hem\",\"item\":\"https:\/\/mariaholmstrom.se\/\"},{\"@type\":\"ListItem\",\"position\":2,\"name\":\"Riding quarters in\"}]},{\"@type\":\"WebSite\",\"@id\":\"https:\/\/mariaholmstrom.se\/#website\",\"url\":\"https:\/\/mariaholmstrom.se\/\",\"name\":\"H\u00e4st och h\u00e4lsa - Maria Holmstr\u00f6m\",\"description\":\"Friskv\u00e5rd f\u00f6r b\u00e5de m\u00e4nniska och h\u00e4st\",\"potentialAction\":[{\"@type\":\"SearchAction\",\"target\":{\"@type\":\"EntryPoint\",\"urlTemplate\":\"https:\/\/mariaholmstrom.se\/?s={search_term_string}\"},\"query-input\":\"required name=search_term_string\"}],\"inLanguage\":\"en\"}]}<\/script>\n<!-- \/ Yoast SEO plugin. -->","yoast_head_json":{"title":"Riding quarters in - H\u00e4st och h\u00e4lsa - Maria Holmstr\u00f6m","robots":{"index":"index","follow":"follow","max-snippet":"max-snippet:-1","max-image-preview":"max-image-preview:large","max-video-preview":"max-video-preview:-1"},"canonical":"https:\/\/mariaholmstrom.se\/en\/riding-quarters-in\/","og_locale":"en_US","og_type":"article","og_title":"Riding quarters in - H\u00e4st och h\u00e4lsa - Maria Holmstr\u00f6m","og_description":"Quarters in, what is it and how do we do it? Here are my best tips on how to ride quarters in for the beginner, intermediate and advanced rider. In quarters in, the hindlegs of the horse are stepping inside of the track of a bent horse. It is also called travers and haunches in. Read More","og_url":"https:\/\/mariaholmstrom.se\/en\/riding-quarters-in\/","og_site_name":"H\u00e4st och h\u00e4lsa - Maria Holmstr\u00f6m","article_modified_time":"2019-10-04T11:34:10+00:00","og_image":[{"url":"http:\/\/mariaholmstrom.se\/wp-content\/uploads\/2019\/02\/quarterineasy.png"}],"twitter_card":"summary_large_image","twitter_misc":{"Est. reading time":"5 minutes"},"schema":{"@context":"https:\/\/schema.org","@graph":[{"@type":"WebPage","@id":"https:\/\/mariaholmstrom.se\/en\/riding-quarters-in\/","url":"https:\/\/mariaholmstrom.se\/en\/riding-quarters-in\/","name":"Riding quarters in - H\u00e4st och h\u00e4lsa - Maria Holmstr\u00f6m","isPartOf":{"@id":"https:\/\/mariaholmstrom.se\/#website"},"datePublished":"2019-10-04T11:31:13+00:00","dateModified":"2019-10-04T11:34:10+00:00","breadcrumb":{"@id":"https:\/\/mariaholmstrom.se\/en\/riding-quarters-in\/#breadcrumb"},"inLanguage":"en","potentialAction":[{"@type":"ReadAction","target":["https:\/\/mariaholmstrom.se\/en\/riding-quarters-in\/"]}]},{"@type":"BreadcrumbList","@id":"https:\/\/mariaholmstrom.se\/en\/riding-quarters-in\/#breadcrumb","itemListElement":[{"@type":"ListItem","position":1,"name":"Hem","item":"https:\/\/mariaholmstrom.se\/"},{"@type":"ListItem","position":2,"name":"Riding quarters in"}]},{"@type":"WebSite","@id":"https:\/\/mariaholmstrom.se\/#website","url":"https:\/\/mariaholmstrom.se\/","name":"H\u00e4st och h\u00e4lsa - Maria Holmstr\u00f6m","description":"Friskv\u00e5rd f\u00f6r b\u00e5de m\u00e4nniska och h\u00e4st","potentialAction":[{"@type":"SearchAction","target":{"@type":"EntryPoint","urlTemplate":"https:\/\/mariaholmstrom.se\/?s={search_term_string}"},"query-input":"required name=search_term_string"}],"inLanguage":"en"}]}},"_links":{"self":[{"href":"https:\/\/mariaholmstrom.se\/en\/wp-json\/wp\/v2\/pages\/1590"}],"collection":[{"href":"https:\/\/mariaholmstrom.se\/en\/wp-json\/wp\/v2\/pages"}],"about":[{"href":"https:\/\/mariaholmstrom.se\/en\/wp-json\/wp\/v2\/types\/page"}],"author":[{"embeddable":true,"href":"https:\/\/mariaholmstrom.se\/en\/wp-json\/wp\/v2\/users\/1"}],"replies":[{"embeddable":true,"href":"https:\/\/mariaholmstrom.se\/en\/wp-json\/wp\/v2\/comments?post=1590"}],"version-history":[{"count":1,"href":"https:\/\/mariaholmstrom.se\/en\/wp-json\/wp\/v2\/pages\/1590\/revisions"}],"predecessor-version":[{"id":1591,"href":"https:\/\/mariaholmstrom.se\/en\/wp-json\/wp\/v2\/pages\/1590\/revisions\/1591"}],"wp:attachment":[{"href":"https:\/\/mariaholmstrom.se\/en\/wp-json\/wp\/v2\/media?parent=1590"}],"curies":[{"name":"wp","href":"https:\/\/api.w.org\/{rel}","templated":true}]}}