{"id":1592,"date":"2019-10-04T13:33:21","date_gmt":"2019-10-04T11:33:21","guid":{"rendered":"http:\/\/mariaholmstrom.se\/?page_id=1592"},"modified":"2019-10-04T13:33:30","modified_gmt":"2019-10-04T11:33:30","slug":"sit-to-the-inside","status":"publish","type":"page","link":"https:\/\/mariaholmstrom.se\/en\/sit-to-the-inside\/","title":{"rendered":"Sit to the inside"},"content":{"rendered":"<p><span class=\"intro\">How are we supposed to sit on the horse? To the inside, to the outside or equal over the horse? Should it vary when we do different exercises? You sure can get confused, because you can hear about all sorts of different ways of sitting.<\/span><\/p>\n<p>When talking about the seat we need to think about what we want to accomplish on the horse back. In Academic Art of Riding we want to educate the spirit, mind and bodies of horse and human. We want the horse to be able to carry itself and us in a good way, that does no damage to either horse or human. But how does a horse carry properly? All four legs must go in one direction, with hind legs stepping in under the seat of the rider and front leg stepping in under the muzzle. As the inside hind leg moves forward the inside hip should come forward and down. The belly then rotates to allow space for the inside hindleg. It is actually not just the belly that rotates, but the whole spine of the horse, from tail to neck. This is called bending and it goes along with stelling. Stelling is the rotation of the skull, where the inside lower jaw is moved in the direction under the wing of the atlas, the first neck vertebrae. However, for this to happen the head must first be searching forward. If the head is held back there is no space to rotate and obtain stelling.\u00a0<a href=\"https:\/\/mariaholmstrom.se\/en\/onlinekurs-akademisk-ridkonst\/stallning-och-bojning\/\" target=\"_blank\" rel=\"noopener\">Here are some pictures to show when stelling is and is not possible<\/a>. The bending of the horse can be seen as a rotation of the chest. The inside gets lowered and the outside is raised. The raised outside chest brings along the outside shoulder, that will be lifted and free. The Duke of Newcastle once said the inner leg should appear lower than the outside, and this is because of the rotation of the chest.<\/p>\n<figure id=\"attachment_1520\" class=\"wp-caption aligncenter\"><img loading=\"lazy\" decoding=\"async\" class=\"wp-image-1520 size-full\" src=\"http:\/\/mariaholmstrom.se\/wp-content\/uploads\/2019\/03\/DSC_1907.jpg\" sizes=\"(max-width: 612px) 100vw, 612px\" srcset=\"http:\/\/mariaholmstrom.se\/wp-content\/uploads\/2019\/03\/DSC_1907.jpg 612w, http:\/\/mariaholmstrom.se\/wp-content\/uploads\/2019\/03\/DSC_1907-214x300.jpg 214w\" alt=\"\" width=\"612\" height=\"857\" \/><figcaption class=\"wp-caption-text\">Br\u00f6ta rotated her chest and let me down on her inside. Hence my legs appear unequal in length. My inner leg is working downwards\u00a0 and my outside leg is working upwards.<\/figcaption><\/figure>\n<p>Now we know we need chest rotation for a proper bending and stelling. If we allow our inner seat bone and inside leg aids to go downwards when the inside hip is moving forward down,\u00a0 and\u00a0 the outer seat bone and leg aids to go upwards we can maintain\u00a0 the chest rotation and hence bending and stelling. If we press down our outside seat bone we will spoil the chest rotation, the bending and the stelling, and create some hideous curves in the spine.\u00a0This is unhealthy for the horse and the rider. This gives the answer to how to sit on the horse. We must always sit lower on the inside and higher on the outside seat bone. However, note that there is a difference between lowering your inner seat bone and hanging all of your weight on the inside. You may experience some difficulties lowering the inside seat bone, but then you may try to lift the outside one. Some seat lessons to become aware of your body, pelvis and movements may also be a good suggestion.<\/p>","protected":false},"excerpt":{"rendered":"<p>How are we supposed to sit on the horse? To the inside, to the outside or equal over the horse? Should it vary when we do different exercises? You sure can get confused, because you can hear about all sorts of different ways of sitting. When talking about the seat we need to think about <a class=\"read-more\" href=\"https:\/\/mariaholmstrom.se\/en\/sit-to-the-inside\/\">Read More<\/a><\/p>\n","protected":false},"author":1,"featured_media":0,"parent":0,"menu_order":0,"comment_status":"closed","ping_status":"closed","template":"","meta":{"footnotes":""},"yoast_head":"<!-- This site is optimized with the Yoast SEO plugin v20.0 - https:\/\/yoast.com\/wordpress\/plugins\/seo\/ -->\n<title>Sit to the inside - H\u00e4st och h\u00e4lsa - Maria Holmstr\u00f6m<\/title>\n<meta name=\"robots\" content=\"index, follow, max-snippet:-1, max-image-preview:large, max-video-preview:-1\" \/>\n<link rel=\"canonical\" href=\"https:\/\/mariaholmstrom.se\/en\/sit-to-the-inside\/\" \/>\n<meta property=\"og:locale\" content=\"en_US\" \/>\n<meta property=\"og:type\" content=\"article\" \/>\n<meta property=\"og:title\" content=\"Sit to the inside - H\u00e4st och h\u00e4lsa - Maria Holmstr\u00f6m\" \/>\n<meta property=\"og:description\" content=\"How are we supposed to sit on the horse? To the inside, to the outside or equal over the horse? Should it vary when we do different exercises? You sure can get confused, because you can hear about all sorts of different ways of sitting. When talking about the seat we need to think about Read More\" \/>\n<meta property=\"og:url\" content=\"https:\/\/mariaholmstrom.se\/en\/sit-to-the-inside\/\" \/>\n<meta property=\"og:site_name\" content=\"H\u00e4st och h\u00e4lsa - Maria Holmstr\u00f6m\" \/>\n<meta property=\"article:modified_time\" content=\"2019-10-04T11:33:30+00:00\" \/>\n<meta property=\"og:image\" content=\"http:\/\/mariaholmstrom.se\/wp-content\/uploads\/2019\/03\/DSC_1907.jpg\" \/>\n<meta name=\"twitter:card\" content=\"summary_large_image\" \/>\n<meta name=\"twitter:label1\" content=\"Est. reading time\" \/>\n\t<meta name=\"twitter:data1\" content=\"3 minutes\" \/>\n<script type=\"application\/ld+json\" class=\"yoast-schema-graph\">{\"@context\":\"https:\/\/schema.org\",\"@graph\":[{\"@type\":\"WebPage\",\"@id\":\"https:\/\/mariaholmstrom.se\/en\/sit-to-the-inside\/\",\"url\":\"https:\/\/mariaholmstrom.se\/en\/sit-to-the-inside\/\",\"name\":\"Sit to the inside - H\u00e4st och h\u00e4lsa - Maria Holmstr\u00f6m\",\"isPartOf\":{\"@id\":\"https:\/\/mariaholmstrom.se\/#website\"},\"datePublished\":\"2019-10-04T11:33:21+00:00\",\"dateModified\":\"2019-10-04T11:33:30+00:00\",\"breadcrumb\":{\"@id\":\"https:\/\/mariaholmstrom.se\/en\/sit-to-the-inside\/#breadcrumb\"},\"inLanguage\":\"en\",\"potentialAction\":[{\"@type\":\"ReadAction\",\"target\":[\"https:\/\/mariaholmstrom.se\/en\/sit-to-the-inside\/\"]}]},{\"@type\":\"BreadcrumbList\",\"@id\":\"https:\/\/mariaholmstrom.se\/en\/sit-to-the-inside\/#breadcrumb\",\"itemListElement\":[{\"@type\":\"ListItem\",\"position\":1,\"name\":\"Hem\",\"item\":\"https:\/\/mariaholmstrom.se\/\"},{\"@type\":\"ListItem\",\"position\":2,\"name\":\"Sit to the inside\"}]},{\"@type\":\"WebSite\",\"@id\":\"https:\/\/mariaholmstrom.se\/#website\",\"url\":\"https:\/\/mariaholmstrom.se\/\",\"name\":\"H\u00e4st och h\u00e4lsa - Maria Holmstr\u00f6m\",\"description\":\"Friskv\u00e5rd f\u00f6r b\u00e5de m\u00e4nniska och h\u00e4st\",\"potentialAction\":[{\"@type\":\"SearchAction\",\"target\":{\"@type\":\"EntryPoint\",\"urlTemplate\":\"https:\/\/mariaholmstrom.se\/?s={search_term_string}\"},\"query-input\":\"required name=search_term_string\"}],\"inLanguage\":\"en\"}]}<\/script>\n<!-- \/ Yoast SEO plugin. -->","yoast_head_json":{"title":"Sit to the inside - H\u00e4st och h\u00e4lsa - Maria Holmstr\u00f6m","robots":{"index":"index","follow":"follow","max-snippet":"max-snippet:-1","max-image-preview":"max-image-preview:large","max-video-preview":"max-video-preview:-1"},"canonical":"https:\/\/mariaholmstrom.se\/en\/sit-to-the-inside\/","og_locale":"en_US","og_type":"article","og_title":"Sit to the inside - H\u00e4st och h\u00e4lsa - Maria Holmstr\u00f6m","og_description":"How are we supposed to sit on the horse? To the inside, to the outside or equal over the horse? Should it vary when we do different exercises? You sure can get confused, because you can hear about all sorts of different ways of sitting. When talking about the seat we need to think about Read More","og_url":"https:\/\/mariaholmstrom.se\/en\/sit-to-the-inside\/","og_site_name":"H\u00e4st och h\u00e4lsa - Maria Holmstr\u00f6m","article_modified_time":"2019-10-04T11:33:30+00:00","og_image":[{"url":"http:\/\/mariaholmstrom.se\/wp-content\/uploads\/2019\/03\/DSC_1907.jpg"}],"twitter_card":"summary_large_image","twitter_misc":{"Est. reading time":"3 minutes"},"schema":{"@context":"https:\/\/schema.org","@graph":[{"@type":"WebPage","@id":"https:\/\/mariaholmstrom.se\/en\/sit-to-the-inside\/","url":"https:\/\/mariaholmstrom.se\/en\/sit-to-the-inside\/","name":"Sit to the inside - H\u00e4st och h\u00e4lsa - Maria Holmstr\u00f6m","isPartOf":{"@id":"https:\/\/mariaholmstrom.se\/#website"},"datePublished":"2019-10-04T11:33:21+00:00","dateModified":"2019-10-04T11:33:30+00:00","breadcrumb":{"@id":"https:\/\/mariaholmstrom.se\/en\/sit-to-the-inside\/#breadcrumb"},"inLanguage":"en","potentialAction":[{"@type":"ReadAction","target":["https:\/\/mariaholmstrom.se\/en\/sit-to-the-inside\/"]}]},{"@type":"BreadcrumbList","@id":"https:\/\/mariaholmstrom.se\/en\/sit-to-the-inside\/#breadcrumb","itemListElement":[{"@type":"ListItem","position":1,"name":"Hem","item":"https:\/\/mariaholmstrom.se\/"},{"@type":"ListItem","position":2,"name":"Sit to the inside"}]},{"@type":"WebSite","@id":"https:\/\/mariaholmstrom.se\/#website","url":"https:\/\/mariaholmstrom.se\/","name":"H\u00e4st och h\u00e4lsa - Maria Holmstr\u00f6m","description":"Friskv\u00e5rd f\u00f6r b\u00e5de m\u00e4nniska och h\u00e4st","potentialAction":[{"@type":"SearchAction","target":{"@type":"EntryPoint","urlTemplate":"https:\/\/mariaholmstrom.se\/?s={search_term_string}"},"query-input":"required name=search_term_string"}],"inLanguage":"en"}]}},"_links":{"self":[{"href":"https:\/\/mariaholmstrom.se\/en\/wp-json\/wp\/v2\/pages\/1592"}],"collection":[{"href":"https:\/\/mariaholmstrom.se\/en\/wp-json\/wp\/v2\/pages"}],"about":[{"href":"https:\/\/mariaholmstrom.se\/en\/wp-json\/wp\/v2\/types\/page"}],"author":[{"embeddable":true,"href":"https:\/\/mariaholmstrom.se\/en\/wp-json\/wp\/v2\/users\/1"}],"replies":[{"embeddable":true,"href":"https:\/\/mariaholmstrom.se\/en\/wp-json\/wp\/v2\/comments?post=1592"}],"version-history":[{"count":1,"href":"https:\/\/mariaholmstrom.se\/en\/wp-json\/wp\/v2\/pages\/1592\/revisions"}],"predecessor-version":[{"id":1593,"href":"https:\/\/mariaholmstrom.se\/en\/wp-json\/wp\/v2\/pages\/1592\/revisions\/1593"}],"wp:attachment":[{"href":"https:\/\/mariaholmstrom.se\/en\/wp-json\/wp\/v2\/media?parent=1592"}],"curies":[{"name":"wp","href":"https:\/\/api.w.org\/{rel}","templated":true}]}}