{"id":160,"date":"2016-09-29T22:08:32","date_gmt":"2016-09-29T20:08:32","guid":{"rendered":"http:\/\/mariaholmstrom.se\/?page_id=160"},"modified":"2020-02-11T18:19:39","modified_gmt":"2020-02-11T17:19:39","slug":"kontakt","status":"publish","type":"page","link":"https:\/\/mariaholmstrom.se\/en\/kontakt\/","title":{"rendered":"Contact"},"content":{"rendered":"<p><img loading=\"lazy\" decoding=\"async\" class=\"size-medium wp-image-193 alignleft\" src=\"http:\/\/mariaholmstrom.se\/wp-content\/uploads\/2016\/09\/stigbygel-72dpi-225x300.jpg\" alt=\"stigbygel-72dpi\" width=\"225\" height=\"300\" srcset=\"https:\/\/mariaholmstrom.se\/wp-content\/uploads\/2016\/09\/stigbygel-72dpi-225x300.jpg 225w, https:\/\/mariaholmstrom.se\/wp-content\/uploads\/2016\/09\/stigbygel-72dpi-768x1024.jpg 768w, https:\/\/mariaholmstrom.se\/wp-content\/uploads\/2016\/09\/stigbygel-72dpi.jpg 1000w\" sizes=\"(max-width: 225px) 100vw, 225px\" \/>Academic Art of Riding\u00a0 &amp; Franklin method &#8211; Maria Holmstr\u00f6m<\/p>\n<p>G\u00f6teborg, Sweden<br \/>\nBank giro: 575-9063<br \/>\nHolds an F-tax<\/p>\n<p>E-m<img loading=\"lazy\" decoding=\"async\" class=\"wp-image-1748 size-medium alignright\" src=\"http:\/\/mariaholmstrom.se\/wp-content\/uploads\/2019\/11\/ENG-AAoRFranklinHolmstromnobakgnd-300x156.png\" alt=\"\" width=\"300\" height=\"156\" \/>ail: <a href=\"mailto:info@mariaholmstrom.se\">info@mariaholmstrom.se<\/a><\/p>","protected":false},"excerpt":{"rendered":"<p>Academic Art of Riding\u00a0 &amp; Franklin method &#8211; Maria Holmstr\u00f6m G\u00f6teborg, Sweden Bank giro: 575-9063 Holds an F-tax E-mail: info@mariaholmstrom.se<\/p>\n","protected":false},"author":1,"featured_media":0,"parent":0,"menu_order":0,"comment_status":"closed","ping_status":"closed","template":"template-full-width.php","meta":{"footnotes":""},"yoast_head":"<!-- This site is optimized with the Yoast SEO plugin v20.0 - https:\/\/yoast.com\/wordpress\/plugins\/seo\/ -->\n<title>Kontakt - Akademisk ridkonst och Origopati - Mariaholmstrom.se<\/title>\n<meta name=\"description\" content=\"Om du vill veta mer om akademisk ridkonst och origopati \u00e4r du v\u00e4lkommen att kontakta mig. Jag ger AR-lektioner och g\u00f6r origopatiska balanseringar av h\u00e4star.\" \/>\n<meta name=\"robots\" content=\"index, follow, max-snippet:-1, max-image-preview:large, max-video-preview:-1\" \/>\n<link rel=\"canonical\" href=\"https:\/\/mariaholmstrom.se\/kontakt\/\" \/>\n<meta property=\"og:locale\" content=\"en_US\" \/>\n<meta property=\"og:type\" content=\"article\" \/>\n<meta property=\"og:title\" content=\"Kontakt - Akademisk ridkonst och Origopati - Mariaholmstrom.se\" \/>\n<meta property=\"og:description\" content=\"Om du vill veta mer om akademisk ridkonst och origopati \u00e4r du v\u00e4lkommen att kontakta mig. Jag ger AR-lektioner och g\u00f6r origopatiska balanseringar av h\u00e4star.\" \/>\n<meta property=\"og:url\" content=\"https:\/\/mariaholmstrom.se\/kontakt\/\" \/>\n<meta property=\"og:site_name\" content=\"H\u00e4st och h\u00e4lsa - Maria Holmstr\u00f6m\" \/>\n<meta property=\"article:modified_time\" content=\"2020-02-11T17:19:39+00:00\" \/>\n<meta property=\"og:image\" content=\"http:\/\/mariaholmstrom.se\/wp-content\/uploads\/2016\/09\/stigbygel-72dpi-225x300.jpg\" \/>\n<meta name=\"twitter:card\" content=\"summary_large_image\" \/>\n<script type=\"application\/ld+json\" class=\"yoast-schema-graph\">{\"@context\":\"https:\/\/schema.org\",\"@graph\":[{\"@type\":\"WebPage\",\"@id\":\"https:\/\/mariaholmstrom.se\/kontakt\/\",\"url\":\"https:\/\/mariaholmstrom.se\/kontakt\/\",\"name\":\"Kontakt - Akademisk ridkonst och Origopati - Mariaholmstrom.se\",\"isPartOf\":{\"@id\":\"https:\/\/mariaholmstrom.se\/#website\"},\"datePublished\":\"2016-09-29T20:08:32+00:00\",\"dateModified\":\"2020-02-11T17:19:39+00:00\",\"description\":\"Om du vill veta mer om akademisk ridkonst och origopati \u00e4r du v\u00e4lkommen att kontakta mig. Jag ger AR-lektioner och g\u00f6r origopatiska balanseringar av h\u00e4star.\",\"breadcrumb\":{\"@id\":\"https:\/\/mariaholmstrom.se\/kontakt\/#breadcrumb\"},\"inLanguage\":\"en\",\"potentialAction\":[{\"@type\":\"ReadAction\",\"target\":[\"https:\/\/mariaholmstrom.se\/kontakt\/\"]}]},{\"@type\":\"BreadcrumbList\",\"@id\":\"https:\/\/mariaholmstrom.se\/kontakt\/#breadcrumb\",\"itemListElement\":[{\"@type\":\"ListItem\",\"position\":1,\"name\":\"Hem\",\"item\":\"https:\/\/mariaholmstrom.se\/\"},{\"@type\":\"ListItem\",\"position\":2,\"name\":\"Kontakt\"}]},{\"@type\":\"WebSite\",\"@id\":\"https:\/\/mariaholmstrom.se\/#website\",\"url\":\"https:\/\/mariaholmstrom.se\/\",\"name\":\"H\u00e4st och h\u00e4lsa - Maria Holmstr\u00f6m\",\"description\":\"Friskv\u00e5rd f\u00f6r b\u00e5de m\u00e4nniska och h\u00e4st\",\"potentialAction\":[{\"@type\":\"SearchAction\",\"target\":{\"@type\":\"EntryPoint\",\"urlTemplate\":\"https:\/\/mariaholmstrom.se\/?s={search_term_string}\"},\"query-input\":\"required name=search_term_string\"}],\"inLanguage\":\"en\"}]}<\/script>\n<!-- \/ Yoast SEO plugin. -->","yoast_head_json":{"title":"Kontakt - Akademisk ridkonst och Origopati - Mariaholmstrom.se","description":"Om du vill veta mer om akademisk ridkonst och origopati \u00e4r du v\u00e4lkommen att kontakta mig. Jag ger AR-lektioner och g\u00f6r origopatiska balanseringar av h\u00e4star.","robots":{"index":"index","follow":"follow","max-snippet":"max-snippet:-1","max-image-preview":"max-image-preview:large","max-video-preview":"max-video-preview:-1"},"canonical":"https:\/\/mariaholmstrom.se\/kontakt\/","og_locale":"en_US","og_type":"article","og_title":"Kontakt - Akademisk ridkonst och Origopati - Mariaholmstrom.se","og_description":"Om du vill veta mer om akademisk ridkonst och origopati \u00e4r du v\u00e4lkommen att kontakta mig. Jag ger AR-lektioner och g\u00f6r origopatiska balanseringar av h\u00e4star.","og_url":"https:\/\/mariaholmstrom.se\/kontakt\/","og_site_name":"H\u00e4st och h\u00e4lsa - Maria Holmstr\u00f6m","article_modified_time":"2020-02-11T17:19:39+00:00","og_image":[{"url":"http:\/\/mariaholmstrom.se\/wp-content\/uploads\/2016\/09\/stigbygel-72dpi-225x300.jpg"}],"twitter_card":"summary_large_image","schema":{"@context":"https:\/\/schema.org","@graph":[{"@type":"WebPage","@id":"https:\/\/mariaholmstrom.se\/kontakt\/","url":"https:\/\/mariaholmstrom.se\/kontakt\/","name":"Kontakt - Akademisk ridkonst och Origopati - Mariaholmstrom.se","isPartOf":{"@id":"https:\/\/mariaholmstrom.se\/#website"},"datePublished":"2016-09-29T20:08:32+00:00","dateModified":"2020-02-11T17:19:39+00:00","description":"Om du vill veta mer om akademisk ridkonst och origopati \u00e4r du v\u00e4lkommen att kontakta mig. Jag ger AR-lektioner och g\u00f6r origopatiska balanseringar av h\u00e4star.","breadcrumb":{"@id":"https:\/\/mariaholmstrom.se\/kontakt\/#breadcrumb"},"inLanguage":"en","potentialAction":[{"@type":"ReadAction","target":["https:\/\/mariaholmstrom.se\/kontakt\/"]}]},{"@type":"BreadcrumbList","@id":"https:\/\/mariaholmstrom.se\/kontakt\/#breadcrumb","itemListElement":[{"@type":"ListItem","position":1,"name":"Hem","item":"https:\/\/mariaholmstrom.se\/"},{"@type":"ListItem","position":2,"name":"Kontakt"}]},{"@type":"WebSite","@id":"https:\/\/mariaholmstrom.se\/#website","url":"https:\/\/mariaholmstrom.se\/","name":"H\u00e4st och h\u00e4lsa - Maria Holmstr\u00f6m","description":"Friskv\u00e5rd f\u00f6r b\u00e5de m\u00e4nniska och h\u00e4st","potentialAction":[{"@type":"SearchAction","target":{"@type":"EntryPoint","urlTemplate":"https:\/\/mariaholmstrom.se\/?s={search_term_string}"},"query-input":"required name=search_term_string"}],"inLanguage":"en"}]}},"_links":{"self":[{"href":"https:\/\/mariaholmstrom.se\/en\/wp-json\/wp\/v2\/pages\/160"}],"collection":[{"href":"https:\/\/mariaholmstrom.se\/en\/wp-json\/wp\/v2\/pages"}],"about":[{"href":"https:\/\/mariaholmstrom.se\/en\/wp-json\/wp\/v2\/types\/page"}],"author":[{"embeddable":true,"href":"https:\/\/mariaholmstrom.se\/en\/wp-json\/wp\/v2\/users\/1"}],"replies":[{"embeddable":true,"href":"https:\/\/mariaholmstrom.se\/en\/wp-json\/wp\/v2\/comments?post=160"}],"version-history":[{"count":31,"href":"https:\/\/mariaholmstrom.se\/en\/wp-json\/wp\/v2\/pages\/160\/revisions"}],"predecessor-version":[{"id":1820,"href":"https:\/\/mariaholmstrom.se\/en\/wp-json\/wp\/v2\/pages\/160\/revisions\/1820"}],"wp:attachment":[{"href":"https:\/\/mariaholmstrom.se\/en\/wp-json\/wp\/v2\/media?parent=160"}],"curies":[{"name":"wp","href":"https:\/\/api.w.org\/{rel}","templated":true}]}}