{"id":1613,"date":"2019-11-03T09:20:46","date_gmt":"2019-11-03T08:20:46","guid":{"rendered":"http:\/\/mariaholmstrom.se\/?page_id=1613"},"modified":"2019-11-03T09:20:46","modified_gmt":"2019-11-03T08:20:46","slug":"webkurs-balstabilitet-via-andningen-1","status":"publish","type":"page","link":"https:\/\/mariaholmstrom.se\/en\/webkurs-balstabilitet-via-andningen-1\/","title":{"rendered":"Webkurs: B\u00e5lstabilitet via andningen 1"},"content":{"rendered":"<p class=\"qtranxs-available-languages-message qtranxs-available-languages-message-en\">Sorry, this entry is only available in <a href=\"https:\/\/mariaholmstrom.se\/sv\/wp-json\/wp\/v2\/pages\/1613\" class=\"qtranxs-available-language-link qtranxs-available-language-link-sv\" title=\"Svenska\">Svenska<\/a>. For the sake of viewer convenience, the content is shown below in the alternative language. You may click the link to switch the active language.<\/p><p><\/p>\n<h2><b>Avsnitt 1 &#8211; Muskelkoordination i b\u00e5len\u00a0<\/b><\/h2>\n<p><span class=\"intro\"> V\u00e4lkommen till kursen som ska l\u00e4ra dig vikten av en god andning p\u00e5 h\u00e4sten och hur det kan hj\u00e4lpa dig att hitta en stabil och f\u00f6ljsam sits. Nu k\u00f6r vi! <\/span><\/p>\n<p>Inledning till kursen till trots, \u201cHar du ocks\u00e5 g\u00e5tt p\u00e5 myten att din sits p\u00e5 h\u00e4sten blir bra bara du blir tillr\u00e4ckligt stark i b\u00e5len?\u201d s\u00e5 missf\u00f6rst\u00e5 mig inte, b\u00e5lstyrka \u00e4r bra och beh\u00f6vs f\u00f6r en stabil sits, men n\u00e5got jag anser vara \u00e4nnu viktigare, och som vi oftast inte pratar om, \u00e4r koordinationen. Koordinationen av alla muskler, och \u00f6vriga inre strukturer, som skapar en stabil b\u00e5l. Det \u00e4r den jag vill att vi inriktar oss p\u00e5 i den h\u00e4r kursen och den de flesta av oss beh\u00f6ver jobba p\u00e5. N\u00e4r den fungerar d\u00e5 \u00e4r det ocks\u00e5 betydligt l\u00e4ttare att bygga styrka.<\/p>\n<p><img loading=\"lazy\" decoding=\"async\" class=\"aligncenter wp-image-1648\" src=\"http:\/\/mariaholmstrom.se\/wp-content\/uploads\/2019\/10\/coordination.jpg\" alt=\"\" width=\"600\" height=\"450\" srcset=\"https:\/\/mariaholmstrom.se\/wp-content\/uploads\/2019\/10\/coordination.jpg 800w, https:\/\/mariaholmstrom.se\/wp-content\/uploads\/2019\/10\/coordination-300x225.jpg 300w, https:\/\/mariaholmstrom.se\/wp-content\/uploads\/2019\/10\/coordination-768x576.jpg 768w\" sizes=\"(max-width: 600px) 100vw, 600px\" \/><\/p>\n<p>B\u00e5lstabilitet kan faktiskt vara lite knepigt. Det \u00e4r mycket som ska koordineras samtidigt, och v\u00e5r v\u00e4sterl\u00e4ndska livsstil med d\u00e5lig h\u00e5llning och grund andning stj\u00e4lper oss d\u00e5 vi p\u00e5 detta s\u00e4tt minskar v\u00e5r muskelkoordination. Har du n\u00e5gonsin dragit in magen f\u00f6r att den ska se lite plattare ut eller f\u00f6r att n\u00e5gon tr\u00e4nare sa \u00e5t dig att g\u00f6ra det f\u00f6r att bli b\u00e5lstabil? Det leder tyv\u00e4rr ofta ist\u00e4llet till att b\u00e5lstabilitet och koordination f\u00f6rloras, liksom den goda andningen.<\/p>\n<p>I v\u00e5r vardag beh\u00f6ver vi f\u00f6ljande:<\/p>\n<ul>\n<li>Andas<\/li>\n<li>Stabilitet<\/li>\n<li>R\u00f6relse<\/li>\n<\/ul>\n<p>Vad som \u00e4r intressant med b\u00e5len \u00e4r att den \u00e4r involverad i alla tre saker samtidigt, och det \u00e4r h\u00e4r som vi beh\u00f6ver tr\u00e4na v\u00e5r muskelkoordination, s\u00e5 att vi faktiskt klarar av allt samtidigt. Det \u00e4r det h\u00e4r som kan vara lite knepigt och man kan beh\u00f6va \u00f6va lite p\u00e5. Har du t.ex. gjort sit ups eller olika sorters plank-\u00f6vningar p\u00e5 gymmet och efter en stund beh\u00f6vt sluta f\u00f6r att du m\u00e5ste andas? Du tar i s\u00e5 mycket att du helt enkelt inte kan andas samtidigt? D\u00e5 jobbar du inte p\u00e5 din muskelkoordination, och \u00f6vningarna hj\u00e4lper dig inte s\u00e5 mycket f\u00f6r att f\u00f6rb\u00e4ttra ditt vardagsliv. Vi m\u00e5ste helt enkelt \u00f6va p\u00e5 att g\u00f6ra allt samtidigt, andas, vara stabila, och r\u00f6ra oss.<\/p>\n<p>Men tro f\u00f6r all del inte p\u00e5 mig bara f\u00f6r att du l\u00e4ser detta. Jag vill att du ska f\u00f6rst\u00e5 och k\u00e4nna i din kropp vad det \u00e4r som h\u00e4nder, s\u00e5 nu g\u00f6r vi ett litet experiment\u00a0 i Franklinmetodens anda s\u00e5 att du ska l\u00e4ra dig k\u00e4nna vad som h\u00e4nder i din kropp.<\/p>\n<p><iframe loading=\"lazy\" title=\"Andningwebkurs1\" width=\"640\" height=\"360\" src=\"https:\/\/www.youtube.com\/embed\/8D1itop39UE?feature=oembed\" frameborder=\"0\" allow=\"accelerometer; autoplay; clipboard-write; encrypted-media; gyroscope; picture-in-picture; web-share\" referrerpolicy=\"strict-origin-when-cross-origin\" allowfullscreen><\/iframe><\/p>\n<p>S\u00e5d\u00e4r, d\u00e5 har vi k\u00e4nt efter och jag hoppas att alla k\u00e4nner att det \u00e4r m\u00f6jligt att andas, vara stabila och r\u00f6ra p\u00e5 oss samtidigt. Det \u00e4r s\u00e5 h\u00e4r som vi \u00e4r skapade, som v\u00e5r kropp vill g\u00f6ra bara vi till\u00e5ter den. Men vi har kanske ocks\u00e5 m\u00e4rkt att vi kanske m\u00e5ste \u00f6va lite p\u00e5 det h\u00e4r?<\/p>\n<blockquote><p>&#8230;det \u00e4r m\u00f6jligt att andas, vara stabila och r\u00f6ra p\u00e5 oss samtidigt.<\/p><\/blockquote>\n<p>I n\u00e4sta avsnitt ska vi g\u00e5 igenom vad vi menar med b\u00e5lstabilitet och vilka muskler som \u00e4r involverade.<\/p>","protected":false},"excerpt":{"rendered":"<p>Sorry, this entry is only available in Svenska. For the sake of viewer convenience, the content is shown below in the alternative language. You may click the link to switch the active language. Avsnitt 1 &#8211; Muskelkoordination i b\u00e5len\u00a0 V\u00e4lkommen till kursen som ska l\u00e4ra dig vikten av en god andning p\u00e5 h\u00e4sten och hur <a class=\"read-more\" href=\"https:\/\/mariaholmstrom.se\/en\/webkurs-balstabilitet-via-andningen-1\/\">Read More<\/a><\/p>\n","protected":false},"author":1,"featured_media":0,"parent":0,"menu_order":0,"comment_status":"closed","ping_status":"closed","template":"template-full-width.php","meta":{"footnotes":""},"yoast_head":"<!-- This site is optimized with the Yoast SEO plugin v20.0 - https:\/\/yoast.com\/wordpress\/plugins\/seo\/ -->\n<title>Webkurs: B\u00e5lstabilitet via andningen 1 - H\u00e4st och h\u00e4lsa - Maria Holmstr\u00f6m<\/title>\n<meta name=\"robots\" content=\"index, follow, max-snippet:-1, max-image-preview:large, max-video-preview:-1\" \/>\n<link rel=\"canonical\" href=\"https:\/\/mariaholmstrom.se\/en\/webkurs-balstabilitet-via-andningen-1\/\" \/>\n<meta property=\"og:locale\" content=\"en_US\" \/>\n<meta property=\"og:type\" content=\"article\" \/>\n<meta property=\"og:title\" content=\"Webkurs: B\u00e5lstabilitet via andningen 1 - H\u00e4st och h\u00e4lsa - Maria Holmstr\u00f6m\" \/>\n<meta property=\"og:description\" content=\"Sorry, this entry is only available in Svenska. For the sake of viewer convenience, the content is shown below in the alternative language. You may click the link to switch the active language. Avsnitt 1 &#8211; Muskelkoordination i b\u00e5len\u00a0 V\u00e4lkommen till kursen som ska l\u00e4ra dig vikten av en god andning p\u00e5 h\u00e4sten och hur Read More\" \/>\n<meta property=\"og:url\" content=\"https:\/\/mariaholmstrom.se\/en\/webkurs-balstabilitet-via-andningen-1\/\" \/>\n<meta property=\"og:site_name\" content=\"H\u00e4st och h\u00e4lsa - Maria Holmstr\u00f6m\" \/>\n<meta property=\"og:image\" content=\"http:\/\/mariaholmstrom.se\/wp-content\/uploads\/2019\/10\/coordination.jpg\" \/>\n<meta name=\"twitter:card\" content=\"summary_large_image\" \/>\n<meta name=\"twitter:label1\" content=\"Est. reading time\" \/>\n\t<meta name=\"twitter:data1\" content=\"3 minutes\" \/>\n<script type=\"application\/ld+json\" class=\"yoast-schema-graph\">{\"@context\":\"https:\/\/schema.org\",\"@graph\":[{\"@type\":\"WebPage\",\"@id\":\"https:\/\/mariaholmstrom.se\/en\/webkurs-balstabilitet-via-andningen-1\/\",\"url\":\"https:\/\/mariaholmstrom.se\/en\/webkurs-balstabilitet-via-andningen-1\/\",\"name\":\"Webkurs: B\u00e5lstabilitet via andningen 1 - H\u00e4st och h\u00e4lsa - Maria Holmstr\u00f6m\",\"isPartOf\":{\"@id\":\"https:\/\/mariaholmstrom.se\/#website\"},\"datePublished\":\"2019-11-03T08:20:46+00:00\",\"dateModified\":\"2019-11-03T08:20:46+00:00\",\"breadcrumb\":{\"@id\":\"https:\/\/mariaholmstrom.se\/en\/webkurs-balstabilitet-via-andningen-1\/#breadcrumb\"},\"inLanguage\":\"en\",\"potentialAction\":[{\"@type\":\"ReadAction\",\"target\":[\"https:\/\/mariaholmstrom.se\/en\/webkurs-balstabilitet-via-andningen-1\/\"]}]},{\"@type\":\"BreadcrumbList\",\"@id\":\"https:\/\/mariaholmstrom.se\/en\/webkurs-balstabilitet-via-andningen-1\/#breadcrumb\",\"itemListElement\":[{\"@type\":\"ListItem\",\"position\":1,\"name\":\"Hem\",\"item\":\"https:\/\/mariaholmstrom.se\/\"},{\"@type\":\"ListItem\",\"position\":2,\"name\":\"Webkurs: B\u00e5lstabilitet via andningen 1\"}]},{\"@type\":\"WebSite\",\"@id\":\"https:\/\/mariaholmstrom.se\/#website\",\"url\":\"https:\/\/mariaholmstrom.se\/\",\"name\":\"H\u00e4st och h\u00e4lsa - Maria Holmstr\u00f6m\",\"description\":\"Friskv\u00e5rd f\u00f6r b\u00e5de m\u00e4nniska och h\u00e4st\",\"potentialAction\":[{\"@type\":\"SearchAction\",\"target\":{\"@type\":\"EntryPoint\",\"urlTemplate\":\"https:\/\/mariaholmstrom.se\/?s={search_term_string}\"},\"query-input\":\"required name=search_term_string\"}],\"inLanguage\":\"en\"}]}<\/script>\n<!-- \/ Yoast SEO plugin. -->","yoast_head_json":{"title":"Webkurs: B\u00e5lstabilitet via andningen 1 - H\u00e4st och h\u00e4lsa - Maria Holmstr\u00f6m","robots":{"index":"index","follow":"follow","max-snippet":"max-snippet:-1","max-image-preview":"max-image-preview:large","max-video-preview":"max-video-preview:-1"},"canonical":"https:\/\/mariaholmstrom.se\/en\/webkurs-balstabilitet-via-andningen-1\/","og_locale":"en_US","og_type":"article","og_title":"Webkurs: B\u00e5lstabilitet via andningen 1 - H\u00e4st och h\u00e4lsa - Maria Holmstr\u00f6m","og_description":"Sorry, this entry is only available in Svenska. For the sake of viewer convenience, the content is shown below in the alternative language. You may click the link to switch the active language. Avsnitt 1 &#8211; Muskelkoordination i b\u00e5len\u00a0 V\u00e4lkommen till kursen som ska l\u00e4ra dig vikten av en god andning p\u00e5 h\u00e4sten och hur Read More","og_url":"https:\/\/mariaholmstrom.se\/en\/webkurs-balstabilitet-via-andningen-1\/","og_site_name":"H\u00e4st och h\u00e4lsa - Maria Holmstr\u00f6m","og_image":[{"url":"http:\/\/mariaholmstrom.se\/wp-content\/uploads\/2019\/10\/coordination.jpg"}],"twitter_card":"summary_large_image","twitter_misc":{"Est. reading time":"3 minutes"},"schema":{"@context":"https:\/\/schema.org","@graph":[{"@type":"WebPage","@id":"https:\/\/mariaholmstrom.se\/en\/webkurs-balstabilitet-via-andningen-1\/","url":"https:\/\/mariaholmstrom.se\/en\/webkurs-balstabilitet-via-andningen-1\/","name":"Webkurs: B\u00e5lstabilitet via andningen 1 - H\u00e4st och h\u00e4lsa - Maria Holmstr\u00f6m","isPartOf":{"@id":"https:\/\/mariaholmstrom.se\/#website"},"datePublished":"2019-11-03T08:20:46+00:00","dateModified":"2019-11-03T08:20:46+00:00","breadcrumb":{"@id":"https:\/\/mariaholmstrom.se\/en\/webkurs-balstabilitet-via-andningen-1\/#breadcrumb"},"inLanguage":"en","potentialAction":[{"@type":"ReadAction","target":["https:\/\/mariaholmstrom.se\/en\/webkurs-balstabilitet-via-andningen-1\/"]}]},{"@type":"BreadcrumbList","@id":"https:\/\/mariaholmstrom.se\/en\/webkurs-balstabilitet-via-andningen-1\/#breadcrumb","itemListElement":[{"@type":"ListItem","position":1,"name":"Hem","item":"https:\/\/mariaholmstrom.se\/"},{"@type":"ListItem","position":2,"name":"Webkurs: B\u00e5lstabilitet via andningen 1"}]},{"@type":"WebSite","@id":"https:\/\/mariaholmstrom.se\/#website","url":"https:\/\/mariaholmstrom.se\/","name":"H\u00e4st och h\u00e4lsa - Maria Holmstr\u00f6m","description":"Friskv\u00e5rd f\u00f6r b\u00e5de m\u00e4nniska och h\u00e4st","potentialAction":[{"@type":"SearchAction","target":{"@type":"EntryPoint","urlTemplate":"https:\/\/mariaholmstrom.se\/?s={search_term_string}"},"query-input":"required name=search_term_string"}],"inLanguage":"en"}]}},"_links":{"self":[{"href":"https:\/\/mariaholmstrom.se\/en\/wp-json\/wp\/v2\/pages\/1613"}],"collection":[{"href":"https:\/\/mariaholmstrom.se\/en\/wp-json\/wp\/v2\/pages"}],"about":[{"href":"https:\/\/mariaholmstrom.se\/en\/wp-json\/wp\/v2\/types\/page"}],"author":[{"embeddable":true,"href":"https:\/\/mariaholmstrom.se\/en\/wp-json\/wp\/v2\/users\/1"}],"replies":[{"embeddable":true,"href":"https:\/\/mariaholmstrom.se\/en\/wp-json\/wp\/v2\/comments?post=1613"}],"version-history":[{"count":16,"href":"https:\/\/mariaholmstrom.se\/en\/wp-json\/wp\/v2\/pages\/1613\/revisions"}],"predecessor-version":[{"id":1729,"href":"https:\/\/mariaholmstrom.se\/en\/wp-json\/wp\/v2\/pages\/1613\/revisions\/1729"}],"wp:attachment":[{"href":"https:\/\/mariaholmstrom.se\/en\/wp-json\/wp\/v2\/media?parent=1613"}],"curies":[{"name":"wp","href":"https:\/\/api.w.org\/{rel}","templated":true}]}}