{"id":1621,"date":"2019-11-03T09:20:27","date_gmt":"2019-11-03T08:20:27","guid":{"rendered":"http:\/\/mariaholmstrom.se\/?page_id=1621"},"modified":"2019-11-03T09:20:27","modified_gmt":"2019-11-03T08:20:27","slug":"webkurs-balstabilitet-via-andningen-2","status":"publish","type":"page","link":"https:\/\/mariaholmstrom.se\/en\/webkurs-balstabilitet-via-andningen-2\/","title":{"rendered":"Webkurs: B\u00e5lstabilitet via andningen 2"},"content":{"rendered":"<p class=\"qtranxs-available-languages-message qtranxs-available-languages-message-en\">Sorry, this entry is only available in <a href=\"https:\/\/mariaholmstrom.se\/sv\/wp-json\/wp\/v2\/pages\/1621\" class=\"qtranxs-available-language-link qtranxs-available-language-link-sv\" title=\"Svenska\">Svenska<\/a>. For the sake of viewer convenience, the content is shown below in the alternative language. You may click the link to switch the active language.<\/p><p><\/p>\n<h2>Avsnitt 2 &#8211; B\u00e5lmuskler och frig\u00f6rande andnings\u00f6vningar<\/h2>\n<p><span class=\"intro\">I det h\u00e4r avsnittet ska vi f\u00e5 l\u00e4ra oss om vilka muskler vi avser n\u00e4r vi pratar om b\u00e5len och v\u00e5r b\u00e5lcylinder, och vi ska f\u00e5 k\u00e4nna p\u00e5 n\u00e5gra \u00f6vningar som kan hj\u00e4lpa till en friare andning. <\/span><\/p>\n<p>Vi kan t\u00e4nka oss v\u00e5r b\u00e5l som en cylinder. Upptill avgr\u00e4nsas den av diafragman, nedtill avgr\u00e4nsas den av v\u00e5r b\u00e4ckenbottenmuskulatur och runt omkring avgr\u00e4nsas den av v\u00e5ra magmuskler, och fr\u00e4mst t\u00e4nker jag p\u00e5 transversus abdominis samt de inre och yttre obliquerna. De ligger som ett skikt runt v\u00e5r b\u00e5l och bildar \u201cv\u00e4ggen\u201d i v\u00e5r b\u00e5lcylinder. Det finns \u00e4ven andra b\u00e5lstabiliserande muskler som t.ex. h\u00f6ftb\u00f6jarna och multifidi, som \u00e4r en ryggmuskel. Namnen p\u00e5 de h\u00e4r musklerna \u00e4r inte det jag tycker \u00e4r viktigast att komma ih\u00e5g, utan jag \u00e4r ute efter att vi ska f\u00f6rst\u00e5 den kombinerade funktionen.<\/p>\n<figure id=\"attachment_1622\" aria-describedby=\"caption-attachment-1622\" style=\"width: 250px\" class=\"wp-caption alignleft\"><img loading=\"lazy\" decoding=\"async\" class=\"wp-image-1622\" src=\"http:\/\/mariaholmstrom.se\/wp-content\/uploads\/2019\/10\/corerider-144x300.png\" alt=\"\" width=\"250\" height=\"521\" srcset=\"https:\/\/mariaholmstrom.se\/wp-content\/uploads\/2019\/10\/corerider-144x300.png 144w, https:\/\/mariaholmstrom.se\/wp-content\/uploads\/2019\/10\/corerider.png 293w\" sizes=\"(max-width: 250px) 100vw, 250px\" \/><figcaption id=\"caption-attachment-1622\" class=\"wp-caption-text\">B\u00e5lcylindern<\/figcaption><\/figure>\n<figure id=\"attachment_1623\" aria-describedby=\"caption-attachment-1623\" style=\"width: 431px\" class=\"wp-caption alignright\"><img loading=\"lazy\" decoding=\"async\" class=\"wp-image-1623\" src=\"http:\/\/mariaholmstrom.se\/wp-content\/uploads\/2019\/10\/Corerider-muskler.png\" alt=\"\" width=\"431\" height=\"521\" srcset=\"https:\/\/mariaholmstrom.se\/wp-content\/uploads\/2019\/10\/Corerider-muskler.png 506w, https:\/\/mariaholmstrom.se\/wp-content\/uploads\/2019\/10\/Corerider-muskler-248x300.png 248w\" sizes=\"(max-width: 431px) 100vw, 431px\" \/><figcaption id=\"caption-attachment-1623\" class=\"wp-caption-text\">B\u00e5lcylindern utg\u00f6rs av olika muskler<\/figcaption><\/figure>\n<p>&nbsp;<\/p>\n<p>&nbsp;<\/p>\n<p>&nbsp;<\/p>\n<p>&nbsp;<\/p>\n<p>&nbsp;<\/p>\n<p>&nbsp;<\/p>\n<p>&nbsp;<\/p>\n<p>&nbsp;<\/p>\n<p>&nbsp;<\/p>\n<p>&nbsp;<\/p>\n<p>&nbsp;<\/p>\n<p>&nbsp;<\/p>\n<p>&nbsp;<\/p>\n<p>Dessutom ska vi komma ih\u00e5g att locket, v\u00e4ggen och botten inte \u00e4r isolerade f\u00f6r sig, utan musklerna g\u00e5r ihop och har gemensamma kontaktpunker, s\u00e5 det \u00e4r endast den f\u00f6renklade bilden av en cylinder jag anv\u00e4nder, det ser inte riktigt s\u00e5 ut i verkligheten.<\/p>\n<blockquote><p>Diafragman \u00e4r &#8230; v\u00e5r viktigaste andningsmuskel.<\/p><\/blockquote>\n<p>Diafragman \u00e4r kupolformad och den \u00e4r v\u00e5r viktigaste andningsmuskel. N\u00e4r vi andas lugnt st\u00e5r diafragman f\u00f6r st\u00f6rre delen av arbetet, men den f\u00e5r \u00e4ven hj\u00e4lp av muskler mellan revbenen. Utandningen sker passivt, dvs utan aktiv muskelkontraktion. Vid h\u00e5rd tr\u00e4ning blir andningen forcerad och d\u00e5 kan ett flertal muskler, t.ex. olika halsmuskler, hj\u00e4lpa diafragma med inandning medan utandningen assisteras av flertalet b\u00e5lmuskler.<\/p>\n<p>B\u00e4ckenbottenmuskulaturen best\u00e5r av\u00a0 muskler i tre lager och de \u00e4r placerade som en sk\u00e5l i b\u00e4ckenet, om man ser dem ovanifr\u00e5n. Har man f\u00f6tt barn kan ibland koordination och muskelstyrka i b\u00e4ckenbottenmuskulaturen vara p\u00e5verkad, och d\u00e5 kan en god andning var ett led i dess uppbyggnad.<\/p>\n<p><img loading=\"lazy\" decoding=\"async\" class=\"aligncenter wp-image-1645\" src=\"http:\/\/mariaholmstrom.se\/wp-content\/uploads\/2019\/10\/humanbreath-300x200.jpg\" alt=\"\" width=\"600\" height=\"400\" srcset=\"https:\/\/mariaholmstrom.se\/wp-content\/uploads\/2019\/10\/humanbreath-300x200.jpg 300w, https:\/\/mariaholmstrom.se\/wp-content\/uploads\/2019\/10\/humanbreath-768x512.jpg 768w, https:\/\/mariaholmstrom.se\/wp-content\/uploads\/2019\/10\/humanbreath.jpg 800w\" sizes=\"(max-width: 600px) 100vw, 600px\" \/><\/p>\n<p>Andning \u00e4r n\u00e5got s\u00e5 enkelt som luft in och luft ut f\u00f6r att flytta syre och koldioxid till och fr\u00e5n v\u00e5ra celler. Innan vi b\u00f6rjar prata om hur vi andas ska du nu f\u00e5 pr\u00f6va p\u00e5 n\u00e5gra \u00f6vningar f\u00f6r att frig\u00f6ra din andning.<\/p>\n<p><iframe loading=\"lazy\" title=\"Andningwebkurs2\" width=\"640\" height=\"360\" src=\"https:\/\/www.youtube.com\/embed\/UwFIOO7tYaw?feature=oembed\" frameborder=\"0\" allow=\"accelerometer; autoplay; clipboard-write; encrypted-media; gyroscope; picture-in-picture; web-share\" referrerpolicy=\"strict-origin-when-cross-origin\" allowfullscreen><\/iframe><\/p>\n<p>Jag hoppas nu att de h\u00e4r \u00f6vningarna har hj\u00e4lpt dig ta n\u00e5gra sk\u00f6na, djupa andetag. Forts\u00e4tt andas fritt tills n\u00e4sta avsnitt. D\u00e5 ska vi prata om hur vi andas. Vad \u00e4r det egentligen som h\u00e4nder?<\/p>","protected":false},"excerpt":{"rendered":"<p>Sorry, this entry is only available in Svenska. For the sake of viewer convenience, the content is shown below in the alternative language. You may click the link to switch the active language. Avsnitt 2 &#8211; B\u00e5lmuskler och frig\u00f6rande andnings\u00f6vningar I det h\u00e4r avsnittet ska vi f\u00e5 l\u00e4ra oss om vilka muskler vi avser n\u00e4r <a class=\"read-more\" href=\"https:\/\/mariaholmstrom.se\/en\/webkurs-balstabilitet-via-andningen-2\/\">Read More<\/a><\/p>\n","protected":false},"author":1,"featured_media":0,"parent":0,"menu_order":0,"comment_status":"closed","ping_status":"closed","template":"template-full-width.php","meta":{"footnotes":""},"yoast_head":"<!-- This site is optimized with the Yoast SEO plugin v20.0 - https:\/\/yoast.com\/wordpress\/plugins\/seo\/ -->\n<title>Webkurs: B\u00e5lstabilitet via andningen 2 - H\u00e4st och h\u00e4lsa - Maria Holmstr\u00f6m<\/title>\n<meta name=\"robots\" content=\"index, follow, max-snippet:-1, max-image-preview:large, max-video-preview:-1\" \/>\n<link rel=\"canonical\" href=\"https:\/\/mariaholmstrom.se\/en\/webkurs-balstabilitet-via-andningen-2\/\" \/>\n<meta property=\"og:locale\" content=\"en_US\" \/>\n<meta property=\"og:type\" content=\"article\" \/>\n<meta property=\"og:title\" content=\"Webkurs: B\u00e5lstabilitet via andningen 2 - H\u00e4st och h\u00e4lsa - Maria Holmstr\u00f6m\" \/>\n<meta property=\"og:description\" content=\"Sorry, this entry is only available in Svenska. For the sake of viewer convenience, the content is shown below in the alternative language. You may click the link to switch the active language. Avsnitt 2 &#8211; B\u00e5lmuskler och frig\u00f6rande andnings\u00f6vningar I det h\u00e4r avsnittet ska vi f\u00e5 l\u00e4ra oss om vilka muskler vi avser n\u00e4r Read More\" \/>\n<meta property=\"og:url\" content=\"https:\/\/mariaholmstrom.se\/en\/webkurs-balstabilitet-via-andningen-2\/\" \/>\n<meta property=\"og:site_name\" content=\"H\u00e4st och h\u00e4lsa - Maria Holmstr\u00f6m\" \/>\n<meta property=\"og:image\" content=\"http:\/\/mariaholmstrom.se\/wp-content\/uploads\/2019\/10\/corerider-144x300.png\" \/>\n<meta name=\"twitter:card\" content=\"summary_large_image\" \/>\n<meta name=\"twitter:label1\" content=\"Est. reading time\" \/>\n\t<meta name=\"twitter:data1\" content=\"2 minutes\" \/>\n<script type=\"application\/ld+json\" class=\"yoast-schema-graph\">{\"@context\":\"https:\/\/schema.org\",\"@graph\":[{\"@type\":\"WebPage\",\"@id\":\"https:\/\/mariaholmstrom.se\/en\/webkurs-balstabilitet-via-andningen-2\/\",\"url\":\"https:\/\/mariaholmstrom.se\/en\/webkurs-balstabilitet-via-andningen-2\/\",\"name\":\"Webkurs: B\u00e5lstabilitet via andningen 2 - H\u00e4st och h\u00e4lsa - Maria Holmstr\u00f6m\",\"isPartOf\":{\"@id\":\"https:\/\/mariaholmstrom.se\/#website\"},\"datePublished\":\"2019-11-03T08:20:27+00:00\",\"dateModified\":\"2019-11-03T08:20:27+00:00\",\"breadcrumb\":{\"@id\":\"https:\/\/mariaholmstrom.se\/en\/webkurs-balstabilitet-via-andningen-2\/#breadcrumb\"},\"inLanguage\":\"en\",\"potentialAction\":[{\"@type\":\"ReadAction\",\"target\":[\"https:\/\/mariaholmstrom.se\/en\/webkurs-balstabilitet-via-andningen-2\/\"]}]},{\"@type\":\"BreadcrumbList\",\"@id\":\"https:\/\/mariaholmstrom.se\/en\/webkurs-balstabilitet-via-andningen-2\/#breadcrumb\",\"itemListElement\":[{\"@type\":\"ListItem\",\"position\":1,\"name\":\"Hem\",\"item\":\"https:\/\/mariaholmstrom.se\/\"},{\"@type\":\"ListItem\",\"position\":2,\"name\":\"Webkurs: B\u00e5lstabilitet via andningen 2\"}]},{\"@type\":\"WebSite\",\"@id\":\"https:\/\/mariaholmstrom.se\/#website\",\"url\":\"https:\/\/mariaholmstrom.se\/\",\"name\":\"H\u00e4st och h\u00e4lsa - Maria Holmstr\u00f6m\",\"description\":\"Friskv\u00e5rd f\u00f6r b\u00e5de m\u00e4nniska och h\u00e4st\",\"potentialAction\":[{\"@type\":\"SearchAction\",\"target\":{\"@type\":\"EntryPoint\",\"urlTemplate\":\"https:\/\/mariaholmstrom.se\/?s={search_term_string}\"},\"query-input\":\"required name=search_term_string\"}],\"inLanguage\":\"en\"}]}<\/script>\n<!-- \/ Yoast SEO plugin. -->","yoast_head_json":{"title":"Webkurs: B\u00e5lstabilitet via andningen 2 - H\u00e4st och h\u00e4lsa - Maria Holmstr\u00f6m","robots":{"index":"index","follow":"follow","max-snippet":"max-snippet:-1","max-image-preview":"max-image-preview:large","max-video-preview":"max-video-preview:-1"},"canonical":"https:\/\/mariaholmstrom.se\/en\/webkurs-balstabilitet-via-andningen-2\/","og_locale":"en_US","og_type":"article","og_title":"Webkurs: B\u00e5lstabilitet via andningen 2 - H\u00e4st och h\u00e4lsa - Maria Holmstr\u00f6m","og_description":"Sorry, this entry is only available in Svenska. For the sake of viewer convenience, the content is shown below in the alternative language. You may click the link to switch the active language. Avsnitt 2 &#8211; B\u00e5lmuskler och frig\u00f6rande andnings\u00f6vningar I det h\u00e4r avsnittet ska vi f\u00e5 l\u00e4ra oss om vilka muskler vi avser n\u00e4r Read More","og_url":"https:\/\/mariaholmstrom.se\/en\/webkurs-balstabilitet-via-andningen-2\/","og_site_name":"H\u00e4st och h\u00e4lsa - Maria Holmstr\u00f6m","og_image":[{"url":"http:\/\/mariaholmstrom.se\/wp-content\/uploads\/2019\/10\/corerider-144x300.png"}],"twitter_card":"summary_large_image","twitter_misc":{"Est. reading time":"2 minutes"},"schema":{"@context":"https:\/\/schema.org","@graph":[{"@type":"WebPage","@id":"https:\/\/mariaholmstrom.se\/en\/webkurs-balstabilitet-via-andningen-2\/","url":"https:\/\/mariaholmstrom.se\/en\/webkurs-balstabilitet-via-andningen-2\/","name":"Webkurs: B\u00e5lstabilitet via andningen 2 - H\u00e4st och h\u00e4lsa - Maria Holmstr\u00f6m","isPartOf":{"@id":"https:\/\/mariaholmstrom.se\/#website"},"datePublished":"2019-11-03T08:20:27+00:00","dateModified":"2019-11-03T08:20:27+00:00","breadcrumb":{"@id":"https:\/\/mariaholmstrom.se\/en\/webkurs-balstabilitet-via-andningen-2\/#breadcrumb"},"inLanguage":"en","potentialAction":[{"@type":"ReadAction","target":["https:\/\/mariaholmstrom.se\/en\/webkurs-balstabilitet-via-andningen-2\/"]}]},{"@type":"BreadcrumbList","@id":"https:\/\/mariaholmstrom.se\/en\/webkurs-balstabilitet-via-andningen-2\/#breadcrumb","itemListElement":[{"@type":"ListItem","position":1,"name":"Hem","item":"https:\/\/mariaholmstrom.se\/"},{"@type":"ListItem","position":2,"name":"Webkurs: B\u00e5lstabilitet via andningen 2"}]},{"@type":"WebSite","@id":"https:\/\/mariaholmstrom.se\/#website","url":"https:\/\/mariaholmstrom.se\/","name":"H\u00e4st och h\u00e4lsa - Maria Holmstr\u00f6m","description":"Friskv\u00e5rd f\u00f6r b\u00e5de m\u00e4nniska och h\u00e4st","potentialAction":[{"@type":"SearchAction","target":{"@type":"EntryPoint","urlTemplate":"https:\/\/mariaholmstrom.se\/?s={search_term_string}"},"query-input":"required name=search_term_string"}],"inLanguage":"en"}]}},"_links":{"self":[{"href":"https:\/\/mariaholmstrom.se\/en\/wp-json\/wp\/v2\/pages\/1621"}],"collection":[{"href":"https:\/\/mariaholmstrom.se\/en\/wp-json\/wp\/v2\/pages"}],"about":[{"href":"https:\/\/mariaholmstrom.se\/en\/wp-json\/wp\/v2\/types\/page"}],"author":[{"embeddable":true,"href":"https:\/\/mariaholmstrom.se\/en\/wp-json\/wp\/v2\/users\/1"}],"replies":[{"embeddable":true,"href":"https:\/\/mariaholmstrom.se\/en\/wp-json\/wp\/v2\/comments?post=1621"}],"version-history":[{"count":13,"href":"https:\/\/mariaholmstrom.se\/en\/wp-json\/wp\/v2\/pages\/1621\/revisions"}],"predecessor-version":[{"id":1730,"href":"https:\/\/mariaholmstrom.se\/en\/wp-json\/wp\/v2\/pages\/1621\/revisions\/1730"}],"wp:attachment":[{"href":"https:\/\/mariaholmstrom.se\/en\/wp-json\/wp\/v2\/media?parent=1621"}],"curies":[{"name":"wp","href":"https:\/\/api.w.org\/{rel}","templated":true}]}}