{"id":1667,"date":"2019-11-03T08:14:17","date_gmt":"2019-11-03T07:14:17","guid":{"rendered":"http:\/\/mariaholmstrom.se\/?page_id=1667"},"modified":"2021-08-06T11:43:31","modified_gmt":"2021-08-06T09:43:31","slug":"webshop","status":"publish","type":"page","link":"https:\/\/mariaholmstrom.se\/en\/webshop\/","title":{"rendered":"Webshop"},"content":{"rendered":"<p class=\"qtranxs-available-languages-message qtranxs-available-languages-message-en\">Sorry, this entry is only available in <a href=\"https:\/\/mariaholmstrom.se\/sv\/wp-json\/wp\/v2\/pages\/1667\" class=\"qtranxs-available-language-link qtranxs-available-language-link-sv\" title=\"Svenska\">Svenska<\/a>. For the sake of viewer convenience, the content is shown below in the alternative language. You may click the link to switch the active language.<\/p><p><\/p>\n<h3>H\u00e4r kan du best\u00e4lla Franklinbollar och Franklinband &#8211; redskapen som kan hj\u00e4lpa dig till en djup och avslappnad sits p\u00e5 bara n\u00e5gra minuter! Det h\u00e4r \u00e4r redskapen du inte har r\u00e5d att vara utan n\u00e4r du vill f\u00f6rb\u00e4ttra din sits. Beh\u00f6ver du v\u00e4gledning om olika produkter s\u00e5 \u00e4r du v\u00e4lkommen att h\u00f6ra av dig p\u00e5 info@mariaholmstrom.se.<\/h3>\n<h3>Webshopen hittar du genom att klicka h\u00e4r:<a href=\"http:\/\/franklinbollar.se\" target=\"_blank\" rel=\"noopener noreferrer\">\u00a0franklinbollar.se.<\/a> V\u00e4lkommen!<\/h3>\n<h5>\u00a0<\/h5>\n<h5>Franklin fascia roll<\/h5>\n<h5><img loading=\"lazy\" decoding=\"async\" class=\"alignleft wp-image-1670 size-medium\" src=\"http:\/\/mariaholmstrom.se\/wp-content\/uploads\/2019\/10\/90.06-Frankllin-Fascia-Roll-e1572273525116-300x170.jpg\" alt=\"\" width=\"300\" height=\"170\" srcset=\"https:\/\/mariaholmstrom.se\/wp-content\/uploads\/2019\/10\/90.06-Frankllin-Fascia-Roll-e1572273525116-300x170.jpg 300w, https:\/\/mariaholmstrom.se\/wp-content\/uploads\/2019\/10\/90.06-Frankllin-Fascia-Roll-e1572273525116-768x435.jpg 768w, https:\/\/mariaholmstrom.se\/wp-content\/uploads\/2019\/10\/90.06-Frankllin-Fascia-Roll-e1572273525116-1024x580.jpg 1024w\" sizes=\"(max-width: 300px) 100vw, 300px\" \/>Pris: 190 kr<\/h5>\n<p>Rulla bort sm\u00e4rta och muskelkramper med denna unika, vattenfyllda boll, Franklin Fascia Roll&#x2122;.\u00a0 Massera och stimulera kroppen f\u00f6r \u00f6kad proprioception och f\u00f6rb\u00e4ttrad funktion. Anv\u00e4nd denna boll tillsammans med Franklin Method\u00ae -\u00f6vningar och -bildpr\u00e5k f\u00f6r djupare integration. Franklin fascia roll har liknande storlek och form som den popul\u00e4ra Franklin Mini Roll&#x2122; men har en st\u00f6rre tyngd d\u00e5 den \u00e4r vattenfylld. Den \u00e4r ideal f\u00f6r att l\u00f6sa upp sm\u00e4rta och frig\u00f6ra sammandragna muskler och fascia.<\/p>\n<ul>\n<li>Vattenfylld, lila.<\/li>\n<li>Dimension: Ca 10 x 15 cm<\/li>\n<li>Vikt: Ca 840 g<\/li>\n<li>Unik jordn\u00f6tsform<\/li>\n<li>100% latex och ftalat-fri<\/li>\n<li>Tillverkad i Italien och CE-m\u00e4rkt<\/li>\n<li>Bollen har en mjuk och plan yta<\/li>\n<li>OBS! Anv\u00e4nd inte pump p\u00e5 bollen d\u00e5 det punkterar den och v\u00e4tska l\u00e4cker ut.<\/li>\n<li>F\u00f6rvara bollen frostfritt d\u00e5 v\u00e4tskan kan frysa och d\u00e5 f\u00f6rst\u00f6ra bollen.<\/li>\n<li>Bollen kan tv\u00e4ttas med ett milt och skonsamt reng\u00f6ringsmedel. Anv\u00e4nd inte desinfektionsmedel d\u00e5 dessa kan skada ytan och g\u00f6ra den spr\u00f6d.<\/li>\n<\/ul>\n<h5>Franklin mini roll<\/h5>\n<h5><img loading=\"lazy\" decoding=\"async\" class=\"wp-image-1669 size-medium alignleft\" src=\"http:\/\/mariaholmstrom.se\/wp-content\/uploads\/2019\/10\/90.02-Franklin-Mini-Roll-e1572272994216-300x237.jpg\" alt=\"\" width=\"300\" height=\"237\" srcset=\"https:\/\/mariaholmstrom.se\/wp-content\/uploads\/2019\/10\/90.02-Franklin-Mini-Roll-e1572272994216-300x237.jpg 300w, https:\/\/mariaholmstrom.se\/wp-content\/uploads\/2019\/10\/90.02-Franklin-Mini-Roll-e1572272994216.jpg 600w\" sizes=\"(max-width: 300px) 100vw, 300px\" \/>Pris: 170 kr<\/h5>\n<p>F\u00f6rb\u00e4ttra din stabilitet och funktion medan du g\u00f6r enkla \u00f6vningar.\u00a0 V\u00e5r bl\u00e5 Franklin Mini Roll&#x2122; kan st\u00f6dja skuldror, ryggrad, och ben genom din tr\u00e4ningsrutin. Den lilla storleken och den unika jordn\u00f6tsformen formar musklerna i din kropp och l\u00f6ser upp sp\u00e4nningar. Denna boll \u00e4r \u00e4ven bra f\u00f6r att st\u00e4rka b\u00e4ckenbottenmuskulaturen.<\/p>\n<ul>\n<li>Luftfylld, bl\u00e5.<\/li>\n<li>Dimension: Ca 10 x 15 cm<\/li>\n<li>Vikt: Ca 130 g<\/li>\n<li>Unik jordn\u00f6tsform<\/li>\n<li>100% latex och ftalat-fri<\/li>\n<li>Tillverkad i Italien och CE-m\u00e4rkt<\/li>\n<li>Levereras delvis uppbl\u00e5st och kan anv\u00e4ndas direkt<\/li>\n<li>Bollen har en mjuk och plan yta<\/li>\n<li>Materialet expanderar efter en tids anv\u00e4ndning och d\u00e5 blir bollen mjukare. Den kan d\u00e5 pumpas upp till en h\u00e5rdare fasthet igen med hj\u00e4lp av en bollpump.<\/li>\n<li>Bollen kan tv\u00e4ttas med ett milt och skonsamt reng\u00f6ringsmedel. Anv\u00e4nd inte desinfektionsmedel d\u00e5 dessa kan skada ytan och g\u00f6ra den spr\u00f6d.<\/li>\n<\/ul>\n<h5>Franklin Universal ball<\/h5>\n<h5><img loading=\"lazy\" decoding=\"async\" class=\"wp-image-1671 size-medium alignleft\" src=\"http:\/\/mariaholmstrom.se\/wp-content\/uploads\/2019\/10\/90.05-Franklin-Universal-e1572273076838-300x197.jpg\" alt=\"\" width=\"300\" height=\"197\" srcset=\"https:\/\/mariaholmstrom.se\/wp-content\/uploads\/2019\/10\/90.05-Franklin-Universal-e1572273076838-300x197.jpg 300w, https:\/\/mariaholmstrom.se\/wp-content\/uploads\/2019\/10\/90.05-Franklin-Universal-e1572273076838-352x230.jpg 352w, https:\/\/mariaholmstrom.se\/wp-content\/uploads\/2019\/10\/90.05-Franklin-Universal-e1572273076838.jpg 600w\" sizes=\"(max-width: 300px) 100vw, 300px\" \/>Pris: 170 kr<\/h5>\n<p>De klassiska Franklin Universal-bollarna blir en grundl\u00e4ggande del i din r\u00f6relse-verktygsl\u00e5da. Dessa mjuka, formbara bollar \u00e4r gjorda f\u00f6r att massera \u00e4ven de mest k\u00e4nsliga muskler och fascia. Trots sin mjukhet fr\u00e4mjar de en djup frig\u00f6relse genom p\u00e5verkan\u00a0i muskelns k\u00e4rna, utan att irritera omgivande v\u00e4vnader.\u00a0 Mycket bra f\u00f6r b\u00e5de nyb\u00f6rjare och avancerade ut\u00f6vare.<\/p>\n<ul>\n<li>Luftfylld, orange<\/li>\n<li>Set om 2<\/li>\n<li>Diameter ca 10 cm<\/li>\n<li>Vikt: ca 175 g<\/li>\n<li>Med n\u00e5lvalv f\u00f6r individuellt tryckreglage<\/li>\n<li>100% latex och ftalat-fri<\/li>\n<li>Tillverkad i Italien och CE-m\u00e4rkt<\/li>\n<li>Levereras delvis uppbl\u00e5sta\u00a0och kan anv\u00e4ndas direkt<\/li>\n<li>Bollarna har en mjuk och plan yta<\/li>\n<li>Materialet expanderar efter en tids anv\u00e4ndning och d\u00e5 blir bollarna mjukare. De kan d\u00e5 pumpas upp till en h\u00e5rdare fasthet igen med hj\u00e4lp av en bollpump.<\/li>\n<li>Bollarna kan tv\u00e4ttas med ett milt och skonsamt reng\u00f6ringsmedel. Anv\u00e4nd inte desinfektionsmedel d\u00e5 dessa kan skada ytan och g\u00f6ra den spr\u00f6d.<\/li>\n<\/ul>\n<h5>Franklin Universal mini ball<\/h5>\n<h5><img loading=\"lazy\" decoding=\"async\" class=\"alignleft wp-image-1701 size-full\" src=\"http:\/\/mariaholmstrom.se\/wp-content\/uploads\/2019\/10\/mini_universal_ball-300x300-e1572384835989.png\" alt=\"\" width=\"299\" height=\"183\" \/>Pris: 170 kr<\/h5>\n<p>V\u00e5ra Franklin Universal Mini-bollar \u00e4r unika i Franklinmetodens\u00ae verktygsl\u00e5da d\u00e5 de \u00e4r utm\u00e4rkta f\u00f6r att lindra korta, stela muskler och bryta upp tjock bindv\u00e4v i precisa omr\u00e5den i f\u00f6tter, h\u00e4nder, nacke, skuldror, h\u00f6fter m.m. De n\u00e5r omr\u00e5den som v\u00e5ra st\u00f6rre bollar inte kan n\u00e5 och skapar m\u00e4rkbara f\u00f6r\u00e4ndringar i kroppens muskulatur.<\/p>\n<ul>\n<li>Luftfylld, r\u00f6d<\/li>\n<li>Set om 2<\/li>\n<li>Diameter ca 8 cm<\/li>\n<li>Vikt: Ca165 g<\/li>\n<li>Med n\u00e5lvalv f\u00f6r individuellt tryckreglage<\/li>\n<li>100% latex och ftalat-fri<\/li>\n<li>Tillverkad i Italien och CE-m\u00e4rkt<\/li>\n<li>Levereras delvis uppbl\u00e5sta och kan anv\u00e4ndas direkt<\/li>\n<li>Bollarna har en mjuk och plan yta<\/li>\n<li>Materialet expanderar efter en tids anv\u00e4dning och d\u00e5 blir bollarna mjukare. De kan d\u00e5 pumpas upp till en h\u00e5rdare fasthet igen med hj\u00e4lp av en bollpump.<\/li>\n<li>Bollarna kan tv\u00e4ttas med ett milt och skonsamt reng\u00f6ringsmedel. Anv\u00e4nd inte desinfektionsmedel d\u00e5 dessa kan skada ytan och g\u00f6ra den spr\u00f6d.<\/li>\n<\/ul>\n<h5>Franklin ball original<\/h5>\n<h5><img loading=\"lazy\" decoding=\"async\" class=\"alignleft wp-image-1668 size-medium\" src=\"http:\/\/mariaholmstrom.se\/wp-content\/uploads\/2019\/10\/90.01-Franklin-Ball-e1572272962444-300x172.jpg\" alt=\"\" width=\"300\" height=\"172\" srcset=\"https:\/\/mariaholmstrom.se\/wp-content\/uploads\/2019\/10\/90.01-Franklin-Ball-e1572272962444-300x172.jpg 300w, https:\/\/mariaholmstrom.se\/wp-content\/uploads\/2019\/10\/90.01-Franklin-Ball-e1572272962444.jpg 600w\" sizes=\"(max-width: 300px) 100vw, 300px\" \/>Pris: 190 kr<\/h5>\n<p>De klassiska gr\u00f6na strukturerade Franklin ball Original f\u00e5r muskler och fascia att slappna av p\u00e5 en djupare niv\u00e5 \u00e4n de klassiska orangea bollarna. Dessa niv\u00e5 2-bollar \u00e4r designade f\u00f6r att anv\u00e4ndas i Franklinmetod-\u00f6vningar. De har ideal vikt och storlek f\u00f6r att frig\u00f6ra sm\u00e4rta i k\u00e4ke, nacke, armb\u00e5gar, h\u00f6fter, f\u00f6tter m.m. Om du precis har b\u00f6rjat med Franklinmetoden eller \u00e5terh\u00e4mtar dig fr\u00e5n en skada, b\u00f6rja g\u00e4rna med de mjukare klassiska orangea Universal-bollarna och uppgradera sedan till dessa.<\/p>\n<ul>\n<li>Luftfylld, gr\u00f6n<\/li>\n<li>Strukturerad yta med koppningseffekt<\/li>\n<li>Set om 2<\/li>\n<li>Diameter ca 10 cm<\/li>\n<li>Vikt: Ca 160 g<\/li>\n<li>Med n\u00e5lvalv f\u00f6r individuellt tryckreglage<\/li>\n<li>100% latex och ftalat-fri<\/li>\n<li>Tillverkad i Italien och CE-m\u00e4rkt<\/li>\n<li>Levereras delvis uppbl\u00e5sta\u00a0och kan anv\u00e4ndas direkt<\/li>\n<li>Materialet expanderar efter en tids anv\u00e4ndning och d\u00e5 blir bollarna mjukare. De kan d\u00e5 pumpas upp till en h\u00e5rdare fasthet igen med hj\u00e4lp av en bollpump.<\/li>\n<li>Bollarna kan tv\u00e4ttas med ett milt och skonsamt reng\u00f6ringsmedel. Anv\u00e4nd inte desinfektionsmedel d\u00e5 dessa kan skada ytan och g\u00f6ra den spr\u00f6d.<\/li>\n<\/ul>\n<h5>Franklin fascia ball<\/h5>\n<h5><img loading=\"lazy\" decoding=\"async\" class=\"alignleft wp-image-1835\" src=\"http:\/\/mariaholmstrom.se\/wp-content\/uploads\/2020\/06\/90.07-Franklin-Fascia-Ball-small-300x283.jpg\" alt=\"\" width=\"200\" height=\"189\" srcset=\"https:\/\/mariaholmstrom.se\/wp-content\/uploads\/2020\/06\/90.07-Franklin-Fascia-Ball-small-300x283.jpg 300w, https:\/\/mariaholmstrom.se\/wp-content\/uploads\/2020\/06\/90.07-Franklin-Fascia-Ball-small-768x725.jpg 768w, https:\/\/mariaholmstrom.se\/wp-content\/uploads\/2020\/06\/90.07-Franklin-Fascia-Ball-small.jpg 800w\" sizes=\"(max-width: 200px) 100vw, 200px\" \/>Pris: 170 kr<\/h5>\n<p>Dessa viktade, vattenfyllda Franklin fascia-bollar hj\u00e4lper till att frig\u00f6ra sm\u00e4rta och bygga styrka genom hela kroppen. Du kan anv\u00e4nda den f\u00f6r att rulla fascia och f\u00e5 muskler att slappna av genom frig\u00f6rande triggerpunkter. Detta verktyg lugnar \u00f6veranstr\u00e4ngda muskler och ger en l\u00e4ttnad f\u00f6r kroniskt korta muskler.<\/p>\n<ul>\n<li>Vattenfylld, gul<\/li>\n<li>Diameter ca 9 cm<\/li>\n<li>Vikt: Ca 520 g<\/li>\n<li>100% latex och ftalat-fri<\/li>\n<li>Tillverkad i Italien och CE-m\u00e4rkt<\/li>\n<li>OBS! Anv\u00e4nd inte pump p\u00e5 bollen d\u00e5 det punkterar den och v\u00e4tska l\u00e4cker ut.<\/li>\n<li>F\u00f6rvara bollen frostfritt d\u00e5 v\u00e4tskan kan frysa och d\u00e5 f\u00f6rst\u00f6ra bollen.<\/li>\n<li>Bollen kan tv\u00e4ttas med ett milt och skonsamt reng\u00f6ringsmedel. Anv\u00e4nd inte desinfektionsmedel d\u00e5 dessa kan skada ytan och g\u00f6ra den spr\u00f6d.<\/li>\n<\/ul>\n<h5>Franklin fascia grip ball<\/h5>\n<h5><img loading=\"lazy\" decoding=\"async\" class=\"alignleft wp-image-1788\" src=\"http:\/\/mariaholmstrom.se\/wp-content\/uploads\/2019\/12\/90.10-Franklin-Fascia-Grip-Ball-150x150.jpg\" alt=\"\" width=\"200\" height=\"163\" srcset=\"https:\/\/mariaholmstrom.se\/wp-content\/uploads\/2019\/12\/90.10-Franklin-Fascia-Grip-Ball-300x244.jpg 300w, https:\/\/mariaholmstrom.se\/wp-content\/uploads\/2019\/12\/90.10-Franklin-Fascia-Grip-Ball-768x624.jpg 768w, https:\/\/mariaholmstrom.se\/wp-content\/uploads\/2019\/12\/90.10-Franklin-Fascia-Grip-Ball-1024x833.jpg 1024w\" sizes=\"(max-width: 200px) 100vw, 200px\" \/>Pris 170 kr<\/h5>\n<p>Franklin Fascia Grip Ball&#x2122; \u00e4r inriktad mot sensorisk stimulering och avslappning. N\u00e4r den anv\u00e4nds tillsammans med Franklinmetod\u00f6vningar ger den djup avslappning och lugnande massage. Den noppiga ytan g\u00f6r den l\u00e4tt att greppa och utm\u00e4rkt att bryta upp fascian med.<\/p>\n<ul>\n<li>Vattenfylld, bl\u00e5<\/li>\n<li>Noppig yta<\/li>\n<li>Diameter ca 9 cm<\/li>\n<li>Vikt: Ca 520 g<\/li>\n<li>100% latex och ftalat-fri<\/li>\n<li>Tillverkad i Italien och CE-m\u00e4rkt<\/li>\n<li>OBS! Anv\u00e4nd inte pump p\u00e5 bollen d\u00e5 det punkterar den och v\u00e4tska l\u00e4cker ut.<\/li>\n<li>F\u00f6rvara bollen frostfritt d\u00e5 v\u00e4tskan kan frysa och d\u00e5 f\u00f6rst\u00f6ra bollen.<\/li>\n<li>Bollen kan tv\u00e4ttas med ett milt och skonsamt reng\u00f6ringsmedel. Anv\u00e4nd inte desinfektionsmedel d\u00e5 dessa kan skada ytan och g\u00f6ra den spr\u00f6d.<\/li>\n<\/ul>\n<h5>\u00a0<\/h5>\n<h5 style=\"font-style: normal;\"><strong>Nyhet! Nu byter vi ut den gamla bollpumpen mot en kraftigare, snabbare variant.<\/strong><\/h5>\n<h5 style=\"font-style: normal;\">Bollpump<\/h5>\n<h5><img loading=\"lazy\" decoding=\"async\" class=\"wp-image-1857 alignleft\" src=\"http:\/\/mariaholmstrom.se\/wp-content\/uploads\/2020\/08\/Bollpump-S.jpg\" alt=\"\" width=\"200\" height=\"150\" srcset=\"https:\/\/mariaholmstrom.se\/wp-content\/uploads\/2020\/08\/Bollpump-S.jpg 800w, https:\/\/mariaholmstrom.se\/wp-content\/uploads\/2020\/08\/Bollpump-S-300x225.jpg 300w, https:\/\/mariaholmstrom.se\/wp-content\/uploads\/2020\/08\/Bollpump-S-768x576.jpg 768w\" sizes=\"(max-width: 200px) 100vw, 200px\" \/>Pris: 80 kr<\/h5>\n<p>Bollpumpen \u00e4r l\u00e4mplig f\u00f6r Franklinbollarna, men fungerar \u00e4ven f\u00f6r andra luftfyllda bollar med n\u00e5lvalv.<\/p>\n<ul>\n<li>Dimension: ca\u00a0 20 cm skaft och 13\u00a0 cm spets och b\u00f6jligt luftr\u00f6r<\/li>\n<li>Vikt: Ca 80 g<\/li>\n<li>Med solid n\u00e5lvalvsspets av metall<\/li>\n<li>F\u00f6r\u00a0 luftfyllda bollar med n\u00e5lvalv<\/li>\n<li>Tips: Fukta metallspetsen innan den f\u00f6rs in i bollen.<\/li>\n<\/ul>\n<h5>Franklin Tridex band, strong<\/h5>\n<h5><img loading=\"lazy\" decoding=\"async\" class=\"alignleft wp-image-1707 size-medium\" src=\"http:\/\/mariaholmstrom.se\/wp-content\/uploads\/2019\/10\/Tridex-Latex-Band-stark-e1572437687592-300x191.jpg\" alt=\"\" width=\"300\" height=\"191\" srcset=\"https:\/\/mariaholmstrom.se\/wp-content\/uploads\/2019\/10\/Tridex-Latex-Band-stark-e1572437687592-300x191.jpg 300w, https:\/\/mariaholmstrom.se\/wp-content\/uploads\/2019\/10\/Tridex-Latex-Band-stark-e1572437687592-768x489.jpg 768w, https:\/\/mariaholmstrom.se\/wp-content\/uploads\/2019\/10\/Tridex-Latex-Band-stark-e1572437687592-1024x652.jpg 1024w, https:\/\/mariaholmstrom.se\/wp-content\/uploads\/2019\/10\/Tridex-Latex-Band-stark-e1572437687592.jpg 1080w\" sizes=\"(max-width: 300px) 100vw, 300px\" \/>Pris: 150 kr<\/h5>\n<p>Det h\u00e5rda, bl\u00e5 bandet \u00e4r ett Franklinmetod-original, och ger medel till intensivt motst\u00e5nd. Detta band \u00e4r designat f\u00f6r att optimera dina stretch\u00f6vningar och f\u00f6rb\u00e4ttra b\u00e5de flexibilitet och styrka genom sitt motst\u00e5nd under b\u00e5de brundl\u00e4ggande och avancerade \u00f6vningar.\u00a0 Det har sin sj\u00e4lvklara plats i alla Franklin-kurser och f\u00f6rs\u00e4krar dig att f\u00e5 ut det mesta ur din Franklinmetod-tr\u00e4ning.<\/p>\n<ul>\n<li>Dimensioner: 13 cm bred, 3.5 m l\u00e5ng<\/li>\n<li>Vikt ca 205 g<\/li>\n<li>Material: naturlatex<\/li>\n<li>Styrka: stark<\/li>\n<li>F\u00e4rg: bl\u00e5<\/li>\n<li>OBS! Anv\u00e4nd ej vid latexallergi<\/li>\n<li>Latexbandet \u00e4r elastiskt, v\u00e4rmebest\u00e4ndigt och har l\u00e5ng h\u00e5llbarhet.<\/li>\n<li>F\u00f6rvara m\u00f6rkt i rumstemperatur. H\u00e5ll borta fr\u00e5n direkt solljus d\u00e5 \u00f6verdriven UV-ljusexponering f\u00f6rkortar bandets livsl\u00e4ngd. Undvik kontakt med vassa eller spetsiga objekt.<\/li>\n<li>Efter l\u00e5ng anv\u00e4ndning kan bandet tendera att klistra ihop pga smuts och svett. Tv\u00e4tta Tridex-bandet i milt reng\u00f6ringsmedel, l\u00e5t det lufttorka och pudra med talk.<\/li>\n<\/ul>\n<h5>Franklin Tridex band, medium<\/h5>\n<h5><img loading=\"lazy\" decoding=\"async\" class=\"alignleft wp-image-1708 size-full\" src=\"http:\/\/mariaholmstrom.se\/wp-content\/uploads\/2019\/10\/franklin_latexband-medium-e1572437864966.jpg\" alt=\"\" width=\"300\" height=\"212\" \/>Pris: 150 kr<\/h5>\n<p>V\u00e5rt medium gr\u00f6na band \u00e4r ett Franklinmetod-original, och ger medel motst\u00e5nd. Det \u00e4r bra f\u00f6r nyb\u00f6rjare och andra som vill ha en mjukare upplevelse.\u00a0Detta band \u00e4r designat f\u00f6r att optimera dina stretch\u00f6vningar och f\u00f6rb\u00e4ttra b\u00e5de flexibilitet och styrka genom sitt motst\u00e5nd under b\u00e5de brundl\u00e4ggande och avancerade \u00f6vningar.\u00a0 Det har sin sj\u00e4lvklara plats i alla Franklin-kurser och f\u00f6rs\u00e4krar dig att f\u00e5 ut det mesta ur din Franklinmetod-tr\u00e4ning.<\/p>\n<ul>\n<li>Dimensioner: 13 cm bred, 3.5 m l\u00e5ng<\/li>\n<li>Vikt: Ca 155 g<\/li>\n<li>Material: naturlatex<\/li>\n<li>Styrka: medium<\/li>\n<li>F\u00e4rg: gr\u00f6n<\/li>\n<li>OBS! Anv\u00e4nd ej vid latexallergi<\/li>\n<li>Latexbandet \u00e4r elastiskt, v\u00e4rmebest\u00e4ndigt och har l\u00e5ng h\u00e5llbarhet.<\/li>\n<li>F\u00f6rvara m\u00f6rkt i rumstemperatur. H\u00e5ll borta fr\u00e5n direkt solljus d\u00e5 \u00f6verdriven UV-ljusexponering f\u00f6rkortar bandets livsl\u00e4ngd. Undvik kontakt med vassa eller spetsiga objekt.<\/li>\n<li>Efter l\u00e5ng anv\u00e4ndning kan bandet tendera att klistra ihop p.g.a. smuts och svett. Tv\u00e4tta Tridex-bandet i milt reng\u00f6ringsmedel, l\u00e5t det lufttorka och pudra med talk.<\/li>\n<\/ul>\n<p>\u00a0<\/p>\n\n\n<div class=\"wp-block-buttons is-layout-flex wp-block-buttons-is-layout-flex\">\n<div class=\"wp-block-button\"><a class=\"wp-block-button__link\" href=\"http:\/\/franklinbollar.se\">Till Webshopen<\/a><\/div>\n<\/div>","protected":false},"excerpt":{"rendered":"<p>Sorry, this entry is only available in Svenska. For the sake of viewer convenience, the content is shown below in the alternative language. You may click the link to switch the active language. H\u00e4r kan du best\u00e4lla Franklinbollar och Franklinband &#8211; redskapen som kan hj\u00e4lpa dig till en djup och avslappnad sits p\u00e5 bara n\u00e5gra <a class=\"read-more\" href=\"https:\/\/mariaholmstrom.se\/en\/webshop\/\">Read More<\/a><\/p>\n","protected":false},"author":1,"featured_media":0,"parent":0,"menu_order":0,"comment_status":"closed","ping_status":"closed","template":"template-full-width.php","meta":{"footnotes":""},"yoast_head":"<!-- This site is optimized with the Yoast SEO plugin v20.0 - https:\/\/yoast.com\/wordpress\/plugins\/seo\/ -->\n<title>Webshop - H\u00e4st och h\u00e4lsa - Maria Holmstr\u00f6m<\/title>\n<meta name=\"robots\" content=\"index, follow, max-snippet:-1, max-image-preview:large, max-video-preview:-1\" \/>\n<link rel=\"canonical\" href=\"https:\/\/mariaholmstrom.se\/webshop\/\" \/>\n<meta property=\"og:locale\" content=\"en_US\" \/>\n<meta property=\"og:type\" content=\"article\" \/>\n<meta property=\"og:title\" content=\"Webshop - H\u00e4st och h\u00e4lsa - Maria Holmstr\u00f6m\" \/>\n<meta property=\"og:description\" content=\"Sorry, this entry is only available in Svenska. For the sake of viewer convenience, the content is shown below in the alternative language. You may click the link to switch the active language. H\u00e4r kan du best\u00e4lla Franklinbollar och Franklinband &#8211; redskapen som kan hj\u00e4lpa dig till en djup och avslappnad sits p\u00e5 bara n\u00e5gra Read More\" \/>\n<meta property=\"og:url\" content=\"https:\/\/mariaholmstrom.se\/webshop\/\" \/>\n<meta property=\"og:site_name\" content=\"H\u00e4st och h\u00e4lsa - Maria Holmstr\u00f6m\" \/>\n<meta property=\"article:modified_time\" content=\"2021-08-06T09:43:31+00:00\" \/>\n<meta property=\"og:image\" content=\"http:\/\/mariaholmstrom.se\/wp-content\/uploads\/2019\/10\/90.06-Frankllin-Fascia-Roll-e1572273525116-300x170.jpg\" \/>\n<meta name=\"twitter:card\" content=\"summary_large_image\" \/>\n<meta name=\"twitter:label1\" content=\"Est. reading time\" \/>\n\t<meta name=\"twitter:data1\" content=\"8 minutes\" \/>\n<script type=\"application\/ld+json\" class=\"yoast-schema-graph\">{\"@context\":\"https:\/\/schema.org\",\"@graph\":[{\"@type\":\"WebPage\",\"@id\":\"https:\/\/mariaholmstrom.se\/webshop\/\",\"url\":\"https:\/\/mariaholmstrom.se\/webshop\/\",\"name\":\"Webshop - H\u00e4st och h\u00e4lsa - Maria Holmstr\u00f6m\",\"isPartOf\":{\"@id\":\"https:\/\/mariaholmstrom.se\/#website\"},\"datePublished\":\"2019-11-03T07:14:17+00:00\",\"dateModified\":\"2021-08-06T09:43:31+00:00\",\"breadcrumb\":{\"@id\":\"https:\/\/mariaholmstrom.se\/webshop\/#breadcrumb\"},\"inLanguage\":\"en\",\"potentialAction\":[{\"@type\":\"ReadAction\",\"target\":[\"https:\/\/mariaholmstrom.se\/webshop\/\"]}]},{\"@type\":\"BreadcrumbList\",\"@id\":\"https:\/\/mariaholmstrom.se\/webshop\/#breadcrumb\",\"itemListElement\":[{\"@type\":\"ListItem\",\"position\":1,\"name\":\"Hem\",\"item\":\"https:\/\/mariaholmstrom.se\/\"},{\"@type\":\"ListItem\",\"position\":2,\"name\":\"Webshop\"}]},{\"@type\":\"WebSite\",\"@id\":\"https:\/\/mariaholmstrom.se\/#website\",\"url\":\"https:\/\/mariaholmstrom.se\/\",\"name\":\"H\u00e4st och h\u00e4lsa - Maria Holmstr\u00f6m\",\"description\":\"Friskv\u00e5rd f\u00f6r b\u00e5de m\u00e4nniska och h\u00e4st\",\"potentialAction\":[{\"@type\":\"SearchAction\",\"target\":{\"@type\":\"EntryPoint\",\"urlTemplate\":\"https:\/\/mariaholmstrom.se\/?s={search_term_string}\"},\"query-input\":\"required name=search_term_string\"}],\"inLanguage\":\"en\"}]}<\/script>\n<!-- \/ Yoast SEO plugin. -->","yoast_head_json":{"title":"Webshop - H\u00e4st och h\u00e4lsa - Maria Holmstr\u00f6m","robots":{"index":"index","follow":"follow","max-snippet":"max-snippet:-1","max-image-preview":"max-image-preview:large","max-video-preview":"max-video-preview:-1"},"canonical":"https:\/\/mariaholmstrom.se\/webshop\/","og_locale":"en_US","og_type":"article","og_title":"Webshop - H\u00e4st och h\u00e4lsa - Maria Holmstr\u00f6m","og_description":"Sorry, this entry is only available in Svenska. For the sake of viewer convenience, the content is shown below in the alternative language. You may click the link to switch the active language. H\u00e4r kan du best\u00e4lla Franklinbollar och Franklinband &#8211; redskapen som kan hj\u00e4lpa dig till en djup och avslappnad sits p\u00e5 bara n\u00e5gra Read More","og_url":"https:\/\/mariaholmstrom.se\/webshop\/","og_site_name":"H\u00e4st och h\u00e4lsa - Maria Holmstr\u00f6m","article_modified_time":"2021-08-06T09:43:31+00:00","og_image":[{"url":"http:\/\/mariaholmstrom.se\/wp-content\/uploads\/2019\/10\/90.06-Frankllin-Fascia-Roll-e1572273525116-300x170.jpg"}],"twitter_card":"summary_large_image","twitter_misc":{"Est. reading time":"8 minutes"},"schema":{"@context":"https:\/\/schema.org","@graph":[{"@type":"WebPage","@id":"https:\/\/mariaholmstrom.se\/webshop\/","url":"https:\/\/mariaholmstrom.se\/webshop\/","name":"Webshop - H\u00e4st och h\u00e4lsa - Maria Holmstr\u00f6m","isPartOf":{"@id":"https:\/\/mariaholmstrom.se\/#website"},"datePublished":"2019-11-03T07:14:17+00:00","dateModified":"2021-08-06T09:43:31+00:00","breadcrumb":{"@id":"https:\/\/mariaholmstrom.se\/webshop\/#breadcrumb"},"inLanguage":"en","potentialAction":[{"@type":"ReadAction","target":["https:\/\/mariaholmstrom.se\/webshop\/"]}]},{"@type":"BreadcrumbList","@id":"https:\/\/mariaholmstrom.se\/webshop\/#breadcrumb","itemListElement":[{"@type":"ListItem","position":1,"name":"Hem","item":"https:\/\/mariaholmstrom.se\/"},{"@type":"ListItem","position":2,"name":"Webshop"}]},{"@type":"WebSite","@id":"https:\/\/mariaholmstrom.se\/#website","url":"https:\/\/mariaholmstrom.se\/","name":"H\u00e4st och h\u00e4lsa - Maria Holmstr\u00f6m","description":"Friskv\u00e5rd f\u00f6r b\u00e5de m\u00e4nniska och h\u00e4st","potentialAction":[{"@type":"SearchAction","target":{"@type":"EntryPoint","urlTemplate":"https:\/\/mariaholmstrom.se\/?s={search_term_string}"},"query-input":"required name=search_term_string"}],"inLanguage":"en"}]}},"_links":{"self":[{"href":"https:\/\/mariaholmstrom.se\/en\/wp-json\/wp\/v2\/pages\/1667"}],"collection":[{"href":"https:\/\/mariaholmstrom.se\/en\/wp-json\/wp\/v2\/pages"}],"about":[{"href":"https:\/\/mariaholmstrom.se\/en\/wp-json\/wp\/v2\/types\/page"}],"author":[{"embeddable":true,"href":"https:\/\/mariaholmstrom.se\/en\/wp-json\/wp\/v2\/users\/1"}],"replies":[{"embeddable":true,"href":"https:\/\/mariaholmstrom.se\/en\/wp-json\/wp\/v2\/comments?post=1667"}],"version-history":[{"count":87,"href":"https:\/\/mariaholmstrom.se\/en\/wp-json\/wp\/v2\/pages\/1667\/revisions"}],"predecessor-version":[{"id":2012,"href":"https:\/\/mariaholmstrom.se\/en\/wp-json\/wp\/v2\/pages\/1667\/revisions\/2012"}],"wp:attachment":[{"href":"https:\/\/mariaholmstrom.se\/en\/wp-json\/wp\/v2\/media?parent=1667"}],"curies":[{"name":"wp","href":"https:\/\/api.w.org\/{rel}","templated":true}]}}