{"id":305,"date":"2016-10-08T19:21:27","date_gmt":"2016-10-08T17:21:27","guid":{"rendered":"http:\/\/mariaholmstrom.se\/?page_id=305"},"modified":"2019-11-25T20:32:41","modified_gmt":"2019-11-25T19:32:41","slug":"kroppsmedvetenhet","status":"publish","type":"page","link":"https:\/\/mariaholmstrom.se\/en\/kroppsmedvetenhet\/","title":{"rendered":"Body awareness"},"content":{"rendered":"<p><span class=\"intro\">There are a lot of different ways to improve your body awareness, and the better your body awareness, the easier it is to train your horse. The better you can see and feel what the horse is doing, the better you can correct the horse into the shape you want.<\/span><\/p>\n<p>In the training of horses we work on loosening tensions, improve relaxation and build a strong and healthy individual. We must however be very aware that we are affecting the horse incredibly much through our bodies. If I am stuck in a hip it will affect the horse, especially when riding but also when working from the ground. This means we have to explore our own bodies and find our stiffnesses and tensions and work on these, in parallel with working on the tension of the horse.<\/p>\n<p><img loading=\"lazy\" decoding=\"async\" class=\"aligncenter size-full wp-image-1025\" src=\"http:\/\/mariaholmstrom.se\/wp-content\/uploads\/2016\/10\/Rise-and-shine-small.jpg\" alt=\"rise-and-shine-small\" width=\"800\" height=\"450\" srcset=\"https:\/\/mariaholmstrom.se\/wp-content\/uploads\/2016\/10\/Rise-and-shine-small.jpg 800w, https:\/\/mariaholmstrom.se\/wp-content\/uploads\/2016\/10\/Rise-and-shine-small-300x169.jpg 300w, https:\/\/mariaholmstrom.se\/wp-content\/uploads\/2016\/10\/Rise-and-shine-small-768x432.jpg 768w\" sizes=\"(max-width: 800px) 100vw, 800px\" \/><\/p>","protected":false},"excerpt":{"rendered":"<p>There are a lot of different ways to improve your body awareness, and the better your body awareness, the easier it is to train your horse. The better you can see and feel what the horse is doing, the better you can correct the horse into the shape you want. In the training of horses <a class=\"read-more\" href=\"https:\/\/mariaholmstrom.se\/en\/kroppsmedvetenhet\/\">Read More<\/a><\/p>\n","protected":false},"author":1,"featured_media":0,"parent":0,"menu_order":0,"comment_status":"closed","ping_status":"closed","template":"","meta":{"footnotes":""},"yoast_head":"<!-- This site is optimized with the Yoast SEO plugin v20.0 - https:\/\/yoast.com\/wordpress\/plugins\/seo\/ -->\n<title>Kroppsmedvetenhet i h\u00e4sttr\u00e4ningen - Mariaholmstrom.se<\/title>\n<meta name=\"description\" content=\"I denna del av v\u00e5r online-kurs i akademisk ridkonst f\u00e5r du tips om hur du \u00f6kar din egen kroppsmedvetenhet n\u00e4r du tr\u00e4nar din h\u00e4st.\" \/>\n<meta name=\"robots\" content=\"index, follow, max-snippet:-1, max-image-preview:large, max-video-preview:-1\" \/>\n<link rel=\"canonical\" href=\"https:\/\/mariaholmstrom.se\/kroppsmedvetenhet\/\" \/>\n<meta property=\"og:locale\" content=\"en_US\" \/>\n<meta property=\"og:type\" content=\"article\" \/>\n<meta property=\"og:title\" content=\"Kroppsmedvetenhet i h\u00e4sttr\u00e4ningen - Mariaholmstrom.se\" \/>\n<meta property=\"og:description\" content=\"I denna del av v\u00e5r online-kurs i akademisk ridkonst f\u00e5r du tips om hur du \u00f6kar din egen kroppsmedvetenhet n\u00e4r du tr\u00e4nar din h\u00e4st.\" \/>\n<meta property=\"og:url\" content=\"https:\/\/mariaholmstrom.se\/kroppsmedvetenhet\/\" \/>\n<meta property=\"og:site_name\" content=\"H\u00e4st och h\u00e4lsa - Maria Holmstr\u00f6m\" \/>\n<meta property=\"article:modified_time\" content=\"2019-11-25T19:32:41+00:00\" \/>\n<meta property=\"og:image\" content=\"http:\/\/mariaholmstrom.se\/wp-content\/uploads\/2016\/10\/Rise-and-shine-small.jpg\" \/>\n<meta name=\"twitter:card\" content=\"summary_large_image\" \/>\n<meta name=\"twitter:label1\" content=\"Est. reading time\" \/>\n\t<meta name=\"twitter:data1\" content=\"2 minutes\" \/>\n<script type=\"application\/ld+json\" class=\"yoast-schema-graph\">{\"@context\":\"https:\/\/schema.org\",\"@graph\":[{\"@type\":\"WebPage\",\"@id\":\"https:\/\/mariaholmstrom.se\/kroppsmedvetenhet\/\",\"url\":\"https:\/\/mariaholmstrom.se\/kroppsmedvetenhet\/\",\"name\":\"Kroppsmedvetenhet i h\u00e4sttr\u00e4ningen - Mariaholmstrom.se\",\"isPartOf\":{\"@id\":\"https:\/\/mariaholmstrom.se\/#website\"},\"datePublished\":\"2016-10-08T17:21:27+00:00\",\"dateModified\":\"2019-11-25T19:32:41+00:00\",\"description\":\"I denna del av v\u00e5r online-kurs i akademisk ridkonst f\u00e5r du tips om hur du \u00f6kar din egen kroppsmedvetenhet n\u00e4r du tr\u00e4nar din h\u00e4st.\",\"breadcrumb\":{\"@id\":\"https:\/\/mariaholmstrom.se\/kroppsmedvetenhet\/#breadcrumb\"},\"inLanguage\":\"en\",\"potentialAction\":[{\"@type\":\"ReadAction\",\"target\":[\"https:\/\/mariaholmstrom.se\/kroppsmedvetenhet\/\"]}]},{\"@type\":\"BreadcrumbList\",\"@id\":\"https:\/\/mariaholmstrom.se\/kroppsmedvetenhet\/#breadcrumb\",\"itemListElement\":[{\"@type\":\"ListItem\",\"position\":1,\"name\":\"Hem\",\"item\":\"https:\/\/mariaholmstrom.se\/\"},{\"@type\":\"ListItem\",\"position\":2,\"name\":\"Kroppsmedvetenhet\"}]},{\"@type\":\"WebSite\",\"@id\":\"https:\/\/mariaholmstrom.se\/#website\",\"url\":\"https:\/\/mariaholmstrom.se\/\",\"name\":\"H\u00e4st och h\u00e4lsa - Maria Holmstr\u00f6m\",\"description\":\"Friskv\u00e5rd f\u00f6r b\u00e5de m\u00e4nniska och h\u00e4st\",\"potentialAction\":[{\"@type\":\"SearchAction\",\"target\":{\"@type\":\"EntryPoint\",\"urlTemplate\":\"https:\/\/mariaholmstrom.se\/?s={search_term_string}\"},\"query-input\":\"required name=search_term_string\"}],\"inLanguage\":\"en\"}]}<\/script>\n<!-- \/ Yoast SEO plugin. -->","yoast_head_json":{"title":"Kroppsmedvetenhet i h\u00e4sttr\u00e4ningen - Mariaholmstrom.se","description":"I denna del av v\u00e5r online-kurs i akademisk ridkonst f\u00e5r du tips om hur du \u00f6kar din egen kroppsmedvetenhet n\u00e4r du tr\u00e4nar din h\u00e4st.","robots":{"index":"index","follow":"follow","max-snippet":"max-snippet:-1","max-image-preview":"max-image-preview:large","max-video-preview":"max-video-preview:-1"},"canonical":"https:\/\/mariaholmstrom.se\/kroppsmedvetenhet\/","og_locale":"en_US","og_type":"article","og_title":"Kroppsmedvetenhet i h\u00e4sttr\u00e4ningen - Mariaholmstrom.se","og_description":"I denna del av v\u00e5r online-kurs i akademisk ridkonst f\u00e5r du tips om hur du \u00f6kar din egen kroppsmedvetenhet n\u00e4r du tr\u00e4nar din h\u00e4st.","og_url":"https:\/\/mariaholmstrom.se\/kroppsmedvetenhet\/","og_site_name":"H\u00e4st och h\u00e4lsa - Maria Holmstr\u00f6m","article_modified_time":"2019-11-25T19:32:41+00:00","og_image":[{"url":"http:\/\/mariaholmstrom.se\/wp-content\/uploads\/2016\/10\/Rise-and-shine-small.jpg"}],"twitter_card":"summary_large_image","twitter_misc":{"Est. reading time":"2 minutes"},"schema":{"@context":"https:\/\/schema.org","@graph":[{"@type":"WebPage","@id":"https:\/\/mariaholmstrom.se\/kroppsmedvetenhet\/","url":"https:\/\/mariaholmstrom.se\/kroppsmedvetenhet\/","name":"Kroppsmedvetenhet i h\u00e4sttr\u00e4ningen - Mariaholmstrom.se","isPartOf":{"@id":"https:\/\/mariaholmstrom.se\/#website"},"datePublished":"2016-10-08T17:21:27+00:00","dateModified":"2019-11-25T19:32:41+00:00","description":"I denna del av v\u00e5r online-kurs i akademisk ridkonst f\u00e5r du tips om hur du \u00f6kar din egen kroppsmedvetenhet n\u00e4r du tr\u00e4nar din h\u00e4st.","breadcrumb":{"@id":"https:\/\/mariaholmstrom.se\/kroppsmedvetenhet\/#breadcrumb"},"inLanguage":"en","potentialAction":[{"@type":"ReadAction","target":["https:\/\/mariaholmstrom.se\/kroppsmedvetenhet\/"]}]},{"@type":"BreadcrumbList","@id":"https:\/\/mariaholmstrom.se\/kroppsmedvetenhet\/#breadcrumb","itemListElement":[{"@type":"ListItem","position":1,"name":"Hem","item":"https:\/\/mariaholmstrom.se\/"},{"@type":"ListItem","position":2,"name":"Kroppsmedvetenhet"}]},{"@type":"WebSite","@id":"https:\/\/mariaholmstrom.se\/#website","url":"https:\/\/mariaholmstrom.se\/","name":"H\u00e4st och h\u00e4lsa - Maria Holmstr\u00f6m","description":"Friskv\u00e5rd f\u00f6r b\u00e5de m\u00e4nniska och h\u00e4st","potentialAction":[{"@type":"SearchAction","target":{"@type":"EntryPoint","urlTemplate":"https:\/\/mariaholmstrom.se\/?s={search_term_string}"},"query-input":"required name=search_term_string"}],"inLanguage":"en"}]}},"_links":{"self":[{"href":"https:\/\/mariaholmstrom.se\/en\/wp-json\/wp\/v2\/pages\/305"}],"collection":[{"href":"https:\/\/mariaholmstrom.se\/en\/wp-json\/wp\/v2\/pages"}],"about":[{"href":"https:\/\/mariaholmstrom.se\/en\/wp-json\/wp\/v2\/types\/page"}],"author":[{"embeddable":true,"href":"https:\/\/mariaholmstrom.se\/en\/wp-json\/wp\/v2\/users\/1"}],"replies":[{"embeddable":true,"href":"https:\/\/mariaholmstrom.se\/en\/wp-json\/wp\/v2\/comments?post=305"}],"version-history":[{"count":10,"href":"https:\/\/mariaholmstrom.se\/en\/wp-json\/wp\/v2\/pages\/305\/revisions"}],"predecessor-version":[{"id":1027,"href":"https:\/\/mariaholmstrom.se\/en\/wp-json\/wp\/v2\/pages\/305\/revisions\/1027"}],"wp:attachment":[{"href":"https:\/\/mariaholmstrom.se\/en\/wp-json\/wp\/v2\/media?parent=305"}],"curies":[{"name":"wp","href":"https:\/\/api.w.org\/{rel}","templated":true}]}}