{"id":317,"date":"2016-10-08T20:03:38","date_gmt":"2016-10-08T18:03:38","guid":{"rendered":"http:\/\/mariaholmstrom.se\/?page_id=317"},"modified":"2017-08-23T09:15:27","modified_gmt":"2017-08-23T07:15:27","slug":"rid-med-ditt-hjarta","status":"publish","type":"page","link":"https:\/\/mariaholmstrom.se\/en\/kroppsmedvetenhet\/rid-med-ditt-hjarta\/","title":{"rendered":"Ride from your heart"},"content":{"rendered":"<p><span class=\"intro\"> Riding from your heart is developing your sensitivity. Go into your heart and turn off the ego of your head that will bring you analyses of how it &#8220;should&#8221; look like, how the horse &#8220;should&#8221; move and all the other &#8220;should&#8221; that may pop up in your head. Do not misunderstand me, you definitely need a head for when training horses, but you do not need the inner, doubting voice. The one than blocks you and make you distrust what you feel. <\/span><\/p>\n<p>To get down in your heart you need to breathe deeply, in and out, far down in your belly. Breathe in new energy and breathe out the bad energy. Let go of your thoughts at try just to exist, here and now in the moment. Only you and the horse exist right now.<\/p>\n<blockquote><p>Only you and the horse exist right now.<\/p><\/blockquote>\n<p>Continue breathing and start training your horse. Do not analyze but feel what is happening. Allow yourself to be filled up by the horse movements and find the softness in them. If you\u00a0 can feel a small tension, can you soften in that spot in your own body? If you feel the horse to fall out on a shoulder, can you see the horse\u00a0 straighten up in an inner picture?<\/p>\n<p>Just continue breathing calmly and become one with your horse, feel your horse and notice how small signals are needed to tell the horse what we want.<\/p>\n<p><img loading=\"lazy\" decoding=\"async\" class=\"aligncenter size-full wp-image-1031\" src=\"http:\/\/mariaholmstrom.se\/wp-content\/uploads\/2016\/10\/heart.png\" alt=\"heart\" width=\"202\" height=\"193\" \/><\/p>\n<p>&nbsp;<\/p>\n<p>&nbsp;<\/p>\n<p>&nbsp;<\/p>","protected":false},"excerpt":{"rendered":"<p>Riding from your heart is developing your sensitivity. Go into your heart and turn off the ego of your head that will bring you analyses of how it &#8220;should&#8221; look like, how the horse &#8220;should&#8221; move and all the other &#8220;should&#8221; that may pop up in your head. Do not misunderstand me, you definitely need <a class=\"read-more\" href=\"https:\/\/mariaholmstrom.se\/en\/kroppsmedvetenhet\/rid-med-ditt-hjarta\/\">Read More<\/a><\/p>\n","protected":false},"author":1,"featured_media":0,"parent":305,"menu_order":0,"comment_status":"closed","ping_status":"closed","template":"","meta":{"footnotes":""},"yoast_head":"<!-- This site is optimized with the Yoast SEO plugin v20.0 - https:\/\/yoast.com\/wordpress\/plugins\/seo\/ -->\n<title>Ride from your heart - H\u00e4st och h\u00e4lsa - Maria Holmstr\u00f6m<\/title>\n<meta name=\"robots\" content=\"index, follow, max-snippet:-1, max-image-preview:large, max-video-preview:-1\" \/>\n<link rel=\"canonical\" href=\"https:\/\/mariaholmstrom.se\/en\/kroppsmedvetenhet\/rid-med-ditt-hjarta\/\" \/>\n<meta property=\"og:locale\" content=\"en_US\" \/>\n<meta property=\"og:type\" content=\"article\" \/>\n<meta property=\"og:title\" content=\"Ride from your heart - H\u00e4st och h\u00e4lsa - Maria Holmstr\u00f6m\" \/>\n<meta property=\"og:description\" content=\"Riding from your heart is developing your sensitivity. Go into your heart and turn off the ego of your head that will bring you analyses of how it &#8220;should&#8221; look like, how the horse &#8220;should&#8221; move and all the other &#8220;should&#8221; that may pop up in your head. Do not misunderstand me, you definitely need Read More\" \/>\n<meta property=\"og:url\" content=\"https:\/\/mariaholmstrom.se\/en\/kroppsmedvetenhet\/rid-med-ditt-hjarta\/\" \/>\n<meta property=\"og:site_name\" content=\"H\u00e4st och h\u00e4lsa - Maria Holmstr\u00f6m\" \/>\n<meta property=\"article:modified_time\" content=\"2017-08-23T07:15:27+00:00\" \/>\n<meta property=\"og:image\" content=\"http:\/\/mariaholmstrom.se\/wp-content\/uploads\/2016\/10\/heart.png\" \/>\n<meta name=\"twitter:card\" content=\"summary_large_image\" \/>\n<meta name=\"twitter:label1\" content=\"Est. reading time\" \/>\n\t<meta name=\"twitter:data1\" content=\"3 minutes\" \/>\n<script type=\"application\/ld+json\" class=\"yoast-schema-graph\">{\"@context\":\"https:\/\/schema.org\",\"@graph\":[{\"@type\":\"WebPage\",\"@id\":\"https:\/\/mariaholmstrom.se\/en\/kroppsmedvetenhet\/rid-med-ditt-hjarta\/\",\"url\":\"https:\/\/mariaholmstrom.se\/en\/kroppsmedvetenhet\/rid-med-ditt-hjarta\/\",\"name\":\"Ride from your heart - H\u00e4st och h\u00e4lsa - Maria Holmstr\u00f6m\",\"isPartOf\":{\"@id\":\"https:\/\/mariaholmstrom.se\/#website\"},\"datePublished\":\"2016-10-08T18:03:38+00:00\",\"dateModified\":\"2017-08-23T07:15:27+00:00\",\"breadcrumb\":{\"@id\":\"https:\/\/mariaholmstrom.se\/en\/kroppsmedvetenhet\/rid-med-ditt-hjarta\/#breadcrumb\"},\"inLanguage\":\"en\",\"potentialAction\":[{\"@type\":\"ReadAction\",\"target\":[\"https:\/\/mariaholmstrom.se\/en\/kroppsmedvetenhet\/rid-med-ditt-hjarta\/\"]}]},{\"@type\":\"BreadcrumbList\",\"@id\":\"https:\/\/mariaholmstrom.se\/en\/kroppsmedvetenhet\/rid-med-ditt-hjarta\/#breadcrumb\",\"itemListElement\":[{\"@type\":\"ListItem\",\"position\":1,\"name\":\"Hem\",\"item\":\"https:\/\/mariaholmstrom.se\/\"},{\"@type\":\"ListItem\",\"position\":2,\"name\":\"Kroppsmedvetenhet\",\"item\":\"https:\/\/mariaholmstrom.se\/kroppsmedvetenhet\/\"},{\"@type\":\"ListItem\",\"position\":3,\"name\":\"Ride from your heart\"}]},{\"@type\":\"WebSite\",\"@id\":\"https:\/\/mariaholmstrom.se\/#website\",\"url\":\"https:\/\/mariaholmstrom.se\/\",\"name\":\"H\u00e4st och h\u00e4lsa - Maria Holmstr\u00f6m\",\"description\":\"Friskv\u00e5rd f\u00f6r b\u00e5de m\u00e4nniska och h\u00e4st\",\"potentialAction\":[{\"@type\":\"SearchAction\",\"target\":{\"@type\":\"EntryPoint\",\"urlTemplate\":\"https:\/\/mariaholmstrom.se\/?s={search_term_string}\"},\"query-input\":\"required name=search_term_string\"}],\"inLanguage\":\"en\"}]}<\/script>\n<!-- \/ Yoast SEO plugin. -->","yoast_head_json":{"title":"Ride from your heart - H\u00e4st och h\u00e4lsa - Maria Holmstr\u00f6m","robots":{"index":"index","follow":"follow","max-snippet":"max-snippet:-1","max-image-preview":"max-image-preview:large","max-video-preview":"max-video-preview:-1"},"canonical":"https:\/\/mariaholmstrom.se\/en\/kroppsmedvetenhet\/rid-med-ditt-hjarta\/","og_locale":"en_US","og_type":"article","og_title":"Ride from your heart - H\u00e4st och h\u00e4lsa - Maria Holmstr\u00f6m","og_description":"Riding from your heart is developing your sensitivity. Go into your heart and turn off the ego of your head that will bring you analyses of how it &#8220;should&#8221; look like, how the horse &#8220;should&#8221; move and all the other &#8220;should&#8221; that may pop up in your head. Do not misunderstand me, you definitely need Read More","og_url":"https:\/\/mariaholmstrom.se\/en\/kroppsmedvetenhet\/rid-med-ditt-hjarta\/","og_site_name":"H\u00e4st och h\u00e4lsa - Maria Holmstr\u00f6m","article_modified_time":"2017-08-23T07:15:27+00:00","og_image":[{"url":"http:\/\/mariaholmstrom.se\/wp-content\/uploads\/2016\/10\/heart.png"}],"twitter_card":"summary_large_image","twitter_misc":{"Est. reading time":"3 minutes"},"schema":{"@context":"https:\/\/schema.org","@graph":[{"@type":"WebPage","@id":"https:\/\/mariaholmstrom.se\/en\/kroppsmedvetenhet\/rid-med-ditt-hjarta\/","url":"https:\/\/mariaholmstrom.se\/en\/kroppsmedvetenhet\/rid-med-ditt-hjarta\/","name":"Ride from your heart - H\u00e4st och h\u00e4lsa - Maria Holmstr\u00f6m","isPartOf":{"@id":"https:\/\/mariaholmstrom.se\/#website"},"datePublished":"2016-10-08T18:03:38+00:00","dateModified":"2017-08-23T07:15:27+00:00","breadcrumb":{"@id":"https:\/\/mariaholmstrom.se\/en\/kroppsmedvetenhet\/rid-med-ditt-hjarta\/#breadcrumb"},"inLanguage":"en","potentialAction":[{"@type":"ReadAction","target":["https:\/\/mariaholmstrom.se\/en\/kroppsmedvetenhet\/rid-med-ditt-hjarta\/"]}]},{"@type":"BreadcrumbList","@id":"https:\/\/mariaholmstrom.se\/en\/kroppsmedvetenhet\/rid-med-ditt-hjarta\/#breadcrumb","itemListElement":[{"@type":"ListItem","position":1,"name":"Hem","item":"https:\/\/mariaholmstrom.se\/"},{"@type":"ListItem","position":2,"name":"Kroppsmedvetenhet","item":"https:\/\/mariaholmstrom.se\/kroppsmedvetenhet\/"},{"@type":"ListItem","position":3,"name":"Ride from your heart"}]},{"@type":"WebSite","@id":"https:\/\/mariaholmstrom.se\/#website","url":"https:\/\/mariaholmstrom.se\/","name":"H\u00e4st och h\u00e4lsa - Maria Holmstr\u00f6m","description":"Friskv\u00e5rd f\u00f6r b\u00e5de m\u00e4nniska och h\u00e4st","potentialAction":[{"@type":"SearchAction","target":{"@type":"EntryPoint","urlTemplate":"https:\/\/mariaholmstrom.se\/?s={search_term_string}"},"query-input":"required name=search_term_string"}],"inLanguage":"en"}]}},"_links":{"self":[{"href":"https:\/\/mariaholmstrom.se\/en\/wp-json\/wp\/v2\/pages\/317"}],"collection":[{"href":"https:\/\/mariaholmstrom.se\/en\/wp-json\/wp\/v2\/pages"}],"about":[{"href":"https:\/\/mariaholmstrom.se\/en\/wp-json\/wp\/v2\/types\/page"}],"author":[{"embeddable":true,"href":"https:\/\/mariaholmstrom.se\/en\/wp-json\/wp\/v2\/users\/1"}],"replies":[{"embeddable":true,"href":"https:\/\/mariaholmstrom.se\/en\/wp-json\/wp\/v2\/comments?post=317"}],"version-history":[{"count":6,"href":"https:\/\/mariaholmstrom.se\/en\/wp-json\/wp\/v2\/pages\/317\/revisions"}],"predecessor-version":[{"id":1032,"href":"https:\/\/mariaholmstrom.se\/en\/wp-json\/wp\/v2\/pages\/317\/revisions\/1032"}],"up":[{"embeddable":true,"href":"https:\/\/mariaholmstrom.se\/en\/wp-json\/wp\/v2\/pages\/305"}],"wp:attachment":[{"href":"https:\/\/mariaholmstrom.se\/en\/wp-json\/wp\/v2\/media?parent=317"}],"curies":[{"name":"wp","href":"https:\/\/api.w.org\/{rel}","templated":true}]}}