{"id":33,"date":"2016-08-07T13:48:26","date_gmt":"2016-08-07T11:48:26","guid":{"rendered":"http:\/\/mariaholmstrom.se\/?page_id=33"},"modified":"2019-11-25T20:25:35","modified_gmt":"2019-11-25T19:25:35","slug":"longering","status":"publish","type":"page","link":"https:\/\/mariaholmstrom.se\/en\/onlinekurs-akademisk-ridkonst\/longering\/","title":{"rendered":"Longeing"},"content":{"rendered":"<p><span class=\"intro\">In longeing the horse is moving on a bigger circle around us. In this position we don\u2019t have to move as much as the horse and it is thus suitable for work in walk, trot and canter.<\/span><\/p>\n<p>When the work in groundwork is working decently it is time to start longeing. In longeing you use exactly the same aids as the ones you use in groundwork. The difference is that you are no longer walking backwards in front of the horse, but you are facing the horse belly to belly. In addition, the horse is a bit further away compared to the groundwork position. This distance between you and the horse can make the communication a bit more difficult, but it is just to practice and eventually it will be as easy as in groundwork.<\/p>\n<figure id=\"attachment_808\" aria-describedby=\"caption-attachment-808\" style=\"width: 600px\" class=\"wp-caption aligncenter\"><img loading=\"lazy\" decoding=\"async\" class=\"wp-image-808 size-full\" src=\"http:\/\/mariaholmstrom.se\/wp-content\/uploads\/2016\/08\/Longerposition.jpg\" alt=\"longerposition\" width=\"600\" height=\"415\" srcset=\"https:\/\/mariaholmstrom.se\/wp-content\/uploads\/2016\/08\/Longerposition.jpg 600w, https:\/\/mariaholmstrom.se\/wp-content\/uploads\/2016\/08\/Longerposition-300x208.jpg 300w\" sizes=\"(max-width: 600px) 100vw, 600px\" \/><figcaption id=\"caption-attachment-808\" class=\"wp-caption-text\">The position to use in longeing is belly to belly, with a \u201csmiling\u201d longe line.<\/figcaption><\/figure>\n<p>It is important to constantly give with the longe line. It should be \u201csmiling\u201d, i.e. when not used it should slack. Of course the line can be used when needed but you must never hold on to it. If you hold on to it the horse must tense the muscles around its neck to protect itself and then you will never get a proper relaxation or bending and stelling. In addition, you must never yank the line. If the situation demands it you can grab on properly, but do grab in a \u201crubbery\u201d way, to slowly stretch the line and avoid sudden jerks in the neck, and then directly give with the line again.<\/p>\n<p>How far from the horse you are depends on your education. In the beginning you walk close enough to be able to touch the horse with the whip and when your communication is improving you can move the horse further away. This means that you have to walk more in the beginning, to avoid the circle to become too small.<\/p>\n<p><img loading=\"lazy\" decoding=\"async\" class=\"aligncenter wp-image-1128 size-full\" src=\"http:\/\/mariaholmstrom.se\/wp-content\/uploads\/2016\/08\/Longering2.jpg\" alt=\"\" width=\"800\" height=\"459\" srcset=\"https:\/\/mariaholmstrom.se\/wp-content\/uploads\/2016\/08\/Longering2.jpg 800w, https:\/\/mariaholmstrom.se\/wp-content\/uploads\/2016\/08\/Longering2-300x172.jpg 300w, https:\/\/mariaholmstrom.se\/wp-content\/uploads\/2016\/08\/Longering2-768x441.jpg 768w\" sizes=\"(max-width: 800px) 100vw, 800px\" \/><\/p>\n<p>&nbsp;<\/p>","protected":false},"excerpt":{"rendered":"<p>In longeing the horse is moving on a bigger circle around us. In this position we don\u2019t have to move as much as the horse and it is thus suitable for work in walk, trot and canter. When the work in groundwork is working decently it is time to start longeing. In longeing you use <a class=\"read-more\" href=\"https:\/\/mariaholmstrom.se\/en\/onlinekurs-akademisk-ridkonst\/longering\/\">Read More<\/a><\/p>\n","protected":false},"author":1,"featured_media":0,"parent":8,"menu_order":0,"comment_status":"closed","ping_status":"closed","template":"","meta":{"footnotes":""},"yoast_head":"<!-- This site is optimized with the Yoast SEO plugin v20.0 - https:\/\/yoast.com\/wordpress\/plugins\/seo\/ -->\n<title>Longering - Mariaholmstrom.se<\/title>\n<meta name=\"description\" content=\"I denna del av v\u00e5r online-kurs i akademisk ridkonst f\u00e5r du l\u00e4ra dig hur du longerar en h\u00e4st i form, utan insp\u00e4nningstyglar\" \/>\n<meta name=\"robots\" content=\"index, follow, max-snippet:-1, max-image-preview:large, max-video-preview:-1\" \/>\n<link rel=\"canonical\" href=\"https:\/\/mariaholmstrom.se\/onlinekurs-akademisk-ridkonst\/longering\/\" \/>\n<meta property=\"og:locale\" content=\"en_US\" \/>\n<meta property=\"og:type\" content=\"article\" \/>\n<meta property=\"og:title\" content=\"Longering - Mariaholmstrom.se\" \/>\n<meta property=\"og:description\" content=\"I denna del av v\u00e5r online-kurs i akademisk ridkonst f\u00e5r du l\u00e4ra dig hur du longerar en h\u00e4st i form, utan insp\u00e4nningstyglar\" \/>\n<meta property=\"og:url\" content=\"https:\/\/mariaholmstrom.se\/onlinekurs-akademisk-ridkonst\/longering\/\" \/>\n<meta property=\"og:site_name\" content=\"H\u00e4st och h\u00e4lsa - Maria Holmstr\u00f6m\" \/>\n<meta property=\"article:modified_time\" content=\"2019-11-25T19:25:35+00:00\" \/>\n<meta property=\"og:image\" content=\"http:\/\/mariaholmstrom.se\/wp-content\/uploads\/2016\/08\/Longerposition.jpg\" \/>\n<meta name=\"twitter:card\" content=\"summary_large_image\" \/>\n<meta name=\"twitter:label1\" content=\"Est. reading time\" \/>\n\t<meta name=\"twitter:data1\" content=\"4 minutes\" \/>\n<script type=\"application\/ld+json\" class=\"yoast-schema-graph\">{\"@context\":\"https:\/\/schema.org\",\"@graph\":[{\"@type\":\"WebPage\",\"@id\":\"https:\/\/mariaholmstrom.se\/onlinekurs-akademisk-ridkonst\/longering\/\",\"url\":\"https:\/\/mariaholmstrom.se\/onlinekurs-akademisk-ridkonst\/longering\/\",\"name\":\"Longering - Mariaholmstrom.se\",\"isPartOf\":{\"@id\":\"https:\/\/mariaholmstrom.se\/#website\"},\"datePublished\":\"2016-08-07T11:48:26+00:00\",\"dateModified\":\"2019-11-25T19:25:35+00:00\",\"description\":\"I denna del av v\u00e5r online-kurs i akademisk ridkonst f\u00e5r du l\u00e4ra dig hur du longerar en h\u00e4st i form, utan insp\u00e4nningstyglar\",\"breadcrumb\":{\"@id\":\"https:\/\/mariaholmstrom.se\/onlinekurs-akademisk-ridkonst\/longering\/#breadcrumb\"},\"inLanguage\":\"en\",\"potentialAction\":[{\"@type\":\"ReadAction\",\"target\":[\"https:\/\/mariaholmstrom.se\/onlinekurs-akademisk-ridkonst\/longering\/\"]}]},{\"@type\":\"BreadcrumbList\",\"@id\":\"https:\/\/mariaholmstrom.se\/onlinekurs-akademisk-ridkonst\/longering\/#breadcrumb\",\"itemListElement\":[{\"@type\":\"ListItem\",\"position\":1,\"name\":\"Hem\",\"item\":\"https:\/\/mariaholmstrom.se\/\"},{\"@type\":\"ListItem\",\"position\":2,\"name\":\"AR-skolan\",\"item\":\"https:\/\/mariaholmstrom.se\/onlinekurs-akademisk-ridkonst\/\"},{\"@type\":\"ListItem\",\"position\":3,\"name\":\"Longering\"}]},{\"@type\":\"WebSite\",\"@id\":\"https:\/\/mariaholmstrom.se\/#website\",\"url\":\"https:\/\/mariaholmstrom.se\/\",\"name\":\"H\u00e4st och h\u00e4lsa - Maria Holmstr\u00f6m\",\"description\":\"Friskv\u00e5rd f\u00f6r b\u00e5de m\u00e4nniska och h\u00e4st\",\"potentialAction\":[{\"@type\":\"SearchAction\",\"target\":{\"@type\":\"EntryPoint\",\"urlTemplate\":\"https:\/\/mariaholmstrom.se\/?s={search_term_string}\"},\"query-input\":\"required name=search_term_string\"}],\"inLanguage\":\"en\"}]}<\/script>\n<!-- \/ Yoast SEO plugin. -->","yoast_head_json":{"title":"Longering - Mariaholmstrom.se","description":"I denna del av v\u00e5r online-kurs i akademisk ridkonst f\u00e5r du l\u00e4ra dig hur du longerar en h\u00e4st i form, utan insp\u00e4nningstyglar","robots":{"index":"index","follow":"follow","max-snippet":"max-snippet:-1","max-image-preview":"max-image-preview:large","max-video-preview":"max-video-preview:-1"},"canonical":"https:\/\/mariaholmstrom.se\/onlinekurs-akademisk-ridkonst\/longering\/","og_locale":"en_US","og_type":"article","og_title":"Longering - Mariaholmstrom.se","og_description":"I denna del av v\u00e5r online-kurs i akademisk ridkonst f\u00e5r du l\u00e4ra dig hur du longerar en h\u00e4st i form, utan insp\u00e4nningstyglar","og_url":"https:\/\/mariaholmstrom.se\/onlinekurs-akademisk-ridkonst\/longering\/","og_site_name":"H\u00e4st och h\u00e4lsa - Maria Holmstr\u00f6m","article_modified_time":"2019-11-25T19:25:35+00:00","og_image":[{"url":"http:\/\/mariaholmstrom.se\/wp-content\/uploads\/2016\/08\/Longerposition.jpg"}],"twitter_card":"summary_large_image","twitter_misc":{"Est. reading time":"4 minutes"},"schema":{"@context":"https:\/\/schema.org","@graph":[{"@type":"WebPage","@id":"https:\/\/mariaholmstrom.se\/onlinekurs-akademisk-ridkonst\/longering\/","url":"https:\/\/mariaholmstrom.se\/onlinekurs-akademisk-ridkonst\/longering\/","name":"Longering - Mariaholmstrom.se","isPartOf":{"@id":"https:\/\/mariaholmstrom.se\/#website"},"datePublished":"2016-08-07T11:48:26+00:00","dateModified":"2019-11-25T19:25:35+00:00","description":"I denna del av v\u00e5r online-kurs i akademisk ridkonst f\u00e5r du l\u00e4ra dig hur du longerar en h\u00e4st i form, utan insp\u00e4nningstyglar","breadcrumb":{"@id":"https:\/\/mariaholmstrom.se\/onlinekurs-akademisk-ridkonst\/longering\/#breadcrumb"},"inLanguage":"en","potentialAction":[{"@type":"ReadAction","target":["https:\/\/mariaholmstrom.se\/onlinekurs-akademisk-ridkonst\/longering\/"]}]},{"@type":"BreadcrumbList","@id":"https:\/\/mariaholmstrom.se\/onlinekurs-akademisk-ridkonst\/longering\/#breadcrumb","itemListElement":[{"@type":"ListItem","position":1,"name":"Hem","item":"https:\/\/mariaholmstrom.se\/"},{"@type":"ListItem","position":2,"name":"AR-skolan","item":"https:\/\/mariaholmstrom.se\/onlinekurs-akademisk-ridkonst\/"},{"@type":"ListItem","position":3,"name":"Longering"}]},{"@type":"WebSite","@id":"https:\/\/mariaholmstrom.se\/#website","url":"https:\/\/mariaholmstrom.se\/","name":"H\u00e4st och h\u00e4lsa - Maria Holmstr\u00f6m","description":"Friskv\u00e5rd f\u00f6r b\u00e5de m\u00e4nniska och h\u00e4st","potentialAction":[{"@type":"SearchAction","target":{"@type":"EntryPoint","urlTemplate":"https:\/\/mariaholmstrom.se\/?s={search_term_string}"},"query-input":"required name=search_term_string"}],"inLanguage":"en"}]}},"_links":{"self":[{"href":"https:\/\/mariaholmstrom.se\/en\/wp-json\/wp\/v2\/pages\/33"}],"collection":[{"href":"https:\/\/mariaholmstrom.se\/en\/wp-json\/wp\/v2\/pages"}],"about":[{"href":"https:\/\/mariaholmstrom.se\/en\/wp-json\/wp\/v2\/types\/page"}],"author":[{"embeddable":true,"href":"https:\/\/mariaholmstrom.se\/en\/wp-json\/wp\/v2\/users\/1"}],"replies":[{"embeddable":true,"href":"https:\/\/mariaholmstrom.se\/en\/wp-json\/wp\/v2\/comments?post=33"}],"version-history":[{"count":19,"href":"https:\/\/mariaholmstrom.se\/en\/wp-json\/wp\/v2\/pages\/33\/revisions"}],"predecessor-version":[{"id":1129,"href":"https:\/\/mariaholmstrom.se\/en\/wp-json\/wp\/v2\/pages\/33\/revisions\/1129"}],"up":[{"embeddable":true,"href":"https:\/\/mariaholmstrom.se\/en\/wp-json\/wp\/v2\/pages\/8"}],"wp:attachment":[{"href":"https:\/\/mariaholmstrom.se\/en\/wp-json\/wp\/v2\/media?parent=33"}],"curies":[{"name":"wp","href":"https:\/\/api.w.org\/{rel}","templated":true}]}}