{"id":331,"date":"2016-10-08T21:28:20","date_gmt":"2016-10-08T19:28:20","guid":{"rendered":"http:\/\/mariaholmstrom.se\/?page_id=331"},"modified":"2019-11-25T20:22:39","modified_gmt":"2019-11-25T19:22:39","slug":"borja-groundwork","status":"publish","type":"page","link":"https:\/\/mariaholmstrom.se\/en\/onlinekurs-akademisk-ridkonst\/groundwork\/borja-groundwork\/","title":{"rendered":"How to start with ground work"},"content":{"rendered":"<p><span class=\"intro\">During the first lessons in ground work you establish your positions. You learn to place the horse on a suitable distance using your body language in combination with the whip. In addition, you want to make the horse follow you around the circle, so that it neither slips outwards or takes a short cut.<\/span><\/p>\n<p>Your first ground work lesson is about to start, but how are you supposed to do it? Start with some leading exercises to feel you and the horse are listening to each other. Then you stop the horse and stand in front of it. Ask the horse to lower its head. Start walking backwards on a circle together with the horse. Just as you have started and stopped simultaneaously in the leading exercises, you want to do it in the ground work. However, the position in ground work is more stopping than the one in the leading exercises since you are standing in front of the horse. If the horse thinks this is a bit odd, then just urge it onwards and ask it to follow you. A little tidbit might do wonders. When you start walking backwards, you might realise the horse easily slips outwards from the circle and make it bigger, or maybe it cut corners to reduce the circle? Maybe it is difficult to maintain a suitable distance to the horse? Is the horse falling behind or is it maybe in a hurry and even push into you?<\/p>\n<blockquote><p>A little tidbit might do wonders.<\/p><\/blockquote>\n<p>You want the horse to follow your body, just as you are used to from the leading exercises. To facilitate this you may change your position, from having the horse a bit on the outside to having it right in front of you, head pointing towards your stomach. Then start walking and get the horse to follow your body. The most important thing is for you to find a suitable distance from each other. If the horse constantly pushes into you, you\u00b4ll lose balance and then you can\u00b4t work, and the same thing goes for a horse falling behind that you feel the constant need of pulling along. Use the whip on the chest, under the neck, to make the horse stop and use the whip in the leg aid area to get it to hurry up.<\/p>\n<figure id=\"attachment_557\" aria-describedby=\"caption-attachment-557\" style=\"width: 800px\" class=\"wp-caption aligncenter\"><img loading=\"lazy\" decoding=\"async\" class=\"wp-image-557\" src=\"http:\/\/mariaholmstrom.se\/wp-content\/uploads\/2016\/10\/Groundwork-distance-300x215.jpg\" alt=\"groundwork-distance\" width=\"800\" height=\"572\" srcset=\"https:\/\/mariaholmstrom.se\/wp-content\/uploads\/2016\/10\/Groundwork-distance-300x215.jpg 300w, https:\/\/mariaholmstrom.se\/wp-content\/uploads\/2016\/10\/Groundwork-distance-768x549.jpg 768w, https:\/\/mariaholmstrom.se\/wp-content\/uploads\/2016\/10\/Groundwork-distance.jpg 800w\" sizes=\"(max-width: 800px) 100vw, 800px\" \/><figcaption id=\"caption-attachment-557\" class=\"wp-caption-text\">In ground work it is important to keep the distance between human and horse. The distance may be 1 cm or 2 m, as long as both of you respect it and don\u00b4t push into each other.<\/figcaption><\/figure>\n<p>In ground work, it is important to keep the distance between human and horse. The distance can be 1 cm or 2 m as long as both of you respect it and don\u2019t push into each other. Just as in the leading exercises the rein hand has nothing to do with speed control, ie you neither pull the rein to stop the horse or pull the horse along if it is too slow. If the horse, despite a whip aid in the leg aid area, does not speed up, then turn around to leading exercise position and walk along the horse for a few steps, and then slip back into ground work position and praise your horse a lot when joining you.<\/p>\n<blockquote><p>Just as in the leading exercises the rein hand has nothing to do with speed control<em>\u2026<\/em><\/p><\/blockquote>\n<p>If the horse is cutting corners and reduce the circle size, lift the whip and tap it against the inside shoulder, and if the horse is sliding outwards and increase the circle, you place the whip under the neck and tap the outside shoulder. The first ground work lessons are essentially leading exercises where you walk backwards! Practice by stopping together, ask the horse to lower its head, and start together, many, many times.<\/p>\n<p><strong>Remember<\/strong><\/p>\n<ul>\n<li>Stop the horse and ask it to lower its head.<\/li>\n<li>Find a suitable distance to each other and maintain it using your body language and whip.<\/li>\n<li>Shape the horse according to the circle. The whip on the inside shoulder prevent the horse from cutting corners and the whip placed under the neck on the outside prevents the horse from sliding outwards.<\/li>\n<\/ul>\n<p><\/p>","protected":false},"excerpt":{"rendered":"<p>During the first lessons in ground work you establish your positions. You learn to place the horse on a suitable distance using your body language in combination with the whip. In addition, you want to make the horse follow you around the circle, so that it neither slips outwards or takes a short cut. Your <a class=\"read-more\" href=\"https:\/\/mariaholmstrom.se\/en\/onlinekurs-akademisk-ridkonst\/groundwork\/borja-groundwork\/\">Read More<\/a><\/p>\n","protected":false},"author":1,"featured_media":0,"parent":52,"menu_order":0,"comment_status":"closed","ping_status":"closed","template":"","meta":{"footnotes":""},"yoast_head":"<!-- This site is optimized with the Yoast SEO plugin v20.0 - https:\/\/yoast.com\/wordpress\/plugins\/seo\/ -->\n<title>B\u00f6rja med groundwork i akademisk ridkonst - Mariaholmstrom.se<\/title>\n<meta name=\"description\" content=\"I denna del av v\u00e5r online-kurs i akademisk ridkonst f\u00e5r du l\u00e4ra dig hur du b\u00f6rjar med groundwork och hur ni hittar r\u00e4tt position, balans och takt.\" \/>\n<meta name=\"robots\" content=\"index, follow, max-snippet:-1, max-image-preview:large, max-video-preview:-1\" \/>\n<link rel=\"canonical\" href=\"https:\/\/mariaholmstrom.se\/onlinekurs-akademisk-ridkonst\/groundwork\/borja-groundwork\/\" \/>\n<meta property=\"og:locale\" content=\"en_US\" \/>\n<meta property=\"og:type\" content=\"article\" \/>\n<meta property=\"og:title\" content=\"B\u00f6rja med groundwork i akademisk ridkonst - Mariaholmstrom.se\" \/>\n<meta property=\"og:description\" content=\"I denna del av v\u00e5r online-kurs i akademisk ridkonst f\u00e5r du l\u00e4ra dig hur du b\u00f6rjar med groundwork och hur ni hittar r\u00e4tt position, balans och takt.\" \/>\n<meta property=\"og:url\" content=\"https:\/\/mariaholmstrom.se\/onlinekurs-akademisk-ridkonst\/groundwork\/borja-groundwork\/\" \/>\n<meta property=\"og:site_name\" content=\"H\u00e4st och h\u00e4lsa - Maria Holmstr\u00f6m\" \/>\n<meta property=\"article:modified_time\" content=\"2019-11-25T19:22:39+00:00\" \/>\n<meta property=\"og:image\" content=\"http:\/\/mariaholmstrom.se\/wp-content\/uploads\/2016\/10\/Groundwork-distance.jpg\" \/>\n<meta name=\"twitter:card\" content=\"summary_large_image\" \/>\n<meta name=\"twitter:label1\" content=\"Est. reading time\" \/>\n\t<meta name=\"twitter:data1\" content=\"7 minutes\" \/>\n<script type=\"application\/ld+json\" class=\"yoast-schema-graph\">{\"@context\":\"https:\/\/schema.org\",\"@graph\":[{\"@type\":\"WebPage\",\"@id\":\"https:\/\/mariaholmstrom.se\/onlinekurs-akademisk-ridkonst\/groundwork\/borja-groundwork\/\",\"url\":\"https:\/\/mariaholmstrom.se\/onlinekurs-akademisk-ridkonst\/groundwork\/borja-groundwork\/\",\"name\":\"B\u00f6rja med groundwork i akademisk ridkonst - Mariaholmstrom.se\",\"isPartOf\":{\"@id\":\"https:\/\/mariaholmstrom.se\/#website\"},\"datePublished\":\"2016-10-08T19:28:20+00:00\",\"dateModified\":\"2019-11-25T19:22:39+00:00\",\"description\":\"I denna del av v\u00e5r online-kurs i akademisk ridkonst f\u00e5r du l\u00e4ra dig hur du b\u00f6rjar med groundwork och hur ni hittar r\u00e4tt position, balans och takt.\",\"breadcrumb\":{\"@id\":\"https:\/\/mariaholmstrom.se\/onlinekurs-akademisk-ridkonst\/groundwork\/borja-groundwork\/#breadcrumb\"},\"inLanguage\":\"en\",\"potentialAction\":[{\"@type\":\"ReadAction\",\"target\":[\"https:\/\/mariaholmstrom.se\/onlinekurs-akademisk-ridkonst\/groundwork\/borja-groundwork\/\"]}]},{\"@type\":\"BreadcrumbList\",\"@id\":\"https:\/\/mariaholmstrom.se\/onlinekurs-akademisk-ridkonst\/groundwork\/borja-groundwork\/#breadcrumb\",\"itemListElement\":[{\"@type\":\"ListItem\",\"position\":1,\"name\":\"Hem\",\"item\":\"https:\/\/mariaholmstrom.se\/\"},{\"@type\":\"ListItem\",\"position\":2,\"name\":\"AR-skolan\",\"item\":\"https:\/\/mariaholmstrom.se\/onlinekurs-akademisk-ridkonst\/\"},{\"@type\":\"ListItem\",\"position\":3,\"name\":\"Groundwork\",\"item\":\"https:\/\/mariaholmstrom.se\/onlinekurs-akademisk-ridkonst\/groundwork\/\"},{\"@type\":\"ListItem\",\"position\":4,\"name\":\"S\u00e5 h\u00e4r b\u00f6rjar du med groundwork\"}]},{\"@type\":\"WebSite\",\"@id\":\"https:\/\/mariaholmstrom.se\/#website\",\"url\":\"https:\/\/mariaholmstrom.se\/\",\"name\":\"H\u00e4st och h\u00e4lsa - Maria Holmstr\u00f6m\",\"description\":\"Friskv\u00e5rd f\u00f6r b\u00e5de m\u00e4nniska och h\u00e4st\",\"potentialAction\":[{\"@type\":\"SearchAction\",\"target\":{\"@type\":\"EntryPoint\",\"urlTemplate\":\"https:\/\/mariaholmstrom.se\/?s={search_term_string}\"},\"query-input\":\"required name=search_term_string\"}],\"inLanguage\":\"en\"}]}<\/script>\n<!-- \/ Yoast SEO plugin. -->","yoast_head_json":{"title":"B\u00f6rja med groundwork i akademisk ridkonst - Mariaholmstrom.se","description":"I denna del av v\u00e5r online-kurs i akademisk ridkonst f\u00e5r du l\u00e4ra dig hur du b\u00f6rjar med groundwork och hur ni hittar r\u00e4tt position, balans och takt.","robots":{"index":"index","follow":"follow","max-snippet":"max-snippet:-1","max-image-preview":"max-image-preview:large","max-video-preview":"max-video-preview:-1"},"canonical":"https:\/\/mariaholmstrom.se\/onlinekurs-akademisk-ridkonst\/groundwork\/borja-groundwork\/","og_locale":"en_US","og_type":"article","og_title":"B\u00f6rja med groundwork i akademisk ridkonst - Mariaholmstrom.se","og_description":"I denna del av v\u00e5r online-kurs i akademisk ridkonst f\u00e5r du l\u00e4ra dig hur du b\u00f6rjar med groundwork och hur ni hittar r\u00e4tt position, balans och takt.","og_url":"https:\/\/mariaholmstrom.se\/onlinekurs-akademisk-ridkonst\/groundwork\/borja-groundwork\/","og_site_name":"H\u00e4st och h\u00e4lsa - Maria Holmstr\u00f6m","article_modified_time":"2019-11-25T19:22:39+00:00","og_image":[{"url":"http:\/\/mariaholmstrom.se\/wp-content\/uploads\/2016\/10\/Groundwork-distance.jpg"}],"twitter_card":"summary_large_image","twitter_misc":{"Est. reading time":"7 minutes"},"schema":{"@context":"https:\/\/schema.org","@graph":[{"@type":"WebPage","@id":"https:\/\/mariaholmstrom.se\/onlinekurs-akademisk-ridkonst\/groundwork\/borja-groundwork\/","url":"https:\/\/mariaholmstrom.se\/onlinekurs-akademisk-ridkonst\/groundwork\/borja-groundwork\/","name":"B\u00f6rja med groundwork i akademisk ridkonst - Mariaholmstrom.se","isPartOf":{"@id":"https:\/\/mariaholmstrom.se\/#website"},"datePublished":"2016-10-08T19:28:20+00:00","dateModified":"2019-11-25T19:22:39+00:00","description":"I denna del av v\u00e5r online-kurs i akademisk ridkonst f\u00e5r du l\u00e4ra dig hur du b\u00f6rjar med groundwork och hur ni hittar r\u00e4tt position, balans och takt.","breadcrumb":{"@id":"https:\/\/mariaholmstrom.se\/onlinekurs-akademisk-ridkonst\/groundwork\/borja-groundwork\/#breadcrumb"},"inLanguage":"en","potentialAction":[{"@type":"ReadAction","target":["https:\/\/mariaholmstrom.se\/onlinekurs-akademisk-ridkonst\/groundwork\/borja-groundwork\/"]}]},{"@type":"BreadcrumbList","@id":"https:\/\/mariaholmstrom.se\/onlinekurs-akademisk-ridkonst\/groundwork\/borja-groundwork\/#breadcrumb","itemListElement":[{"@type":"ListItem","position":1,"name":"Hem","item":"https:\/\/mariaholmstrom.se\/"},{"@type":"ListItem","position":2,"name":"AR-skolan","item":"https:\/\/mariaholmstrom.se\/onlinekurs-akademisk-ridkonst\/"},{"@type":"ListItem","position":3,"name":"Groundwork","item":"https:\/\/mariaholmstrom.se\/onlinekurs-akademisk-ridkonst\/groundwork\/"},{"@type":"ListItem","position":4,"name":"S\u00e5 h\u00e4r b\u00f6rjar du med groundwork"}]},{"@type":"WebSite","@id":"https:\/\/mariaholmstrom.se\/#website","url":"https:\/\/mariaholmstrom.se\/","name":"H\u00e4st och h\u00e4lsa - Maria Holmstr\u00f6m","description":"Friskv\u00e5rd f\u00f6r b\u00e5de m\u00e4nniska och h\u00e4st","potentialAction":[{"@type":"SearchAction","target":{"@type":"EntryPoint","urlTemplate":"https:\/\/mariaholmstrom.se\/?s={search_term_string}"},"query-input":"required name=search_term_string"}],"inLanguage":"en"}]}},"_links":{"self":[{"href":"https:\/\/mariaholmstrom.se\/en\/wp-json\/wp\/v2\/pages\/331"}],"collection":[{"href":"https:\/\/mariaholmstrom.se\/en\/wp-json\/wp\/v2\/pages"}],"about":[{"href":"https:\/\/mariaholmstrom.se\/en\/wp-json\/wp\/v2\/types\/page"}],"author":[{"embeddable":true,"href":"https:\/\/mariaholmstrom.se\/en\/wp-json\/wp\/v2\/users\/1"}],"replies":[{"embeddable":true,"href":"https:\/\/mariaholmstrom.se\/en\/wp-json\/wp\/v2\/comments?post=331"}],"version-history":[{"count":8,"href":"https:\/\/mariaholmstrom.se\/en\/wp-json\/wp\/v2\/pages\/331\/revisions"}],"predecessor-version":[{"id":918,"href":"https:\/\/mariaholmstrom.se\/en\/wp-json\/wp\/v2\/pages\/331\/revisions\/918"}],"up":[{"embeddable":true,"href":"https:\/\/mariaholmstrom.se\/en\/wp-json\/wp\/v2\/pages\/52"}],"wp:attachment":[{"href":"https:\/\/mariaholmstrom.se\/en\/wp-json\/wp\/v2\/media?parent=331"}],"curies":[{"name":"wp","href":"https:\/\/api.w.org\/{rel}","templated":true}]}}