{"id":334,"date":"2016-10-08T21:29:56","date_gmt":"2016-10-08T19:29:56","guid":{"rendered":"http:\/\/mariaholmstrom.se\/?page_id=334"},"modified":"2019-11-25T20:21:16","modified_gmt":"2019-11-25T19:21:16","slug":"ga-baklanges","status":"publish","type":"page","link":"https:\/\/mariaholmstrom.se\/en\/onlinekurs-akademisk-ridkonst\/groundwork\/ga-baklanges\/","title":{"rendered":"Walking backwards \u2013 finding your own body"},"content":{"rendered":"<p><span class=\"intro\">By focusing on your own body for a moment and start feeling your movements you begin to develop your body awareness. You find the circle track in your body ad thereby you can mediate the sensation of bending to the horse.<\/span><\/p>\n<p>Ok, so there is this thing about walking backwards. But really, if you never worked in ground work before, how easy is it to walk backwards on a circle? Will it become a round circle or is it egg-shaped, or maybe even some other fanciful shape? Isn\u00b4t it really easy to trip on your own feet? And are you really supposed to watch the horse at the same time? Well, it looks easy enough but in the beginning it may be difficult to get the circle circular and then it can be a good thing to practice a bit on your own, without a horse.<\/p>\n<blockquote><p>Isn\u00b4t it really easy to trip on your own feet?<\/p><\/blockquote>\n<p>Start by walking forwards on a circle. Since you eventually want bending and stelling in the horse on the circle it is important that you do the same. This means you need to turn slightly into the circle. Outer shoulder and leg should be placed slightly in front of your inner shoulder and leg if you were to stop on the circle. The head does not twist more than the body, ie do not look more into the circle than your whole body can cope with.<\/p>\n<figure id=\"attachment_564\" aria-describedby=\"caption-attachment-564\" style=\"width: 600px\" class=\"wp-caption aligncenter\"><img loading=\"lazy\" decoding=\"async\" class=\"wp-image-564\" src=\"http:\/\/mariaholmstrom.se\/wp-content\/uploads\/2016\/10\/hitta-din-volt1crop-1.jpg\" alt=\"The feet are walking on one track each, parallel next to each other but they never cross.\" width=\"600\" height=\"596\" srcset=\"https:\/\/mariaholmstrom.se\/wp-content\/uploads\/2016\/10\/hitta-din-volt1crop-1.jpg 604w, https:\/\/mariaholmstrom.se\/wp-content\/uploads\/2016\/10\/hitta-din-volt1crop-1-150x150.jpg 150w, https:\/\/mariaholmstrom.se\/wp-content\/uploads\/2016\/10\/hitta-din-volt1crop-1-300x298.jpg 300w\" sizes=\"(max-width: 600px) 100vw, 600px\" \/><figcaption id=\"caption-attachment-564\" class=\"wp-caption-text\">Regardless if you are walking forwards or backwards on the circle you need to work with your bending. Turn slightly towards the circle centre, just as much in your whole body, from feet to head.<\/figcaption><\/figure>\n<p>If you now look down on your feet, how do they move? The toes should point a bit inwards and the heels a bit outwards. Do your feet move next to each other or is one foot crossing towards the other? Try actively to walk as if you were walking on a railway track. The feet are walking on one track each, parallel next to each other but they never cross. Since the track is round your toes need to point a bit inwards and the heels a bit outwards. Practice this and then add the rest of your body. Try to soften as much as possible in all of your body. Lower your inner hip when taking a step with the inner leg. Breathe deeply and just relax.<\/p>\n<blockquote><p>The feet are walking on one track each, parallel next to each other but they never cross.<\/p><\/blockquote>\n<p>When you are getting used to walking forwards on a circle then it is time to reverse the direction and walk backwards. Just as when walking for-wards, start looking at your feet. The feet should still not cross but just follow their railway tracks in the ground, with the heels slightly turned outwards and the toes slightly inwards. Soften in your inner hip, turn slightly inwards, breathe deeply and smile big! You\u2019re exploring your body awareness and that is always useful, regardless if it is for the horse training or in everyday life.<\/p>\n<p><strong>Remember<\/strong><\/p>\n<ul>\n<li>The better you know your own body the easier all horse training gets.<\/li>\n<li>Turn your own body slightly inwards in the circle.<\/li>\n<li>The toes point slightly towards the circle centre and the heels slightly out-wards.<\/li>\n<li>Think as if you are walking on a railway track, the tracks are parallel and never cross each other.<\/li>\n<\/ul>\n<p><\/p>","protected":false},"excerpt":{"rendered":"<p>By focusing on your own body for a moment and start feeling your movements you begin to develop your body awareness. You find the circle track in your body ad thereby you can mediate the sensation of bending to the horse. Ok, so there is this thing about walking backwards. But really, if you never <a class=\"read-more\" href=\"https:\/\/mariaholmstrom.se\/en\/onlinekurs-akademisk-ridkonst\/groundwork\/ga-baklanges\/\">Read More<\/a><\/p>\n","protected":false},"author":1,"featured_media":0,"parent":52,"menu_order":0,"comment_status":"closed","ping_status":"closed","template":"","meta":{"footnotes":""},"yoast_head":"<!-- This site is optimized with the Yoast SEO plugin v20.0 - https:\/\/yoast.com\/wordpress\/plugins\/seo\/ -->\n<title>Bli kroppsmedveten i groundwork, g\u00e5 bakl\u00e4nges p\u00e5 en volt - Mariaholmstrom.se<\/title>\n<meta name=\"description\" content=\"I denna del av v\u00e5r online-kurs i akademisk ridkonst f\u00e5r du l\u00e4ra dig kroppsmedvetenhet och hur man g\u00e5r bakl\u00e4nges p\u00e5 en volt.\" \/>\n<meta name=\"robots\" content=\"index, follow, max-snippet:-1, max-image-preview:large, max-video-preview:-1\" \/>\n<link rel=\"canonical\" href=\"https:\/\/mariaholmstrom.se\/onlinekurs-akademisk-ridkonst\/groundwork\/ga-baklanges\/\" \/>\n<meta property=\"og:locale\" content=\"en_US\" \/>\n<meta property=\"og:type\" content=\"article\" \/>\n<meta property=\"og:title\" content=\"Bli kroppsmedveten i groundwork, g\u00e5 bakl\u00e4nges p\u00e5 en volt - Mariaholmstrom.se\" \/>\n<meta property=\"og:description\" content=\"I denna del av v\u00e5r online-kurs i akademisk ridkonst f\u00e5r du l\u00e4ra dig kroppsmedvetenhet och hur man g\u00e5r bakl\u00e4nges p\u00e5 en volt.\" \/>\n<meta property=\"og:url\" content=\"https:\/\/mariaholmstrom.se\/onlinekurs-akademisk-ridkonst\/groundwork\/ga-baklanges\/\" \/>\n<meta property=\"og:site_name\" content=\"H\u00e4st och h\u00e4lsa - Maria Holmstr\u00f6m\" \/>\n<meta property=\"article:modified_time\" content=\"2019-11-25T19:21:16+00:00\" \/>\n<meta property=\"og:image\" content=\"http:\/\/mariaholmstrom.se\/wp-content\/uploads\/2016\/10\/hitta-din-volt1crop-1-300x298.jpg\" \/>\n<meta name=\"twitter:card\" content=\"summary_large_image\" \/>\n<meta name=\"twitter:label1\" content=\"Est. reading time\" \/>\n\t<meta name=\"twitter:data1\" content=\"6 minutes\" \/>\n<script type=\"application\/ld+json\" class=\"yoast-schema-graph\">{\"@context\":\"https:\/\/schema.org\",\"@graph\":[{\"@type\":\"WebPage\",\"@id\":\"https:\/\/mariaholmstrom.se\/onlinekurs-akademisk-ridkonst\/groundwork\/ga-baklanges\/\",\"url\":\"https:\/\/mariaholmstrom.se\/onlinekurs-akademisk-ridkonst\/groundwork\/ga-baklanges\/\",\"name\":\"Bli kroppsmedveten i groundwork, g\u00e5 bakl\u00e4nges p\u00e5 en volt - Mariaholmstrom.se\",\"isPartOf\":{\"@id\":\"https:\/\/mariaholmstrom.se\/#website\"},\"datePublished\":\"2016-10-08T19:29:56+00:00\",\"dateModified\":\"2019-11-25T19:21:16+00:00\",\"description\":\"I denna del av v\u00e5r online-kurs i akademisk ridkonst f\u00e5r du l\u00e4ra dig kroppsmedvetenhet och hur man g\u00e5r bakl\u00e4nges p\u00e5 en volt.\",\"breadcrumb\":{\"@id\":\"https:\/\/mariaholmstrom.se\/onlinekurs-akademisk-ridkonst\/groundwork\/ga-baklanges\/#breadcrumb\"},\"inLanguage\":\"en\",\"potentialAction\":[{\"@type\":\"ReadAction\",\"target\":[\"https:\/\/mariaholmstrom.se\/onlinekurs-akademisk-ridkonst\/groundwork\/ga-baklanges\/\"]}]},{\"@type\":\"BreadcrumbList\",\"@id\":\"https:\/\/mariaholmstrom.se\/onlinekurs-akademisk-ridkonst\/groundwork\/ga-baklanges\/#breadcrumb\",\"itemListElement\":[{\"@type\":\"ListItem\",\"position\":1,\"name\":\"Hem\",\"item\":\"https:\/\/mariaholmstrom.se\/\"},{\"@type\":\"ListItem\",\"position\":2,\"name\":\"AR-skolan\",\"item\":\"https:\/\/mariaholmstrom.se\/onlinekurs-akademisk-ridkonst\/\"},{\"@type\":\"ListItem\",\"position\":3,\"name\":\"Groundwork\",\"item\":\"https:\/\/mariaholmstrom.se\/onlinekurs-akademisk-ridkonst\/groundwork\/\"},{\"@type\":\"ListItem\",\"position\":4,\"name\":\"Att g\u00e5 bakl\u00e4nges &#8211; hitta din egen kropp\"}]},{\"@type\":\"WebSite\",\"@id\":\"https:\/\/mariaholmstrom.se\/#website\",\"url\":\"https:\/\/mariaholmstrom.se\/\",\"name\":\"H\u00e4st och h\u00e4lsa - Maria Holmstr\u00f6m\",\"description\":\"Friskv\u00e5rd f\u00f6r b\u00e5de m\u00e4nniska och h\u00e4st\",\"potentialAction\":[{\"@type\":\"SearchAction\",\"target\":{\"@type\":\"EntryPoint\",\"urlTemplate\":\"https:\/\/mariaholmstrom.se\/?s={search_term_string}\"},\"query-input\":\"required name=search_term_string\"}],\"inLanguage\":\"en\"}]}<\/script>\n<!-- \/ Yoast SEO plugin. -->","yoast_head_json":{"title":"Bli kroppsmedveten i groundwork, g\u00e5 bakl\u00e4nges p\u00e5 en volt - Mariaholmstrom.se","description":"I denna del av v\u00e5r online-kurs i akademisk ridkonst f\u00e5r du l\u00e4ra dig kroppsmedvetenhet och hur man g\u00e5r bakl\u00e4nges p\u00e5 en volt.","robots":{"index":"index","follow":"follow","max-snippet":"max-snippet:-1","max-image-preview":"max-image-preview:large","max-video-preview":"max-video-preview:-1"},"canonical":"https:\/\/mariaholmstrom.se\/onlinekurs-akademisk-ridkonst\/groundwork\/ga-baklanges\/","og_locale":"en_US","og_type":"article","og_title":"Bli kroppsmedveten i groundwork, g\u00e5 bakl\u00e4nges p\u00e5 en volt - Mariaholmstrom.se","og_description":"I denna del av v\u00e5r online-kurs i akademisk ridkonst f\u00e5r du l\u00e4ra dig kroppsmedvetenhet och hur man g\u00e5r bakl\u00e4nges p\u00e5 en volt.","og_url":"https:\/\/mariaholmstrom.se\/onlinekurs-akademisk-ridkonst\/groundwork\/ga-baklanges\/","og_site_name":"H\u00e4st och h\u00e4lsa - Maria Holmstr\u00f6m","article_modified_time":"2019-11-25T19:21:16+00:00","og_image":[{"url":"http:\/\/mariaholmstrom.se\/wp-content\/uploads\/2016\/10\/hitta-din-volt1crop-1-300x298.jpg"}],"twitter_card":"summary_large_image","twitter_misc":{"Est. reading time":"6 minutes"},"schema":{"@context":"https:\/\/schema.org","@graph":[{"@type":"WebPage","@id":"https:\/\/mariaholmstrom.se\/onlinekurs-akademisk-ridkonst\/groundwork\/ga-baklanges\/","url":"https:\/\/mariaholmstrom.se\/onlinekurs-akademisk-ridkonst\/groundwork\/ga-baklanges\/","name":"Bli kroppsmedveten i groundwork, g\u00e5 bakl\u00e4nges p\u00e5 en volt - Mariaholmstrom.se","isPartOf":{"@id":"https:\/\/mariaholmstrom.se\/#website"},"datePublished":"2016-10-08T19:29:56+00:00","dateModified":"2019-11-25T19:21:16+00:00","description":"I denna del av v\u00e5r online-kurs i akademisk ridkonst f\u00e5r du l\u00e4ra dig kroppsmedvetenhet och hur man g\u00e5r bakl\u00e4nges p\u00e5 en volt.","breadcrumb":{"@id":"https:\/\/mariaholmstrom.se\/onlinekurs-akademisk-ridkonst\/groundwork\/ga-baklanges\/#breadcrumb"},"inLanguage":"en","potentialAction":[{"@type":"ReadAction","target":["https:\/\/mariaholmstrom.se\/onlinekurs-akademisk-ridkonst\/groundwork\/ga-baklanges\/"]}]},{"@type":"BreadcrumbList","@id":"https:\/\/mariaholmstrom.se\/onlinekurs-akademisk-ridkonst\/groundwork\/ga-baklanges\/#breadcrumb","itemListElement":[{"@type":"ListItem","position":1,"name":"Hem","item":"https:\/\/mariaholmstrom.se\/"},{"@type":"ListItem","position":2,"name":"AR-skolan","item":"https:\/\/mariaholmstrom.se\/onlinekurs-akademisk-ridkonst\/"},{"@type":"ListItem","position":3,"name":"Groundwork","item":"https:\/\/mariaholmstrom.se\/onlinekurs-akademisk-ridkonst\/groundwork\/"},{"@type":"ListItem","position":4,"name":"Att g\u00e5 bakl\u00e4nges &#8211; hitta din egen kropp"}]},{"@type":"WebSite","@id":"https:\/\/mariaholmstrom.se\/#website","url":"https:\/\/mariaholmstrom.se\/","name":"H\u00e4st och h\u00e4lsa - Maria Holmstr\u00f6m","description":"Friskv\u00e5rd f\u00f6r b\u00e5de m\u00e4nniska och h\u00e4st","potentialAction":[{"@type":"SearchAction","target":{"@type":"EntryPoint","urlTemplate":"https:\/\/mariaholmstrom.se\/?s={search_term_string}"},"query-input":"required name=search_term_string"}],"inLanguage":"en"}]}},"_links":{"self":[{"href":"https:\/\/mariaholmstrom.se\/en\/wp-json\/wp\/v2\/pages\/334"}],"collection":[{"href":"https:\/\/mariaholmstrom.se\/en\/wp-json\/wp\/v2\/pages"}],"about":[{"href":"https:\/\/mariaholmstrom.se\/en\/wp-json\/wp\/v2\/types\/page"}],"author":[{"embeddable":true,"href":"https:\/\/mariaholmstrom.se\/en\/wp-json\/wp\/v2\/users\/1"}],"replies":[{"embeddable":true,"href":"https:\/\/mariaholmstrom.se\/en\/wp-json\/wp\/v2\/comments?post=334"}],"version-history":[{"count":16,"href":"https:\/\/mariaholmstrom.se\/en\/wp-json\/wp\/v2\/pages\/334\/revisions"}],"predecessor-version":[{"id":959,"href":"https:\/\/mariaholmstrom.se\/en\/wp-json\/wp\/v2\/pages\/334\/revisions\/959"}],"up":[{"embeddable":true,"href":"https:\/\/mariaholmstrom.se\/en\/wp-json\/wp\/v2\/pages\/52"}],"wp:attachment":[{"href":"https:\/\/mariaholmstrom.se\/en\/wp-json\/wp\/v2\/media?parent=334"}],"curies":[{"name":"wp","href":"https:\/\/api.w.org\/{rel}","templated":true}]}}