{"id":349,"date":"2016-10-08T21:34:21","date_gmt":"2016-10-08T19:34:21","guid":{"rendered":"http:\/\/mariaholmstrom.se\/?page_id=349"},"modified":"2019-11-25T20:23:24","modified_gmt":"2019-11-25T19:23:24","slug":"stillastaende-arbete-och-skolad-halt","status":"publish","type":"page","link":"https:\/\/mariaholmstrom.se\/en\/onlinekurs-akademisk-ridkonst\/groundwork\/stillastaende-arbete-och-skolad-halt\/","title":{"rendered":"Work in standing and schooled halt"},"content":{"rendered":"<p><span class=\"intro\">In the standing work the horse understanding of the aids \u00a0is very visible and you practice your own clarity in giving the aids. Your hand is trained to give and receive information.<\/span><\/p>\n<p>During groundwork and when teaching the aids we hav worked some part when standing and some part when walking. Now we want to work more actively in standing. This is a very good exercise as it clarifies how we give our aids and how the horse understands the aids. We also practice to give and receive information in our hand.<\/p>\n<p>Stop the horse and stand in front of it, just like a regular groundwork position. Ask for stelling and bendingin one lead and aske the horse to do a shoudler in without moving its feet. I usually ask for the shoulder in by moving the outer shouler inwards. Since the horse should not move its feet, this is only a shift in weight, to add more weight on the inside front leg. Then move the shoulder back to the track and ask for a quartersin, i.e. to turn the quarters inwards, by lifting the whip over the back towards the outer hindleg. Shifting between shoulder in and quarters in while standing is really soft and easy if the horse is supple. If it is hard and rough, then don\u00b4t go into it with more force, but try to feel where the horse is stuck and then ask this part to soften.<\/p>\n<blockquote><p>Shifting between shoulder in and quarters in while standing is really soft and easy if the horse is supple.<\/p><\/blockquote>\n<p>When you can change between shoulder in and quarters in we start adding forward down and collection. We ask for shoulder in and forward down and quarters in and collection. When asking for collection then \u00a0slightly lift the head of the horse. Since the head is connected to the hips, a raised head will lead to a lowered hip, and to lower the hip the hindlegs must bend. If you miss raising the head, the horse may easily just shift its weight backwards, with straight knees, and then you get no collecting effect.<\/p>\n<p>To move like this between forward down and shoulder in and quarters in and collection means you are schooling the halt. Eventually the horse can carry more and more weight on its hindlegs and it will end up in a school halt, where the hindlegs are substantially bending and carry weight in the same time as the inner front leg is lifted as it no longer fits under the horse.<\/p>\n<p><strong>Remember<\/strong><\/p>\n<ul>\n<li>If it is not easy to change between shoulder in and quarter in it is due to tensions that you first have to release before you go back to changing between the shoulder in and quarter in.<\/li>\n<li>Forward down and shoulder in.<\/li>\n<li>Collection and quarters in.<\/li>\n<\/ul>\n<p><\/p>","protected":false},"excerpt":{"rendered":"<p>In the standing work the horse understanding of the aids \u00a0is very visible and you practice your own clarity in giving the aids. Your hand is trained to give and receive information. During groundwork and when teaching the aids we hav worked some part when standing and some part when walking. Now we want to <a class=\"read-more\" href=\"https:\/\/mariaholmstrom.se\/en\/onlinekurs-akademisk-ridkonst\/groundwork\/stillastaende-arbete-och-skolad-halt\/\">Read More<\/a><\/p>\n","protected":false},"author":1,"featured_media":0,"parent":52,"menu_order":0,"comment_status":"closed","ping_status":"closed","template":"","meta":{"footnotes":""},"yoast_head":"<!-- This site is optimized with the Yoast SEO plugin v20.0 - https:\/\/yoast.com\/wordpress\/plugins\/seo\/ -->\n<title>Stillast\u00e5ende arbete och skolad halt - Mariaholmstrom.se<\/title>\n<meta name=\"description\" content=\"I denna del av v\u00e5r online-kurs i akademisk ridkonst f\u00e5r du l\u00e4ra dig hur du b\u00f6rjar jobba med h\u00e4sten i stillast\u00e5ende arbete.\" \/>\n<meta name=\"robots\" content=\"index, follow, max-snippet:-1, max-image-preview:large, max-video-preview:-1\" \/>\n<link rel=\"canonical\" href=\"https:\/\/mariaholmstrom.se\/onlinekurs-akademisk-ridkonst\/groundwork\/stillastaende-arbete-och-skolad-halt\/\" \/>\n<meta property=\"og:locale\" content=\"en_US\" \/>\n<meta property=\"og:type\" content=\"article\" \/>\n<meta property=\"og:title\" content=\"Stillast\u00e5ende arbete och skolad halt - Mariaholmstrom.se\" \/>\n<meta property=\"og:description\" content=\"I denna del av v\u00e5r online-kurs i akademisk ridkonst f\u00e5r du l\u00e4ra dig hur du b\u00f6rjar jobba med h\u00e4sten i stillast\u00e5ende arbete.\" \/>\n<meta property=\"og:url\" content=\"https:\/\/mariaholmstrom.se\/onlinekurs-akademisk-ridkonst\/groundwork\/stillastaende-arbete-och-skolad-halt\/\" \/>\n<meta property=\"og:site_name\" content=\"H\u00e4st och h\u00e4lsa - Maria Holmstr\u00f6m\" \/>\n<meta property=\"article:modified_time\" content=\"2019-11-25T19:23:24+00:00\" \/>\n<meta name=\"twitter:card\" content=\"summary_large_image\" \/>\n<meta name=\"twitter:label1\" content=\"Est. reading time\" \/>\n\t<meta name=\"twitter:data1\" content=\"5 minutes\" \/>\n<script type=\"application\/ld+json\" class=\"yoast-schema-graph\">{\"@context\":\"https:\/\/schema.org\",\"@graph\":[{\"@type\":\"WebPage\",\"@id\":\"https:\/\/mariaholmstrom.se\/onlinekurs-akademisk-ridkonst\/groundwork\/stillastaende-arbete-och-skolad-halt\/\",\"url\":\"https:\/\/mariaholmstrom.se\/onlinekurs-akademisk-ridkonst\/groundwork\/stillastaende-arbete-och-skolad-halt\/\",\"name\":\"Stillast\u00e5ende arbete och skolad halt - Mariaholmstrom.se\",\"isPartOf\":{\"@id\":\"https:\/\/mariaholmstrom.se\/#website\"},\"datePublished\":\"2016-10-08T19:34:21+00:00\",\"dateModified\":\"2019-11-25T19:23:24+00:00\",\"description\":\"I denna del av v\u00e5r online-kurs i akademisk ridkonst f\u00e5r du l\u00e4ra dig hur du b\u00f6rjar jobba med h\u00e4sten i stillast\u00e5ende arbete.\",\"breadcrumb\":{\"@id\":\"https:\/\/mariaholmstrom.se\/onlinekurs-akademisk-ridkonst\/groundwork\/stillastaende-arbete-och-skolad-halt\/#breadcrumb\"},\"inLanguage\":\"en\",\"potentialAction\":[{\"@type\":\"ReadAction\",\"target\":[\"https:\/\/mariaholmstrom.se\/onlinekurs-akademisk-ridkonst\/groundwork\/stillastaende-arbete-och-skolad-halt\/\"]}]},{\"@type\":\"BreadcrumbList\",\"@id\":\"https:\/\/mariaholmstrom.se\/onlinekurs-akademisk-ridkonst\/groundwork\/stillastaende-arbete-och-skolad-halt\/#breadcrumb\",\"itemListElement\":[{\"@type\":\"ListItem\",\"position\":1,\"name\":\"Hem\",\"item\":\"https:\/\/mariaholmstrom.se\/\"},{\"@type\":\"ListItem\",\"position\":2,\"name\":\"AR-skolan\",\"item\":\"https:\/\/mariaholmstrom.se\/onlinekurs-akademisk-ridkonst\/\"},{\"@type\":\"ListItem\",\"position\":3,\"name\":\"Groundwork\",\"item\":\"https:\/\/mariaholmstrom.se\/onlinekurs-akademisk-ridkonst\/groundwork\/\"},{\"@type\":\"ListItem\",\"position\":4,\"name\":\"Stillast\u00e5ende arbete och skolad halt\"}]},{\"@type\":\"WebSite\",\"@id\":\"https:\/\/mariaholmstrom.se\/#website\",\"url\":\"https:\/\/mariaholmstrom.se\/\",\"name\":\"H\u00e4st och h\u00e4lsa - Maria Holmstr\u00f6m\",\"description\":\"Friskv\u00e5rd f\u00f6r b\u00e5de m\u00e4nniska och h\u00e4st\",\"potentialAction\":[{\"@type\":\"SearchAction\",\"target\":{\"@type\":\"EntryPoint\",\"urlTemplate\":\"https:\/\/mariaholmstrom.se\/?s={search_term_string}\"},\"query-input\":\"required name=search_term_string\"}],\"inLanguage\":\"en\"}]}<\/script>\n<!-- \/ Yoast SEO plugin. -->","yoast_head_json":{"title":"Stillast\u00e5ende arbete och skolad halt - Mariaholmstrom.se","description":"I denna del av v\u00e5r online-kurs i akademisk ridkonst f\u00e5r du l\u00e4ra dig hur du b\u00f6rjar jobba med h\u00e4sten i stillast\u00e5ende arbete.","robots":{"index":"index","follow":"follow","max-snippet":"max-snippet:-1","max-image-preview":"max-image-preview:large","max-video-preview":"max-video-preview:-1"},"canonical":"https:\/\/mariaholmstrom.se\/onlinekurs-akademisk-ridkonst\/groundwork\/stillastaende-arbete-och-skolad-halt\/","og_locale":"en_US","og_type":"article","og_title":"Stillast\u00e5ende arbete och skolad halt - Mariaholmstrom.se","og_description":"I denna del av v\u00e5r online-kurs i akademisk ridkonst f\u00e5r du l\u00e4ra dig hur du b\u00f6rjar jobba med h\u00e4sten i stillast\u00e5ende arbete.","og_url":"https:\/\/mariaholmstrom.se\/onlinekurs-akademisk-ridkonst\/groundwork\/stillastaende-arbete-och-skolad-halt\/","og_site_name":"H\u00e4st och h\u00e4lsa - Maria Holmstr\u00f6m","article_modified_time":"2019-11-25T19:23:24+00:00","twitter_card":"summary_large_image","twitter_misc":{"Est. reading time":"5 minutes"},"schema":{"@context":"https:\/\/schema.org","@graph":[{"@type":"WebPage","@id":"https:\/\/mariaholmstrom.se\/onlinekurs-akademisk-ridkonst\/groundwork\/stillastaende-arbete-och-skolad-halt\/","url":"https:\/\/mariaholmstrom.se\/onlinekurs-akademisk-ridkonst\/groundwork\/stillastaende-arbete-och-skolad-halt\/","name":"Stillast\u00e5ende arbete och skolad halt - Mariaholmstrom.se","isPartOf":{"@id":"https:\/\/mariaholmstrom.se\/#website"},"datePublished":"2016-10-08T19:34:21+00:00","dateModified":"2019-11-25T19:23:24+00:00","description":"I denna del av v\u00e5r online-kurs i akademisk ridkonst f\u00e5r du l\u00e4ra dig hur du b\u00f6rjar jobba med h\u00e4sten i stillast\u00e5ende arbete.","breadcrumb":{"@id":"https:\/\/mariaholmstrom.se\/onlinekurs-akademisk-ridkonst\/groundwork\/stillastaende-arbete-och-skolad-halt\/#breadcrumb"},"inLanguage":"en","potentialAction":[{"@type":"ReadAction","target":["https:\/\/mariaholmstrom.se\/onlinekurs-akademisk-ridkonst\/groundwork\/stillastaende-arbete-och-skolad-halt\/"]}]},{"@type":"BreadcrumbList","@id":"https:\/\/mariaholmstrom.se\/onlinekurs-akademisk-ridkonst\/groundwork\/stillastaende-arbete-och-skolad-halt\/#breadcrumb","itemListElement":[{"@type":"ListItem","position":1,"name":"Hem","item":"https:\/\/mariaholmstrom.se\/"},{"@type":"ListItem","position":2,"name":"AR-skolan","item":"https:\/\/mariaholmstrom.se\/onlinekurs-akademisk-ridkonst\/"},{"@type":"ListItem","position":3,"name":"Groundwork","item":"https:\/\/mariaholmstrom.se\/onlinekurs-akademisk-ridkonst\/groundwork\/"},{"@type":"ListItem","position":4,"name":"Stillast\u00e5ende arbete och skolad halt"}]},{"@type":"WebSite","@id":"https:\/\/mariaholmstrom.se\/#website","url":"https:\/\/mariaholmstrom.se\/","name":"H\u00e4st och h\u00e4lsa - Maria Holmstr\u00f6m","description":"Friskv\u00e5rd f\u00f6r b\u00e5de m\u00e4nniska och h\u00e4st","potentialAction":[{"@type":"SearchAction","target":{"@type":"EntryPoint","urlTemplate":"https:\/\/mariaholmstrom.se\/?s={search_term_string}"},"query-input":"required name=search_term_string"}],"inLanguage":"en"}]}},"_links":{"self":[{"href":"https:\/\/mariaholmstrom.se\/en\/wp-json\/wp\/v2\/pages\/349"}],"collection":[{"href":"https:\/\/mariaholmstrom.se\/en\/wp-json\/wp\/v2\/pages"}],"about":[{"href":"https:\/\/mariaholmstrom.se\/en\/wp-json\/wp\/v2\/types\/page"}],"author":[{"embeddable":true,"href":"https:\/\/mariaholmstrom.se\/en\/wp-json\/wp\/v2\/users\/1"}],"replies":[{"embeddable":true,"href":"https:\/\/mariaholmstrom.se\/en\/wp-json\/wp\/v2\/comments?post=349"}],"version-history":[{"count":8,"href":"https:\/\/mariaholmstrom.se\/en\/wp-json\/wp\/v2\/pages\/349\/revisions"}],"predecessor-version":[{"id":725,"href":"https:\/\/mariaholmstrom.se\/en\/wp-json\/wp\/v2\/pages\/349\/revisions\/725"}],"up":[{"embeddable":true,"href":"https:\/\/mariaholmstrom.se\/en\/wp-json\/wp\/v2\/pages\/52"}],"wp:attachment":[{"href":"https:\/\/mariaholmstrom.se\/en\/wp-json\/wp\/v2\/media?parent=349"}],"curies":[{"name":"wp","href":"https:\/\/api.w.org\/{rel}","templated":true}]}}