{"id":352,"date":"2016-10-08T21:35:04","date_gmt":"2016-10-08T19:35:04","guid":{"rendered":"http:\/\/mariaholmstrom.se\/?page_id=352"},"modified":"2019-11-25T20:23:03","modified_gmt":"2019-11-25T19:23:03","slug":"skolor-pa-rakt-spar-piruett-och-samling","status":"publish","type":"page","link":"https:\/\/mariaholmstrom.se\/en\/onlinekurs-akademisk-ridkonst\/groundwork\/skolor-pa-rakt-spar-piruett-och-samling\/","title":{"rendered":"Schooling exercises on a straight track, pirouette and collection"},"content":{"rendered":"<p><span class=\"intro\">In the continued groundwork you start working with the schooling exercises on a straight track. A centered quarters in gives you a pirouette and we start using the renvers and continue working on collection.<\/span><\/p>\n<p><strong>\u00a0<\/strong>When it works well to shape the horse on the circle in groundwork and make shoulder in and quarters in it is time to move onto a straight track. Start on the circle and the move straight for a few steps and observe if the horse can follow you with maintained stelling and bending. Go back onto the circle and then again try to move few steps bended straight. Eventually you can make longer and longer straight lines and one day you can ask for shoulder in or quarteres in along the whole length of the riding arena<\/p>\n<blockquote><p><em>\u2026<\/em>observe if the horse can follow you with maintained stelling and bending.\u201d<\/p><\/blockquote>\n<p style=\"font-style: inherit; font-weight: inherit;\">The pirouettes in walk you educate by making quarters in on smaller and smaller circles. Finally the circle is so small the frontlegs are stepping around the quarters and then you made your first pirouette.<\/p>\n<p>Renvers on a straight track means the horse is moving its quarters on the track and the shoulders are moving inside of the track, all while the horse is bent towards \u00a0the wall. The renvers can of course also be made on bent lines and on diagonals.<\/p>\n<figure id=\"attachment_730\" aria-describedby=\"caption-attachment-730\" style=\"width: 800px\" class=\"wp-caption aligncenter\"><img loading=\"lazy\" decoding=\"async\" class=\"wp-image-730\" src=\"http:\/\/mariaholmstrom.se\/wp-content\/uploads\/2016\/10\/schooling-exercises-crop.jpg\" alt=\"schooling-exercises-crop\" width=\"800\" height=\"307\" srcset=\"https:\/\/mariaholmstrom.se\/wp-content\/uploads\/2016\/10\/schooling-exercises-crop.jpg 832w, https:\/\/mariaholmstrom.se\/wp-content\/uploads\/2016\/10\/schooling-exercises-crop-300x115.jpg 300w, https:\/\/mariaholmstrom.se\/wp-content\/uploads\/2016\/10\/schooling-exercises-crop-768x294.jpg 768w\" sizes=\"(max-width: 800px) 100vw, 800px\" \/><figcaption id=\"caption-attachment-730\" class=\"wp-caption-text\">A bended straight horse is obtained by making it equally soft and supple in both sides. This is done with the schooling exercises.<\/figcaption><\/figure>\n<p>We work on collection by rotating our pelvis, \u201dtuck the tail between your legs\u201d, and ask for more active hindlegs, stepping in under the point of weight. From collection we can move towards the diagonal school walk by asking the hindlegs to leave\u00a0the ground slightly earlier\u00a0than for the regular walk. We can also start working on transitions into trot.<\/p>\n<p><strong>Remember<\/strong><\/p>\n<ul>\n<li>Collect the horse by rotating your pelvis.<\/li>\n<li>The pirouette is a centered quarters in.<\/li>\n<\/ul>\n<p><\/p>","protected":false},"excerpt":{"rendered":"<p>In the continued groundwork you start working with the schooling exercises on a straight track. A centered quarters in gives you a pirouette and we start using the renvers and continue working on collection. \u00a0When it works well to shape the horse on the circle in groundwork and make shoulder in and quarters in it <a class=\"read-more\" href=\"https:\/\/mariaholmstrom.se\/en\/onlinekurs-akademisk-ridkonst\/groundwork\/skolor-pa-rakt-spar-piruett-och-samling\/\">Read More<\/a><\/p>\n","protected":false},"author":1,"featured_media":0,"parent":52,"menu_order":0,"comment_status":"closed","ping_status":"closed","template":"","meta":{"footnotes":""},"yoast_head":"<!-- This site is optimized with the Yoast SEO plugin v20.0 - https:\/\/yoast.com\/wordpress\/plugins\/seo\/ -->\n<title>Skolor p\u00e5 rakt sp\u00e5r, piruett och samling - Mariaholmstrom.se<\/title>\n<meta name=\"description\" content=\"I denna del av v\u00e5r online-kurs i akademisk ridkonst f\u00e5r du l\u00e4ra dig hur du jobbar med skolorna p\u00e5 rakt sp\u00e5r, i piruetter samt hur du introducerar samling.\" \/>\n<meta name=\"robots\" content=\"index, follow, max-snippet:-1, max-image-preview:large, max-video-preview:-1\" \/>\n<link rel=\"canonical\" href=\"https:\/\/mariaholmstrom.se\/onlinekurs-akademisk-ridkonst\/groundwork\/skolor-pa-rakt-spar-piruett-och-samling\/\" \/>\n<meta property=\"og:locale\" content=\"en_US\" \/>\n<meta property=\"og:type\" content=\"article\" \/>\n<meta property=\"og:title\" content=\"Skolor p\u00e5 rakt sp\u00e5r, piruett och samling - Mariaholmstrom.se\" \/>\n<meta property=\"og:description\" content=\"I denna del av v\u00e5r online-kurs i akademisk ridkonst f\u00e5r du l\u00e4ra dig hur du jobbar med skolorna p\u00e5 rakt sp\u00e5r, i piruetter samt hur du introducerar samling.\" \/>\n<meta property=\"og:url\" content=\"https:\/\/mariaholmstrom.se\/onlinekurs-akademisk-ridkonst\/groundwork\/skolor-pa-rakt-spar-piruett-och-samling\/\" \/>\n<meta property=\"og:site_name\" content=\"H\u00e4st och h\u00e4lsa - Maria Holmstr\u00f6m\" \/>\n<meta property=\"article:modified_time\" content=\"2019-11-25T19:23:03+00:00\" \/>\n<meta property=\"og:image\" content=\"http:\/\/mariaholmstrom.se\/wp-content\/uploads\/2018\/04\/bojd_rakt_fram_oppna_sluta.jpg\" \/>\n<meta name=\"twitter:card\" content=\"summary_large_image\" \/>\n<meta name=\"twitter:label1\" content=\"Est. reading time\" \/>\n\t<meta name=\"twitter:data1\" content=\"4 minutes\" \/>\n<script type=\"application\/ld+json\" class=\"yoast-schema-graph\">{\"@context\":\"https:\/\/schema.org\",\"@graph\":[{\"@type\":\"WebPage\",\"@id\":\"https:\/\/mariaholmstrom.se\/onlinekurs-akademisk-ridkonst\/groundwork\/skolor-pa-rakt-spar-piruett-och-samling\/\",\"url\":\"https:\/\/mariaholmstrom.se\/onlinekurs-akademisk-ridkonst\/groundwork\/skolor-pa-rakt-spar-piruett-och-samling\/\",\"name\":\"Skolor p\u00e5 rakt sp\u00e5r, piruett och samling - Mariaholmstrom.se\",\"isPartOf\":{\"@id\":\"https:\/\/mariaholmstrom.se\/#website\"},\"datePublished\":\"2016-10-08T19:35:04+00:00\",\"dateModified\":\"2019-11-25T19:23:03+00:00\",\"description\":\"I denna del av v\u00e5r online-kurs i akademisk ridkonst f\u00e5r du l\u00e4ra dig hur du jobbar med skolorna p\u00e5 rakt sp\u00e5r, i piruetter samt hur du introducerar samling.\",\"breadcrumb\":{\"@id\":\"https:\/\/mariaholmstrom.se\/onlinekurs-akademisk-ridkonst\/groundwork\/skolor-pa-rakt-spar-piruett-och-samling\/#breadcrumb\"},\"inLanguage\":\"en\",\"potentialAction\":[{\"@type\":\"ReadAction\",\"target\":[\"https:\/\/mariaholmstrom.se\/onlinekurs-akademisk-ridkonst\/groundwork\/skolor-pa-rakt-spar-piruett-och-samling\/\"]}]},{\"@type\":\"BreadcrumbList\",\"@id\":\"https:\/\/mariaholmstrom.se\/onlinekurs-akademisk-ridkonst\/groundwork\/skolor-pa-rakt-spar-piruett-och-samling\/#breadcrumb\",\"itemListElement\":[{\"@type\":\"ListItem\",\"position\":1,\"name\":\"Hem\",\"item\":\"https:\/\/mariaholmstrom.se\/\"},{\"@type\":\"ListItem\",\"position\":2,\"name\":\"AR-skolan\",\"item\":\"https:\/\/mariaholmstrom.se\/onlinekurs-akademisk-ridkonst\/\"},{\"@type\":\"ListItem\",\"position\":3,\"name\":\"Groundwork\",\"item\":\"https:\/\/mariaholmstrom.se\/onlinekurs-akademisk-ridkonst\/groundwork\/\"},{\"@type\":\"ListItem\",\"position\":4,\"name\":\"Skolor p\u00e5 rakt sp\u00e5r, piruett och samling\"}]},{\"@type\":\"WebSite\",\"@id\":\"https:\/\/mariaholmstrom.se\/#website\",\"url\":\"https:\/\/mariaholmstrom.se\/\",\"name\":\"H\u00e4st och h\u00e4lsa - Maria Holmstr\u00f6m\",\"description\":\"Friskv\u00e5rd f\u00f6r b\u00e5de m\u00e4nniska och h\u00e4st\",\"potentialAction\":[{\"@type\":\"SearchAction\",\"target\":{\"@type\":\"EntryPoint\",\"urlTemplate\":\"https:\/\/mariaholmstrom.se\/?s={search_term_string}\"},\"query-input\":\"required name=search_term_string\"}],\"inLanguage\":\"en\"}]}<\/script>\n<!-- \/ Yoast SEO plugin. -->","yoast_head_json":{"title":"Skolor p\u00e5 rakt sp\u00e5r, piruett och samling - Mariaholmstrom.se","description":"I denna del av v\u00e5r online-kurs i akademisk ridkonst f\u00e5r du l\u00e4ra dig hur du jobbar med skolorna p\u00e5 rakt sp\u00e5r, i piruetter samt hur du introducerar samling.","robots":{"index":"index","follow":"follow","max-snippet":"max-snippet:-1","max-image-preview":"max-image-preview:large","max-video-preview":"max-video-preview:-1"},"canonical":"https:\/\/mariaholmstrom.se\/onlinekurs-akademisk-ridkonst\/groundwork\/skolor-pa-rakt-spar-piruett-och-samling\/","og_locale":"en_US","og_type":"article","og_title":"Skolor p\u00e5 rakt sp\u00e5r, piruett och samling - Mariaholmstrom.se","og_description":"I denna del av v\u00e5r online-kurs i akademisk ridkonst f\u00e5r du l\u00e4ra dig hur du jobbar med skolorna p\u00e5 rakt sp\u00e5r, i piruetter samt hur du introducerar samling.","og_url":"https:\/\/mariaholmstrom.se\/onlinekurs-akademisk-ridkonst\/groundwork\/skolor-pa-rakt-spar-piruett-och-samling\/","og_site_name":"H\u00e4st och h\u00e4lsa - Maria Holmstr\u00f6m","article_modified_time":"2019-11-25T19:23:03+00:00","og_image":[{"url":"http:\/\/mariaholmstrom.se\/wp-content\/uploads\/2018\/04\/bojd_rakt_fram_oppna_sluta.jpg"}],"twitter_card":"summary_large_image","twitter_misc":{"Est. reading time":"4 minutes"},"schema":{"@context":"https:\/\/schema.org","@graph":[{"@type":"WebPage","@id":"https:\/\/mariaholmstrom.se\/onlinekurs-akademisk-ridkonst\/groundwork\/skolor-pa-rakt-spar-piruett-och-samling\/","url":"https:\/\/mariaholmstrom.se\/onlinekurs-akademisk-ridkonst\/groundwork\/skolor-pa-rakt-spar-piruett-och-samling\/","name":"Skolor p\u00e5 rakt sp\u00e5r, piruett och samling - Mariaholmstrom.se","isPartOf":{"@id":"https:\/\/mariaholmstrom.se\/#website"},"datePublished":"2016-10-08T19:35:04+00:00","dateModified":"2019-11-25T19:23:03+00:00","description":"I denna del av v\u00e5r online-kurs i akademisk ridkonst f\u00e5r du l\u00e4ra dig hur du jobbar med skolorna p\u00e5 rakt sp\u00e5r, i piruetter samt hur du introducerar samling.","breadcrumb":{"@id":"https:\/\/mariaholmstrom.se\/onlinekurs-akademisk-ridkonst\/groundwork\/skolor-pa-rakt-spar-piruett-och-samling\/#breadcrumb"},"inLanguage":"en","potentialAction":[{"@type":"ReadAction","target":["https:\/\/mariaholmstrom.se\/onlinekurs-akademisk-ridkonst\/groundwork\/skolor-pa-rakt-spar-piruett-och-samling\/"]}]},{"@type":"BreadcrumbList","@id":"https:\/\/mariaholmstrom.se\/onlinekurs-akademisk-ridkonst\/groundwork\/skolor-pa-rakt-spar-piruett-och-samling\/#breadcrumb","itemListElement":[{"@type":"ListItem","position":1,"name":"Hem","item":"https:\/\/mariaholmstrom.se\/"},{"@type":"ListItem","position":2,"name":"AR-skolan","item":"https:\/\/mariaholmstrom.se\/onlinekurs-akademisk-ridkonst\/"},{"@type":"ListItem","position":3,"name":"Groundwork","item":"https:\/\/mariaholmstrom.se\/onlinekurs-akademisk-ridkonst\/groundwork\/"},{"@type":"ListItem","position":4,"name":"Skolor p\u00e5 rakt sp\u00e5r, piruett och samling"}]},{"@type":"WebSite","@id":"https:\/\/mariaholmstrom.se\/#website","url":"https:\/\/mariaholmstrom.se\/","name":"H\u00e4st och h\u00e4lsa - Maria Holmstr\u00f6m","description":"Friskv\u00e5rd f\u00f6r b\u00e5de m\u00e4nniska och h\u00e4st","potentialAction":[{"@type":"SearchAction","target":{"@type":"EntryPoint","urlTemplate":"https:\/\/mariaholmstrom.se\/?s={search_term_string}"},"query-input":"required name=search_term_string"}],"inLanguage":"en"}]}},"_links":{"self":[{"href":"https:\/\/mariaholmstrom.se\/en\/wp-json\/wp\/v2\/pages\/352"}],"collection":[{"href":"https:\/\/mariaholmstrom.se\/en\/wp-json\/wp\/v2\/pages"}],"about":[{"href":"https:\/\/mariaholmstrom.se\/en\/wp-json\/wp\/v2\/types\/page"}],"author":[{"embeddable":true,"href":"https:\/\/mariaholmstrom.se\/en\/wp-json\/wp\/v2\/users\/1"}],"replies":[{"embeddable":true,"href":"https:\/\/mariaholmstrom.se\/en\/wp-json\/wp\/v2\/comments?post=352"}],"version-history":[{"count":22,"href":"https:\/\/mariaholmstrom.se\/en\/wp-json\/wp\/v2\/pages\/352\/revisions"}],"predecessor-version":[{"id":1299,"href":"https:\/\/mariaholmstrom.se\/en\/wp-json\/wp\/v2\/pages\/352\/revisions\/1299"}],"up":[{"embeddable":true,"href":"https:\/\/mariaholmstrom.se\/en\/wp-json\/wp\/v2\/pages\/52"}],"wp:attachment":[{"href":"https:\/\/mariaholmstrom.se\/en\/wp-json\/wp\/v2\/media?parent=352"}],"curies":[{"name":"wp","href":"https:\/\/api.w.org\/{rel}","templated":true}]}}