{"id":46,"date":"2016-09-17T19:20:33","date_gmt":"2016-09-17T17:20:33","guid":{"rendered":"http:\/\/mariaholmstrom.se\/?page_id=46"},"modified":"2016-12-11T14:15:27","modified_gmt":"2016-12-11T13:15:27","slug":"ledovningar-akademisk-ridkonst","status":"publish","type":"page","link":"https:\/\/mariaholmstrom.se\/en\/onlinekurs-akademisk-ridkonst\/ledovningar-akademisk-ridkonst\/","title":{"rendered":"Leading exercises"},"content":{"rendered":"<p>May I start to praise the leading exercises? Leading exercises are often enormously underestimated but yet they are so incredibly good to start with. In the basic leading exercises you and your horse are learning a common body language and you find a way of working together. With the more advanced leading exercises you start dancing together! The horse will bend itself around you, you extend and collect using your body language and start to melt together into one mental unit. The feeling of a centaur is appearing.<\/p>\n<p>Equipment: Cavesson with rein and a whip to be used as your extended arm. If you have no cavesson, use a halter or your bridle.<\/p>\n<p>&nbsp;<\/p>\n<p>&nbsp;<\/p>\n<p>&nbsp;<\/p>","protected":false},"excerpt":{"rendered":"<p>May I start to praise the leading exercises? Leading exercises are often enormously underestimated but yet they are so incredibly good to start with. In the basic leading exercises you and your horse are learning a common body language and you find a way of working together. With the more advanced leading exercises you start <a class=\"read-more\" href=\"https:\/\/mariaholmstrom.se\/en\/onlinekurs-akademisk-ridkonst\/ledovningar-akademisk-ridkonst\/\">Read More<\/a><\/p>\n","protected":false},"author":1,"featured_media":0,"parent":8,"menu_order":2,"comment_status":"closed","ping_status":"closed","template":"","meta":{"footnotes":""},"yoast_head":"<!-- This site is optimized with the Yoast SEO plugin v20.0 - https:\/\/yoast.com\/wordpress\/plugins\/seo\/ -->\n<title>Tr\u00e4na h\u00e4sten fr\u00e5n marken och jobba p\u00e5 er kommunikation - Mariapihl.se<\/title>\n<meta name=\"description\" content=\"I denna del av v\u00e5r online-kurs i akademisk ridkonst f\u00e5r du l\u00e4ra dig att jobba h\u00e4sten fr\u00e5n marken och kommunicera genom ditt kroppsspr\u00e5k.\" \/>\n<meta name=\"robots\" content=\"index, follow, max-snippet:-1, max-image-preview:large, max-video-preview:-1\" \/>\n<link rel=\"canonical\" href=\"https:\/\/mariaholmstrom.se\/onlinekurs-akademisk-ridkonst\/ledovningar-akademisk-ridkonst\/\" \/>\n<meta property=\"og:locale\" content=\"en_US\" \/>\n<meta property=\"og:type\" content=\"article\" \/>\n<meta property=\"og:title\" content=\"Tr\u00e4na h\u00e4sten fr\u00e5n marken och jobba p\u00e5 er kommunikation - Mariapihl.se\" \/>\n<meta property=\"og:description\" content=\"I denna del av v\u00e5r online-kurs i akademisk ridkonst f\u00e5r du l\u00e4ra dig att jobba h\u00e4sten fr\u00e5n marken och kommunicera genom ditt kroppsspr\u00e5k.\" \/>\n<meta property=\"og:url\" content=\"https:\/\/mariaholmstrom.se\/onlinekurs-akademisk-ridkonst\/ledovningar-akademisk-ridkonst\/\" \/>\n<meta property=\"og:site_name\" content=\"H\u00e4st och h\u00e4lsa - Maria Holmstr\u00f6m\" \/>\n<meta property=\"article:modified_time\" content=\"2016-12-11T13:15:27+00:00\" \/>\n<meta name=\"twitter:card\" content=\"summary_large_image\" \/>\n<meta name=\"twitter:label1\" content=\"Est. reading time\" \/>\n\t<meta name=\"twitter:data1\" content=\"1 minute\" \/>\n<script type=\"application\/ld+json\" class=\"yoast-schema-graph\">{\"@context\":\"https:\/\/schema.org\",\"@graph\":[{\"@type\":\"WebPage\",\"@id\":\"https:\/\/mariaholmstrom.se\/onlinekurs-akademisk-ridkonst\/ledovningar-akademisk-ridkonst\/\",\"url\":\"https:\/\/mariaholmstrom.se\/onlinekurs-akademisk-ridkonst\/ledovningar-akademisk-ridkonst\/\",\"name\":\"Tr\u00e4na h\u00e4sten fr\u00e5n marken och jobba p\u00e5 er kommunikation - Mariapihl.se\",\"isPartOf\":{\"@id\":\"https:\/\/mariaholmstrom.se\/#website\"},\"datePublished\":\"2016-09-17T17:20:33+00:00\",\"dateModified\":\"2016-12-11T13:15:27+00:00\",\"description\":\"I denna del av v\u00e5r online-kurs i akademisk ridkonst f\u00e5r du l\u00e4ra dig att jobba h\u00e4sten fr\u00e5n marken och kommunicera genom ditt kroppsspr\u00e5k.\",\"breadcrumb\":{\"@id\":\"https:\/\/mariaholmstrom.se\/onlinekurs-akademisk-ridkonst\/ledovningar-akademisk-ridkonst\/#breadcrumb\"},\"inLanguage\":\"en\",\"potentialAction\":[{\"@type\":\"ReadAction\",\"target\":[\"https:\/\/mariaholmstrom.se\/onlinekurs-akademisk-ridkonst\/ledovningar-akademisk-ridkonst\/\"]}]},{\"@type\":\"BreadcrumbList\",\"@id\":\"https:\/\/mariaholmstrom.se\/onlinekurs-akademisk-ridkonst\/ledovningar-akademisk-ridkonst\/#breadcrumb\",\"itemListElement\":[{\"@type\":\"ListItem\",\"position\":1,\"name\":\"Hem\",\"item\":\"https:\/\/mariaholmstrom.se\/\"},{\"@type\":\"ListItem\",\"position\":2,\"name\":\"AR-skolan\",\"item\":\"https:\/\/mariaholmstrom.se\/onlinekurs-akademisk-ridkonst\/\"},{\"@type\":\"ListItem\",\"position\":3,\"name\":\"Led\u00f6vningar\"}]},{\"@type\":\"WebSite\",\"@id\":\"https:\/\/mariaholmstrom.se\/#website\",\"url\":\"https:\/\/mariaholmstrom.se\/\",\"name\":\"H\u00e4st och h\u00e4lsa - Maria Holmstr\u00f6m\",\"description\":\"Friskv\u00e5rd f\u00f6r b\u00e5de m\u00e4nniska och h\u00e4st\",\"potentialAction\":[{\"@type\":\"SearchAction\",\"target\":{\"@type\":\"EntryPoint\",\"urlTemplate\":\"https:\/\/mariaholmstrom.se\/?s={search_term_string}\"},\"query-input\":\"required name=search_term_string\"}],\"inLanguage\":\"en\"}]}<\/script>\n<!-- \/ Yoast SEO plugin. -->","yoast_head_json":{"title":"Tr\u00e4na h\u00e4sten fr\u00e5n marken och jobba p\u00e5 er kommunikation - Mariapihl.se","description":"I denna del av v\u00e5r online-kurs i akademisk ridkonst f\u00e5r du l\u00e4ra dig att jobba h\u00e4sten fr\u00e5n marken och kommunicera genom ditt kroppsspr\u00e5k.","robots":{"index":"index","follow":"follow","max-snippet":"max-snippet:-1","max-image-preview":"max-image-preview:large","max-video-preview":"max-video-preview:-1"},"canonical":"https:\/\/mariaholmstrom.se\/onlinekurs-akademisk-ridkonst\/ledovningar-akademisk-ridkonst\/","og_locale":"en_US","og_type":"article","og_title":"Tr\u00e4na h\u00e4sten fr\u00e5n marken och jobba p\u00e5 er kommunikation - Mariapihl.se","og_description":"I denna del av v\u00e5r online-kurs i akademisk ridkonst f\u00e5r du l\u00e4ra dig att jobba h\u00e4sten fr\u00e5n marken och kommunicera genom ditt kroppsspr\u00e5k.","og_url":"https:\/\/mariaholmstrom.se\/onlinekurs-akademisk-ridkonst\/ledovningar-akademisk-ridkonst\/","og_site_name":"H\u00e4st och h\u00e4lsa - Maria Holmstr\u00f6m","article_modified_time":"2016-12-11T13:15:27+00:00","twitter_card":"summary_large_image","twitter_misc":{"Est. reading time":"1 minute"},"schema":{"@context":"https:\/\/schema.org","@graph":[{"@type":"WebPage","@id":"https:\/\/mariaholmstrom.se\/onlinekurs-akademisk-ridkonst\/ledovningar-akademisk-ridkonst\/","url":"https:\/\/mariaholmstrom.se\/onlinekurs-akademisk-ridkonst\/ledovningar-akademisk-ridkonst\/","name":"Tr\u00e4na h\u00e4sten fr\u00e5n marken och jobba p\u00e5 er kommunikation - Mariapihl.se","isPartOf":{"@id":"https:\/\/mariaholmstrom.se\/#website"},"datePublished":"2016-09-17T17:20:33+00:00","dateModified":"2016-12-11T13:15:27+00:00","description":"I denna del av v\u00e5r online-kurs i akademisk ridkonst f\u00e5r du l\u00e4ra dig att jobba h\u00e4sten fr\u00e5n marken och kommunicera genom ditt kroppsspr\u00e5k.","breadcrumb":{"@id":"https:\/\/mariaholmstrom.se\/onlinekurs-akademisk-ridkonst\/ledovningar-akademisk-ridkonst\/#breadcrumb"},"inLanguage":"en","potentialAction":[{"@type":"ReadAction","target":["https:\/\/mariaholmstrom.se\/onlinekurs-akademisk-ridkonst\/ledovningar-akademisk-ridkonst\/"]}]},{"@type":"BreadcrumbList","@id":"https:\/\/mariaholmstrom.se\/onlinekurs-akademisk-ridkonst\/ledovningar-akademisk-ridkonst\/#breadcrumb","itemListElement":[{"@type":"ListItem","position":1,"name":"Hem","item":"https:\/\/mariaholmstrom.se\/"},{"@type":"ListItem","position":2,"name":"AR-skolan","item":"https:\/\/mariaholmstrom.se\/onlinekurs-akademisk-ridkonst\/"},{"@type":"ListItem","position":3,"name":"Led\u00f6vningar"}]},{"@type":"WebSite","@id":"https:\/\/mariaholmstrom.se\/#website","url":"https:\/\/mariaholmstrom.se\/","name":"H\u00e4st och h\u00e4lsa - Maria Holmstr\u00f6m","description":"Friskv\u00e5rd f\u00f6r b\u00e5de m\u00e4nniska och h\u00e4st","potentialAction":[{"@type":"SearchAction","target":{"@type":"EntryPoint","urlTemplate":"https:\/\/mariaholmstrom.se\/?s={search_term_string}"},"query-input":"required name=search_term_string"}],"inLanguage":"en"}]}},"_links":{"self":[{"href":"https:\/\/mariaholmstrom.se\/en\/wp-json\/wp\/v2\/pages\/46"}],"collection":[{"href":"https:\/\/mariaholmstrom.se\/en\/wp-json\/wp\/v2\/pages"}],"about":[{"href":"https:\/\/mariaholmstrom.se\/en\/wp-json\/wp\/v2\/types\/page"}],"author":[{"embeddable":true,"href":"https:\/\/mariaholmstrom.se\/en\/wp-json\/wp\/v2\/users\/1"}],"replies":[{"embeddable":true,"href":"https:\/\/mariaholmstrom.se\/en\/wp-json\/wp\/v2\/comments?post=46"}],"version-history":[{"count":19,"href":"https:\/\/mariaholmstrom.se\/en\/wp-json\/wp\/v2\/pages\/46\/revisions"}],"predecessor-version":[{"id":441,"href":"https:\/\/mariaholmstrom.se\/en\/wp-json\/wp\/v2\/pages\/46\/revisions\/441"}],"up":[{"embeddable":true,"href":"https:\/\/mariaholmstrom.se\/en\/wp-json\/wp\/v2\/pages\/8"}],"wp:attachment":[{"href":"https:\/\/mariaholmstrom.se\/en\/wp-json\/wp\/v2\/media?parent=46"}],"curies":[{"name":"wp","href":"https:\/\/api.w.org\/{rel}","templated":true}]}}