{"id":49,"date":"2016-09-17T19:22:16","date_gmt":"2016-09-17T17:22:16","guid":{"rendered":"http:\/\/mariaholmstrom.se\/?page_id=49"},"modified":"2019-11-25T20:30:18","modified_gmt":"2019-11-25T19:30:18","slug":"ordlista","status":"publish","type":"page","link":"https:\/\/mariaholmstrom.se\/en\/onlinekurs-akademisk-ridkonst\/ordlista\/","title":{"rendered":"Vocabulary"},"content":{"rendered":"<p><span class=\"intro\">What kind of weird words is it that you use in the Academic Art of Riding? Here you get a short explanation of different words and concepts used in the Academic Art of Riding.<\/span><\/p>\n<p><strong>Aids \u2013 <\/strong>The signals you use to communicate with the horse.The primary aid is the seat. You can never remove your seat and it will always affect the horse, whether you want to or not. The secondary aids are reins, legs, whip, spurs and voice. These you can refrain from using.<strong><br \/>\nAtlas<\/strong> &#8211; The first neck vertebrae.<br \/>\n<strong>Axis<\/strong> &#8211; The second neck vertebrae.<\/p>\n<p><strong>Bended stragiht<\/strong> &#8211; The horse has an even bending and chest rotation but moves on a straight track, ie it is not crossing its legs. It can be straight along the wall or on a circle. Imagine the horse&#8217;s legs moving on a railway track. The outer legs have one track and the inner legs have another track. The two tracks are parallel and never cross each other in bended straight.<br \/>\n<strong>Bending &#8211; <\/strong>The horse is bent like a banana through its body, from the neck to the tail.<\/p>\n<p><strong>Cavesson \u2013 <\/strong>A bitless bridle. You have either a solid or a bendable piece of metal around the nose of the horse. Has the same function as a snaffle, ie you can use it for stelling.\u00a0<strong><br \/>\nChest<\/strong> <strong>rotation <\/strong>&#8211; With correct bending the inner hip will lower when moving forward and the the spine is rotating slightly, which creates a slightly higher outside and a slightly lower inside.<br \/>\n<strong>Collection<\/strong> \u2013 The horse angles its hind legs and carry more weight on them.<br \/>\n<strong>Curb\u00a0<\/strong> \u2013 A straight bit with with shanks for lever action. Its effect is to make the horse search forward down. Cannot be used for stelling, but this must be done by the seat or with a snaffle\/cavesson.<\/p>\n<p><strong>Direct rein<\/strong> &#8211; Taken in the mouth, for example for stelling.<\/p>\n<p><strong>Ground work<\/strong> &#8211; Work from the ground. You walk backwards and is placed quite close in front of the horse&#8217;s head.<\/p>\n<p><strong>Indirect rein<\/strong> &#8211; Is added on the shoulders and move the shoulders in or out.<\/p>\n<p><strong>Longe<\/strong> \u2013 Longe line or longeing. \u201dUse the longe to slow down the horse&#8221; = use the longe line to slow down the horse.<br \/>\n<strong>Longeing<\/strong> \u2013 The horse is moving on a circle around you and you hold on to it with a long line.<\/p>\n<p><strong>Pirouette<\/strong> \u2013 The horse steps on one place with its hind legs while striding around the hind legs with its front legs. Demands quite some collection. In principle a very centered quarter in.<\/p>\n<p><strong>Renvers<\/strong> &#8211; Counter quarter in<\/p>\n<p><strong>Quarter in <\/strong>\u2013 The horse is bent through its body and the hind legs are moved inside of the track. The outer hind leg carry more weight.<\/p>\n<p><strong>Schooled halt <\/strong>\u2013 Work in the halt. In the halt you ask for shoulder in, quarter in, forward down and collection.<br \/>\n<strong>School halt<\/strong> \u2013 A very collected halt where the horse angles its hind legs very much and lift one front leg off the ground.<br \/>\n<strong>Shoulder\u00a0 in<\/strong> \u2013 The horse is bent through the body and moves it shoulder slightly inside of the track. The inner hind leg carries more weight.<br \/>\n<strong>Snaffle\u00a0<\/strong> &#8211; One or two- jointed bit working by direct pressure. Used for stelling.<br \/>\n<strong>Stelling<\/strong> \u2013 A flexion of the neck, where the inner ear ends up lower than the outer ear. The mandible is bent in under the wing of the atlas vertebrae (the first neck vertebrae).<\/p>\n<p><strong>Travers<\/strong> &#8211; Quarter in<\/p>\n<p><strong>Versade<\/strong> &#8211; Shoulder in<\/p>\n<p><strong>\u00a0<\/strong><\/p>\n<p>&nbsp;<\/p>","protected":false},"excerpt":{"rendered":"<p>What kind of weird words is it that you use in the Academic Art of Riding? Here you get a short explanation of different words and concepts used in the Academic Art of Riding. Aids \u2013 The signals you use to communicate with the horse.The primary aid is the seat. You can never remove your <a class=\"read-more\" href=\"https:\/\/mariaholmstrom.se\/en\/onlinekurs-akademisk-ridkonst\/ordlista\/\">Read More<\/a><\/p>\n","protected":false},"author":1,"featured_media":0,"parent":8,"menu_order":1,"comment_status":"closed","ping_status":"closed","template":"","meta":{"footnotes":""},"yoast_head":"<!-- This site is optimized with the Yoast SEO plugin v20.0 - https:\/\/yoast.com\/wordpress\/plugins\/seo\/ -->\n<title>Ordlista inom den akademiska ridkonsten - Mariaholmstrom.se<\/title>\n<meta name=\"description\" content=\"I denna del av v\u00e5r onlinekurs i akademisk ridkonst f\u00f6rklarar vi kortfattat olika ord och begrepp. \u00c4r t.ex. en blank st\u00e5ng v\u00e4lputsad?\" \/>\n<meta name=\"robots\" content=\"index, follow, max-snippet:-1, max-image-preview:large, max-video-preview:-1\" \/>\n<link rel=\"canonical\" href=\"https:\/\/mariaholmstrom.se\/onlinekurs-akademisk-ridkonst\/ordlista\/\" \/>\n<meta property=\"og:locale\" content=\"en_US\" \/>\n<meta property=\"og:type\" content=\"article\" \/>\n<meta property=\"og:title\" content=\"Ordlista inom den akademiska ridkonsten - Mariaholmstrom.se\" \/>\n<meta property=\"og:description\" content=\"I denna del av v\u00e5r onlinekurs i akademisk ridkonst f\u00f6rklarar vi kortfattat olika ord och begrepp. \u00c4r t.ex. en blank st\u00e5ng v\u00e4lputsad?\" \/>\n<meta property=\"og:url\" content=\"https:\/\/mariaholmstrom.se\/onlinekurs-akademisk-ridkonst\/ordlista\/\" \/>\n<meta property=\"og:site_name\" content=\"H\u00e4st och h\u00e4lsa - Maria Holmstr\u00f6m\" \/>\n<meta property=\"article:modified_time\" content=\"2019-11-25T19:30:18+00:00\" \/>\n<meta name=\"twitter:card\" content=\"summary_large_image\" \/>\n<meta name=\"twitter:label1\" content=\"Est. reading time\" \/>\n\t<meta name=\"twitter:data1\" content=\"7 minutes\" \/>\n<script type=\"application\/ld+json\" class=\"yoast-schema-graph\">{\"@context\":\"https:\/\/schema.org\",\"@graph\":[{\"@type\":\"WebPage\",\"@id\":\"https:\/\/mariaholmstrom.se\/onlinekurs-akademisk-ridkonst\/ordlista\/\",\"url\":\"https:\/\/mariaholmstrom.se\/onlinekurs-akademisk-ridkonst\/ordlista\/\",\"name\":\"Ordlista inom den akademiska ridkonsten - Mariaholmstrom.se\",\"isPartOf\":{\"@id\":\"https:\/\/mariaholmstrom.se\/#website\"},\"datePublished\":\"2016-09-17T17:22:16+00:00\",\"dateModified\":\"2019-11-25T19:30:18+00:00\",\"description\":\"I denna del av v\u00e5r onlinekurs i akademisk ridkonst f\u00f6rklarar vi kortfattat olika ord och begrepp. \u00c4r t.ex. en blank st\u00e5ng v\u00e4lputsad?\",\"breadcrumb\":{\"@id\":\"https:\/\/mariaholmstrom.se\/onlinekurs-akademisk-ridkonst\/ordlista\/#breadcrumb\"},\"inLanguage\":\"en\",\"potentialAction\":[{\"@type\":\"ReadAction\",\"target\":[\"https:\/\/mariaholmstrom.se\/onlinekurs-akademisk-ridkonst\/ordlista\/\"]}]},{\"@type\":\"BreadcrumbList\",\"@id\":\"https:\/\/mariaholmstrom.se\/onlinekurs-akademisk-ridkonst\/ordlista\/#breadcrumb\",\"itemListElement\":[{\"@type\":\"ListItem\",\"position\":1,\"name\":\"Hem\",\"item\":\"https:\/\/mariaholmstrom.se\/\"},{\"@type\":\"ListItem\",\"position\":2,\"name\":\"AR-skolan\",\"item\":\"https:\/\/mariaholmstrom.se\/onlinekurs-akademisk-ridkonst\/\"},{\"@type\":\"ListItem\",\"position\":3,\"name\":\"Ordlista\"}]},{\"@type\":\"WebSite\",\"@id\":\"https:\/\/mariaholmstrom.se\/#website\",\"url\":\"https:\/\/mariaholmstrom.se\/\",\"name\":\"H\u00e4st och h\u00e4lsa - Maria Holmstr\u00f6m\",\"description\":\"Friskv\u00e5rd f\u00f6r b\u00e5de m\u00e4nniska och h\u00e4st\",\"potentialAction\":[{\"@type\":\"SearchAction\",\"target\":{\"@type\":\"EntryPoint\",\"urlTemplate\":\"https:\/\/mariaholmstrom.se\/?s={search_term_string}\"},\"query-input\":\"required name=search_term_string\"}],\"inLanguage\":\"en\"}]}<\/script>\n<!-- \/ Yoast SEO plugin. -->","yoast_head_json":{"title":"Ordlista inom den akademiska ridkonsten - Mariaholmstrom.se","description":"I denna del av v\u00e5r onlinekurs i akademisk ridkonst f\u00f6rklarar vi kortfattat olika ord och begrepp. \u00c4r t.ex. en blank st\u00e5ng v\u00e4lputsad?","robots":{"index":"index","follow":"follow","max-snippet":"max-snippet:-1","max-image-preview":"max-image-preview:large","max-video-preview":"max-video-preview:-1"},"canonical":"https:\/\/mariaholmstrom.se\/onlinekurs-akademisk-ridkonst\/ordlista\/","og_locale":"en_US","og_type":"article","og_title":"Ordlista inom den akademiska ridkonsten - Mariaholmstrom.se","og_description":"I denna del av v\u00e5r onlinekurs i akademisk ridkonst f\u00f6rklarar vi kortfattat olika ord och begrepp. \u00c4r t.ex. en blank st\u00e5ng v\u00e4lputsad?","og_url":"https:\/\/mariaholmstrom.se\/onlinekurs-akademisk-ridkonst\/ordlista\/","og_site_name":"H\u00e4st och h\u00e4lsa - Maria Holmstr\u00f6m","article_modified_time":"2019-11-25T19:30:18+00:00","twitter_card":"summary_large_image","twitter_misc":{"Est. reading time":"7 minutes"},"schema":{"@context":"https:\/\/schema.org","@graph":[{"@type":"WebPage","@id":"https:\/\/mariaholmstrom.se\/onlinekurs-akademisk-ridkonst\/ordlista\/","url":"https:\/\/mariaholmstrom.se\/onlinekurs-akademisk-ridkonst\/ordlista\/","name":"Ordlista inom den akademiska ridkonsten - Mariaholmstrom.se","isPartOf":{"@id":"https:\/\/mariaholmstrom.se\/#website"},"datePublished":"2016-09-17T17:22:16+00:00","dateModified":"2019-11-25T19:30:18+00:00","description":"I denna del av v\u00e5r onlinekurs i akademisk ridkonst f\u00f6rklarar vi kortfattat olika ord och begrepp. \u00c4r t.ex. en blank st\u00e5ng v\u00e4lputsad?","breadcrumb":{"@id":"https:\/\/mariaholmstrom.se\/onlinekurs-akademisk-ridkonst\/ordlista\/#breadcrumb"},"inLanguage":"en","potentialAction":[{"@type":"ReadAction","target":["https:\/\/mariaholmstrom.se\/onlinekurs-akademisk-ridkonst\/ordlista\/"]}]},{"@type":"BreadcrumbList","@id":"https:\/\/mariaholmstrom.se\/onlinekurs-akademisk-ridkonst\/ordlista\/#breadcrumb","itemListElement":[{"@type":"ListItem","position":1,"name":"Hem","item":"https:\/\/mariaholmstrom.se\/"},{"@type":"ListItem","position":2,"name":"AR-skolan","item":"https:\/\/mariaholmstrom.se\/onlinekurs-akademisk-ridkonst\/"},{"@type":"ListItem","position":3,"name":"Ordlista"}]},{"@type":"WebSite","@id":"https:\/\/mariaholmstrom.se\/#website","url":"https:\/\/mariaholmstrom.se\/","name":"H\u00e4st och h\u00e4lsa - Maria Holmstr\u00f6m","description":"Friskv\u00e5rd f\u00f6r b\u00e5de m\u00e4nniska och h\u00e4st","potentialAction":[{"@type":"SearchAction","target":{"@type":"EntryPoint","urlTemplate":"https:\/\/mariaholmstrom.se\/?s={search_term_string}"},"query-input":"required name=search_term_string"}],"inLanguage":"en"}]}},"_links":{"self":[{"href":"https:\/\/mariaholmstrom.se\/en\/wp-json\/wp\/v2\/pages\/49"}],"collection":[{"href":"https:\/\/mariaholmstrom.se\/en\/wp-json\/wp\/v2\/pages"}],"about":[{"href":"https:\/\/mariaholmstrom.se\/en\/wp-json\/wp\/v2\/types\/page"}],"author":[{"embeddable":true,"href":"https:\/\/mariaholmstrom.se\/en\/wp-json\/wp\/v2\/users\/1"}],"replies":[{"embeddable":true,"href":"https:\/\/mariaholmstrom.se\/en\/wp-json\/wp\/v2\/comments?post=49"}],"version-history":[{"count":21,"href":"https:\/\/mariaholmstrom.se\/en\/wp-json\/wp\/v2\/pages\/49\/revisions"}],"predecessor-version":[{"id":1039,"href":"https:\/\/mariaholmstrom.se\/en\/wp-json\/wp\/v2\/pages\/49\/revisions\/1039"}],"up":[{"embeddable":true,"href":"https:\/\/mariaholmstrom.se\/en\/wp-json\/wp\/v2\/pages\/8"}],"wp:attachment":[{"href":"https:\/\/mariaholmstrom.se\/en\/wp-json\/wp\/v2\/media?parent=49"}],"curies":[{"name":"wp","href":"https:\/\/api.w.org\/{rel}","templated":true}]}}