{"id":52,"date":"2016-09-17T19:24:20","date_gmt":"2016-09-17T17:24:20","guid":{"rendered":"http:\/\/mariaholmstrom.se\/?page_id=52"},"modified":"2019-11-25T20:20:53","modified_gmt":"2019-11-25T19:20:53","slug":"groundwork","status":"publish","type":"page","link":"https:\/\/mariaholmstrom.se\/en\/onlinekurs-akademisk-ridkonst\/groundwork\/","title":{"rendered":"Ground work"},"content":{"rendered":"<p><span class=\"intro\">You start educating the horse in groundwork, ie walking backwards on a circle. Here the horse can relax and let go of tensions and you teach the rein and leg aids using the whip. Thereby you can place the horse where you want it and shape it to carry itself in a proper way.<\/span><\/p>\n<p>Equipment: Cavesson and leading rein in addition to a whip that works as your extended arm. If you have no cavesson then use your halter or regular bridle. The cavesson is a fantastic tool, and if you are sure to continue with AAoR then I strongly recommend getting one.<\/p>\n<p>In the beginning, groundwork means walking backwards on a circle with the horse in front of you. You want the horse slightly to the outside of yourself, to be able to see the inside of the horse. Approximately your outer leg is in line with the inner legs of the horse. Your outer hand only hold on to the rein and with that hand you can give impulses to ask for stelling. Your inner hand holds the whip and the end of the rein.<\/p>\n<figure id=\"attachment_572\" aria-describedby=\"caption-attachment-572\" style=\"width: 600px\" class=\"wp-caption aligncenter\"><img loading=\"lazy\" decoding=\"async\" class=\"wp-image-572\" src=\"http:\/\/mariaholmstrom.se\/wp-content\/uploads\/2016\/09\/groundworkposition-crop-1-300x99.jpg\" alt=\"Positionen med ditt yttre ben och h\u00e4stens inre benpar i en linje kan anv\u00e4ndas som riktm\u00e4rke i groundworkarbetet.\" width=\"600\" height=\"199\" srcset=\"https:\/\/mariaholmstrom.se\/wp-content\/uploads\/2016\/09\/groundworkposition-crop-1-300x99.jpg 300w, https:\/\/mariaholmstrom.se\/wp-content\/uploads\/2016\/09\/groundworkposition-crop-1.jpg 724w\" sizes=\"(max-width: 600px) 100vw, 600px\" \/><figcaption id=\"caption-attachment-572\" class=\"wp-caption-text\">The position with your outer hind leg in line with the inner legs of the horse can be used as a rule of thumb in ground work.<\/figcaption><\/figure>\n<p>When it is time to take the step from leading exercises to groundwork, you want to start working on the shape of the horse, and in order to do that you need to be able to ask for stelling of the neck, bending of the body and moving the front or hind legs in and pout of the track.<\/p>","protected":false},"excerpt":{"rendered":"<p>You start educating the horse in groundwork, ie walking backwards on a circle. Here the horse can relax and let go of tensions and you teach the rein and leg aids using the whip. Thereby you can place the horse where you want it and shape it to carry itself in a proper way. Equipment: <a class=\"read-more\" href=\"https:\/\/mariaholmstrom.se\/en\/onlinekurs-akademisk-ridkonst\/groundwork\/\">Read More<\/a><\/p>\n","protected":false},"author":1,"featured_media":0,"parent":8,"menu_order":0,"comment_status":"closed","ping_status":"closed","template":"","meta":{"footnotes":""},"yoast_head":"<!-- This site is optimized with the Yoast SEO plugin v20.0 - https:\/\/yoast.com\/wordpress\/plugins\/seo\/ -->\n<title>L\u00e4r dig arbeta h\u00e4sten fr\u00e5n marken med groundwork-\u00f6vningar - Mariaholmstrom.se<\/title>\n<meta name=\"description\" content=\"I denna del av v\u00e5r online-kurs f\u00e5r du l\u00e4ra dig vad groundwork inom den akademiska ridkonsten \u00e4r och hur du anv\u00e4nder det i din utbildning av h\u00e4sten.\" \/>\n<meta name=\"robots\" content=\"index, follow, max-snippet:-1, max-image-preview:large, max-video-preview:-1\" \/>\n<link rel=\"canonical\" href=\"https:\/\/mariaholmstrom.se\/onlinekurs-akademisk-ridkonst\/groundwork\/\" \/>\n<meta property=\"og:locale\" content=\"en_US\" \/>\n<meta property=\"og:type\" content=\"article\" \/>\n<meta property=\"og:title\" content=\"L\u00e4r dig arbeta h\u00e4sten fr\u00e5n marken med groundwork-\u00f6vningar - Mariaholmstrom.se\" \/>\n<meta property=\"og:description\" content=\"I denna del av v\u00e5r online-kurs f\u00e5r du l\u00e4ra dig vad groundwork inom den akademiska ridkonsten \u00e4r och hur du anv\u00e4nder det i din utbildning av h\u00e4sten.\" \/>\n<meta property=\"og:url\" content=\"https:\/\/mariaholmstrom.se\/onlinekurs-akademisk-ridkonst\/groundwork\/\" \/>\n<meta property=\"og:site_name\" content=\"H\u00e4st och h\u00e4lsa - Maria Holmstr\u00f6m\" \/>\n<meta property=\"article:modified_time\" content=\"2019-11-25T19:20:53+00:00\" \/>\n<meta property=\"og:image\" content=\"http:\/\/mariaholmstrom.se\/wp-content\/uploads\/2016\/09\/groundworkposition-crop-1-300x99.jpg\" \/>\n<meta name=\"twitter:card\" content=\"summary_large_image\" \/>\n<meta name=\"twitter:label1\" content=\"Est. reading time\" \/>\n\t<meta name=\"twitter:data1\" content=\"3 minutes\" \/>\n<script type=\"application\/ld+json\" class=\"yoast-schema-graph\">{\"@context\":\"https:\/\/schema.org\",\"@graph\":[{\"@type\":\"WebPage\",\"@id\":\"https:\/\/mariaholmstrom.se\/onlinekurs-akademisk-ridkonst\/groundwork\/\",\"url\":\"https:\/\/mariaholmstrom.se\/onlinekurs-akademisk-ridkonst\/groundwork\/\",\"name\":\"L\u00e4r dig arbeta h\u00e4sten fr\u00e5n marken med groundwork-\u00f6vningar - Mariaholmstrom.se\",\"isPartOf\":{\"@id\":\"https:\/\/mariaholmstrom.se\/#website\"},\"datePublished\":\"2016-09-17T17:24:20+00:00\",\"dateModified\":\"2019-11-25T19:20:53+00:00\",\"description\":\"I denna del av v\u00e5r online-kurs f\u00e5r du l\u00e4ra dig vad groundwork inom den akademiska ridkonsten \u00e4r och hur du anv\u00e4nder det i din utbildning av h\u00e4sten.\",\"breadcrumb\":{\"@id\":\"https:\/\/mariaholmstrom.se\/onlinekurs-akademisk-ridkonst\/groundwork\/#breadcrumb\"},\"inLanguage\":\"en\",\"potentialAction\":[{\"@type\":\"ReadAction\",\"target\":[\"https:\/\/mariaholmstrom.se\/onlinekurs-akademisk-ridkonst\/groundwork\/\"]}]},{\"@type\":\"BreadcrumbList\",\"@id\":\"https:\/\/mariaholmstrom.se\/onlinekurs-akademisk-ridkonst\/groundwork\/#breadcrumb\",\"itemListElement\":[{\"@type\":\"ListItem\",\"position\":1,\"name\":\"Hem\",\"item\":\"https:\/\/mariaholmstrom.se\/\"},{\"@type\":\"ListItem\",\"position\":2,\"name\":\"AR-skolan\",\"item\":\"https:\/\/mariaholmstrom.se\/onlinekurs-akademisk-ridkonst\/\"},{\"@type\":\"ListItem\",\"position\":3,\"name\":\"Groundwork\"}]},{\"@type\":\"WebSite\",\"@id\":\"https:\/\/mariaholmstrom.se\/#website\",\"url\":\"https:\/\/mariaholmstrom.se\/\",\"name\":\"H\u00e4st och h\u00e4lsa - Maria Holmstr\u00f6m\",\"description\":\"Friskv\u00e5rd f\u00f6r b\u00e5de m\u00e4nniska och h\u00e4st\",\"potentialAction\":[{\"@type\":\"SearchAction\",\"target\":{\"@type\":\"EntryPoint\",\"urlTemplate\":\"https:\/\/mariaholmstrom.se\/?s={search_term_string}\"},\"query-input\":\"required name=search_term_string\"}],\"inLanguage\":\"en\"}]}<\/script>\n<!-- \/ Yoast SEO plugin. -->","yoast_head_json":{"title":"L\u00e4r dig arbeta h\u00e4sten fr\u00e5n marken med groundwork-\u00f6vningar - Mariaholmstrom.se","description":"I denna del av v\u00e5r online-kurs f\u00e5r du l\u00e4ra dig vad groundwork inom den akademiska ridkonsten \u00e4r och hur du anv\u00e4nder det i din utbildning av h\u00e4sten.","robots":{"index":"index","follow":"follow","max-snippet":"max-snippet:-1","max-image-preview":"max-image-preview:large","max-video-preview":"max-video-preview:-1"},"canonical":"https:\/\/mariaholmstrom.se\/onlinekurs-akademisk-ridkonst\/groundwork\/","og_locale":"en_US","og_type":"article","og_title":"L\u00e4r dig arbeta h\u00e4sten fr\u00e5n marken med groundwork-\u00f6vningar - Mariaholmstrom.se","og_description":"I denna del av v\u00e5r online-kurs f\u00e5r du l\u00e4ra dig vad groundwork inom den akademiska ridkonsten \u00e4r och hur du anv\u00e4nder det i din utbildning av h\u00e4sten.","og_url":"https:\/\/mariaholmstrom.se\/onlinekurs-akademisk-ridkonst\/groundwork\/","og_site_name":"H\u00e4st och h\u00e4lsa - Maria Holmstr\u00f6m","article_modified_time":"2019-11-25T19:20:53+00:00","og_image":[{"url":"http:\/\/mariaholmstrom.se\/wp-content\/uploads\/2016\/09\/groundworkposition-crop-1-300x99.jpg"}],"twitter_card":"summary_large_image","twitter_misc":{"Est. reading time":"3 minutes"},"schema":{"@context":"https:\/\/schema.org","@graph":[{"@type":"WebPage","@id":"https:\/\/mariaholmstrom.se\/onlinekurs-akademisk-ridkonst\/groundwork\/","url":"https:\/\/mariaholmstrom.se\/onlinekurs-akademisk-ridkonst\/groundwork\/","name":"L\u00e4r dig arbeta h\u00e4sten fr\u00e5n marken med groundwork-\u00f6vningar - Mariaholmstrom.se","isPartOf":{"@id":"https:\/\/mariaholmstrom.se\/#website"},"datePublished":"2016-09-17T17:24:20+00:00","dateModified":"2019-11-25T19:20:53+00:00","description":"I denna del av v\u00e5r online-kurs f\u00e5r du l\u00e4ra dig vad groundwork inom den akademiska ridkonsten \u00e4r och hur du anv\u00e4nder det i din utbildning av h\u00e4sten.","breadcrumb":{"@id":"https:\/\/mariaholmstrom.se\/onlinekurs-akademisk-ridkonst\/groundwork\/#breadcrumb"},"inLanguage":"en","potentialAction":[{"@type":"ReadAction","target":["https:\/\/mariaholmstrom.se\/onlinekurs-akademisk-ridkonst\/groundwork\/"]}]},{"@type":"BreadcrumbList","@id":"https:\/\/mariaholmstrom.se\/onlinekurs-akademisk-ridkonst\/groundwork\/#breadcrumb","itemListElement":[{"@type":"ListItem","position":1,"name":"Hem","item":"https:\/\/mariaholmstrom.se\/"},{"@type":"ListItem","position":2,"name":"AR-skolan","item":"https:\/\/mariaholmstrom.se\/onlinekurs-akademisk-ridkonst\/"},{"@type":"ListItem","position":3,"name":"Groundwork"}]},{"@type":"WebSite","@id":"https:\/\/mariaholmstrom.se\/#website","url":"https:\/\/mariaholmstrom.se\/","name":"H\u00e4st och h\u00e4lsa - Maria Holmstr\u00f6m","description":"Friskv\u00e5rd f\u00f6r b\u00e5de m\u00e4nniska och h\u00e4st","potentialAction":[{"@type":"SearchAction","target":{"@type":"EntryPoint","urlTemplate":"https:\/\/mariaholmstrom.se\/?s={search_term_string}"},"query-input":"required name=search_term_string"}],"inLanguage":"en"}]}},"_links":{"self":[{"href":"https:\/\/mariaholmstrom.se\/en\/wp-json\/wp\/v2\/pages\/52"}],"collection":[{"href":"https:\/\/mariaholmstrom.se\/en\/wp-json\/wp\/v2\/pages"}],"about":[{"href":"https:\/\/mariaholmstrom.se\/en\/wp-json\/wp\/v2\/types\/page"}],"author":[{"embeddable":true,"href":"https:\/\/mariaholmstrom.se\/en\/wp-json\/wp\/v2\/users\/1"}],"replies":[{"embeddable":true,"href":"https:\/\/mariaholmstrom.se\/en\/wp-json\/wp\/v2\/comments?post=52"}],"version-history":[{"count":34,"href":"https:\/\/mariaholmstrom.se\/en\/wp-json\/wp\/v2\/pages\/52\/revisions"}],"predecessor-version":[{"id":958,"href":"https:\/\/mariaholmstrom.se\/en\/wp-json\/wp\/v2\/pages\/52\/revisions\/958"}],"up":[{"embeddable":true,"href":"https:\/\/mariaholmstrom.se\/en\/wp-json\/wp\/v2\/pages\/8"}],"wp:attachment":[{"href":"https:\/\/mariaholmstrom.se\/en\/wp-json\/wp\/v2\/media?parent=52"}],"curies":[{"name":"wp","href":"https:\/\/api.w.org\/{rel}","templated":true}]}}