{"id":54,"date":"2016-09-17T19:30:04","date_gmt":"2016-09-17T17:30:04","guid":{"rendered":"http:\/\/mariaholmstrom.se\/?page_id=54"},"modified":"2019-11-25T20:28:29","modified_gmt":"2019-11-25T19:28:29","slug":"stallning-och-bojning","status":"publish","type":"page","link":"https:\/\/mariaholmstrom.se\/en\/onlinekurs-akademisk-ridkonst\/stallning-och-bojning\/","title":{"rendered":"Stelling and bending"},"content":{"rendered":"<p><span class=\"intro\"> Here you can learn about stelling and bending, and how to get there. By working on stelling and bending you get the horse to carry itself properly, building muscles to be able to carry both itself and the rider in a healthy way.<\/span><\/p>\n<p>The foundation of all dressage training is bending and stelling. Stelling occurs in the neck, when the mandible is bent under the wing of the atlas vertebrae (the first neck vertebrae). Bending is when the entire body of the horse bends smoothly and the vertebrae, from the neck to the tail, gently settles like beads on a string in a mild c-curve.<\/p>\n<p><strong>Lowering of the head<\/strong><br \/>\nBefore you may even think about asking for stelling and bending you have to teach the horse to lower its head. Ask the horse to lower its head by a lightly squeezing the cavesson rein, to create a small pressure on the neck. As soon as the horse yields to the slightest of pressure, totally release and praise your horse. Over time, you may ask your horse to lower its head more and more, and for longer periods of time. A very easy way of making the horse understand to lower its head is to use candy.<\/p>\n<blockquote><p>As soon as the horse yields to the slightest of pressure, totally release \u00a0and praise your horse.<\/p><\/blockquote>\n<p><strong>Stelling and bending<\/strong><br \/>\nWhen the horse begins to understand to lower its head you start working on\u00a0stelling. Lower the head enough to release the under neck. Then you want it to open up the area between the mandible and the wing of the atlas vertebrae, ie. you want it to stretch its nose forwards. Only then it is possible to ask for stelling, because only then there is room for the mandible to turn under the wing of the atlas vertebrae.<\/p>\n<figure id=\"attachment_528\" aria-describedby=\"caption-attachment-528\" style=\"width: 800px\" class=\"wp-caption aligncenter\"><img loading=\"lazy\" decoding=\"async\" class=\"wp-image-528\" src=\"http:\/\/mariaholmstrom.se\/wp-content\/uploads\/2016\/09\/Stallning-300x176.jpg\" alt=\"stallning\" width=\"800\" height=\"468\" srcset=\"https:\/\/mariaholmstrom.se\/wp-content\/uploads\/2016\/09\/Stallning-300x176.jpg 300w, https:\/\/mariaholmstrom.se\/wp-content\/uploads\/2016\/09\/Stallning-768x449.jpg 768w, https:\/\/mariaholmstrom.se\/wp-content\/uploads\/2016\/09\/Stallning.jpg 1000w\" sizes=\"(max-width: 800px) 100vw, 800px\" \/><figcaption id=\"caption-attachment-528\" class=\"wp-caption-text\">Stelling takes place in the neck of the horse, when the mandible is rotated in under the wing of the atlas vertebrae.<\/figcaption><\/figure>\n<figure id=\"attachment_529\" aria-describedby=\"caption-attachment-529\" style=\"width: 800px\" class=\"wp-caption aligncenter\"><img loading=\"lazy\" decoding=\"async\" class=\"wp-image-529\" src=\"http:\/\/mariaholmstrom.se\/wp-content\/uploads\/2016\/09\/Stallning-oppencrop-244x300.jpg\" alt=\"stallning-oppencrop\" width=\"800\" height=\"985\" srcset=\"https:\/\/mariaholmstrom.se\/wp-content\/uploads\/2016\/09\/Stallning-oppencrop-244x300.jpg 244w, https:\/\/mariaholmstrom.se\/wp-content\/uploads\/2016\/09\/Stallning-oppencrop-768x945.jpg 768w, https:\/\/mariaholmstrom.se\/wp-content\/uploads\/2016\/09\/Stallning-oppencrop-832x1024.jpg 832w, https:\/\/mariaholmstrom.se\/wp-content\/uploads\/2016\/09\/Stallning-oppencrop.jpg 1000w\" sizes=\"(max-width: 800px) 100vw, 800px\" \/><figcaption id=\"caption-attachment-529\" class=\"wp-caption-text\">For stelling of the neck the area between the mandible and the wing of the atlas vertebrae (marked white in the lower image ) must first be opened.<\/figcaption><\/figure>\n<figure id=\"attachment_531\" aria-describedby=\"caption-attachment-531\" style=\"width: 800px\" class=\"wp-caption aligncenter\"><img loading=\"lazy\" decoding=\"async\" class=\"wp-image-531\" src=\"http:\/\/mariaholmstrom.se\/wp-content\/uploads\/2016\/09\/Felstallning-rod-300x225.jpg\" alt=\"felstallning-rod\" width=\"800\" height=\"600\" srcset=\"https:\/\/mariaholmstrom.se\/wp-content\/uploads\/2016\/09\/Felstallning-rod-300x225.jpg 300w, https:\/\/mariaholmstrom.se\/wp-content\/uploads\/2016\/09\/Felstallning-rod-768x576.jpg 768w, https:\/\/mariaholmstrom.se\/wp-content\/uploads\/2016\/09\/Felstallning-rod.jpg 1000w\" sizes=\"(max-width: 800px) 100vw, 800px\" \/><figcaption id=\"caption-attachment-531\" class=\"wp-caption-text\">Here the neck of the horse is compressed and the underneck is visible. This is wrong and will never lead to a proper stelling. To correct it the head must be taken forwards to open up the area between the mandible and the atlas vertebrae.<\/figcaption><\/figure>\n<figure id=\"attachment_186\" aria-describedby=\"caption-attachment-186\" style=\"width: 800px\" class=\"wp-caption aligncenter\"><img loading=\"lazy\" decoding=\"async\" class=\"wp-image-186\" src=\"http:\/\/mariaholmstrom.se\/wp-content\/uploads\/2016\/09\/Groundwork-300x214.jpg\" alt=\"groundwork\" width=\"800\" height=\"572\" srcset=\"https:\/\/mariaholmstrom.se\/wp-content\/uploads\/2016\/09\/Groundwork-300x214.jpg 300w, https:\/\/mariaholmstrom.se\/wp-content\/uploads\/2016\/09\/Groundwork-768x549.jpg 768w, https:\/\/mariaholmstrom.se\/wp-content\/uploads\/2016\/09\/Groundwork.jpg 894w\" sizes=\"(max-width: 800px) 100vw, 800px\" \/><figcaption id=\"caption-attachment-186\" class=\"wp-caption-text\">Bending takes place through the whole body of the horse, from neck to tail.<\/figcaption><\/figure>\n<p>If the horse is supple, stelling of the neck propagates to the hip, and the inner hip will drop a bit forward down. From the stelling you can go further into bending, and you simply ask for a bit more and activate the whole body.<\/p>\n<blockquote><p>If the horse is supple, stelling of the neck propagates to the hip\u2026<\/p><\/blockquote>\n<p>Unfortunately, not all our horses are so supple that they just move with us when we ask for more, but you may notice there is a stop on the way towards the hip. There are different types of tensions and we want to supple these by our training. However, you cannot pull and &#8220;force&#8221; the horse to bend but ask softly for a little more bending each day. Think about how uncomfortable it is if someone pulls your head. It is equally unpleasant for the horse!<\/p>\n<p><strong>To carry weight correctly<\/strong><br \/>\nWhen the horse is carrying correctly, it is also in stelling and bending. This work is in the beginning most easily done in walk on a circle in ground work, since the bent circle track helps the horse to find its own bending. This means the inner hip goes forward down when the horse steps forward with the inner hindleg. To fit the inner hindleg under the belly, the belly rotates outwards, i.e. the rider feels the inner side of the back of the horse is lowered whereas the outside of the back is raised. The body of the horse bends, and the inside gets shorter whereas the outside is stretched and extended. Since the inner hindleg steps towards the centre of gravity and lifts the entire heavy chest, the outer frontleg will become free and moveable.<\/p>\n<p><strong>Remember<\/strong><\/p>\n<ul>\n<li>Stelling takes place in the neck when the mandible in rotated in under the wing of the atlas vertebrae.<\/li>\n<li>For a correct stelling, the nose must be taken forward to open up the area between the mandible and the atlas vertebrae.<\/li>\n<li>When the horse carries itself the inner hip moves forward down, the chest rotates outwards and is lifted by the hindlegs, which leads to a free outer shoulder.<\/li>\n<\/ul>\n<p><\/p>","protected":false},"excerpt":{"rendered":"<p>Here you can learn about stelling and bending, and how to get there. By working on stelling and bending you get the horse to carry itself properly, building muscles to be able to carry both itself and the rider in a healthy way. The foundation of all dressage training is bending and stelling. Stelling occurs <a class=\"read-more\" href=\"https:\/\/mariaholmstrom.se\/en\/onlinekurs-akademisk-ridkonst\/stallning-och-bojning\/\">Read More<\/a><\/p>\n","protected":false},"author":1,"featured_media":0,"parent":8,"menu_order":0,"comment_status":"closed","ping_status":"closed","template":"","meta":{"footnotes":""},"yoast_head":"<!-- This site is optimized with the Yoast SEO plugin v20.0 - https:\/\/yoast.com\/wordpress\/plugins\/seo\/ -->\n<title>L\u00e4r din h\u00e4st st\u00e4llning och b\u00f6jning - Mariaholmstrom.se<\/title>\n<meta name=\"description\" content=\"I denna del av v\u00e5r online-kurs i akademisk ridkonst f\u00e5r du l\u00e4ra dig vad st\u00e4llning och b\u00f6jning \u00e4r samt hur du \u00e5stadkommer det.\" \/>\n<meta name=\"robots\" content=\"index, follow, max-snippet:-1, max-image-preview:large, max-video-preview:-1\" \/>\n<link rel=\"canonical\" href=\"https:\/\/mariaholmstrom.se\/onlinekurs-akademisk-ridkonst\/stallning-och-bojning\/\" \/>\n<meta property=\"og:locale\" content=\"en_US\" \/>\n<meta property=\"og:type\" content=\"article\" \/>\n<meta property=\"og:title\" content=\"L\u00e4r din h\u00e4st st\u00e4llning och b\u00f6jning - Mariaholmstrom.se\" \/>\n<meta property=\"og:description\" content=\"I denna del av v\u00e5r online-kurs i akademisk ridkonst f\u00e5r du l\u00e4ra dig vad st\u00e4llning och b\u00f6jning \u00e4r samt hur du \u00e5stadkommer det.\" \/>\n<meta property=\"og:url\" content=\"https:\/\/mariaholmstrom.se\/onlinekurs-akademisk-ridkonst\/stallning-och-bojning\/\" \/>\n<meta property=\"og:site_name\" content=\"H\u00e4st och h\u00e4lsa - Maria Holmstr\u00f6m\" \/>\n<meta property=\"article:modified_time\" content=\"2019-11-25T19:28:29+00:00\" \/>\n<meta property=\"og:image\" content=\"http:\/\/mariaholmstrom.se\/wp-content\/uploads\/2016\/09\/Stallning-300x176.jpg\" \/>\n<meta name=\"twitter:card\" content=\"summary_large_image\" \/>\n<meta name=\"twitter:label1\" content=\"Est. reading time\" \/>\n\t<meta name=\"twitter:data1\" content=\"9 minutes\" \/>\n<script type=\"application\/ld+json\" class=\"yoast-schema-graph\">{\"@context\":\"https:\/\/schema.org\",\"@graph\":[{\"@type\":\"WebPage\",\"@id\":\"https:\/\/mariaholmstrom.se\/onlinekurs-akademisk-ridkonst\/stallning-och-bojning\/\",\"url\":\"https:\/\/mariaholmstrom.se\/onlinekurs-akademisk-ridkonst\/stallning-och-bojning\/\",\"name\":\"L\u00e4r din h\u00e4st st\u00e4llning och b\u00f6jning - Mariaholmstrom.se\",\"isPartOf\":{\"@id\":\"https:\/\/mariaholmstrom.se\/#website\"},\"datePublished\":\"2016-09-17T17:30:04+00:00\",\"dateModified\":\"2019-11-25T19:28:29+00:00\",\"description\":\"I denna del av v\u00e5r online-kurs i akademisk ridkonst f\u00e5r du l\u00e4ra dig vad st\u00e4llning och b\u00f6jning \u00e4r samt hur du \u00e5stadkommer det.\",\"breadcrumb\":{\"@id\":\"https:\/\/mariaholmstrom.se\/onlinekurs-akademisk-ridkonst\/stallning-och-bojning\/#breadcrumb\"},\"inLanguage\":\"en\",\"potentialAction\":[{\"@type\":\"ReadAction\",\"target\":[\"https:\/\/mariaholmstrom.se\/onlinekurs-akademisk-ridkonst\/stallning-och-bojning\/\"]}]},{\"@type\":\"BreadcrumbList\",\"@id\":\"https:\/\/mariaholmstrom.se\/onlinekurs-akademisk-ridkonst\/stallning-och-bojning\/#breadcrumb\",\"itemListElement\":[{\"@type\":\"ListItem\",\"position\":1,\"name\":\"Hem\",\"item\":\"https:\/\/mariaholmstrom.se\/\"},{\"@type\":\"ListItem\",\"position\":2,\"name\":\"AR-skolan\",\"item\":\"https:\/\/mariaholmstrom.se\/onlinekurs-akademisk-ridkonst\/\"},{\"@type\":\"ListItem\",\"position\":3,\"name\":\"St\u00e4llning och b\u00f6jning\"}]},{\"@type\":\"WebSite\",\"@id\":\"https:\/\/mariaholmstrom.se\/#website\",\"url\":\"https:\/\/mariaholmstrom.se\/\",\"name\":\"H\u00e4st och h\u00e4lsa - Maria Holmstr\u00f6m\",\"description\":\"Friskv\u00e5rd f\u00f6r b\u00e5de m\u00e4nniska och h\u00e4st\",\"potentialAction\":[{\"@type\":\"SearchAction\",\"target\":{\"@type\":\"EntryPoint\",\"urlTemplate\":\"https:\/\/mariaholmstrom.se\/?s={search_term_string}\"},\"query-input\":\"required name=search_term_string\"}],\"inLanguage\":\"en\"}]}<\/script>\n<!-- \/ Yoast SEO plugin. -->","yoast_head_json":{"title":"L\u00e4r din h\u00e4st st\u00e4llning och b\u00f6jning - Mariaholmstrom.se","description":"I denna del av v\u00e5r online-kurs i akademisk ridkonst f\u00e5r du l\u00e4ra dig vad st\u00e4llning och b\u00f6jning \u00e4r samt hur du \u00e5stadkommer det.","robots":{"index":"index","follow":"follow","max-snippet":"max-snippet:-1","max-image-preview":"max-image-preview:large","max-video-preview":"max-video-preview:-1"},"canonical":"https:\/\/mariaholmstrom.se\/onlinekurs-akademisk-ridkonst\/stallning-och-bojning\/","og_locale":"en_US","og_type":"article","og_title":"L\u00e4r din h\u00e4st st\u00e4llning och b\u00f6jning - Mariaholmstrom.se","og_description":"I denna del av v\u00e5r online-kurs i akademisk ridkonst f\u00e5r du l\u00e4ra dig vad st\u00e4llning och b\u00f6jning \u00e4r samt hur du \u00e5stadkommer det.","og_url":"https:\/\/mariaholmstrom.se\/onlinekurs-akademisk-ridkonst\/stallning-och-bojning\/","og_site_name":"H\u00e4st och h\u00e4lsa - Maria Holmstr\u00f6m","article_modified_time":"2019-11-25T19:28:29+00:00","og_image":[{"url":"http:\/\/mariaholmstrom.se\/wp-content\/uploads\/2016\/09\/Stallning-300x176.jpg"}],"twitter_card":"summary_large_image","twitter_misc":{"Est. reading time":"9 minutes"},"schema":{"@context":"https:\/\/schema.org","@graph":[{"@type":"WebPage","@id":"https:\/\/mariaholmstrom.se\/onlinekurs-akademisk-ridkonst\/stallning-och-bojning\/","url":"https:\/\/mariaholmstrom.se\/onlinekurs-akademisk-ridkonst\/stallning-och-bojning\/","name":"L\u00e4r din h\u00e4st st\u00e4llning och b\u00f6jning - Mariaholmstrom.se","isPartOf":{"@id":"https:\/\/mariaholmstrom.se\/#website"},"datePublished":"2016-09-17T17:30:04+00:00","dateModified":"2019-11-25T19:28:29+00:00","description":"I denna del av v\u00e5r online-kurs i akademisk ridkonst f\u00e5r du l\u00e4ra dig vad st\u00e4llning och b\u00f6jning \u00e4r samt hur du \u00e5stadkommer det.","breadcrumb":{"@id":"https:\/\/mariaholmstrom.se\/onlinekurs-akademisk-ridkonst\/stallning-och-bojning\/#breadcrumb"},"inLanguage":"en","potentialAction":[{"@type":"ReadAction","target":["https:\/\/mariaholmstrom.se\/onlinekurs-akademisk-ridkonst\/stallning-och-bojning\/"]}]},{"@type":"BreadcrumbList","@id":"https:\/\/mariaholmstrom.se\/onlinekurs-akademisk-ridkonst\/stallning-och-bojning\/#breadcrumb","itemListElement":[{"@type":"ListItem","position":1,"name":"Hem","item":"https:\/\/mariaholmstrom.se\/"},{"@type":"ListItem","position":2,"name":"AR-skolan","item":"https:\/\/mariaholmstrom.se\/onlinekurs-akademisk-ridkonst\/"},{"@type":"ListItem","position":3,"name":"St\u00e4llning och b\u00f6jning"}]},{"@type":"WebSite","@id":"https:\/\/mariaholmstrom.se\/#website","url":"https:\/\/mariaholmstrom.se\/","name":"H\u00e4st och h\u00e4lsa - Maria Holmstr\u00f6m","description":"Friskv\u00e5rd f\u00f6r b\u00e5de m\u00e4nniska och h\u00e4st","potentialAction":[{"@type":"SearchAction","target":{"@type":"EntryPoint","urlTemplate":"https:\/\/mariaholmstrom.se\/?s={search_term_string}"},"query-input":"required name=search_term_string"}],"inLanguage":"en"}]}},"_links":{"self":[{"href":"https:\/\/mariaholmstrom.se\/en\/wp-json\/wp\/v2\/pages\/54"}],"collection":[{"href":"https:\/\/mariaholmstrom.se\/en\/wp-json\/wp\/v2\/pages"}],"about":[{"href":"https:\/\/mariaholmstrom.se\/en\/wp-json\/wp\/v2\/types\/page"}],"author":[{"embeddable":true,"href":"https:\/\/mariaholmstrom.se\/en\/wp-json\/wp\/v2\/users\/1"}],"replies":[{"embeddable":true,"href":"https:\/\/mariaholmstrom.se\/en\/wp-json\/wp\/v2\/comments?post=54"}],"version-history":[{"count":31,"href":"https:\/\/mariaholmstrom.se\/en\/wp-json\/wp\/v2\/pages\/54\/revisions"}],"predecessor-version":[{"id":747,"href":"https:\/\/mariaholmstrom.se\/en\/wp-json\/wp\/v2\/pages\/54\/revisions\/747"}],"up":[{"embeddable":true,"href":"https:\/\/mariaholmstrom.se\/en\/wp-json\/wp\/v2\/pages\/8"}],"wp:attachment":[{"href":"https:\/\/mariaholmstrom.se\/en\/wp-json\/wp\/v2\/media?parent=54"}],"curies":[{"name":"wp","href":"https:\/\/api.w.org\/{rel}","templated":true}]}}