{"id":58,"date":"2016-09-17T19:31:58","date_gmt":"2016-09-17T17:31:58","guid":{"rendered":"http:\/\/mariaholmstrom.se\/?page_id=58"},"modified":"2019-11-25T20:24:31","modified_gmt":"2019-11-25T19:24:31","slug":"hjalper","status":"publish","type":"page","link":"https:\/\/mariaholmstrom.se\/en\/onlinekurs-akademisk-ridkonst\/hjalper\/","title":{"rendered":"Aids"},"content":{"rendered":"<p><span class=\"intro\">Aids are the signals you use to communicate with the horse. The aids are always the same, regardless if you are working from the ground or riding. By moving the shoulders and hind part of the horse we can place the horse where we want it and thereby shape its body to a proper movement.<\/span><\/p>\n<p>The beauty of this education system is that in the academic art of riding, we use exactly the same aids all the time, regardless if we are working from the ground or riding. We begin to teach the aids from the ground. Either you start in standing or in walk in the groundwork position, depending on what is easier for the horse.<\/p>\n<p><strong>Leg aids<br \/>\n<\/strong>To teach the horse the leg aids, start by touching your whip on the inside of the trunk, where your leg would be placed if you were riding. This is a signal asking the horse to move is hind part outwards, i.e. your inside leg aid. To move the hind part inwards, lift the whip over the back, pointing towards the outside hind leg. This is your outer leg aid. \u00a0The outside leg aid may be difficult to understand for the horse and can be taught next to a fence. In the beginning, you can ignore the stelling and bending and just focus on pedagogy, i.e. that the horse understands the signals for moving its hind part outwards or inwards. As the horse begins to understand what you ask for, you first ask for stelling and bending and then add the leg aids. Ask the horse to move while maintaining stelling and bending. <strong>\u00a0<\/strong><\/p>\n<figure id=\"attachment_548\" aria-describedby=\"caption-attachment-548\" style=\"width: 800px\" class=\"wp-caption aligncenter\"><img loading=\"lazy\" decoding=\"async\" class=\"wp-image-548\" src=\"http:\/\/mariaholmstrom.se\/wp-content\/uploads\/2016\/09\/Innerskankel-300x168.jpg\" alt=\"innerskankel\" width=\"800\" height=\"449\" srcset=\"https:\/\/mariaholmstrom.se\/wp-content\/uploads\/2016\/09\/Innerskankel-300x168.jpg 300w, https:\/\/mariaholmstrom.se\/wp-content\/uploads\/2016\/09\/Innerskankel-768x431.jpg 768w, https:\/\/mariaholmstrom.se\/wp-content\/uploads\/2016\/09\/Innerskankel.jpg 1000w\" sizes=\"(max-width: 800px) 100vw, 800px\" \/><figcaption id=\"caption-attachment-548\" class=\"wp-caption-text\">Touch the whip in the leg aid area on the belly to teach the inner leg aid.<\/figcaption><\/figure>\n<figure id=\"attachment_550\" aria-describedby=\"caption-attachment-550\" style=\"width: 800px\" class=\"wp-caption aligncenter\"><img loading=\"lazy\" decoding=\"async\" class=\"wp-image-550\" src=\"http:\/\/mariaholmstrom.se\/wp-content\/uploads\/2016\/09\/Ytterskankel-300x167.jpg\" alt=\"ytterskankel\" width=\"800\" height=\"445\" srcset=\"https:\/\/mariaholmstrom.se\/wp-content\/uploads\/2016\/09\/Ytterskankel-300x167.jpg 300w, https:\/\/mariaholmstrom.se\/wp-content\/uploads\/2016\/09\/Ytterskankel-768x427.jpg 768w, https:\/\/mariaholmstrom.se\/wp-content\/uploads\/2016\/09\/Ytterskankel.jpg 1000w\" sizes=\"(max-width: 800px) 100vw, 800px\" \/><figcaption id=\"caption-attachment-550\" class=\"wp-caption-text\">Lift the whip over the back and point towwards the outer hindleg to teach the outer hind led aid.<\/figcaption><\/figure>\n<p><strong>R<\/strong><strong>ein aids<br \/>\n<\/strong>As we teach the rein aids, we touch the whip on the horse&#8217;s withers, where the rein would be if riding. To teach the inner rein aid, we touch the withers on the inside and we want the horse to maintain its stelling and bending while moving its weight outwards. This movement of weight can easily be seen if observing the shoulders of the horse. When we want to teach the outside rein aid we are still standing on the inside of the horse while lifting the whip over the withers and touching the outside, where the rein would be, and now want to see a movement of the weight inwards.<\/p>\n<figure id=\"attachment_549\" aria-describedby=\"caption-attachment-549\" style=\"width: 800px\" class=\"wp-caption aligncenter\"><img loading=\"lazy\" decoding=\"async\" class=\"wp-image-549\" src=\"http:\/\/mariaholmstrom.se\/wp-content\/uploads\/2016\/09\/Innertygel-300x183.jpg\" alt=\"innertygel\" width=\"800\" height=\"488\" srcset=\"https:\/\/mariaholmstrom.se\/wp-content\/uploads\/2016\/09\/Innertygel-300x183.jpg 300w, https:\/\/mariaholmstrom.se\/wp-content\/uploads\/2016\/09\/Innertygel-768x468.jpg 768w, https:\/\/mariaholmstrom.se\/wp-content\/uploads\/2016\/09\/Innertygel.jpg 1000w\" sizes=\"(max-width: 800px) 100vw, 800px\" \/><figcaption id=\"caption-attachment-549\" class=\"wp-caption-text\">Touch the whip on the withers to teach the inner rein aid.<\/figcaption><\/figure>\n<figure id=\"attachment_551\" aria-describedby=\"caption-attachment-551\" style=\"width: 800px\" class=\"wp-caption aligncenter\"><img loading=\"lazy\" decoding=\"async\" class=\"wp-image-551\" src=\"http:\/\/mariaholmstrom.se\/wp-content\/uploads\/2016\/09\/Yttertygel-300x194.jpg\" alt=\"yttertygel\" width=\"800\" height=\"518\" srcset=\"https:\/\/mariaholmstrom.se\/wp-content\/uploads\/2016\/09\/Yttertygel-300x194.jpg 300w, https:\/\/mariaholmstrom.se\/wp-content\/uploads\/2016\/09\/Yttertygel-768x498.jpg 768w, https:\/\/mariaholmstrom.se\/wp-content\/uploads\/2016\/09\/Yttertygel.jpg 1000w\" sizes=\"(max-width: 800px) 100vw, 800px\" \/><figcaption id=\"caption-attachment-551\" class=\"wp-caption-text\">Lift the whip over the withers and touch the outside to teach the outer rein aid.<\/figcaption><\/figure>\n<p>Just as for the leg aids, pedagogical work comes first. Teach the horse to understand which movement the signal means, moving the shoulders in or out. When the foundation is laid with the pedagogical work, it is time for gymnastics. Then you ask for stelling and bending to the inside, while moving the shoulders in or out. The outside rein aid is often bit more difficult for the horse to understand. The pressure on the outside makes it easy for the horse to rebend towards the outside, to create a new inside. Then we must just ask a bit more clearly for the horse to maintain its stelling and bending towards the inside, while still touching the wither on the outside and asking for weight movement towards the inside.<\/p>\n<blockquote><p>When the foundation is laid with the pedagogical work, it is time for gymnastics.<\/p><\/blockquote>\n<p><strong>Remeber<\/strong><\/p>\n<ul>\n<li>Inner leg \u00a0&#8211; touch the whip in the inner leg aid area, on the belly<\/li>\n<li>Outer leg &#8211; lift the whip over the back and point towards the outer hind leg<\/li>\n<li>Inner rein &#8211; Touch the whip where the inner rein would be if riding<\/li>\n<li>Outer rein &#8211; Lift the whip over the withers and touch the outside<\/li>\n<\/ul>\n<p><\/p>","protected":false},"excerpt":{"rendered":"<p>Aids are the signals you use to communicate with the horse. The aids are always the same, regardless if you are working from the ground or riding. By moving the shoulders and hind part of the horse we can place the horse where we want it and thereby shape its body to a proper movement. <a class=\"read-more\" href=\"https:\/\/mariaholmstrom.se\/en\/onlinekurs-akademisk-ridkonst\/hjalper\/\">Read More<\/a><\/p>\n","protected":false},"author":1,"featured_media":0,"parent":8,"menu_order":0,"comment_status":"closed","ping_status":"closed","template":"","meta":{"footnotes":""},"yoast_head":"<!-- This site is optimized with the Yoast SEO plugin v20.0 - https:\/\/yoast.com\/wordpress\/plugins\/seo\/ -->\n<title>L\u00e4r din h\u00e4st tygel- och sk\u00e4nkelhj\u00e4lper - Mariaholmstrom.se<\/title>\n<meta name=\"description\" content=\"I denna del av v\u00e5r online-kurs i akademisk ridkonst f\u00e5r du l\u00e4ra dig hur du l\u00e4r in tygel- och sk\u00e4nkelhj\u00e4lper fr\u00e5n marken med din f\u00f6rl\u00e4ngda arm, pisken.\" \/>\n<meta name=\"robots\" content=\"index, follow, max-snippet:-1, max-image-preview:large, max-video-preview:-1\" \/>\n<link rel=\"canonical\" href=\"https:\/\/mariaholmstrom.se\/onlinekurs-akademisk-ridkonst\/hjalper\/\" \/>\n<meta property=\"og:locale\" content=\"en_US\" \/>\n<meta property=\"og:type\" content=\"article\" \/>\n<meta property=\"og:title\" content=\"L\u00e4r din h\u00e4st tygel- och sk\u00e4nkelhj\u00e4lper - Mariaholmstrom.se\" \/>\n<meta property=\"og:description\" content=\"I denna del av v\u00e5r online-kurs i akademisk ridkonst f\u00e5r du l\u00e4ra dig hur du l\u00e4r in tygel- och sk\u00e4nkelhj\u00e4lper fr\u00e5n marken med din f\u00f6rl\u00e4ngda arm, pisken.\" \/>\n<meta property=\"og:url\" content=\"https:\/\/mariaholmstrom.se\/onlinekurs-akademisk-ridkonst\/hjalper\/\" \/>\n<meta property=\"og:site_name\" content=\"H\u00e4st och h\u00e4lsa - Maria Holmstr\u00f6m\" \/>\n<meta property=\"article:modified_time\" content=\"2019-11-25T19:24:31+00:00\" \/>\n<meta property=\"og:image\" content=\"http:\/\/mariaholmstrom.se\/wp-content\/uploads\/2016\/09\/Innerskankel-300x168.jpg\" \/>\n<meta name=\"twitter:card\" content=\"summary_large_image\" \/>\n<meta name=\"twitter:label1\" content=\"Est. reading time\" \/>\n\t<meta name=\"twitter:data1\" content=\"7 minutes\" \/>\n<script type=\"application\/ld+json\" class=\"yoast-schema-graph\">{\"@context\":\"https:\/\/schema.org\",\"@graph\":[{\"@type\":\"WebPage\",\"@id\":\"https:\/\/mariaholmstrom.se\/onlinekurs-akademisk-ridkonst\/hjalper\/\",\"url\":\"https:\/\/mariaholmstrom.se\/onlinekurs-akademisk-ridkonst\/hjalper\/\",\"name\":\"L\u00e4r din h\u00e4st tygel- och sk\u00e4nkelhj\u00e4lper - Mariaholmstrom.se\",\"isPartOf\":{\"@id\":\"https:\/\/mariaholmstrom.se\/#website\"},\"datePublished\":\"2016-09-17T17:31:58+00:00\",\"dateModified\":\"2019-11-25T19:24:31+00:00\",\"description\":\"I denna del av v\u00e5r online-kurs i akademisk ridkonst f\u00e5r du l\u00e4ra dig hur du l\u00e4r in tygel- och sk\u00e4nkelhj\u00e4lper fr\u00e5n marken med din f\u00f6rl\u00e4ngda arm, pisken.\",\"breadcrumb\":{\"@id\":\"https:\/\/mariaholmstrom.se\/onlinekurs-akademisk-ridkonst\/hjalper\/#breadcrumb\"},\"inLanguage\":\"en\",\"potentialAction\":[{\"@type\":\"ReadAction\",\"target\":[\"https:\/\/mariaholmstrom.se\/onlinekurs-akademisk-ridkonst\/hjalper\/\"]}]},{\"@type\":\"BreadcrumbList\",\"@id\":\"https:\/\/mariaholmstrom.se\/onlinekurs-akademisk-ridkonst\/hjalper\/#breadcrumb\",\"itemListElement\":[{\"@type\":\"ListItem\",\"position\":1,\"name\":\"Hem\",\"item\":\"https:\/\/mariaholmstrom.se\/\"},{\"@type\":\"ListItem\",\"position\":2,\"name\":\"AR-skolan\",\"item\":\"https:\/\/mariaholmstrom.se\/onlinekurs-akademisk-ridkonst\/\"},{\"@type\":\"ListItem\",\"position\":3,\"name\":\"Hj\u00e4lper\"}]},{\"@type\":\"WebSite\",\"@id\":\"https:\/\/mariaholmstrom.se\/#website\",\"url\":\"https:\/\/mariaholmstrom.se\/\",\"name\":\"H\u00e4st och h\u00e4lsa - Maria Holmstr\u00f6m\",\"description\":\"Friskv\u00e5rd f\u00f6r b\u00e5de m\u00e4nniska och h\u00e4st\",\"potentialAction\":[{\"@type\":\"SearchAction\",\"target\":{\"@type\":\"EntryPoint\",\"urlTemplate\":\"https:\/\/mariaholmstrom.se\/?s={search_term_string}\"},\"query-input\":\"required name=search_term_string\"}],\"inLanguage\":\"en\"}]}<\/script>\n<!-- \/ Yoast SEO plugin. -->","yoast_head_json":{"title":"L\u00e4r din h\u00e4st tygel- och sk\u00e4nkelhj\u00e4lper - Mariaholmstrom.se","description":"I denna del av v\u00e5r online-kurs i akademisk ridkonst f\u00e5r du l\u00e4ra dig hur du l\u00e4r in tygel- och sk\u00e4nkelhj\u00e4lper fr\u00e5n marken med din f\u00f6rl\u00e4ngda arm, pisken.","robots":{"index":"index","follow":"follow","max-snippet":"max-snippet:-1","max-image-preview":"max-image-preview:large","max-video-preview":"max-video-preview:-1"},"canonical":"https:\/\/mariaholmstrom.se\/onlinekurs-akademisk-ridkonst\/hjalper\/","og_locale":"en_US","og_type":"article","og_title":"L\u00e4r din h\u00e4st tygel- och sk\u00e4nkelhj\u00e4lper - Mariaholmstrom.se","og_description":"I denna del av v\u00e5r online-kurs i akademisk ridkonst f\u00e5r du l\u00e4ra dig hur du l\u00e4r in tygel- och sk\u00e4nkelhj\u00e4lper fr\u00e5n marken med din f\u00f6rl\u00e4ngda arm, pisken.","og_url":"https:\/\/mariaholmstrom.se\/onlinekurs-akademisk-ridkonst\/hjalper\/","og_site_name":"H\u00e4st och h\u00e4lsa - Maria Holmstr\u00f6m","article_modified_time":"2019-11-25T19:24:31+00:00","og_image":[{"url":"http:\/\/mariaholmstrom.se\/wp-content\/uploads\/2016\/09\/Innerskankel-300x168.jpg"}],"twitter_card":"summary_large_image","twitter_misc":{"Est. reading time":"7 minutes"},"schema":{"@context":"https:\/\/schema.org","@graph":[{"@type":"WebPage","@id":"https:\/\/mariaholmstrom.se\/onlinekurs-akademisk-ridkonst\/hjalper\/","url":"https:\/\/mariaholmstrom.se\/onlinekurs-akademisk-ridkonst\/hjalper\/","name":"L\u00e4r din h\u00e4st tygel- och sk\u00e4nkelhj\u00e4lper - Mariaholmstrom.se","isPartOf":{"@id":"https:\/\/mariaholmstrom.se\/#website"},"datePublished":"2016-09-17T17:31:58+00:00","dateModified":"2019-11-25T19:24:31+00:00","description":"I denna del av v\u00e5r online-kurs i akademisk ridkonst f\u00e5r du l\u00e4ra dig hur du l\u00e4r in tygel- och sk\u00e4nkelhj\u00e4lper fr\u00e5n marken med din f\u00f6rl\u00e4ngda arm, pisken.","breadcrumb":{"@id":"https:\/\/mariaholmstrom.se\/onlinekurs-akademisk-ridkonst\/hjalper\/#breadcrumb"},"inLanguage":"en","potentialAction":[{"@type":"ReadAction","target":["https:\/\/mariaholmstrom.se\/onlinekurs-akademisk-ridkonst\/hjalper\/"]}]},{"@type":"BreadcrumbList","@id":"https:\/\/mariaholmstrom.se\/onlinekurs-akademisk-ridkonst\/hjalper\/#breadcrumb","itemListElement":[{"@type":"ListItem","position":1,"name":"Hem","item":"https:\/\/mariaholmstrom.se\/"},{"@type":"ListItem","position":2,"name":"AR-skolan","item":"https:\/\/mariaholmstrom.se\/onlinekurs-akademisk-ridkonst\/"},{"@type":"ListItem","position":3,"name":"Hj\u00e4lper"}]},{"@type":"WebSite","@id":"https:\/\/mariaholmstrom.se\/#website","url":"https:\/\/mariaholmstrom.se\/","name":"H\u00e4st och h\u00e4lsa - Maria Holmstr\u00f6m","description":"Friskv\u00e5rd f\u00f6r b\u00e5de m\u00e4nniska och h\u00e4st","potentialAction":[{"@type":"SearchAction","target":{"@type":"EntryPoint","urlTemplate":"https:\/\/mariaholmstrom.se\/?s={search_term_string}"},"query-input":"required name=search_term_string"}],"inLanguage":"en"}]}},"_links":{"self":[{"href":"https:\/\/mariaholmstrom.se\/en\/wp-json\/wp\/v2\/pages\/58"}],"collection":[{"href":"https:\/\/mariaholmstrom.se\/en\/wp-json\/wp\/v2\/pages"}],"about":[{"href":"https:\/\/mariaholmstrom.se\/en\/wp-json\/wp\/v2\/types\/page"}],"author":[{"embeddable":true,"href":"https:\/\/mariaholmstrom.se\/en\/wp-json\/wp\/v2\/users\/1"}],"replies":[{"embeddable":true,"href":"https:\/\/mariaholmstrom.se\/en\/wp-json\/wp\/v2\/comments?post=58"}],"version-history":[{"count":18,"href":"https:\/\/mariaholmstrom.se\/en\/wp-json\/wp\/v2\/pages\/58\/revisions"}],"predecessor-version":[{"id":555,"href":"https:\/\/mariaholmstrom.se\/en\/wp-json\/wp\/v2\/pages\/58\/revisions\/555"}],"up":[{"embeddable":true,"href":"https:\/\/mariaholmstrom.se\/en\/wp-json\/wp\/v2\/pages\/8"}],"wp:attachment":[{"href":"https:\/\/mariaholmstrom.se\/en\/wp-json\/wp\/v2\/media?parent=58"}],"curies":[{"name":"wp","href":"https:\/\/api.w.org\/{rel}","templated":true}]}}