{"id":64,"date":"2016-09-17T19:38:59","date_gmt":"2016-09-17T17:38:59","guid":{"rendered":"http:\/\/mariaholmstrom.se\/?page_id=64"},"modified":"2019-11-25T20:28:49","modified_gmt":"2019-11-25T19:28:49","slug":"traningspedagogik","status":"publish","type":"page","link":"https:\/\/mariaholmstrom.se\/en\/onlinekurs-akademisk-ridkonst\/traningspedagogik\/","title":{"rendered":"Training pedagogy"},"content":{"rendered":"<p><span class=\"intro\">How do you really train a horse? Vi do not share the same language. We humans speak while the horses express a lot with their bodies. They are grass eaters living on the steppes and we are carnivores that love to crawl into small, secluded areas to sleep. How different we are. And yet we can learn to communicate, to merge into each other and want the same thing. <\/span><\/p>\n<p><img loading=\"lazy\" decoding=\"async\" class=\"aligncenter size-full wp-image-991\" src=\"http:\/\/mariaholmstrom.se\/wp-content\/uploads\/2016\/09\/teachhorse.jpg\" alt=\"teachhorse\" width=\"800\" height=\"1009\" srcset=\"https:\/\/mariaholmstrom.se\/wp-content\/uploads\/2016\/09\/teachhorse.jpg 800w, https:\/\/mariaholmstrom.se\/wp-content\/uploads\/2016\/09\/teachhorse-238x300.jpg 238w, https:\/\/mariaholmstrom.se\/wp-content\/uploads\/2016\/09\/teachhorse-768x969.jpg 768w\" sizes=\"(max-width: 800px) 100vw, 800px\" \/><\/p>\n<p>Training a horse means that you have the responsibility to educate it. That we want to do in as good and easy way as possible and in a way the horse understands. The education of the horse should improve it. If the horse is getting worse by the education it is no education. Use those aids and exercises that are improving the horse. To achieve this we need strategies to do it correctly, and we need consistency, consistency and consistency. Here I have collected some pedagogical training tips. Good luck!<\/p>","protected":false},"excerpt":{"rendered":"<p>How do you really train a horse? Vi do not share the same language. We humans speak while the horses express a lot with their bodies. They are grass eaters living on the steppes and we are carnivores that love to crawl into small, secluded areas to sleep. How different we are. And yet we <a class=\"read-more\" href=\"https:\/\/mariaholmstrom.se\/en\/onlinekurs-akademisk-ridkonst\/traningspedagogik\/\">Read More<\/a><\/p>\n","protected":false},"author":1,"featured_media":0,"parent":8,"menu_order":0,"comment_status":"closed","ping_status":"closed","template":"","meta":{"footnotes":""},"yoast_head":"<!-- This site is optimized with the Yoast SEO plugin v20.0 - https:\/\/yoast.com\/wordpress\/plugins\/seo\/ -->\n<title>Tr\u00e4ningspedagogik - f\u00f6r h\u00e4stens f\u00f6rst\u00e5else - Mariaholmstrom.se<\/title>\n<meta name=\"description\" content=\"I denna del av v\u00e5r online-kurs i akademisk ridkonst f\u00e5r du tips om hur du p\u00e5 ett pedagogiskt s\u00e4tt l\u00e4gger upp din tr\u00e4ning av h\u00e4sten.\" \/>\n<meta name=\"robots\" content=\"index, follow, max-snippet:-1, max-image-preview:large, max-video-preview:-1\" \/>\n<link rel=\"canonical\" href=\"https:\/\/mariaholmstrom.se\/onlinekurs-akademisk-ridkonst\/traningspedagogik\/\" \/>\n<meta property=\"og:locale\" content=\"en_US\" \/>\n<meta property=\"og:type\" content=\"article\" \/>\n<meta property=\"og:title\" content=\"Tr\u00e4ningspedagogik - f\u00f6r h\u00e4stens f\u00f6rst\u00e5else - Mariaholmstrom.se\" \/>\n<meta property=\"og:description\" content=\"I denna del av v\u00e5r online-kurs i akademisk ridkonst f\u00e5r du tips om hur du p\u00e5 ett pedagogiskt s\u00e4tt l\u00e4gger upp din tr\u00e4ning av h\u00e4sten.\" \/>\n<meta property=\"og:url\" content=\"https:\/\/mariaholmstrom.se\/onlinekurs-akademisk-ridkonst\/traningspedagogik\/\" \/>\n<meta property=\"og:site_name\" content=\"H\u00e4st och h\u00e4lsa - Maria Holmstr\u00f6m\" \/>\n<meta property=\"article:modified_time\" content=\"2019-11-25T19:28:49+00:00\" \/>\n<meta property=\"og:image\" content=\"http:\/\/mariaholmstrom.se\/wp-content\/uploads\/2016\/09\/teachhorse.jpg\" \/>\n<meta name=\"twitter:card\" content=\"summary_large_image\" \/>\n<meta name=\"twitter:label1\" content=\"Est. reading time\" \/>\n\t<meta name=\"twitter:data1\" content=\"2 minutes\" \/>\n<script type=\"application\/ld+json\" class=\"yoast-schema-graph\">{\"@context\":\"https:\/\/schema.org\",\"@graph\":[{\"@type\":\"WebPage\",\"@id\":\"https:\/\/mariaholmstrom.se\/onlinekurs-akademisk-ridkonst\/traningspedagogik\/\",\"url\":\"https:\/\/mariaholmstrom.se\/onlinekurs-akademisk-ridkonst\/traningspedagogik\/\",\"name\":\"Tr\u00e4ningspedagogik - f\u00f6r h\u00e4stens f\u00f6rst\u00e5else - Mariaholmstrom.se\",\"isPartOf\":{\"@id\":\"https:\/\/mariaholmstrom.se\/#website\"},\"datePublished\":\"2016-09-17T17:38:59+00:00\",\"dateModified\":\"2019-11-25T19:28:49+00:00\",\"description\":\"I denna del av v\u00e5r online-kurs i akademisk ridkonst f\u00e5r du tips om hur du p\u00e5 ett pedagogiskt s\u00e4tt l\u00e4gger upp din tr\u00e4ning av h\u00e4sten.\",\"breadcrumb\":{\"@id\":\"https:\/\/mariaholmstrom.se\/onlinekurs-akademisk-ridkonst\/traningspedagogik\/#breadcrumb\"},\"inLanguage\":\"en\",\"potentialAction\":[{\"@type\":\"ReadAction\",\"target\":[\"https:\/\/mariaholmstrom.se\/onlinekurs-akademisk-ridkonst\/traningspedagogik\/\"]}]},{\"@type\":\"BreadcrumbList\",\"@id\":\"https:\/\/mariaholmstrom.se\/onlinekurs-akademisk-ridkonst\/traningspedagogik\/#breadcrumb\",\"itemListElement\":[{\"@type\":\"ListItem\",\"position\":1,\"name\":\"Hem\",\"item\":\"https:\/\/mariaholmstrom.se\/\"},{\"@type\":\"ListItem\",\"position\":2,\"name\":\"AR-skolan\",\"item\":\"https:\/\/mariaholmstrom.se\/onlinekurs-akademisk-ridkonst\/\"},{\"@type\":\"ListItem\",\"position\":3,\"name\":\"Tr\u00e4ningspedagogik\"}]},{\"@type\":\"WebSite\",\"@id\":\"https:\/\/mariaholmstrom.se\/#website\",\"url\":\"https:\/\/mariaholmstrom.se\/\",\"name\":\"H\u00e4st och h\u00e4lsa - Maria Holmstr\u00f6m\",\"description\":\"Friskv\u00e5rd f\u00f6r b\u00e5de m\u00e4nniska och h\u00e4st\",\"potentialAction\":[{\"@type\":\"SearchAction\",\"target\":{\"@type\":\"EntryPoint\",\"urlTemplate\":\"https:\/\/mariaholmstrom.se\/?s={search_term_string}\"},\"query-input\":\"required name=search_term_string\"}],\"inLanguage\":\"en\"}]}<\/script>\n<!-- \/ Yoast SEO plugin. -->","yoast_head_json":{"title":"Tr\u00e4ningspedagogik - f\u00f6r h\u00e4stens f\u00f6rst\u00e5else - Mariaholmstrom.se","description":"I denna del av v\u00e5r online-kurs i akademisk ridkonst f\u00e5r du tips om hur du p\u00e5 ett pedagogiskt s\u00e4tt l\u00e4gger upp din tr\u00e4ning av h\u00e4sten.","robots":{"index":"index","follow":"follow","max-snippet":"max-snippet:-1","max-image-preview":"max-image-preview:large","max-video-preview":"max-video-preview:-1"},"canonical":"https:\/\/mariaholmstrom.se\/onlinekurs-akademisk-ridkonst\/traningspedagogik\/","og_locale":"en_US","og_type":"article","og_title":"Tr\u00e4ningspedagogik - f\u00f6r h\u00e4stens f\u00f6rst\u00e5else - Mariaholmstrom.se","og_description":"I denna del av v\u00e5r online-kurs i akademisk ridkonst f\u00e5r du tips om hur du p\u00e5 ett pedagogiskt s\u00e4tt l\u00e4gger upp din tr\u00e4ning av h\u00e4sten.","og_url":"https:\/\/mariaholmstrom.se\/onlinekurs-akademisk-ridkonst\/traningspedagogik\/","og_site_name":"H\u00e4st och h\u00e4lsa - Maria Holmstr\u00f6m","article_modified_time":"2019-11-25T19:28:49+00:00","og_image":[{"url":"http:\/\/mariaholmstrom.se\/wp-content\/uploads\/2016\/09\/teachhorse.jpg"}],"twitter_card":"summary_large_image","twitter_misc":{"Est. reading time":"2 minutes"},"schema":{"@context":"https:\/\/schema.org","@graph":[{"@type":"WebPage","@id":"https:\/\/mariaholmstrom.se\/onlinekurs-akademisk-ridkonst\/traningspedagogik\/","url":"https:\/\/mariaholmstrom.se\/onlinekurs-akademisk-ridkonst\/traningspedagogik\/","name":"Tr\u00e4ningspedagogik - f\u00f6r h\u00e4stens f\u00f6rst\u00e5else - Mariaholmstrom.se","isPartOf":{"@id":"https:\/\/mariaholmstrom.se\/#website"},"datePublished":"2016-09-17T17:38:59+00:00","dateModified":"2019-11-25T19:28:49+00:00","description":"I denna del av v\u00e5r online-kurs i akademisk ridkonst f\u00e5r du tips om hur du p\u00e5 ett pedagogiskt s\u00e4tt l\u00e4gger upp din tr\u00e4ning av h\u00e4sten.","breadcrumb":{"@id":"https:\/\/mariaholmstrom.se\/onlinekurs-akademisk-ridkonst\/traningspedagogik\/#breadcrumb"},"inLanguage":"en","potentialAction":[{"@type":"ReadAction","target":["https:\/\/mariaholmstrom.se\/onlinekurs-akademisk-ridkonst\/traningspedagogik\/"]}]},{"@type":"BreadcrumbList","@id":"https:\/\/mariaholmstrom.se\/onlinekurs-akademisk-ridkonst\/traningspedagogik\/#breadcrumb","itemListElement":[{"@type":"ListItem","position":1,"name":"Hem","item":"https:\/\/mariaholmstrom.se\/"},{"@type":"ListItem","position":2,"name":"AR-skolan","item":"https:\/\/mariaholmstrom.se\/onlinekurs-akademisk-ridkonst\/"},{"@type":"ListItem","position":3,"name":"Tr\u00e4ningspedagogik"}]},{"@type":"WebSite","@id":"https:\/\/mariaholmstrom.se\/#website","url":"https:\/\/mariaholmstrom.se\/","name":"H\u00e4st och h\u00e4lsa - Maria Holmstr\u00f6m","description":"Friskv\u00e5rd f\u00f6r b\u00e5de m\u00e4nniska och h\u00e4st","potentialAction":[{"@type":"SearchAction","target":{"@type":"EntryPoint","urlTemplate":"https:\/\/mariaholmstrom.se\/?s={search_term_string}"},"query-input":"required name=search_term_string"}],"inLanguage":"en"}]}},"_links":{"self":[{"href":"https:\/\/mariaholmstrom.se\/en\/wp-json\/wp\/v2\/pages\/64"}],"collection":[{"href":"https:\/\/mariaholmstrom.se\/en\/wp-json\/wp\/v2\/pages"}],"about":[{"href":"https:\/\/mariaholmstrom.se\/en\/wp-json\/wp\/v2\/types\/page"}],"author":[{"embeddable":true,"href":"https:\/\/mariaholmstrom.se\/en\/wp-json\/wp\/v2\/users\/1"}],"replies":[{"embeddable":true,"href":"https:\/\/mariaholmstrom.se\/en\/wp-json\/wp\/v2\/comments?post=64"}],"version-history":[{"count":11,"href":"https:\/\/mariaholmstrom.se\/en\/wp-json\/wp\/v2\/pages\/64\/revisions"}],"predecessor-version":[{"id":997,"href":"https:\/\/mariaholmstrom.se\/en\/wp-json\/wp\/v2\/pages\/64\/revisions\/997"}],"up":[{"embeddable":true,"href":"https:\/\/mariaholmstrom.se\/en\/wp-json\/wp\/v2\/pages\/8"}],"wp:attachment":[{"href":"https:\/\/mariaholmstrom.se\/en\/wp-json\/wp\/v2\/media?parent=64"}],"curies":[{"name":"wp","href":"https:\/\/api.w.org\/{rel}","templated":true}]}}