{"id":70,"date":"2016-09-17T19:41:11","date_gmt":"2016-09-17T17:41:11","guid":{"rendered":"http:\/\/mariaholmstrom.se\/?page_id=70"},"modified":"2017-08-22T11:36:53","modified_gmt":"2017-08-22T09:36:53","slug":"minsta-motstandets-lag","status":"publish","type":"page","link":"https:\/\/mariaholmstrom.se\/en\/onlinekurs-akademisk-ridkonst\/traningspedagogik\/minsta-motstandets-lag\/","title":{"rendered":"Path of least resistance"},"content":{"rendered":"<p><span class=\"intro\">How do you do when training? Is there easily irritation and bickering? The horse does no go where you want it to and you have to use harder and blunter aids than you may actually wish to? Then I would suggest you to follow the path of least resistance!<\/span><\/p>\n<p>Did you ever dance and felt you could not lead or follow your partner because you are simply on the wrong foot? Your balance is wrong and your body is on its way in some other direction. Before you can lead or follow you need to get on the right foot again and find your balance. It can be just the same with our horses! If we for example ask them to move the shoulder to the right and we get resistance in return, it may well depend on the fact that the horse is on &#8220;the wrong foot&#8221;. They are imbalanced and thus cannot move in the direction you want before they have gotten back on &#8220;the right foot&#8221;. This is where the path of least resistance enters. If you want to move the shoulder to the right but get no answer, ask for a step to the left, rebalance the horse and again ask for a step to the right. Voila, all of a sudden it was maybe a lot easier and you could maintain soft and sensitive in your aids?<\/p>\n<blockquote><p>Did you ever dance and felt you could not lead or follow your partner because you are simply on the wrong foot?<\/p><\/blockquote>\n<p>Try to ignore thoughts like &#8220;my horse have to obey me immediately&#8221;.\u00a0 Just as you cannot follow your partner while dancing if you are on the wrong leg, neither can your horse. Do not punish it for this but just help it to rebalance and then again ask for the same thing. And smile big while doing it!<\/p>","protected":false},"excerpt":{"rendered":"<p>How do you do when training? Is there easily irritation and bickering? The horse does no go where you want it to and you have to use harder and blunter aids than you may actually wish to? Then I would suggest you to follow the path of least resistance! Did you ever dance and felt <a class=\"read-more\" href=\"https:\/\/mariaholmstrom.se\/en\/onlinekurs-akademisk-ridkonst\/traningspedagogik\/minsta-motstandets-lag\/\">Read More<\/a><\/p>\n","protected":false},"author":1,"featured_media":0,"parent":64,"menu_order":0,"comment_status":"closed","ping_status":"closed","template":"","meta":{"footnotes":""},"yoast_head":"<!-- This site is optimized with the Yoast SEO plugin v20.0 - https:\/\/yoast.com\/wordpress\/plugins\/seo\/ -->\n<title>Path of least resistance - H\u00e4st och h\u00e4lsa - Maria Holmstr\u00f6m<\/title>\n<meta name=\"robots\" content=\"index, follow, max-snippet:-1, max-image-preview:large, max-video-preview:-1\" \/>\n<link rel=\"canonical\" href=\"https:\/\/mariaholmstrom.se\/en\/onlinekurs-akademisk-ridkonst\/traningspedagogik\/minsta-motstandets-lag\/\" \/>\n<meta property=\"og:locale\" content=\"en_US\" \/>\n<meta property=\"og:type\" content=\"article\" \/>\n<meta property=\"og:title\" content=\"Path of least resistance - H\u00e4st och h\u00e4lsa - Maria Holmstr\u00f6m\" \/>\n<meta property=\"og:description\" content=\"How do you do when training? Is there easily irritation and bickering? The horse does no go where you want it to and you have to use harder and blunter aids than you may actually wish to? Then I would suggest you to follow the path of least resistance! Did you ever dance and felt Read More\" \/>\n<meta property=\"og:url\" content=\"https:\/\/mariaholmstrom.se\/en\/onlinekurs-akademisk-ridkonst\/traningspedagogik\/minsta-motstandets-lag\/\" \/>\n<meta property=\"og:site_name\" content=\"H\u00e4st och h\u00e4lsa - Maria Holmstr\u00f6m\" \/>\n<meta property=\"article:modified_time\" content=\"2017-08-22T09:36:53+00:00\" \/>\n<meta name=\"twitter:card\" content=\"summary_large_image\" \/>\n<meta name=\"twitter:label1\" content=\"Est. reading time\" \/>\n\t<meta name=\"twitter:data1\" content=\"3 minutes\" \/>\n<script type=\"application\/ld+json\" class=\"yoast-schema-graph\">{\"@context\":\"https:\/\/schema.org\",\"@graph\":[{\"@type\":\"WebPage\",\"@id\":\"https:\/\/mariaholmstrom.se\/en\/onlinekurs-akademisk-ridkonst\/traningspedagogik\/minsta-motstandets-lag\/\",\"url\":\"https:\/\/mariaholmstrom.se\/en\/onlinekurs-akademisk-ridkonst\/traningspedagogik\/minsta-motstandets-lag\/\",\"name\":\"Path of least resistance - H\u00e4st och h\u00e4lsa - Maria Holmstr\u00f6m\",\"isPartOf\":{\"@id\":\"https:\/\/mariaholmstrom.se\/#website\"},\"datePublished\":\"2016-09-17T17:41:11+00:00\",\"dateModified\":\"2017-08-22T09:36:53+00:00\",\"breadcrumb\":{\"@id\":\"https:\/\/mariaholmstrom.se\/en\/onlinekurs-akademisk-ridkonst\/traningspedagogik\/minsta-motstandets-lag\/#breadcrumb\"},\"inLanguage\":\"en\",\"potentialAction\":[{\"@type\":\"ReadAction\",\"target\":[\"https:\/\/mariaholmstrom.se\/en\/onlinekurs-akademisk-ridkonst\/traningspedagogik\/minsta-motstandets-lag\/\"]}]},{\"@type\":\"BreadcrumbList\",\"@id\":\"https:\/\/mariaholmstrom.se\/en\/onlinekurs-akademisk-ridkonst\/traningspedagogik\/minsta-motstandets-lag\/#breadcrumb\",\"itemListElement\":[{\"@type\":\"ListItem\",\"position\":1,\"name\":\"Hem\",\"item\":\"https:\/\/mariaholmstrom.se\/\"},{\"@type\":\"ListItem\",\"position\":2,\"name\":\"AR-skolan\",\"item\":\"https:\/\/mariaholmstrom.se\/onlinekurs-akademisk-ridkonst\/\"},{\"@type\":\"ListItem\",\"position\":3,\"name\":\"Tr\u00e4ningspedagogik\",\"item\":\"https:\/\/mariaholmstrom.se\/onlinekurs-akademisk-ridkonst\/traningspedagogik\/\"},{\"@type\":\"ListItem\",\"position\":4,\"name\":\"Path of least resistance\"}]},{\"@type\":\"WebSite\",\"@id\":\"https:\/\/mariaholmstrom.se\/#website\",\"url\":\"https:\/\/mariaholmstrom.se\/\",\"name\":\"H\u00e4st och h\u00e4lsa - Maria Holmstr\u00f6m\",\"description\":\"Friskv\u00e5rd f\u00f6r b\u00e5de m\u00e4nniska och h\u00e4st\",\"potentialAction\":[{\"@type\":\"SearchAction\",\"target\":{\"@type\":\"EntryPoint\",\"urlTemplate\":\"https:\/\/mariaholmstrom.se\/?s={search_term_string}\"},\"query-input\":\"required name=search_term_string\"}],\"inLanguage\":\"en\"}]}<\/script>\n<!-- \/ Yoast SEO plugin. -->","yoast_head_json":{"title":"Path of least resistance - H\u00e4st och h\u00e4lsa - Maria Holmstr\u00f6m","robots":{"index":"index","follow":"follow","max-snippet":"max-snippet:-1","max-image-preview":"max-image-preview:large","max-video-preview":"max-video-preview:-1"},"canonical":"https:\/\/mariaholmstrom.se\/en\/onlinekurs-akademisk-ridkonst\/traningspedagogik\/minsta-motstandets-lag\/","og_locale":"en_US","og_type":"article","og_title":"Path of least resistance - H\u00e4st och h\u00e4lsa - Maria Holmstr\u00f6m","og_description":"How do you do when training? Is there easily irritation and bickering? The horse does no go where you want it to and you have to use harder and blunter aids than you may actually wish to? Then I would suggest you to follow the path of least resistance! Did you ever dance and felt Read More","og_url":"https:\/\/mariaholmstrom.se\/en\/onlinekurs-akademisk-ridkonst\/traningspedagogik\/minsta-motstandets-lag\/","og_site_name":"H\u00e4st och h\u00e4lsa - Maria Holmstr\u00f6m","article_modified_time":"2017-08-22T09:36:53+00:00","twitter_card":"summary_large_image","twitter_misc":{"Est. reading time":"3 minutes"},"schema":{"@context":"https:\/\/schema.org","@graph":[{"@type":"WebPage","@id":"https:\/\/mariaholmstrom.se\/en\/onlinekurs-akademisk-ridkonst\/traningspedagogik\/minsta-motstandets-lag\/","url":"https:\/\/mariaholmstrom.se\/en\/onlinekurs-akademisk-ridkonst\/traningspedagogik\/minsta-motstandets-lag\/","name":"Path of least resistance - H\u00e4st och h\u00e4lsa - Maria Holmstr\u00f6m","isPartOf":{"@id":"https:\/\/mariaholmstrom.se\/#website"},"datePublished":"2016-09-17T17:41:11+00:00","dateModified":"2017-08-22T09:36:53+00:00","breadcrumb":{"@id":"https:\/\/mariaholmstrom.se\/en\/onlinekurs-akademisk-ridkonst\/traningspedagogik\/minsta-motstandets-lag\/#breadcrumb"},"inLanguage":"en","potentialAction":[{"@type":"ReadAction","target":["https:\/\/mariaholmstrom.se\/en\/onlinekurs-akademisk-ridkonst\/traningspedagogik\/minsta-motstandets-lag\/"]}]},{"@type":"BreadcrumbList","@id":"https:\/\/mariaholmstrom.se\/en\/onlinekurs-akademisk-ridkonst\/traningspedagogik\/minsta-motstandets-lag\/#breadcrumb","itemListElement":[{"@type":"ListItem","position":1,"name":"Hem","item":"https:\/\/mariaholmstrom.se\/"},{"@type":"ListItem","position":2,"name":"AR-skolan","item":"https:\/\/mariaholmstrom.se\/onlinekurs-akademisk-ridkonst\/"},{"@type":"ListItem","position":3,"name":"Tr\u00e4ningspedagogik","item":"https:\/\/mariaholmstrom.se\/onlinekurs-akademisk-ridkonst\/traningspedagogik\/"},{"@type":"ListItem","position":4,"name":"Path of least resistance"}]},{"@type":"WebSite","@id":"https:\/\/mariaholmstrom.se\/#website","url":"https:\/\/mariaholmstrom.se\/","name":"H\u00e4st och h\u00e4lsa - Maria Holmstr\u00f6m","description":"Friskv\u00e5rd f\u00f6r b\u00e5de m\u00e4nniska och h\u00e4st","potentialAction":[{"@type":"SearchAction","target":{"@type":"EntryPoint","urlTemplate":"https:\/\/mariaholmstrom.se\/?s={search_term_string}"},"query-input":"required name=search_term_string"}],"inLanguage":"en"}]}},"_links":{"self":[{"href":"https:\/\/mariaholmstrom.se\/en\/wp-json\/wp\/v2\/pages\/70"}],"collection":[{"href":"https:\/\/mariaholmstrom.se\/en\/wp-json\/wp\/v2\/pages"}],"about":[{"href":"https:\/\/mariaholmstrom.se\/en\/wp-json\/wp\/v2\/types\/page"}],"author":[{"embeddable":true,"href":"https:\/\/mariaholmstrom.se\/en\/wp-json\/wp\/v2\/users\/1"}],"replies":[{"embeddable":true,"href":"https:\/\/mariaholmstrom.se\/en\/wp-json\/wp\/v2\/comments?post=70"}],"version-history":[{"count":9,"href":"https:\/\/mariaholmstrom.se\/en\/wp-json\/wp\/v2\/pages\/70\/revisions"}],"predecessor-version":[{"id":1013,"href":"https:\/\/mariaholmstrom.se\/en\/wp-json\/wp\/v2\/pages\/70\/revisions\/1013"}],"up":[{"embeddable":true,"href":"https:\/\/mariaholmstrom.se\/en\/wp-json\/wp\/v2\/pages\/64"}],"wp:attachment":[{"href":"https:\/\/mariaholmstrom.se\/en\/wp-json\/wp\/v2\/media?parent=70"}],"curies":[{"name":"wp","href":"https:\/\/api.w.org\/{rel}","templated":true}]}}