{"id":823,"date":"2016-12-11T15:10:05","date_gmt":"2016-12-11T14:10:05","guid":{"rendered":"http:\/\/mariaholmstrom.se\/?page_id=823"},"modified":"2019-11-25T20:26:39","modified_gmt":"2019-11-25T19:26:39","slug":"varvbyte-i-longering","status":"publish","type":"page","link":"https:\/\/mariaholmstrom.se\/en\/onlinekurs-akademisk-ridkonst\/longering\/varvbyte-i-longering\/","title":{"rendered":"Change of hand in longeing"},"content":{"rendered":"<p><span class=\"intro\">By smoothly being able to do a change of hand in motion during longeing you get more flow in your training. Here are some tips on how to succeed and some examples of common mistakes.<\/span><\/p>\n<p>Lovely, both the shoulder in and the quarter in is working in the longeing, which it of course should if it is working in the groundwork. Then you want to change the hand and try on the other hand. But how do you do that? How do you change the hand? It is perfectly fine to stop the horse and then lead it around, but to get more flow we can also do it in motion during the longeing. First however, we want to look at different positions in the longeing and how they are affecting the horse. If we are placed in our normal position, belly to belly, we are neutral but if we move more toward the head we place ourselves in a more stopping position and if we move toward the hind leg we are in a more driving position. These positions we can use if we have horse that is moving too fast or too slow. The positions are also used in the change of hand.<\/p>\n<figure id=\"attachment_824\" aria-describedby=\"caption-attachment-824\" style=\"width: 600px\" class=\"wp-caption aligncenter\"><img loading=\"lazy\" decoding=\"async\" class=\"wp-image-824 size-full\" src=\"http:\/\/mariaholmstrom.se\/wp-content\/uploads\/2016\/12\/Longerstoppandedrivande.jpg\" alt=\"longerstoppandedrivande\" width=\"600\" height=\"211\" srcset=\"https:\/\/mariaholmstrom.se\/wp-content\/uploads\/2016\/12\/Longerstoppandedrivande.jpg 600w, https:\/\/mariaholmstrom.se\/wp-content\/uploads\/2016\/12\/Longerstoppandedrivande-300x106.jpg 300w\" sizes=\"(max-width: 600px) 100vw, 600px\" \/><figcaption id=\"caption-attachment-824\" class=\"wp-caption-text\">When longeing you normally want to be placed in the neutral position, but you can move toward the head or toward the hind legs to obtain a more stopping or driving position.<\/figcaption><\/figure>\n<p>Did anyone ever experience the horse is suddenly stopping and\/or coming into you in the middle during longeing? This easily happens if we take too big steps compared to the movement of the horse around us, because then we end up in a stopping position. This is however what we use in the change of hand!<\/p>\n<p>To do a smooth change of hand we take a step in front of the horse, toward the head so we end up in a stopping position. Then we take some steps straight backwards and ask the horse to turn in towards us. When the horse has turned in towards us we move the whip and end of the longe line under the longe line and change hands. Then we ask the horse to walk around us and end up on the other hand. It is a change of hand through the circle, just like you do when riding. Two half circles are connected in the middle by some straight steps where stelling and bending to the new hand is made.<\/p>\n<figure id=\"attachment_825\" aria-describedby=\"caption-attachment-825\" style=\"width: 600px\" class=\"wp-caption aligncenter\"><img loading=\"lazy\" decoding=\"async\" class=\"wp-image-825 size-full\" src=\"http:\/\/mariaholmstrom.se\/wp-content\/uploads\/2016\/12\/longering-varvbyte.jpg\" alt=\"longering-varvbyte\" width=\"600\" height=\"570\" srcset=\"https:\/\/mariaholmstrom.se\/wp-content\/uploads\/2016\/12\/longering-varvbyte.jpg 600w, https:\/\/mariaholmstrom.se\/wp-content\/uploads\/2016\/12\/longering-varvbyte-300x285.jpg 300w\" sizes=\"(max-width: 600px) 100vw, 600px\" \/><figcaption id=\"caption-attachment-825\" class=\"wp-caption-text\">The pattern of motion while changing the lead is like \u201cchange of hand through the circle\u201d. Change of stelling and bending is done where the two half circles are united in the middle.<\/figcaption><\/figure>\n<p>It is important to move the whip <i>under<\/i> the longe line since it is messy to move the whip <i>over<\/i> the longe line. A common mistake while learning to do the change of hand is to take a step towards the head, but then not moving straight back but continuing diagonally backwards in the same direction you were moving before the change. This means there is no room for the horse to turn in. It is also quite common the horse start leading you. You simply start running around the horse and you are performing a nice change of hands but the thought is the horse should move around you.<\/p>\n<p><b>Remember<\/b><\/p>\n<ul>\n<li>Move a step towards the head to get into a stopping position.<\/li>\n<li>Move a few steps straight back to ask the horse to turn inwards to you.<\/li>\n<li>Change whip and longe line hand <i>under<\/i> the longe line.<\/li>\n<li>Do not run around the horse but let the horse move around you.<\/li>\n<\/ul>\n<p><\/p>","protected":false},"excerpt":{"rendered":"<p>By smoothly being able to do a change of hand in motion during longeing you get more flow in your training. Here are some tips on how to succeed and some examples of common mistakes. Lovely, both the shoulder in and the quarter in is working in the longeing, which it of course should if <a class=\"read-more\" href=\"https:\/\/mariaholmstrom.se\/en\/onlinekurs-akademisk-ridkonst\/longering\/varvbyte-i-longering\/\">Read More<\/a><\/p>\n","protected":false},"author":1,"featured_media":0,"parent":33,"menu_order":0,"comment_status":"closed","ping_status":"closed","template":"","meta":{"footnotes":""},"yoast_head":"<!-- This site is optimized with the Yoast SEO plugin v20.0 - https:\/\/yoast.com\/wordpress\/plugins\/seo\/ -->\n<title>Varvbyte i longering - Mariaholmstrom.se<\/title>\n<meta name=\"description\" content=\"I denna del av v\u00e5r online-kurs i akademisk ridkonst f\u00e5r du l\u00e4ra dig hur du g\u00f6r ett smidigt varvbyte i longering.\" \/>\n<meta name=\"robots\" content=\"index, follow, max-snippet:-1, max-image-preview:large, max-video-preview:-1\" \/>\n<link rel=\"canonical\" href=\"https:\/\/mariaholmstrom.se\/onlinekurs-akademisk-ridkonst\/longering\/varvbyte-i-longering\/\" \/>\n<meta property=\"og:locale\" content=\"en_US\" \/>\n<meta property=\"og:type\" content=\"article\" \/>\n<meta property=\"og:title\" content=\"Varvbyte i longering - Mariaholmstrom.se\" \/>\n<meta property=\"og:description\" content=\"I denna del av v\u00e5r online-kurs i akademisk ridkonst f\u00e5r du l\u00e4ra dig hur du g\u00f6r ett smidigt varvbyte i longering.\" \/>\n<meta property=\"og:url\" content=\"https:\/\/mariaholmstrom.se\/onlinekurs-akademisk-ridkonst\/longering\/varvbyte-i-longering\/\" \/>\n<meta property=\"og:site_name\" content=\"H\u00e4st och h\u00e4lsa - Maria Holmstr\u00f6m\" \/>\n<meta property=\"article:modified_time\" content=\"2019-11-25T19:26:39+00:00\" \/>\n<meta property=\"og:image\" content=\"http:\/\/mariaholmstrom.se\/wp-content\/uploads\/2016\/12\/Longerstoppandedrivande.jpg\" \/>\n<meta name=\"twitter:card\" content=\"summary_large_image\" \/>\n<meta name=\"twitter:label1\" content=\"Est. reading time\" \/>\n\t<meta name=\"twitter:data1\" content=\"7 minutes\" \/>\n<script type=\"application\/ld+json\" class=\"yoast-schema-graph\">{\"@context\":\"https:\/\/schema.org\",\"@graph\":[{\"@type\":\"WebPage\",\"@id\":\"https:\/\/mariaholmstrom.se\/onlinekurs-akademisk-ridkonst\/longering\/varvbyte-i-longering\/\",\"url\":\"https:\/\/mariaholmstrom.se\/onlinekurs-akademisk-ridkonst\/longering\/varvbyte-i-longering\/\",\"name\":\"Varvbyte i longering - Mariaholmstrom.se\",\"isPartOf\":{\"@id\":\"https:\/\/mariaholmstrom.se\/#website\"},\"datePublished\":\"2016-12-11T14:10:05+00:00\",\"dateModified\":\"2019-11-25T19:26:39+00:00\",\"description\":\"I denna del av v\u00e5r online-kurs i akademisk ridkonst f\u00e5r du l\u00e4ra dig hur du g\u00f6r ett smidigt varvbyte i longering.\",\"breadcrumb\":{\"@id\":\"https:\/\/mariaholmstrom.se\/onlinekurs-akademisk-ridkonst\/longering\/varvbyte-i-longering\/#breadcrumb\"},\"inLanguage\":\"en\",\"potentialAction\":[{\"@type\":\"ReadAction\",\"target\":[\"https:\/\/mariaholmstrom.se\/onlinekurs-akademisk-ridkonst\/longering\/varvbyte-i-longering\/\"]}]},{\"@type\":\"BreadcrumbList\",\"@id\":\"https:\/\/mariaholmstrom.se\/onlinekurs-akademisk-ridkonst\/longering\/varvbyte-i-longering\/#breadcrumb\",\"itemListElement\":[{\"@type\":\"ListItem\",\"position\":1,\"name\":\"Hem\",\"item\":\"https:\/\/mariaholmstrom.se\/\"},{\"@type\":\"ListItem\",\"position\":2,\"name\":\"AR-skolan\",\"item\":\"https:\/\/mariaholmstrom.se\/onlinekurs-akademisk-ridkonst\/\"},{\"@type\":\"ListItem\",\"position\":3,\"name\":\"Longering\",\"item\":\"https:\/\/mariaholmstrom.se\/onlinekurs-akademisk-ridkonst\/longering\/\"},{\"@type\":\"ListItem\",\"position\":4,\"name\":\"Varvbyte i longering\"}]},{\"@type\":\"WebSite\",\"@id\":\"https:\/\/mariaholmstrom.se\/#website\",\"url\":\"https:\/\/mariaholmstrom.se\/\",\"name\":\"H\u00e4st och h\u00e4lsa - Maria Holmstr\u00f6m\",\"description\":\"Friskv\u00e5rd f\u00f6r b\u00e5de m\u00e4nniska och h\u00e4st\",\"potentialAction\":[{\"@type\":\"SearchAction\",\"target\":{\"@type\":\"EntryPoint\",\"urlTemplate\":\"https:\/\/mariaholmstrom.se\/?s={search_term_string}\"},\"query-input\":\"required name=search_term_string\"}],\"inLanguage\":\"en\"}]}<\/script>\n<!-- \/ Yoast SEO plugin. -->","yoast_head_json":{"title":"Varvbyte i longering - Mariaholmstrom.se","description":"I denna del av v\u00e5r online-kurs i akademisk ridkonst f\u00e5r du l\u00e4ra dig hur du g\u00f6r ett smidigt varvbyte i longering.","robots":{"index":"index","follow":"follow","max-snippet":"max-snippet:-1","max-image-preview":"max-image-preview:large","max-video-preview":"max-video-preview:-1"},"canonical":"https:\/\/mariaholmstrom.se\/onlinekurs-akademisk-ridkonst\/longering\/varvbyte-i-longering\/","og_locale":"en_US","og_type":"article","og_title":"Varvbyte i longering - Mariaholmstrom.se","og_description":"I denna del av v\u00e5r online-kurs i akademisk ridkonst f\u00e5r du l\u00e4ra dig hur du g\u00f6r ett smidigt varvbyte i longering.","og_url":"https:\/\/mariaholmstrom.se\/onlinekurs-akademisk-ridkonst\/longering\/varvbyte-i-longering\/","og_site_name":"H\u00e4st och h\u00e4lsa - Maria Holmstr\u00f6m","article_modified_time":"2019-11-25T19:26:39+00:00","og_image":[{"url":"http:\/\/mariaholmstrom.se\/wp-content\/uploads\/2016\/12\/Longerstoppandedrivande.jpg"}],"twitter_card":"summary_large_image","twitter_misc":{"Est. reading time":"7 minutes"},"schema":{"@context":"https:\/\/schema.org","@graph":[{"@type":"WebPage","@id":"https:\/\/mariaholmstrom.se\/onlinekurs-akademisk-ridkonst\/longering\/varvbyte-i-longering\/","url":"https:\/\/mariaholmstrom.se\/onlinekurs-akademisk-ridkonst\/longering\/varvbyte-i-longering\/","name":"Varvbyte i longering - Mariaholmstrom.se","isPartOf":{"@id":"https:\/\/mariaholmstrom.se\/#website"},"datePublished":"2016-12-11T14:10:05+00:00","dateModified":"2019-11-25T19:26:39+00:00","description":"I denna del av v\u00e5r online-kurs i akademisk ridkonst f\u00e5r du l\u00e4ra dig hur du g\u00f6r ett smidigt varvbyte i longering.","breadcrumb":{"@id":"https:\/\/mariaholmstrom.se\/onlinekurs-akademisk-ridkonst\/longering\/varvbyte-i-longering\/#breadcrumb"},"inLanguage":"en","potentialAction":[{"@type":"ReadAction","target":["https:\/\/mariaholmstrom.se\/onlinekurs-akademisk-ridkonst\/longering\/varvbyte-i-longering\/"]}]},{"@type":"BreadcrumbList","@id":"https:\/\/mariaholmstrom.se\/onlinekurs-akademisk-ridkonst\/longering\/varvbyte-i-longering\/#breadcrumb","itemListElement":[{"@type":"ListItem","position":1,"name":"Hem","item":"https:\/\/mariaholmstrom.se\/"},{"@type":"ListItem","position":2,"name":"AR-skolan","item":"https:\/\/mariaholmstrom.se\/onlinekurs-akademisk-ridkonst\/"},{"@type":"ListItem","position":3,"name":"Longering","item":"https:\/\/mariaholmstrom.se\/onlinekurs-akademisk-ridkonst\/longering\/"},{"@type":"ListItem","position":4,"name":"Varvbyte i longering"}]},{"@type":"WebSite","@id":"https:\/\/mariaholmstrom.se\/#website","url":"https:\/\/mariaholmstrom.se\/","name":"H\u00e4st och h\u00e4lsa - Maria Holmstr\u00f6m","description":"Friskv\u00e5rd f\u00f6r b\u00e5de m\u00e4nniska och h\u00e4st","potentialAction":[{"@type":"SearchAction","target":{"@type":"EntryPoint","urlTemplate":"https:\/\/mariaholmstrom.se\/?s={search_term_string}"},"query-input":"required name=search_term_string"}],"inLanguage":"en"}]}},"_links":{"self":[{"href":"https:\/\/mariaholmstrom.se\/en\/wp-json\/wp\/v2\/pages\/823"}],"collection":[{"href":"https:\/\/mariaholmstrom.se\/en\/wp-json\/wp\/v2\/pages"}],"about":[{"href":"https:\/\/mariaholmstrom.se\/en\/wp-json\/wp\/v2\/types\/page"}],"author":[{"embeddable":true,"href":"https:\/\/mariaholmstrom.se\/en\/wp-json\/wp\/v2\/users\/1"}],"replies":[{"embeddable":true,"href":"https:\/\/mariaholmstrom.se\/en\/wp-json\/wp\/v2\/comments?post=823"}],"version-history":[{"count":8,"href":"https:\/\/mariaholmstrom.se\/en\/wp-json\/wp\/v2\/pages\/823\/revisions"}],"predecessor-version":[{"id":957,"href":"https:\/\/mariaholmstrom.se\/en\/wp-json\/wp\/v2\/pages\/823\/revisions\/957"}],"up":[{"embeddable":true,"href":"https:\/\/mariaholmstrom.se\/en\/wp-json\/wp\/v2\/pages\/33"}],"wp:attachment":[{"href":"https:\/\/mariaholmstrom.se\/en\/wp-json\/wp\/v2\/media?parent=823"}],"curies":[{"name":"wp","href":"https:\/\/api.w.org\/{rel}","templated":true}]}}