{"id":84,"date":"2016-09-17T21:34:49","date_gmt":"2016-09-17T19:34:49","guid":{"rendered":"http:\/\/mariaholmstrom.se\/?page_id=84"},"modified":"2019-11-25T20:25:11","modified_gmt":"2019-11-25T19:25:11","slug":"litteratur","status":"publish","type":"page","link":"https:\/\/mariaholmstrom.se\/en\/onlinekurs-akademisk-ridkonst\/litteratur\/","title":{"rendered":"Literature"},"content":{"rendered":"<p><span class=\"intro\">Training and riding of horses does of course demand a large portion of practical experience, but to improve your theoretical knowledge is of course also very valuable. If you do not know <em>why<\/em> you do a certain exercise during your training, and what you want to accomplish with it, you will never reach your full potential. It is first when we understand why and how we should do something that we can build up our training in a way that is improving both ourselves and our horses.<\/span><\/p>\n<p><img loading=\"lazy\" decoding=\"async\" class=\"size-full wp-image-1304 alignnone\" src=\"http:\/\/mariaholmstrom.se\/wp-content\/uploads\/2018\/04\/bocker.jpg\" alt=\"\" width=\"217\" height=\"178\" \/><\/p>\n<p><strong>Academic Art of Riding<\/strong><br \/>\n* Academic Art of Riding &#8211; Bent Branderup<br \/>\n* Ridning with a Curb &#8211; Bent Branderup<br \/>\n* Skola din h\u00e4st till \u00f6kad samling och h\u00e5llbarhet &#8211; (Swedish only) &#8211; Katrin Wallberg<br \/>\n* Ridning f\u00f6r kropp och sj\u00e4l &#8211; (Swedish only) &#8211; Gith Karlsson<\/p>\n<p><strong>Old masters<\/strong><br \/>\n* The art of horsemanship &#8211; Xenophon &#8211; Download <a href=\"https:\/\/archive.org\/details\/artofhorsemanshi00xeno\" target=\"_blank\" rel=\"noopener\">here<\/a><br \/>\n* A general system of horsemanship &#8211; William Cavendish, Duke of Newcastle<br \/>\n* A method of horsemanship &#8211; Francois Baucher &#8211; Download <a href=\"https:\/\/archive.org\/details\/newmethodofhorse00bauc\" target=\"_blank\" rel=\"noopener\">here<\/a><br \/>\n* A treatise upon horsemanship &#8211; Francois Robichon de la Gu\u00e9rini\u00e8re &#8211; Download\u00a0<a href=\"https:\/\/books.google.se\/books?id=qusIAAAAQAAJ&amp;printsec=frontcover&amp;dq=gueriniere&amp;hl=sv&amp;sa=X&amp;ei=C56kUrf_C4S24wSmuIHgDQ&amp;redir_esc=y#v=onepage&amp;q=gueriniere&amp;f=false\" target=\"_blank\" rel=\"noopener\">here<\/a><br \/>\n* A school of horsemanship &#8211; Francois Robichon de la Gu\u00e9rini\u00e8re<br \/>\n* Gymnasium of the horse &#8211; Gustav Steinbrecht<br \/>\n* The maneige royal &#8211; Antoine De Pluvinel<br \/>\n* Ridskola inneh\u00e5llande cavaleri- eller f\u00e4lt- samt h\u00f6gskolan jemte dith\u00f6rande dressurer &#8211; (Swedish only) H. H. Anrep &#8211; Download <a href=\"https:\/\/books.google.se\/books?id=L5tcAAAAcAAJ&amp;printsec=frontcover&amp;dq=anrep+ridskola&amp;hl=sv&amp;sa=X&amp;ved=0ahUKEwjZsfzZ5KraAhVjEJoKHcamDIcQ6AEIJzAA#v=onepage&amp;q=anrep%20ridskola&amp;f=false\" target=\"_blank\" rel=\"noopener\">here<\/a><\/p>","protected":false},"excerpt":{"rendered":"<p>Training and riding of horses does of course demand a large portion of practical experience, but to improve your theoretical knowledge is of course also very valuable. If you do not know why you do a certain exercise during your training, and what you want to accomplish with it, you will never reach your full <a class=\"read-more\" href=\"https:\/\/mariaholmstrom.se\/en\/onlinekurs-akademisk-ridkonst\/litteratur\/\">Read More<\/a><\/p>\n","protected":false},"author":1,"featured_media":0,"parent":8,"menu_order":0,"comment_status":"closed","ping_status":"closed","template":"","meta":{"footnotes":""},"yoast_head":"<!-- This site is optimized with the Yoast SEO plugin v20.0 - https:\/\/yoast.com\/wordpress\/plugins\/seo\/ -->\n<title>Litteratur inom den akademiska ridkonsten - Mariaholmstrom.se<\/title>\n<meta name=\"description\" content=\"I denna del av v\u00e5r online-kurs i akademisk ridkonst ger vi tips om vilken litteratur som kan vara intressant f\u00f6r att f\u00f6rdjupa sig i \u00e4mnet.\" \/>\n<meta name=\"robots\" content=\"index, follow, max-snippet:-1, max-image-preview:large, max-video-preview:-1\" \/>\n<link rel=\"canonical\" href=\"https:\/\/mariaholmstrom.se\/en\/onlinekurs-akademisk-ridkonst\/litteratur\/\" \/>\n<meta property=\"og:locale\" content=\"en_US\" \/>\n<meta property=\"og:type\" content=\"article\" \/>\n<meta property=\"og:title\" content=\"Litteratur inom den akademiska ridkonsten - Mariaholmstrom.se\" \/>\n<meta property=\"og:description\" content=\"I denna del av v\u00e5r online-kurs i akademisk ridkonst ger vi tips om vilken litteratur som kan vara intressant f\u00f6r att f\u00f6rdjupa sig i \u00e4mnet.\" \/>\n<meta property=\"og:url\" content=\"https:\/\/mariaholmstrom.se\/en\/onlinekurs-akademisk-ridkonst\/litteratur\/\" \/>\n<meta property=\"og:site_name\" content=\"H\u00e4st och h\u00e4lsa - Maria Holmstr\u00f6m\" \/>\n<meta property=\"article:modified_time\" content=\"2019-11-25T19:25:11+00:00\" \/>\n<meta property=\"og:image\" content=\"http:\/\/mariaholmstrom.se\/wp-content\/uploads\/2018\/04\/bocker.jpg\" \/>\n<meta name=\"twitter:card\" content=\"summary_large_image\" \/>\n<meta name=\"twitter:label1\" content=\"Est. reading time\" \/>\n\t<meta name=\"twitter:data1\" content=\"2 minutes\" \/>\n<script type=\"application\/ld+json\" class=\"yoast-schema-graph\">{\"@context\":\"https:\/\/schema.org\",\"@graph\":[{\"@type\":\"WebPage\",\"@id\":\"https:\/\/mariaholmstrom.se\/en\/onlinekurs-akademisk-ridkonst\/litteratur\/\",\"url\":\"https:\/\/mariaholmstrom.se\/en\/onlinekurs-akademisk-ridkonst\/litteratur\/\",\"name\":\"Litteratur inom den akademiska ridkonsten - Mariaholmstrom.se\",\"isPartOf\":{\"@id\":\"https:\/\/mariaholmstrom.se\/#website\"},\"datePublished\":\"2016-09-17T19:34:49+00:00\",\"dateModified\":\"2019-11-25T19:25:11+00:00\",\"description\":\"I denna del av v\u00e5r online-kurs i akademisk ridkonst ger vi tips om vilken litteratur som kan vara intressant f\u00f6r att f\u00f6rdjupa sig i \u00e4mnet.\",\"breadcrumb\":{\"@id\":\"https:\/\/mariaholmstrom.se\/en\/onlinekurs-akademisk-ridkonst\/litteratur\/#breadcrumb\"},\"inLanguage\":\"en\",\"potentialAction\":[{\"@type\":\"ReadAction\",\"target\":[\"https:\/\/mariaholmstrom.se\/en\/onlinekurs-akademisk-ridkonst\/litteratur\/\"]}]},{\"@type\":\"BreadcrumbList\",\"@id\":\"https:\/\/mariaholmstrom.se\/en\/onlinekurs-akademisk-ridkonst\/litteratur\/#breadcrumb\",\"itemListElement\":[{\"@type\":\"ListItem\",\"position\":1,\"name\":\"Hem\",\"item\":\"https:\/\/mariaholmstrom.se\/\"},{\"@type\":\"ListItem\",\"position\":2,\"name\":\"AR-skolan\",\"item\":\"https:\/\/mariaholmstrom.se\/onlinekurs-akademisk-ridkonst\/\"},{\"@type\":\"ListItem\",\"position\":3,\"name\":\"Literature\"}]},{\"@type\":\"WebSite\",\"@id\":\"https:\/\/mariaholmstrom.se\/#website\",\"url\":\"https:\/\/mariaholmstrom.se\/\",\"name\":\"H\u00e4st och h\u00e4lsa - Maria Holmstr\u00f6m\",\"description\":\"Friskv\u00e5rd f\u00f6r b\u00e5de m\u00e4nniska och h\u00e4st\",\"potentialAction\":[{\"@type\":\"SearchAction\",\"target\":{\"@type\":\"EntryPoint\",\"urlTemplate\":\"https:\/\/mariaholmstrom.se\/?s={search_term_string}\"},\"query-input\":\"required name=search_term_string\"}],\"inLanguage\":\"en\"}]}<\/script>\n<!-- \/ Yoast SEO plugin. -->","yoast_head_json":{"title":"Litteratur inom den akademiska ridkonsten - Mariaholmstrom.se","description":"I denna del av v\u00e5r online-kurs i akademisk ridkonst ger vi tips om vilken litteratur som kan vara intressant f\u00f6r att f\u00f6rdjupa sig i \u00e4mnet.","robots":{"index":"index","follow":"follow","max-snippet":"max-snippet:-1","max-image-preview":"max-image-preview:large","max-video-preview":"max-video-preview:-1"},"canonical":"https:\/\/mariaholmstrom.se\/en\/onlinekurs-akademisk-ridkonst\/litteratur\/","og_locale":"en_US","og_type":"article","og_title":"Litteratur inom den akademiska ridkonsten - Mariaholmstrom.se","og_description":"I denna del av v\u00e5r online-kurs i akademisk ridkonst ger vi tips om vilken litteratur som kan vara intressant f\u00f6r att f\u00f6rdjupa sig i \u00e4mnet.","og_url":"https:\/\/mariaholmstrom.se\/en\/onlinekurs-akademisk-ridkonst\/litteratur\/","og_site_name":"H\u00e4st och h\u00e4lsa - Maria Holmstr\u00f6m","article_modified_time":"2019-11-25T19:25:11+00:00","og_image":[{"url":"http:\/\/mariaholmstrom.se\/wp-content\/uploads\/2018\/04\/bocker.jpg"}],"twitter_card":"summary_large_image","twitter_misc":{"Est. reading time":"2 minutes"},"schema":{"@context":"https:\/\/schema.org","@graph":[{"@type":"WebPage","@id":"https:\/\/mariaholmstrom.se\/en\/onlinekurs-akademisk-ridkonst\/litteratur\/","url":"https:\/\/mariaholmstrom.se\/en\/onlinekurs-akademisk-ridkonst\/litteratur\/","name":"Litteratur inom den akademiska ridkonsten - Mariaholmstrom.se","isPartOf":{"@id":"https:\/\/mariaholmstrom.se\/#website"},"datePublished":"2016-09-17T19:34:49+00:00","dateModified":"2019-11-25T19:25:11+00:00","description":"I denna del av v\u00e5r online-kurs i akademisk ridkonst ger vi tips om vilken litteratur som kan vara intressant f\u00f6r att f\u00f6rdjupa sig i \u00e4mnet.","breadcrumb":{"@id":"https:\/\/mariaholmstrom.se\/en\/onlinekurs-akademisk-ridkonst\/litteratur\/#breadcrumb"},"inLanguage":"en","potentialAction":[{"@type":"ReadAction","target":["https:\/\/mariaholmstrom.se\/en\/onlinekurs-akademisk-ridkonst\/litteratur\/"]}]},{"@type":"BreadcrumbList","@id":"https:\/\/mariaholmstrom.se\/en\/onlinekurs-akademisk-ridkonst\/litteratur\/#breadcrumb","itemListElement":[{"@type":"ListItem","position":1,"name":"Hem","item":"https:\/\/mariaholmstrom.se\/"},{"@type":"ListItem","position":2,"name":"AR-skolan","item":"https:\/\/mariaholmstrom.se\/onlinekurs-akademisk-ridkonst\/"},{"@type":"ListItem","position":3,"name":"Literature"}]},{"@type":"WebSite","@id":"https:\/\/mariaholmstrom.se\/#website","url":"https:\/\/mariaholmstrom.se\/","name":"H\u00e4st och h\u00e4lsa - Maria Holmstr\u00f6m","description":"Friskv\u00e5rd f\u00f6r b\u00e5de m\u00e4nniska och h\u00e4st","potentialAction":[{"@type":"SearchAction","target":{"@type":"EntryPoint","urlTemplate":"https:\/\/mariaholmstrom.se\/?s={search_term_string}"},"query-input":"required name=search_term_string"}],"inLanguage":"en"}]}},"_links":{"self":[{"href":"https:\/\/mariaholmstrom.se\/en\/wp-json\/wp\/v2\/pages\/84"}],"collection":[{"href":"https:\/\/mariaholmstrom.se\/en\/wp-json\/wp\/v2\/pages"}],"about":[{"href":"https:\/\/mariaholmstrom.se\/en\/wp-json\/wp\/v2\/types\/page"}],"author":[{"embeddable":true,"href":"https:\/\/mariaholmstrom.se\/en\/wp-json\/wp\/v2\/users\/1"}],"replies":[{"embeddable":true,"href":"https:\/\/mariaholmstrom.se\/en\/wp-json\/wp\/v2\/comments?post=84"}],"version-history":[{"count":18,"href":"https:\/\/mariaholmstrom.se\/en\/wp-json\/wp\/v2\/pages\/84\/revisions"}],"predecessor-version":[{"id":1316,"href":"https:\/\/mariaholmstrom.se\/en\/wp-json\/wp\/v2\/pages\/84\/revisions\/1316"}],"up":[{"embeddable":true,"href":"https:\/\/mariaholmstrom.se\/en\/wp-json\/wp\/v2\/pages\/8"}],"wp:attachment":[{"href":"https:\/\/mariaholmstrom.se\/en\/wp-json\/wp\/v2\/media?parent=84"}],"curies":[{"name":"wp","href":"https:\/\/api.w.org\/{rel}","templated":true}]}}