{"id":950,"date":"2017-08-19T11:35:56","date_gmt":"2017-08-19T09:35:56","guid":{"rendered":"http:\/\/mariaholmstrom.se\/?page_id=950"},"modified":"2017-08-20T18:03:15","modified_gmt":"2017-08-20T16:03:15","slug":"svensk-engelsk-ordlista","status":"publish","type":"page","link":"https:\/\/mariaholmstrom.se\/en\/svensk-engelsk-ordlista\/","title":{"rendered":"English-Swedish vocabulary"},"content":{"rendered":"<p><strong>Aids<\/strong> &#8211; Hj\u00e4lper<\/p>\n<p><strong>Bended straight<\/strong> &#8211; B\u00f6jd rakt fram<br \/>\n<strong>Bending<\/strong> &#8211; B\u00f6jning<\/p>\n<p><strong>Canter<\/strong> &#8211; Galopp<br \/>\n<strong>Cavesson<\/strong> &#8211; Kapson<br \/>\n<strong>Chest rotation<\/strong> &#8211; Br\u00f6stkorgsrotation<br \/>\n<strong>Change of hand<\/strong> &#8211; Byta varv<br \/>\n<strong>Change of rein<\/strong> &#8211; Byta varv<br \/>\n<strong>Circle<\/strong> &#8211; Volt<br \/>\n<strong>Collection<\/strong> &#8211; Samling<br \/>\n<strong>Curb<\/strong> &#8211; St\u00e5ngbett<\/p>\n<p><strong>Direct rein<\/strong> &#8211; Direkt tygeltag<\/p>\n<p><strong>Extension<\/strong> &#8211; \u00d6kning<\/p>\n<p><strong>Flexion of neck<\/strong> &#8211; St\u00e4llning<\/p>\n<p><strong>Gaited horse<\/strong> &#8211; G\u00e5ngartsh\u00e4st<strong><br \/>\nGround work<\/strong> &#8211; Groundwork<\/p>\n<p><strong>Half pass<\/strong> &#8211;\u00a0 Diagonalsluta<\/p>\n<p><strong>Indirect rein<\/strong> &#8211; Indirekt tygeltag<\/p>\n<p><strong>Leg<\/strong> &#8211; Sk\u00e4nkel<br \/>\n<strong>Longe line<\/strong> &#8211; Longerlina<br \/>\n<strong>Longeing<\/strong> &#8211; Longering<\/p>\n<p><strong>Pirouette<\/strong> &#8211; Piruett<\/p>\n<p><strong>Quarters in<\/strong> &#8211; Sluta<\/p>\n<p><strong>Rein<\/strong> &#8211; Tygel<br \/>\n<strong>Renvers<\/strong> &#8211; F\u00f6rv\u00e4nd sluta<\/p>\n<p><strong>Seat<\/strong> &#8211; Sits<br \/>\n<strong>Seat bone<\/strong> &#8211; Sittben<br \/>\n<strong>Schooled halt<\/strong> &#8211; Skolad halt<br \/>\n<strong>School halt<\/strong> &#8211; Skolhalt<br \/>\n<strong>Shoulder in<\/strong> &#8211; \u00d6ppna<br \/>\n<strong>Snaffle<\/strong> &#8211; Tr\u00e4nsbett<br \/>\n<strong>Stelling<\/strong> &#8211; St\u00e4llning<\/p>\n<p><strong>Transition<\/strong> &#8211; \u00d6verg\u00e5ng<br \/>\n<strong>Travers<\/strong> &#8211; Sluta<br \/>\n<strong>Traversal<\/strong> &#8211; Diagonalsluta<br \/>\n<strong>Trot<\/strong> &#8211; Trav<\/p>\n<p><strong>Versade<\/strong> &#8211; \u00d6ppna<br \/>\n<strong>Volte<\/strong> &#8211; Volt<\/p>\n<p><strong>Walk<\/strong> &#8211; Skritt<br \/>\n<strong>Whip<\/strong> &#8211; Sp\u00f6<\/p>\n<p>&nbsp;<\/p>\n<p>&nbsp;<\/p>\n<p>&nbsp;<\/p>\n<p>&nbsp;<\/p>","protected":false},"excerpt":{"rendered":"<p>Aids &#8211; Hj\u00e4lper Bended straight &#8211; B\u00f6jd rakt fram Bending &#8211; B\u00f6jning Canter &#8211; Galopp Cavesson &#8211; Kapson Chest rotation &#8211; Br\u00f6stkorgsrotation Change of hand &#8211; Byta varv Change of rein &#8211; Byta varv Circle &#8211; Volt Collection &#8211; Samling Curb &#8211; St\u00e5ngbett Direct rein &#8211; Direkt tygeltag Extension &#8211; \u00d6kning Flexion of neck &#8211; <a class=\"read-more\" href=\"https:\/\/mariaholmstrom.se\/en\/svensk-engelsk-ordlista\/\">Read More<\/a><\/p>\n","protected":false},"author":1,"featured_media":0,"parent":0,"menu_order":0,"comment_status":"closed","ping_status":"closed","template":"","meta":{"footnotes":""},"yoast_head":"<!-- This site is optimized with the Yoast SEO plugin v20.0 - https:\/\/yoast.com\/wordpress\/plugins\/seo\/ -->\n<title>English-Swedish vocabulary - H\u00e4st och h\u00e4lsa - Maria Holmstr\u00f6m<\/title>\n<meta name=\"robots\" content=\"index, follow, max-snippet:-1, max-image-preview:large, max-video-preview:-1\" \/>\n<link rel=\"canonical\" href=\"https:\/\/mariaholmstrom.se\/svensk-engelsk-ordlista\/\" \/>\n<meta property=\"og:locale\" content=\"en_US\" \/>\n<meta property=\"og:type\" content=\"article\" \/>\n<meta property=\"og:title\" content=\"English-Swedish vocabulary - H\u00e4st och h\u00e4lsa - Maria Holmstr\u00f6m\" \/>\n<meta property=\"og:description\" content=\"Aids &#8211; Hj\u00e4lper Bended straight &#8211; B\u00f6jd rakt fram Bending &#8211; B\u00f6jning Canter &#8211; Galopp Cavesson &#8211; Kapson Chest rotation &#8211; Br\u00f6stkorgsrotation Change of hand &#8211; Byta varv Change of rein &#8211; Byta varv Circle &#8211; Volt Collection &#8211; Samling Curb &#8211; St\u00e5ngbett Direct rein &#8211; Direkt tygeltag Extension &#8211; \u00d6kning Flexion of neck &#8211; Read More\" \/>\n<meta property=\"og:url\" content=\"https:\/\/mariaholmstrom.se\/svensk-engelsk-ordlista\/\" \/>\n<meta property=\"og:site_name\" content=\"H\u00e4st och h\u00e4lsa - Maria Holmstr\u00f6m\" \/>\n<meta property=\"article:modified_time\" content=\"2017-08-20T16:03:15+00:00\" \/>\n<meta name=\"twitter:card\" content=\"summary_large_image\" \/>\n<meta name=\"twitter:label1\" content=\"Est. reading time\" \/>\n\t<meta name=\"twitter:data1\" content=\"2 minutes\" \/>\n<script type=\"application\/ld+json\" class=\"yoast-schema-graph\">{\"@context\":\"https:\/\/schema.org\",\"@graph\":[{\"@type\":\"WebPage\",\"@id\":\"https:\/\/mariaholmstrom.se\/svensk-engelsk-ordlista\/\",\"url\":\"https:\/\/mariaholmstrom.se\/svensk-engelsk-ordlista\/\",\"name\":\"English-Swedish vocabulary - H\u00e4st och h\u00e4lsa - Maria Holmstr\u00f6m\",\"isPartOf\":{\"@id\":\"https:\/\/mariaholmstrom.se\/#website\"},\"datePublished\":\"2017-08-19T09:35:56+00:00\",\"dateModified\":\"2017-08-20T16:03:15+00:00\",\"breadcrumb\":{\"@id\":\"https:\/\/mariaholmstrom.se\/svensk-engelsk-ordlista\/#breadcrumb\"},\"inLanguage\":\"en\",\"potentialAction\":[{\"@type\":\"ReadAction\",\"target\":[\"https:\/\/mariaholmstrom.se\/svensk-engelsk-ordlista\/\"]}]},{\"@type\":\"BreadcrumbList\",\"@id\":\"https:\/\/mariaholmstrom.se\/svensk-engelsk-ordlista\/#breadcrumb\",\"itemListElement\":[{\"@type\":\"ListItem\",\"position\":1,\"name\":\"Hem\",\"item\":\"https:\/\/mariaholmstrom.se\/\"},{\"@type\":\"ListItem\",\"position\":2,\"name\":\"Svensk-engelsk ordlista\"}]},{\"@type\":\"WebSite\",\"@id\":\"https:\/\/mariaholmstrom.se\/#website\",\"url\":\"https:\/\/mariaholmstrom.se\/\",\"name\":\"H\u00e4st och h\u00e4lsa - Maria Holmstr\u00f6m\",\"description\":\"Friskv\u00e5rd f\u00f6r b\u00e5de m\u00e4nniska och h\u00e4st\",\"potentialAction\":[{\"@type\":\"SearchAction\",\"target\":{\"@type\":\"EntryPoint\",\"urlTemplate\":\"https:\/\/mariaholmstrom.se\/?s={search_term_string}\"},\"query-input\":\"required name=search_term_string\"}],\"inLanguage\":\"en\"}]}<\/script>\n<!-- \/ Yoast SEO plugin. -->","yoast_head_json":{"title":"English-Swedish vocabulary - H\u00e4st och h\u00e4lsa - Maria Holmstr\u00f6m","robots":{"index":"index","follow":"follow","max-snippet":"max-snippet:-1","max-image-preview":"max-image-preview:large","max-video-preview":"max-video-preview:-1"},"canonical":"https:\/\/mariaholmstrom.se\/svensk-engelsk-ordlista\/","og_locale":"en_US","og_type":"article","og_title":"English-Swedish vocabulary - H\u00e4st och h\u00e4lsa - Maria Holmstr\u00f6m","og_description":"Aids &#8211; Hj\u00e4lper Bended straight &#8211; B\u00f6jd rakt fram Bending &#8211; B\u00f6jning Canter &#8211; Galopp Cavesson &#8211; Kapson Chest rotation &#8211; Br\u00f6stkorgsrotation Change of hand &#8211; Byta varv Change of rein &#8211; Byta varv Circle &#8211; Volt Collection &#8211; Samling Curb &#8211; St\u00e5ngbett Direct rein &#8211; Direkt tygeltag Extension &#8211; \u00d6kning Flexion of neck &#8211; Read More","og_url":"https:\/\/mariaholmstrom.se\/svensk-engelsk-ordlista\/","og_site_name":"H\u00e4st och h\u00e4lsa - Maria Holmstr\u00f6m","article_modified_time":"2017-08-20T16:03:15+00:00","twitter_card":"summary_large_image","twitter_misc":{"Est. reading time":"2 minutes"},"schema":{"@context":"https:\/\/schema.org","@graph":[{"@type":"WebPage","@id":"https:\/\/mariaholmstrom.se\/svensk-engelsk-ordlista\/","url":"https:\/\/mariaholmstrom.se\/svensk-engelsk-ordlista\/","name":"English-Swedish vocabulary - H\u00e4st och h\u00e4lsa - Maria Holmstr\u00f6m","isPartOf":{"@id":"https:\/\/mariaholmstrom.se\/#website"},"datePublished":"2017-08-19T09:35:56+00:00","dateModified":"2017-08-20T16:03:15+00:00","breadcrumb":{"@id":"https:\/\/mariaholmstrom.se\/svensk-engelsk-ordlista\/#breadcrumb"},"inLanguage":"en","potentialAction":[{"@type":"ReadAction","target":["https:\/\/mariaholmstrom.se\/svensk-engelsk-ordlista\/"]}]},{"@type":"BreadcrumbList","@id":"https:\/\/mariaholmstrom.se\/svensk-engelsk-ordlista\/#breadcrumb","itemListElement":[{"@type":"ListItem","position":1,"name":"Hem","item":"https:\/\/mariaholmstrom.se\/"},{"@type":"ListItem","position":2,"name":"Svensk-engelsk ordlista"}]},{"@type":"WebSite","@id":"https:\/\/mariaholmstrom.se\/#website","url":"https:\/\/mariaholmstrom.se\/","name":"H\u00e4st och h\u00e4lsa - Maria Holmstr\u00f6m","description":"Friskv\u00e5rd f\u00f6r b\u00e5de m\u00e4nniska och h\u00e4st","potentialAction":[{"@type":"SearchAction","target":{"@type":"EntryPoint","urlTemplate":"https:\/\/mariaholmstrom.se\/?s={search_term_string}"},"query-input":"required name=search_term_string"}],"inLanguage":"en"}]}},"_links":{"self":[{"href":"https:\/\/mariaholmstrom.se\/en\/wp-json\/wp\/v2\/pages\/950"}],"collection":[{"href":"https:\/\/mariaholmstrom.se\/en\/wp-json\/wp\/v2\/pages"}],"about":[{"href":"https:\/\/mariaholmstrom.se\/en\/wp-json\/wp\/v2\/types\/page"}],"author":[{"embeddable":true,"href":"https:\/\/mariaholmstrom.se\/en\/wp-json\/wp\/v2\/users\/1"}],"replies":[{"embeddable":true,"href":"https:\/\/mariaholmstrom.se\/en\/wp-json\/wp\/v2\/comments?post=950"}],"version-history":[{"count":5,"href":"https:\/\/mariaholmstrom.se\/en\/wp-json\/wp\/v2\/pages\/950\/revisions"}],"predecessor-version":[{"id":962,"href":"https:\/\/mariaholmstrom.se\/en\/wp-json\/wp\/v2\/pages\/950\/revisions\/962"}],"wp:attachment":[{"href":"https:\/\/mariaholmstrom.se\/en\/wp-json\/wp\/v2\/media?parent=950"}],"curies":[{"name":"wp","href":"https:\/\/api.w.org\/{rel}","templated":true}]}}